{"id":49887,"date":"2025-07-03T18:03:18","date_gmt":"2025-07-03T16:03:18","guid":{"rendered":"https:\/\/portallamp.invette.dev\/produkt\/lampa-plafon-loft-edison-z-drutu-druciana-719-3\/"},"modified":"2025-07-03T18:03:18","modified_gmt":"2025-07-03T16:03:18","slug":"lampa-plafon-loft-edison-z-drutu-druciana-719-3","status":"publish","type":"product","link":"https:\/\/portallamp.invette.dev\/en\/produkt\/lampa-plafon-loft-edison-z-drutu-druciana-719-3\/","title":{"rendered":"Lampa Plafon Loft Edison z Drutu Druciana 719-3"},"content":{"rendered":"<h1>Przedmiotem sprzeda\u017cy jest:<\/h1>\n<h1>Lampa Plafon w stylu minimalistycznym z os\u0142onami \u017car\u00f3wek wykonanych z drutu.<\/h1>\n<p><b>Nr kat: 719-3 LUXOLAR<\/b><\/p>\n<h1><\/h1>\n<p><img decoding=\"async\" src=\"https:\/\/6.allegroimg.com\/original\/034438\/eb5db00c40d38aa2d9b015f303d6\" alt=\"Zdj\u0119cie produktu\" style=\"max-width:100%; height:auto; margin:10px 0;\"><\/p>\n<p><b>Lampa Plafon w stylu minimalistycznym, skandynawskim<\/b><\/p>\n<ul>\n<li>Kolor: czarny z miedzi\u0105<\/li>\n<\/ul>\n<ul>\n<li>Os\u0142ona \u017car\u00f3wki wykonana z drutu w kszta\u0142cie diamentu.<\/li>\n<\/ul>\n<ul>\n<li>Idealnie pasuje do surowych bia\u0142o-szarych wn\u0119trz.<\/li>\n<\/ul>\n<ul>\n<li>Z uwagi na jej&nbsp;rozmiary, przeznaczona jako o\u015bwietlenie g\u0142\u00f3wne w pomieszczeniach o powierzchni 9-25 m2.<\/li>\n<\/ul>\n<ul>\n<li>Lampa obs\u0142uguje wszystkie \u017car\u00f3wki z gwintem typu E27 do max 60 wat\u00f3w.<\/li>\n<\/ul>\n<ul>\n<li>Dodatkowym atutem s\u0105 dwa niezale\u017cne obwody elektryczne, dzi\u0119ki kt\u00f3rym w zale\u017cno\u015bci od potrzeb, mo\u017cemy sterowa\u0107 ilo\u015bci\u0105 w\u0142\u0105czonych \u017car\u00f3wek.<\/li>\n<\/ul>\n<ul>\n<li>Dobry stosunek ceny do jako\u015bci.<\/li>\n<\/ul>\n<p><img decoding=\"async\" src=\"https:\/\/9.allegroimg.com\/original\/0391e4\/09de6bca4964a7c1ecccc22d2059\" alt=\"Zdj\u0119cie produktu\" style=\"max-width:100%; height:auto; margin:10px 0;\"><\/p>\n<h1>Dane techniczne:<\/h1>\n<ul>\n<li><b>materia\u0142 konstrukcji:<\/b>&nbsp;metal malowany proszkowo<\/li>\n<li><b>wymiary:<\/b>&nbsp;Wysoko\u015b\u0107 ca\u0142kowita 24 cm&nbsp;<b>,<\/b>&nbsp;Rozpi\u0119to\u015b\u0107 podsufitki: 80 cm, Ca\u0142kowita rozpi\u0119to\u015b\u0107 95 cm<\/li>\n<li><b>zasilanie:<\/b>&nbsp;~230 [V] \/ nie wymaga transformatora, dwa niezale\u017cne obwody elektryczne, w\u0142\u0105czanie 2+1<\/li>\n<li><b>\u017ar\u00f3d\u0142o \u015bwiat\u0142a:<\/b>&nbsp;E-27<\/li>\n<li><b>zestaw nie zawiera \u017car\u00f3wek oraz ko\u0142k\u00f3w rozporowych do monta\u017cu<\/b><\/li>\n<li><b>producent: <\/b>LUXOLAR<\/li>\n<\/ul>\n<p><img decoding=\"async\" src=\"https:\/\/5.allegroimg.com\/original\/03b5fa\/a4d6ab0d48f29b03e8648b429b35\" alt=\"Zdj\u0119cie produktu\" style=\"max-width:100%; height:auto; margin:10px 0;\"><br \/>\n<img decoding=\"async\" src=\"https:\/\/b.allegroimg.com\/original\/03aa0f\/0f98d9ad424f974c93c9ee36d82b\" alt=\"Zdj\u0119cie produktu\" style=\"max-width:100%; height:auto; margin:10px 0;\"><br \/>\n<img decoding=\"async\" src=\"https:\/\/7.allegroimg.com\/original\/037114\/4f1fa08643b9aed2811dd0e99ae7\" alt=\"Zdj\u0119cie produktu\" style=\"max-width:100%; height:auto; margin:10px 0;\"><\/p>\n","protected":false},"excerpt":{"rendered":"<p>Przedmiotem sprzeda\u017cy jest: Lampa Plafon w stylu minimalistycznym z os\u0142onami \u017car\u00f3wek wykonanych z drutu. Nr kat: 719-3 LUXOLAR Lampa Plafon w stylu minimalistycznym, skandynawskim Kolor: czarny z miedzi\u0105 Os\u0142ona \u017car\u00f3wki wykonana z drutu w kszta\u0142cie diamentu. Idealnie pasuje do surowych bia\u0142o-szarych wn\u0119trz. Z uwagi na jej&nbsp;rozmiary, przeznaczona jako o\u015bwietlenie g\u0142\u00f3wne w pomieszczeniach o powierzchni 9-25 [&hellip;]<\/p>\n","protected":false},"featured_media":36064,"comment_status":"closed","ping_status":"open","template":"","meta":{"_acf_changed":false},"product_brand":[162],"product_cat":[2590,2671],"product_tag":[],"class_list":{"0":"post-49887","1":"product","2":"type-product","3":"status-publish","4":"has-post-thumbnail","6":"product_brand-luxolar","7":"product_cat-lamps","8":"product_cat-hanging-lamps","9":"pa_kod-producenta-719-3-en","10":"pa_kolekcja-719-en","11":"pa_kolor-black","12":"pa_kolor-gold","13":"pa_liczba-punktow-swiatla-3-2","14":"pa_marka-luxolar","15":"pa_material-dominujacy-metal-en","16":"pa_max-moc-pojed-zrodla-swiatla-60-2","17":"pa_pomieszczenie-bedroom","18":"pa_pomieszczenie-dining-room","19":"pa_pomieszczenie-hallway-stairs","20":"pa_pomieszczenie-kuchnia-2","21":"pa_pomieszczenie-living-room","22":"pa_pomieszczenie-office","23":"pa_rodzaj-gwintu-e27-2","24":"pa_rodzaj-lampy-ceiling-mounted-hanging","25":"pa_zasilanie-network","26":"pa_zawiera-baterie-no","27":"pa_zrodlo-swiatla-without-a-light-source","29":"first","30":"instock","31":"purchasable","32":"product-type-simple"},"acf":[],"aioseo_notices":[],"_links":{"self":[{"href":"https:\/\/portallamp.invette.dev\/en\/wp-json\/wp\/v2\/product\/49887","targetHints":{"allow":["GET"]}}],"collection":[{"href":"https:\/\/portallamp.invette.dev\/en\/wp-json\/wp\/v2\/product"}],"about":[{"href":"https:\/\/portallamp.invette.dev\/en\/wp-json\/wp\/v2\/types\/product"}],"replies":[{"embeddable":true,"href":"https:\/\/portallamp.invette.dev\/en\/wp-json\/wp\/v2\/comments?post=49887"}],"wp:featuredmedia":[{"embeddable":true,"href":"https:\/\/portallamp.invette.dev\/en\/wp-json\/wp\/v2\/media\/36064"}],"wp:attachment":[{"href":"https:\/\/portallamp.invette.dev\/en\/wp-json\/wp\/v2\/media?parent=49887"}],"wp:term":[{"taxonomy":"product_brand","embeddable":true,"href":"https:\/\/portallamp.invette.dev\/en\/wp-json\/wp\/v2\/product_brand?post=49887"},{"taxonomy":"product_cat","embeddable":true,"href":"https:\/\/portallamp.invette.dev\/en\/wp-json\/wp\/v2\/product_cat?post=49887"},{"taxonomy":"product_tag","embeddable":true,"href":"https:\/\/portallamp.invette.dev\/en\/wp-json\/wp\/v2\/product_tag?post=49887"}],"curies":[{"name":"wp","href":"https:\/\/api.w.org\/{rel}","templated":true}]}}