{"id":50196,"date":"2025-07-03T17:49:33","date_gmt":"2025-07-03T15:49:33","guid":{"rendered":"https:\/\/portallamp.invette.dev\/produkt\/zarowka-led-g9-8w-smd-3000k-ww-780lm-barwa-ciepla\/"},"modified":"2025-07-03T17:49:33","modified_gmt":"2025-07-03T15:49:33","slug":"zarowka-led-g9-8w-smd-3000k-ww-780lm-barwa-ciepla","status":"publish","type":"product","link":"https:\/\/portallamp.invette.dev\/en\/produkt\/zarowka-led-g9-8w-smd-3000k-ww-780lm-barwa-ciepla\/","title":{"rendered":"\u017bAR\u00d3WKA LED G9 8W SMD 3000K WW 780lm Barwa Ciep\u0142a"},"content":{"rendered":"<h1>\u017bar\u00f3wka LED G9 8W =75W SMD &#8211; Barwa ciep\u0142a 3000K<\/h1>\n<p><img decoding=\"async\" src=\"https:\/\/a.allegroimg.com\/original\/113203\/de8266da495cb944f3e235ac8202\" alt=\"Zdj\u0119cie produktu\" style=\"max-width:100%; height:auto; margin:10px 0;\"><\/p>\n<h1>Parametry techniczne:<\/h1>\n<ul>\n<li>rodzaj trzonka: <b>G9<\/b><\/li>\n<li>barwa \u015bwiat\u0142a:&nbsp;<b> Ciep\u0142a 3000K<\/b><\/li>\n<li>napi\u0119cie zasilania: <b>230V AC<\/b><\/li>\n<li>moc: <b>8&nbsp;W<\/b><\/li>\n<li>strumie\u0144 \u015bwietlny: <b>780 lm<\/b><\/li>\n<li>k\u0105t \u015bwiecenia: <b>270\u00b0<\/b><\/li>\n<li>\u015brednica: <b>18<\/b> <b>mm<\/b><\/li>\n<li>wysoko\u015b\u0107: <b>62 mm<\/b><\/li>\n<li>Wsp\u00f3\u0142czynnik oddawania barw CRI: <b>Ra &gt; 80<\/b><\/li>\n<li><b>Czas zap\u0142onu:<\/b>&nbsp;natychmiast<\/li>\n<li><b>Rozmiar:<\/b>&nbsp;64x18mmmm<\/li>\n<li><b>Liczba cykli pracy \/ w\u0142\u0105cze\u0144:<\/b>&nbsp;50000<\/li>\n<li><b>Trwa\u0142o\u015b\u0107:<\/b>&nbsp;30000h<\/li>\n<li>Klasa efektywno\u015bci energetycznej &#8211; stara klasyfikacja:&nbsp;<b>A+<\/b><\/li>\n<li>Klasa efektywno\u015bci energetycznej &#8211; nowa klasyfikacja:<b>&nbsp;F<\/b><\/li>\n<\/ul>\n<p><b>Zgodnie z dyrektyw\u0105 UE 2019 \/ 2015 od 1 wrze\u015bnia nast\u0119puje zmiana oznacze\u0144 klas energetycznych stosowanych w \u017ar\u00f3d\u0142ach \u015bwiat\u0142a.<\/b><\/p>\n<p><b>W zwi\u0105zku z tym dotychczasowe klasy A++ A+ A zosta\u0142y zast\u0105pione klasami E, F, G<\/b><\/p>\n<p><b>Oferowana \u017car\u00f3wka posiada etykiet\u0119 energetyczn\u0105 dostosowan\u0105 do nowej dyrektywy.<\/b><\/p>\n<h1>Przyk\u0142ad zastosowania:<\/h1>\n<p><img decoding=\"async\" src=\"https:\/\/a.allegroimg.com\/original\/110e87\/b8c3b95945bc9334a65904ddecde\" alt=\"Zdj\u0119cie produktu\" style=\"max-width:100%; height:auto; margin:10px 0;\"><br \/>\n<img decoding=\"async\" src=\"https:\/\/a.allegroimg.com\/original\/1179a1\/f6bc95ec4695b3c50300e956891e\" alt=\"Zdj\u0119cie produktu\" style=\"max-width:100%; height:auto; margin:10px 0;\"><\/p>\n","protected":false},"excerpt":{"rendered":"<p>\u017bar\u00f3wka LED G9 8W =75W SMD &#8211; Barwa ciep\u0142a 3000K Parametry techniczne: rodzaj trzonka: G9 barwa \u015bwiat\u0142a:&nbsp; Ciep\u0142a 3000K napi\u0119cie zasilania: 230V AC moc: 8&nbsp;W strumie\u0144 \u015bwietlny: 780 lm k\u0105t \u015bwiecenia: 270\u00b0 \u015brednica: 18 mm wysoko\u015b\u0107: 62 mm Wsp\u00f3\u0142czynnik oddawania barw CRI: Ra &gt; 80 Czas zap\u0142onu:&nbsp;natychmiast Rozmiar:&nbsp;64x18mmmm Liczba cykli pracy \/ w\u0142\u0105cze\u0144:&nbsp;50000 Trwa\u0142o\u015b\u0107:&nbsp;30000h Klasa [&hellip;]<\/p>\n","protected":false},"featured_media":30604,"comment_status":"closed","ping_status":"open","template":"","meta":{"_acf_changed":false},"product_brand":[777],"product_cat":[3728],"product_tag":[],"class_list":{"0":"post-50196","1":"product","2":"type-product","3":"status-publish","4":"has-post-thumbnail","6":"product_brand-bez-marki","7":"product_cat-light-sources","8":"pa_barwa-warm-white","9":"pa_jasnosc-780-en","10":"pa_klasa-efektywnosci-f-en","11":"pa_kod-producenta-zarowka-g9-8w-ww-en","12":"pa_kolor-szkla-transparent","13":"pa_ksztalt-tubular","14":"pa_marka-bez-marki","15":"pa_moc-8-en","16":"pa_napiecie-230v-en","17":"pa_rodzaj-led-en","18":"pa_rodzaj-gwintu-g9-en","19":"pa_temperatura-barwowa-3000-en","20":"pa_trwalosc-30000-en","21":"pa_zawiera-baterie-no","23":"first","24":"instock","25":"purchasable","26":"product-type-simple"},"acf":[],"aioseo_notices":[],"_links":{"self":[{"href":"https:\/\/portallamp.invette.dev\/en\/wp-json\/wp\/v2\/product\/50196","targetHints":{"allow":["GET"]}}],"collection":[{"href":"https:\/\/portallamp.invette.dev\/en\/wp-json\/wp\/v2\/product"}],"about":[{"href":"https:\/\/portallamp.invette.dev\/en\/wp-json\/wp\/v2\/types\/product"}],"replies":[{"embeddable":true,"href":"https:\/\/portallamp.invette.dev\/en\/wp-json\/wp\/v2\/comments?post=50196"}],"wp:featuredmedia":[{"embeddable":true,"href":"https:\/\/portallamp.invette.dev\/en\/wp-json\/wp\/v2\/media\/30604"}],"wp:attachment":[{"href":"https:\/\/portallamp.invette.dev\/en\/wp-json\/wp\/v2\/media?parent=50196"}],"wp:term":[{"taxonomy":"product_brand","embeddable":true,"href":"https:\/\/portallamp.invette.dev\/en\/wp-json\/wp\/v2\/product_brand?post=50196"},{"taxonomy":"product_cat","embeddable":true,"href":"https:\/\/portallamp.invette.dev\/en\/wp-json\/wp\/v2\/product_cat?post=50196"},{"taxonomy":"product_tag","embeddable":true,"href":"https:\/\/portallamp.invette.dev\/en\/wp-json\/wp\/v2\/product_tag?post=50196"}],"curies":[{"name":"wp","href":"https:\/\/api.w.org\/{rel}","templated":true}]}}