{"id":50284,"date":"2025-07-03T17:40:51","date_gmt":"2025-07-03T15:40:51","guid":{"rendered":"https:\/\/portallamp.invette.dev\/produkt\/lampa-wiszaca-sufitowa-zyrandol-szklane-kule-bz2-texture-chrom-led-g9\/"},"modified":"2025-07-03T17:40:51","modified_gmt":"2025-07-03T15:40:51","slug":"lampa-wiszaca-sufitowa-zyrandol-szklane-kule-bz2-texture-chrom-led-g9","status":"publish","type":"product","link":"https:\/\/portallamp.invette.dev\/en\/produkt\/lampa-wiszaca-sufitowa-zyrandol-szklane-kule-bz2-texture-chrom-led-g9\/","title":{"rendered":"Lampa Wisz\u0105ca Sufitowa \u017byrandol Szklane Kule &#8211; BZ2 Texture &#8211; CHROM &#8211; LED G9"},"content":{"rendered":"<h1>Model TEXTURE CHROME &#8211; z serii nowoczesnych lamp sufitowych.<\/h1>\n<p>Oprawa natynkowa, metalowa ze szklanymi kloszami maj\u0105ca zastosowanie jako o\u015bwietlenie wewn\u0119trzne, z wy\u0142\u0105czeniem miejsc o podwy\u017cszonej wilgotno\u015bci.<\/p>\n<p><img decoding=\"async\" src=\"https:\/\/a.allegroimg.com\/original\/11c932\/59511752480289152ef4c99e1e16\" alt=\"Zdj\u0119cie produktu\" style=\"max-width:100%; height:auto; margin:10px 0;\"><br \/>\n<img decoding=\"async\" src=\"https:\/\/a.allegroimg.com\/original\/11f886\/e94496844640be73405a27bcbc4d\" alt=\"Zdj\u0119cie produktu\" style=\"max-width:100%; height:auto; margin:10px 0;\"><\/p>\n<h2>Idealna do:<\/h2>\n<p>\u2705 Pokoju o powierzchni do 8m2<\/p>\n<p>\u2705 Kuchni<\/p>\n<p>\u2705 Jadalni &#8211; nad st\u00f3\u0142<\/p>\n<p>\u2705 Sypialni<\/p>\n<p>\u2705 Pomieszcze\u0144 o niestandardowej wysoko\u015bci powy\u017cej 2,5 metra<\/p>\n<h2>G\u0142\u00f3wne cechy produktu:<\/h2>\n<p><b>\u2705&nbsp;<\/b>Lampa wyposa\u017cona w bardzo modne szklane klosze przypominaj\u0105ce plaster miodu. Prze\u017aroczyste szk\u0142o oddaje ca\u0142\u0105 moc \u017car\u00f3wek.<\/p>\n<p><b>\u2705 <\/b>Regulacja wysoko\u015bci umo\u017cliwia utworzenie ciekawego efektu<\/p>\n<p><b>\u2705 <\/b>Bezproblemowy system wymiany \u017car\u00f3wki, klosz wystarczy odkr\u0119ci\u0107.<\/p>\n<p><b>\u2705 <\/b>Produkt Polski &#8211; \u0142atwy dost\u0119p do serwisu oracz cz\u0119\u015bci zamiennych<\/p>\n<h2>Konstrukcja lampy umo\u017cliwia regulacj\u0119 wysoko\u015bci kloszy do max 80 cm.<\/h2>\n<p><b><\/b><\/p>\n<p><b>Parametry techniczne:<\/b><\/p>\n<p><b><\/b><\/p>\n<ul>\n<li>Dominuj\u0105cy materia\u0142 konstrukcji: Metal<\/li>\n<\/ul>\n<ul>\n<li>Dominuj\u0105cy materia\u0142 kloszy: Szk\u0142o<\/li>\n<\/ul>\n<ul>\n<li>Kolor konstrukcji: Powierzchnia Chromowana<\/li>\n<\/ul>\n<ul>\n<li>\u015arednica klosza: 15 cm<\/li>\n<\/ul>\n<ul>\n<li>IP 20, Klasa I<\/li>\n<\/ul>\n<ul>\n<li><b>\u0179r\u00f3d\u0142o \u015bwiat\u0142a:<\/b> Dowolne \u017car\u00f3wki energooszcz\u0119dne typu G9 do&nbsp; Max 15W<\/li>\n<\/ul>\n<ul>\n<li><b>Zasilanie:<\/b> ~230 [V] \/ bezpo\u015brednie z sieci<\/li>\n<\/ul>\n<ul>\n<li>Lampa z polskiej dystrybucji, wyprodukowana w Polsce &#8211; gwarantowany szybki dost\u0119p do serwisu i cz\u0119\u015bci zapasowych<\/li>\n<\/ul>\n<ul>\n<li>Szukasz kinkietu lub lampki nocnej pasuj\u0105cej do tej lampy? Znajdziesz je w naszych ofertach.<\/li>\n<\/ul>\n<ul>\n<li>Wersja w pe\u0142ni z\u0142o\u017cona &#8211; nie jest to chi\u0144ski zestaw do samodzielnego monta\u017cu.<\/li>\n<\/ul>\n<p><img decoding=\"async\" src=\"https:\/\/a.allegroimg.com\/original\/11953f\/12094c674aab94d72faace9b9157\" alt=\"Zdj\u0119cie produktu\" style=\"max-width:100%; height:auto; margin:10px 0;\"><br \/>\n<img decoding=\"async\" src=\"https:\/\/a.allegroimg.com\/original\/11dda9\/e61a9e724d4babb5deabce5c4de3\" alt=\"Zdj\u0119cie produktu\" style=\"max-width:100%; height:auto; margin:10px 0;\"><br \/>\n<img decoding=\"async\" src=\"https:\/\/a.allegroimg.com\/original\/11ce05\/d89de3194407942de81fefcad1c8\" alt=\"Zdj\u0119cie produktu\" style=\"max-width:100%; height:auto; margin:10px 0;\"><br \/>\n<img decoding=\"async\" src=\"https:\/\/a.allegroimg.com\/original\/11ed2a\/a05f660644a1a51643ff315329c7\" alt=\"Zdj\u0119cie produktu\" style=\"max-width:100%; height:auto; margin:10px 0;\"><\/p>\n<h2>Zestaw zawiera:<\/h2>\n<ul>\n<li><b>Kompletn\u0105, z\u0142o\u017con\u0105 lamp\u0119 &#8211; wystarczy zamontowa\u0107&nbsp; klosze wg powy\u017cszego schematu,<\/b><\/li>\n<li><b>Kostk\u0119 przy\u0142\u0105czeniow\u0105,<\/b><\/li>\n<li><b>Instrukcj\u0119 obs\u0142ugi,<\/b><\/li>\n<li><b>Dokument zakupu.<\/b><\/li>\n<\/ul>\n<p><b>Zestaw nie zawiera \u017car\u00f3wek a tak\u017ce ko\u0142k\u00f3w rozporowych&nbsp; (nale\u017cy dobra\u0107 odpowiednie do sufitu).<\/b><\/p>\n<p><img decoding=\"async\" src=\"https:\/\/a.allegroimg.com\/original\/111558\/cd3666ce4293ba461654bbfa021d\" alt=\"Zdj\u0119cie produktu\" style=\"max-width:100%; height:auto; margin:10px 0;\"><br \/>\n<img decoding=\"async\" src=\"https:\/\/a.allegroimg.com\/original\/11c932\/59511752480289152ef4c99e1e16\" alt=\"Zdj\u0119cie produktu\" style=\"max-width:100%; height:auto; margin:10px 0;\"><br \/>\n<img decoding=\"async\" src=\"https:\/\/a.allegroimg.com\/original\/11a77d\/626a007d4d8890a4ed625682d37f\" alt=\"Zdj\u0119cie produktu\" style=\"max-width:100%; height:auto; margin:10px 0;\"><\/p>\n","protected":false},"excerpt":{"rendered":"<p>Model TEXTURE CHROME &#8211; z serii nowoczesnych lamp sufitowych. Oprawa natynkowa, metalowa ze szklanymi kloszami maj\u0105ca zastosowanie jako o\u015bwietlenie wewn\u0119trzne, z wy\u0142\u0105czeniem miejsc o podwy\u017cszonej wilgotno\u015bci. Idealna do: \u2705 Pokoju o powierzchni do 8m2 \u2705 Kuchni \u2705 Jadalni &#8211; nad st\u00f3\u0142 \u2705 Sypialni \u2705 Pomieszcze\u0144 o niestandardowej wysoko\u015bci powy\u017cej 2,5 metra G\u0142\u00f3wne cechy produktu: \u2705&nbsp;Lampa [&hellip;]<\/p>\n","protected":false},"featured_media":28045,"comment_status":"closed","ping_status":"open","template":"","meta":{"_acf_changed":false},"product_brand":[162],"product_cat":[2590,2671],"product_tag":[],"class_list":{"0":"post-50284","1":"product","2":"type-product","3":"status-publish","4":"has-post-thumbnail","6":"product_brand-luxolar","7":"product_cat-lamps","8":"product_cat-hanging-lamps","9":"pa_klasa-efektywnosci-a-en","10":"pa_kod-producenta-510-bz2-en","11":"pa_kolekcja-510-en","12":"pa_kolor-silver","13":"pa_liczba-punktow-swiatla-2-2","14":"pa_marka-luxolar","15":"pa_material-dominujacy-glass","16":"pa_max-moc-pojed-zrodla-swiatla-15-en","17":"pa_pomieszczenie-bedroom","18":"pa_pomieszczenie-dining-room","19":"pa_pomieszczenie-hallway-stairs","20":"pa_pomieszczenie-kuchnia-2","21":"pa_pomieszczenie-living-room","22":"pa_pomieszczenie-office","23":"pa_pomieszczenie-universal","24":"pa_rodzaj-gwintu-g9-en","25":"pa_rodzaj-lampy-ceiling-mounted-hanging","26":"pa_zasilanie-network","27":"pa_zawiera-baterie-no","28":"pa_zrodlo-swiatla-without-a-light-source","30":"first","31":"instock","32":"purchasable","33":"product-type-simple"},"acf":[],"aioseo_notices":[],"_links":{"self":[{"href":"https:\/\/portallamp.invette.dev\/en\/wp-json\/wp\/v2\/product\/50284","targetHints":{"allow":["GET"]}}],"collection":[{"href":"https:\/\/portallamp.invette.dev\/en\/wp-json\/wp\/v2\/product"}],"about":[{"href":"https:\/\/portallamp.invette.dev\/en\/wp-json\/wp\/v2\/types\/product"}],"replies":[{"embeddable":true,"href":"https:\/\/portallamp.invette.dev\/en\/wp-json\/wp\/v2\/comments?post=50284"}],"wp:featuredmedia":[{"embeddable":true,"href":"https:\/\/portallamp.invette.dev\/en\/wp-json\/wp\/v2\/media\/28045"}],"wp:attachment":[{"href":"https:\/\/portallamp.invette.dev\/en\/wp-json\/wp\/v2\/media?parent=50284"}],"wp:term":[{"taxonomy":"product_brand","embeddable":true,"href":"https:\/\/portallamp.invette.dev\/en\/wp-json\/wp\/v2\/product_brand?post=50284"},{"taxonomy":"product_cat","embeddable":true,"href":"https:\/\/portallamp.invette.dev\/en\/wp-json\/wp\/v2\/product_cat?post=50284"},{"taxonomy":"product_tag","embeddable":true,"href":"https:\/\/portallamp.invette.dev\/en\/wp-json\/wp\/v2\/product_tag?post=50284"}],"curies":[{"name":"wp","href":"https:\/\/api.w.org\/{rel}","templated":true}]}}