{"id":50545,"date":"2025-07-03T17:30:36","date_gmt":"2025-07-03T15:30:36","guid":{"rendered":"https:\/\/portallamp.invette.dev\/produkt\/zarowka-led-e27-6w-filament-edison-2700k-luxolar\/"},"modified":"2025-07-03T17:30:36","modified_gmt":"2025-07-03T15:30:36","slug":"zarowka-led-e27-6w-filament-edison-2700k-luxolar","status":"publish","type":"product","link":"https:\/\/portallamp.invette.dev\/en\/produkt\/zarowka-led-e27-6w-filament-edison-2700k-luxolar\/","title":{"rendered":"\u017bAR\u00d3WKA LED E27 6W FILAMENT Edison 2700K LUXOLAR"},"content":{"rendered":"<h1>\u017bAR\u00d3WKA FILAMENT LED E27 6W A60 Ciep\u0142a 600 lm<\/h1>\n<p>Stosowana w lampach z oprawkami typu E27 &#8211; tzw du\u017cy gwint.<\/p>\n<p><img decoding=\"async\" src=\"https:\/\/a.allegroimg.com\/original\/116a32\/b8413e2042ca9337e371ad1c7295\" alt=\"Zdj\u0119cie produktu\" style=\"max-width:100%; height:auto; margin:10px 0;\"><\/p>\n<h1>Parametry techniczne:<\/h1>\n<ul>\n<li>model: <b>Filament&nbsp;<\/b><b>E27 6 W<\/b><\/li>\n<li>rodzaj trzonka: <b>E27<\/b><\/li>\n<li>barwa \u015bwiat\u0142a:&nbsp;<b>&nbsp; Bia\u0142a Ciep\u0142a 2700K &#8211; 3000K<\/b><\/li>\n<li>napi\u0119cie zasilania: <b>230V AC<\/b><\/li>\n<li>moc: <b>6 <\/b><b>W<\/b><\/li>\n<li>odpowiednik tradycyjnej \u017car\u00f3wki 60W<\/li>\n<li>minimalny strumie\u0144 \u015bwietlny:&nbsp;600lm<\/li>\n<li>k\u0105t \u015bwiecenia: <b>360\u00b0<\/b><\/li>\n<li>\u015brednica: <b>60mm<\/b><\/li>\n<li>wysoko\u015b\u0107: <b>105mm<\/b><\/li>\n<li>Wsp\u00f3\u0142czynnik oddawania barw CRI: <b>Ra &gt; 80<\/b><\/li>\n<li>Wsp\u00f3\u0142czynnik mocy: <b>&gt;0.5<\/b><\/li>\n<li>Nominalny okres trwa\u0142o\u015bci: <b>30<\/b><b>&nbsp;000h<\/b><\/li>\n<li><b>Producent LUXOLAR<\/b><\/li>\n<\/ul>\n<h2>\u0179r\u00f3d\u0142o \u015bwiat\u0142a typu LED FILAMENT:<\/h2>\n<p>\u017bar\u00f3wki LED z w\u0142\u00f3knem typu FILAMENT &#8211;&nbsp; cechuje wysoka wydajno\u015b\u0107 oraz estetyka po\u0142\u0105czona z niskim zu\u017cyciem energii.<\/p>\n<p>\u017bar\u00f3wka to nie tylko \u017ar\u00f3d\u0142o \u015bwiata, ale tak\u017ce wa\u017cny wizualny szczeg\u00f3\u0142 w lampie.<\/p>\n<p><img decoding=\"async\" src=\"https:\/\/6.allegroimg.com\/original\/03ef9f\/afb7949049a491e9a24e9a8b71c6\" alt=\"Zdj\u0119cie produktu\" style=\"max-width:100%; height:auto; margin:10px 0;\"><\/p>\n<p><b>Zgodnie z dyrektyw\u0105 UE 2019 \/ 2015 od 1 wrze\u015bnia nast\u0119puje zmiana oznacze\u0144 klas energetycznych stosowanych w \u017ar\u00f3d\u0142ach \u015bwiat\u0142a.<\/b><\/p>\n<p><b>W zwi\u0105zku z tym dotychczasowe klasy A++ A+ A zosta\u0142y zast\u0105pione klasami E, F, G<\/b><\/p>\n<p><b>Oferowana \u017car\u00f3wka posiada etykiet\u0119 energetyczn\u0105 dostosowan\u0105 do nowej dyrektywy.<\/b><\/p>\n","protected":false},"excerpt":{"rendered":"<p>\u017bAR\u00d3WKA FILAMENT LED E27 6W A60 Ciep\u0142a 600 lm Stosowana w lampach z oprawkami typu E27 &#8211; tzw du\u017cy gwint. Parametry techniczne: model: Filament&nbsp;E27 6 W rodzaj trzonka: E27 barwa \u015bwiat\u0142a:&nbsp;&nbsp; Bia\u0142a Ciep\u0142a 2700K &#8211; 3000K napi\u0119cie zasilania: 230V AC moc: 6 W odpowiednik tradycyjnej \u017car\u00f3wki 60W minimalny strumie\u0144 \u015bwietlny:&nbsp;600lm k\u0105t \u015bwiecenia: 360\u00b0 \u015brednica: 60mm [&hellip;]<\/p>\n","protected":false},"featured_media":25005,"comment_status":"closed","ping_status":"open","template":"","meta":{"_acf_changed":false},"product_brand":[162],"product_cat":[3728],"product_tag":[],"class_list":{"0":"post-50545","1":"product","2":"type-product","3":"status-publish","4":"has-post-thumbnail","6":"product_brand-luxolar","7":"product_cat-light-sources","8":"pa_barwa-warm-white","9":"pa_jasnosc-600-en","10":"pa_kat-wiercenia-360-en","11":"pa_klasa-efektywnosci-e-en","12":"pa_kod-producenta-1365091-en","13":"pa_kolor-szkla-transparent","14":"pa_ksztalt-ball","15":"pa_ksztalt-spherical","16":"pa_ksztalt-traditional-light-bulb","17":"pa_marka-luxolar","18":"pa_min-liczba-cykli-wlaczen-25000-en","19":"pa_moc-6-en","20":"pa_napiecie-230v-en","21":"pa_rodzaj-led-en","22":"pa_rodzaj-gwintu-e27-2","23":"pa_stan-original","24":"pa_temperatura-barwowa-3000-en","25":"pa_trwalosc-30000-en","26":"pa_zawiera-baterie-no","28":"first","29":"instock","30":"purchasable","31":"product-type-simple"},"acf":[],"aioseo_notices":[],"_links":{"self":[{"href":"https:\/\/portallamp.invette.dev\/en\/wp-json\/wp\/v2\/product\/50545","targetHints":{"allow":["GET"]}}],"collection":[{"href":"https:\/\/portallamp.invette.dev\/en\/wp-json\/wp\/v2\/product"}],"about":[{"href":"https:\/\/portallamp.invette.dev\/en\/wp-json\/wp\/v2\/types\/product"}],"replies":[{"embeddable":true,"href":"https:\/\/portallamp.invette.dev\/en\/wp-json\/wp\/v2\/comments?post=50545"}],"wp:featuredmedia":[{"embeddable":true,"href":"https:\/\/portallamp.invette.dev\/en\/wp-json\/wp\/v2\/media\/25005"}],"wp:attachment":[{"href":"https:\/\/portallamp.invette.dev\/en\/wp-json\/wp\/v2\/media?parent=50545"}],"wp:term":[{"taxonomy":"product_brand","embeddable":true,"href":"https:\/\/portallamp.invette.dev\/en\/wp-json\/wp\/v2\/product_brand?post=50545"},{"taxonomy":"product_cat","embeddable":true,"href":"https:\/\/portallamp.invette.dev\/en\/wp-json\/wp\/v2\/product_cat?post=50545"},{"taxonomy":"product_tag","embeddable":true,"href":"https:\/\/portallamp.invette.dev\/en\/wp-json\/wp\/v2\/product_tag?post=50545"}],"curies":[{"name":"wp","href":"https:\/\/api.w.org\/{rel}","templated":true}]}}