{"id":50683,"date":"2025-07-03T17:26:12","date_gmt":"2025-07-03T15:26:12","guid":{"rendered":"https:\/\/portallamp.invette.dev\/produkt\/lampa-scienna-kinkiet-czarna-zlota-kula-mleczna-wl\/"},"modified":"2025-07-03T17:26:12","modified_gmt":"2025-07-03T15:26:12","slug":"lampa-scienna-kinkiet-czarna-zlota-kula-mleczna-wl","status":"publish","type":"product","link":"https:\/\/portallamp.invette.dev\/en\/produkt\/lampa-scienna-kinkiet-czarna-zlota-kula-mleczna-wl\/","title":{"rendered":"LAMPA \u015aCIENNA KINKIET Czarna Z\u0141OTA KULA MLECZNA W\u0142"},"content":{"rendered":"<h1>Designerska lampa \u015bcienna, kinkiet w kolorze czarno-z\u0142otym z bia\u0142ym kloszem w kszta\u0142cie kuli.<\/h1>\n<h2>Wersja z w\u0142\u0105cznikiem \u0142a\u0144cuszkowym<\/h2>\n<h2>Idealna do:<\/h2>\n<p>\u2705 Pokoju<\/p>\n<p>\u2705 Kuchni<\/p>\n<p>\u2705 Jadalni<\/p>\n<p>\u2705 Jako o\u015bwietlenie dekoracyjne, akcentowe<\/p>\n<p><img decoding=\"async\" src=\"https:\/\/a.allegroimg.com\/original\/112cd0\/a52687fe4df78d81293d0e90418c\" alt=\"Zdj\u0119cie produktu\" style=\"max-width:100%; height:auto; margin:10px 0;\"><\/p>\n<h2>Uniwersalny styl lampy sprawia, \u017ce pasuje ona do wn\u0119trz urz\u0105dzonych w r\u00f3\u017cnym stylu.<\/h2>\n<p>Szczeg\u00f3lnie dobrze prezentuje si\u0119 w pomieszczeniach o charakterze minimalistycznym oraz skandynawskim.<\/p>\n<p><b><\/b><\/p>\n<p><b>G\u0141\u00d3WNE CECHY LAMPY:<\/b><\/p>\n<p><b><\/b><\/p>\n<ul>\n<li>Materia\u0142 konstrukcji: Metal<\/li>\n<\/ul>\n<ul>\n<li>Kolor konstrukcji: Czarny \u0142\u0105czony ze z\u0142otymi dodatkami<\/li>\n<\/ul>\n<ul>\n<li>Materia\u0142 klosza: Szk\u0142o<\/li>\n<\/ul>\n<ul>\n<li>Kolor klosza: Bia\u0142y matowy<\/li>\n<\/ul>\n<ul>\n<li>Uniwersalny styl &#8211; &nbsp;\u0142atwo wkomponuje si\u0119 w uk\u0142ad mieszkania o charakterze skandynawskim lub minimalistycznym<\/li>\n<\/ul>\n<ul>\n<li>Szerokie zastosowanie:<b> pokoje, kuchnie, korytarze, sypialnie&#8230;<\/b><\/li>\n<\/ul>\n<ul>\n<li>Lampa z polskiej dystrybucji, wyprodukowana w Polsce &#8211; gwarantowany szybki dost\u0119p do serwisu i cz\u0119\u015bci zapasowych<\/li>\n<\/ul>\n<ul>\n<li>Kinkiet pochodzi z szerszej rodziny lamp &#8211; bez problemu dokupisz do kompletu \u017cyrandol czy lampk\u0119 nocn\u0105<\/li>\n<\/ul>\n<h2>Wymiary:<\/h2>\n<p><img decoding=\"async\" src=\"https:\/\/a.allegroimg.com\/original\/11e6d1\/fc964b444e3baa27bcfb34422603\" alt=\"Zdj\u0119cie produktu\" style=\"max-width:100%; height:auto; margin:10px 0;\"><\/p>\n<h2>Dane techniczne:<\/h2>\n<\/p>\n<ul>\n<li><b>Zasilanie:<\/b> ~230 [V] \/ bezpo\u015brednie z sieci &#8211; sterowanie za pomoc\u0105 wbudowanego w\u0142\u0105cznika<\/li>\n<li><b>\u0179r\u00f3d\u0142o \u015bwiat\u0142a:<\/b> \u017bar\u00f3wki typu LED z trzonkiem G9 o mocy do max 15W. Zalecane 10W 1000lm<\/li>\n<li><b>Spos\u00f3b monta\u017cu:<\/b>&nbsp;Dwa ko\u0142ki rozporowe<\/li>\n<li><b>IP 20, Klasa I<\/b><\/li>\n<li><b>Zestaw nie zawiera \u017car\u00f3wki oraz ko\u0142k\u00f3w rozporowych do monta\u017cu<\/b><\/li>\n<li><b>Producent:&nbsp;<\/b>LUXOLAR Polska<\/li>\n<\/ul>\n<p><img decoding=\"async\" src=\"https:\/\/a.allegroimg.com\/original\/110859\/34d9924a445da86852c2d534c4a0\" alt=\"Zdj\u0119cie produktu\" style=\"max-width:100%; height:auto; margin:10px 0;\"><\/p>\n<h2>Zestaw zawiera:<\/h2>\n<ul>\n<li><b>Kompletn\u0105, z\u0142o\u017con\u0105 lamp\u0119<\/b><\/li>\n<li><b>Kostk\u0119 elektryczn\u0105, przy\u0142\u0105czeniow\u0105<\/b><\/li>\n<li><b>Instrukcj\u0119 obs\u0142ugi<\/b><\/li>\n<li><b>Dokument zakupu<\/b><\/li>\n<\/ul>\n<p><b>Zestaw nie zawiera \u017car\u00f3wki ani ko\u0142k\u00f3w rozporowych (nale\u017cy dobra\u0107 odpowiednie do rodzaju pod\u0142o\u017ca sufitu: ceg\u0142a, p\u0142yta G-K&#8230;)<\/b><\/p>\n<h2>ZALECANE \u0179R\u00d3D\u0141A \u015aWIAT\u0141A:<\/h2>\n<\/p>\n<ul>\n<li>\u017bar\u00f3wki LED z trzonkiem G-9<\/li>\n<li>Strumie\u0144 \u015bwietlny: 700 -1300 lm<\/li>\n<li>Moc pobierana z sieci: 8 -12 W<\/li>\n<li>Barwa: ciep\u0142a (3000K), Neutralna (4000K)&nbsp; lub zimna (6000K)<\/li>\n<\/ul>\n<p><b>\u017bar\u00f3wka nie wchodzi w sk\u0142ad zestawu<\/b><\/p>\n<p><img decoding=\"async\" src=\"https:\/\/a.allegroimg.com\/original\/1156ec\/8ef33f044d21bac3acf1118f2230\" alt=\"Zdj\u0119cie produktu\" style=\"max-width:100%; height:auto; margin:10px 0;\"><\/p>\n<p>Aran\u017cacje:<\/p>\n<p><img decoding=\"async\" src=\"https:\/\/a.allegroimg.com\/original\/111676\/c82d9b6a41b39c06af9da24384c6\" alt=\"Zdj\u0119cie produktu\" style=\"max-width:100%; height:auto; margin:10px 0;\"><br \/>\n<img decoding=\"async\" src=\"https:\/\/a.allegroimg.com\/original\/11a77d\/626a007d4d8890a4ed625682d37f\" alt=\"Zdj\u0119cie produktu\" style=\"max-width:100%; height:auto; margin:10px 0;\"><\/p>\n","protected":false},"excerpt":{"rendered":"<p>Designerska lampa \u015bcienna, kinkiet w kolorze czarno-z\u0142otym z bia\u0142ym kloszem w kszta\u0142cie kuli. Wersja z w\u0142\u0105cznikiem \u0142a\u0144cuszkowym Idealna do: \u2705 Pokoju \u2705 Kuchni \u2705 Jadalni \u2705 Jako o\u015bwietlenie dekoracyjne, akcentowe Uniwersalny styl lampy sprawia, \u017ce pasuje ona do wn\u0119trz urz\u0105dzonych w r\u00f3\u017cnym stylu. Szczeg\u00f3lnie dobrze prezentuje si\u0119 w pomieszczeniach o charakterze minimalistycznym oraz skandynawskim. G\u0141\u00d3WNE [&hellip;]<\/p>\n","protected":false},"featured_media":23430,"comment_status":"closed","ping_status":"open","template":"","meta":{"_acf_changed":false},"product_brand":[162],"product_cat":[2590,7362],"product_tag":[],"class_list":{"0":"post-50683","1":"product","2":"type-product","3":"status-publish","4":"has-post-thumbnail","6":"product_brand-luxolar","7":"product_cat-lamps","8":"product_cat-wall-lamps","9":"pa_kod-producenta-963-kw1-czarna-zlota-kula-en","10":"pa_kolekcja-963-en","11":"pa_kolor-black","12":"pa_kolor-yellow","13":"pa_liczba-punktow-swiatla-1-2","14":"pa_marka-luxolar","15":"pa_material-dominujacy-metal-en","16":"pa_max-moc-pojed-zrodla-swiatla-15-en","17":"pa_rodzaj-gwintu-g9-en","18":"pa_zawiera-baterie-no","19":"pa_zrodlo-swiatla-without-a-light-source","21":"first","22":"instock","23":"purchasable","24":"product-type-simple"},"acf":[],"aioseo_notices":[],"_links":{"self":[{"href":"https:\/\/portallamp.invette.dev\/en\/wp-json\/wp\/v2\/product\/50683","targetHints":{"allow":["GET"]}}],"collection":[{"href":"https:\/\/portallamp.invette.dev\/en\/wp-json\/wp\/v2\/product"}],"about":[{"href":"https:\/\/portallamp.invette.dev\/en\/wp-json\/wp\/v2\/types\/product"}],"replies":[{"embeddable":true,"href":"https:\/\/portallamp.invette.dev\/en\/wp-json\/wp\/v2\/comments?post=50683"}],"wp:featuredmedia":[{"embeddable":true,"href":"https:\/\/portallamp.invette.dev\/en\/wp-json\/wp\/v2\/media\/23430"}],"wp:attachment":[{"href":"https:\/\/portallamp.invette.dev\/en\/wp-json\/wp\/v2\/media?parent=50683"}],"wp:term":[{"taxonomy":"product_brand","embeddable":true,"href":"https:\/\/portallamp.invette.dev\/en\/wp-json\/wp\/v2\/product_brand?post=50683"},{"taxonomy":"product_cat","embeddable":true,"href":"https:\/\/portallamp.invette.dev\/en\/wp-json\/wp\/v2\/product_cat?post=50683"},{"taxonomy":"product_tag","embeddable":true,"href":"https:\/\/portallamp.invette.dev\/en\/wp-json\/wp\/v2\/product_tag?post=50683"}],"curies":[{"name":"wp","href":"https:\/\/api.w.org\/{rel}","templated":true}]}}