{"id":50995,"date":"2025-07-03T17:05:59","date_gmt":"2025-07-03T15:05:59","guid":{"rendered":"https:\/\/portallamp.invette.dev\/produkt\/szklana-lampa-wiszaca-sufitowa-zyrandol-plafon-led-8\/"},"modified":"2025-07-03T17:05:59","modified_gmt":"2025-07-03T15:05:59","slug":"szklana-lampa-wiszaca-sufitowa-zyrandol-plafon-led-8","status":"publish","type":"product","link":"https:\/\/portallamp.invette.dev\/en\/produkt\/szklana-lampa-wiszaca-sufitowa-zyrandol-plafon-led-8\/","title":{"rendered":"SZKLANA LAMPA WISZ\u0104CA SUFITOWA \u017bYRANDOL PLAFON LED"},"content":{"rendered":"<h1>Designerska lampa wisz\u0105ca z trzema szklanymi kloszami w odcieniu metalicznym.<\/h1>\n<h2>\u015awietnie odnajdzie si\u0119 we wn\u0119trzach o charakterze nowoczesnym, loftowym, minimalistycznym czy skandynawskim.<\/h2>\n<p><img decoding=\"async\" style=\"max-width: 100%; height: auto; margin: 10px 0;\" src=\"https:\/\/a.allegroimg.com\/original\/11ea3e\/3dd130de4a1d95d6df74f2a9d78d\" alt=\"Zdj\u0119cie produktu\" \/><br \/>\n<img decoding=\"async\" style=\"max-width: 100%; height: auto; margin: 10px 0;\" src=\"https:\/\/a.allegroimg.com\/original\/11a2ff\/c9c47a894ffa89a55eda9ff47eab\" alt=\"Zdj\u0119cie produktu\" \/><br \/>\n<img decoding=\"async\" style=\"max-width: 100%; height: auto; margin: 10px 0;\" src=\"https:\/\/a.allegroimg.com\/original\/11731c\/803701aa4d569adb28e6025c7fba\" alt=\"Zdj\u0119cie produktu\" \/><\/p>\n<p><b>Lampa w pe\u0142ni z\u0142o\u017cona &#8211; nie jest to zestaw do samodzielnego monta\u017cu &#8211; wyjmujesz z kartonu i wieszasz na suficie.<\/b><\/p>\n<p><b>Nie musisz traci\u0107 czasu na z\u0142o\u017cenie lampy od najmniejszej \u015brubki.<\/b><\/p>\n<p>&nbsp;<\/p>\n<p><b>G\u0141\u00d3WNE CECHY LAMPY:<\/b><\/p>\n<p>&nbsp;<\/p>\n<ul>\n<li>Materia\u0142 konstrukcji: Metal<\/li>\n<\/ul>\n<ul>\n<li>Kolor konstrukcji: Czarny matowy<\/li>\n<\/ul>\n<ul>\n<li>Materia\u0142 kloszy: szk\u0142o<\/li>\n<\/ul>\n<ul>\n<li>Odcie\u0144 kloszy: Aluminium z prze\u017aroczystym<\/li>\n<\/ul>\n<ul>\n<li>Nowoczesny Styl &#8211; \u00a0\u0142atwo wkomponuje si\u0119 w uk\u0142ad mieszkania<\/li>\n<\/ul>\n<ul>\n<li>Idealna do mniejszego pokoju, kuchni czy jadalni<\/li>\n<\/ul>\n<ul>\n<li>Lampa obs\u0142uguje wszystkie \u017car\u00f3wki z gwintem typu\u00a0<b>E27 do max 60 wat\u00f3w.<\/b><\/li>\n<\/ul>\n<ul>\n<li>Lampa z polskiej dystrybucji, wyprodukowana w Polsce &#8211; gwarantowany szybki dost\u0119p do serwisu i cz\u0119\u015bci zapasowych<\/li>\n<\/ul>\n<ul>\n<li>\u017byrandol pochodzi z szerszej rodziny lamp &#8211; bez problemu dokupisz do kompletu kinkiet czy lampk\u0119 nocn\u0105<\/li>\n<\/ul>\n<ul>\n<li><b>Wersja w pe\u0142ni z\u0142o\u017cona &#8211; nie jest to chi\u0144ski zestaw do samodzielnego monta\u017cu<\/b><\/li>\n<\/ul>\n<h2>Dane techniczne:<\/h2>\n<ul>\n<li><b>Zasilanie:<\/b> ~230 [V] \/ bezpo\u015brednie z sieci, dwa niezale\u017cne obwody elektryczne, w\u0142\u0105czanie 2 + 1\u00a0 lub wszystkie jednocze\u015bnie<\/li>\n<li><b>\u0179r\u00f3d\u0142o \u015bwiat\u0142a:<\/b>\u00a0E-27 &#8211; zalecane LED lub \u015bwietl\u00f3wki kompaktowe<\/li>\n<li><b>Spos\u00f3b monta\u017cu:<\/b>\u00a0Dwa ko\u0142ki rozporowe<\/li>\n<li><b>IP 20, Klasa I<\/b><\/li>\n<li><b>Zestaw nie zawiera \u017car\u00f3wek oraz ko\u0142k\u00f3w rozporowych do monta\u017cu<\/b><\/li>\n<li><b>Producent:\u00a0<\/b>LUXOLAR Polska<\/li>\n<\/ul>\n<p><img decoding=\"async\" style=\"max-width: 100%; height: auto; margin: 10px 0;\" src=\"https:\/\/a.allegroimg.com\/original\/1113ed\/b29be9c84da1a55f099fe130927e\" alt=\"Zdj\u0119cie produktu\" \/><br \/>\n<img decoding=\"async\" style=\"max-width: 100%; height: auto; margin: 10px 0;\" src=\"https:\/\/a.allegroimg.com\/original\/11f057\/f0bf25b145b8b2b67188fc1a2a7d\" alt=\"Zdj\u0119cie produktu\" \/><br \/>\n<img decoding=\"async\" style=\"max-width: 100%; height: auto; margin: 10px 0;\" src=\"https:\/\/a.allegroimg.com\/original\/11c8ef\/68322804476da982c46a31032228\" alt=\"Zdj\u0119cie produktu\" \/><br \/>\n<img decoding=\"async\" style=\"max-width: 100%; height: auto; margin: 10px 0;\" src=\"https:\/\/a.allegroimg.com\/original\/11fb27\/ff32d00d46468a57ab27f7e60cba\" alt=\"Zdj\u0119cie produktu\" \/><\/p>\n<h1>Opis klosza:<\/h1>\n<ul>\n<li><b>materia\u0142:\u00a0<\/b>szk\u0142o o grubo\u015bci 1,5mm<\/li>\n<li><b>kolor:\u00a0<\/b>aluminium + prze\u017aroczyste pasy<\/li>\n<li><b>kszta\u0142t:\u00a0<\/b>graniastos\u0142up prosty z zaokr\u0105glonymi naro\u017cami<\/li>\n<li><b>obs\u0142ugiwane \u017car\u00f3wki:\u00a0<\/b>E27 do max 60W<\/li>\n<li><b>\u015brednica otworu pod oprawk\u0119:<\/b>\u00a042 mm<\/li>\n<li><b>wymiary:<\/b>\u00a0wysoko\u015b\u0107 120 mm &#8211;\u00a0 podstawa: 100 x 100\u00a0 mm<\/li>\n<li><b>waga:<\/b>\u00a0190g<\/li>\n<\/ul>\n<p><img decoding=\"async\" style=\"max-width: 100%; height: auto; margin: 10px 0;\" src=\"https:\/\/a.allegroimg.com\/original\/118a4c\/0c700ac245f289a6950e5f70126a\" alt=\"Zdj\u0119cie produktu\" \/><\/p>\n<h2>Zestaw zawiera:<\/h2>\n<ul>\n<li><b>Kompletn\u0105, z\u0142o\u017con\u0105 lamp\u0119 &#8211; wystarczy tylko zamontowa\u0107 klosze, (nie jest to chi\u0144skiej produkcji zestaw do samodzielnego monta\u017cu)<\/b><\/li>\n<li><b>Kostk\u0119 przy\u0142\u0105czeniow\u0105<\/b><\/li>\n<li><b>Instrukcj\u0119 obs\u0142ugi<\/b><\/li>\n<li><b>Dokument zakupu<\/b><\/li>\n<\/ul>\n<p><b>Zestaw nie zawiera \u017car\u00f3wek oraz ko\u0142k\u00f3w rozporowych\u00a0 (nale\u017cy dobra\u0107 odpowiednie do sufitu)<\/b><\/p>\n<h2>ZALECANE \u0179R\u00d3D\u0141A \u015aWIAT\u0141A:<\/h2>\n<ul>\n<li>\u017bar\u00f3wki LED\u00a0 z gwintem typu E27<\/li>\n<li>Strumie\u0144 \u015bwietlny: 700 -1300 lm<\/li>\n<li>Moc pobierana z sieci: 6 -12 W<\/li>\n<li>Barwa: ciep\u0142a (3000K), Neutralna (4000K)\u00a0 lub zimna (6000K)<\/li>\n<\/ul>\n<p><b>\u017bar\u00f3wki nie wchodz\u0105 w sk\u0142ad zestawu<\/b><\/p>\n<p><img decoding=\"async\" style=\"max-width: 100%; height: auto; margin: 10px 0;\" src=\"https:\/\/a.allegroimg.com\/original\/1188c2\/18c31e404d029d690123cbcfaa25\" alt=\"Zdj\u0119cie produktu\" \/><br \/>\n<img decoding=\"async\" style=\"max-width: 100%; height: auto; margin: 10px 0;\" src=\"https:\/\/a.allegroimg.com\/original\/1131eb\/b3b3a31d406b816ddbf0775b1121\" alt=\"Zdj\u0119cie produktu\" \/><br \/>\n<img decoding=\"async\" style=\"max-width: 100%; height: auto; margin: 10px 0;\" src=\"https:\/\/a.allegroimg.com\/original\/112d91\/c9b1a7d04192937c90b12e745472\" alt=\"Zdj\u0119cie produktu\" \/><br \/>\n<img decoding=\"async\" style=\"max-width: 100%; height: auto; margin: 10px 0;\" src=\"https:\/\/a.allegroimg.com\/original\/11ea3e\/3dd130de4a1d95d6df74f2a9d78d\" alt=\"Zdj\u0119cie produktu\" \/><br \/>\n<img decoding=\"async\" style=\"max-width: 100%; height: auto; margin: 10px 0;\" src=\"https:\/\/a.allegroimg.com\/original\/11a77d\/626a007d4d8890a4ed625682d37f\" alt=\"Zdj\u0119cie produktu\" \/><\/p>\n","protected":false},"excerpt":{"rendered":"<p>Designerska lampa wisz\u0105ca z trzema szklanymi kloszami w odcieniu metalicznym. \u015awietnie odnajdzie si\u0119 we wn\u0119trzach o charakterze nowoczesnym, loftowym, minimalistycznym czy skandynawskim. Lampa w pe\u0142ni z\u0142o\u017cona &#8211; nie jest to zestaw do samodzielnego monta\u017cu &#8211; wyjmujesz z kartonu i wieszasz na suficie. Nie musisz traci\u0107 czasu na z\u0142o\u017cenie lampy od najmniejszej \u015brubki. &nbsp; G\u0141\u00d3WNE CECHY [&hellip;]<\/p>\n","protected":false},"featured_media":19241,"comment_status":"closed","ping_status":"closed","template":"","meta":{"_acf_changed":false},"product_brand":[162],"product_cat":[2590,2671],"product_tag":[2060],"class_list":{"0":"post-50995","1":"product","2":"type-product","3":"status-publish","4":"has-post-thumbnail","6":"product_brand-luxolar","7":"product_cat-lamps","8":"product_cat-hanging-lamps","9":"product_tag-bestseller-en","10":"pa_klasa-efektywnosci-none","11":"pa_kod-producenta-923-er3-en","12":"pa_kolekcja-923-en","13":"pa_kolor-black","14":"pa_kolor-colorless","15":"pa_liczba-punktow-swiatla-3-2","16":"pa_marka-luxolar","17":"pa_material-dominujacy-glass","18":"pa_max-moc-pojed-zrodla-swiatla-60-2","19":"pa_pomieszczenie-bedroom","20":"pa_pomieszczenie-childrens-room","21":"pa_pomieszczenie-dining-room","22":"pa_pomieszczenie-hallway-stairs","23":"pa_pomieszczenie-kuchnia-2","24":"pa_pomieszczenie-living-room","25":"pa_pomieszczenie-office","26":"pa_pomieszczenie-universal","27":"pa_rodzaj-gwintu-e27-2","28":"pa_rodzaj-lampy-ceiling-mounted-hanging","29":"pa_zasilanie-network","30":"pa_zawiera-baterie-no","31":"pa_zrodlo-swiatla-without-a-light-source","33":"first","34":"instock","35":"purchasable","36":"product-type-simple"},"acf":[],"aioseo_notices":[],"_links":{"self":[{"href":"https:\/\/portallamp.invette.dev\/en\/wp-json\/wp\/v2\/product\/50995","targetHints":{"allow":["GET"]}}],"collection":[{"href":"https:\/\/portallamp.invette.dev\/en\/wp-json\/wp\/v2\/product"}],"about":[{"href":"https:\/\/portallamp.invette.dev\/en\/wp-json\/wp\/v2\/types\/product"}],"replies":[{"embeddable":true,"href":"https:\/\/portallamp.invette.dev\/en\/wp-json\/wp\/v2\/comments?post=50995"}],"wp:featuredmedia":[{"embeddable":true,"href":"https:\/\/portallamp.invette.dev\/en\/wp-json\/wp\/v2\/media\/19241"}],"wp:attachment":[{"href":"https:\/\/portallamp.invette.dev\/en\/wp-json\/wp\/v2\/media?parent=50995"}],"wp:term":[{"taxonomy":"product_brand","embeddable":true,"href":"https:\/\/portallamp.invette.dev\/en\/wp-json\/wp\/v2\/product_brand?post=50995"},{"taxonomy":"product_cat","embeddable":true,"href":"https:\/\/portallamp.invette.dev\/en\/wp-json\/wp\/v2\/product_cat?post=50995"},{"taxonomy":"product_tag","embeddable":true,"href":"https:\/\/portallamp.invette.dev\/en\/wp-json\/wp\/v2\/product_tag?post=50995"}],"curies":[{"name":"wp","href":"https:\/\/api.w.org\/{rel}","templated":true}]}}