{"id":51013,"date":"2025-07-03T17:05:59","date_gmt":"2025-07-03T15:05:59","guid":{"rendered":"https:\/\/portallamp.invette.dev\/produkt\/lampa-plafon-zyrandol-ruchome-abazury-bialy-zloty-6\/"},"modified":"2025-07-03T17:05:59","modified_gmt":"2025-07-03T15:05:59","slug":"lampa-plafon-zyrandol-ruchome-abazury-bialy-zloty-6","status":"publish","type":"product","link":"https:\/\/portallamp.invette.dev\/en\/produkt\/lampa-plafon-zyrandol-ruchome-abazury-bialy-zloty-6\/","title":{"rendered":"Lampa Plafon \u017byrandol Ruchome Aba\u017cury Bia\u0142y Z\u0142oty"},"content":{"rendered":"<h1>Nowoczesna lampa plafon z pi\u0119cioma aba\u017curami wykonana z najwy\u017csz\u0105 dba\u0142o\u015bci\u0105 o szczeg\u00f3\u0142y i detale.<\/h1>\n<h2>\u015awietnie odnajdzie si\u0119 we wn\u0119trzach o charakterze nowoczesnym, minimalistycznym czy skandynawskim.<\/h2>\n<p><img decoding=\"async\" src=\"https:\/\/a.allegroimg.com\/original\/111c23\/faf2e719482f9667c96cc5c8f1b2\" alt=\"Zdj\u0119cie produktu\" style=\"max-width:100%; height:auto; margin:10px 0;\"><\/p>\n<h2>Bia\u0142a konstrukcja i aba\u017cury ze z\u0142otymi elementami to \u015bwietne po\u0142\u0105czenie w nowoczesnych wn\u0119trzach.<\/h2>\n<p><img decoding=\"async\" src=\"https:\/\/a.allegroimg.com\/original\/118cd4\/c7289c27453da76b03d4933f7dfc\" alt=\"Zdj\u0119cie produktu\" style=\"max-width:100%; height:auto; margin:10px 0;\"><\/p>\n<h2>Ustaw aba\u017cury w dowolnym kierunku &#8211; w tej lampie to mo\u017cliwe. Lampa zosta\u0142a wyposa\u017cona w specjalne przeguby.<\/h2>\n<p><img decoding=\"async\" src=\"https:\/\/a.allegroimg.com\/original\/112065\/f9e485a04cffbe1aee6620861b24\" alt=\"Zdj\u0119cie produktu\" style=\"max-width:100%; height:auto; margin:10px 0;\"><br \/>\n<img decoding=\"async\" src=\"https:\/\/a.allegroimg.com\/original\/11b53f\/b72149574641a7d8e10c4ee2bb1a\" alt=\"Zdj\u0119cie produktu\" style=\"max-width:100%; height:auto; margin:10px 0;\"><\/p>\n<p><b>Lampa w pe\u0142ni z\u0142o\u017cona &#8211; nie jest to zestaw do samodzielnego monta\u017cu &#8211; wyjmujesz z kartonu i wieszasz na suficie.<\/b><\/p>\n<p><b>Nie musisz traci\u0107 czasu na z\u0142o\u017cenie lampy od najmniejszej \u015brubki.<\/b><\/p>\n<p><b><\/b><\/p>\n<p><b>G\u0141\u00d3WNE CECHY LAMPY:<\/b><\/p>\n<p><b><\/b><\/p>\n<ul>\n<li>Materia\u0142 konstrukcji: Metal<\/li>\n<\/ul>\n<ul>\n<li>Kolor konstrukcji: Bia\u0142y po\u0142ysk + z\u0142ote przeguby<\/li>\n<\/ul>\n<ul>\n<li>Kolor aba\u017cur\u00f3w: Bia\u0142y + z\u0142ote wn\u0119trze<\/li>\n<\/ul>\n<ul>\n<li>Materia\u0142 aba\u017cur\u00f3w: PCV + Tkanina<\/li>\n<\/ul>\n<ul>\n<li>\u015arednica aba\u017cur\u00f3w: 13 cm<\/li>\n<\/ul>\n<ul>\n<li>Wysoko\u015b\u0107 aba\u017cur\u00f3w: 15cm<\/li>\n<\/ul>\n<ul>\n<li>Nowoczesny Styl &#8211; &nbsp;\u0142atwo wkomponuje si\u0119 w uk\u0142ad mieszkania<\/li>\n<\/ul>\n<ul>\n<li>Przeznaczona jako o\u015bwietlenie g\u0142\u00f3wne w pomieszczeniach o powierzchni:&nbsp;<b>12 &#8211; 20 m2<\/b><\/li>\n<\/ul>\n<ul>\n<li>Szerokie zastosowanie: <b>salon,<\/b>&nbsp;<b>korytarz, kuchnia, sypialnia<\/b><\/li>\n<\/ul>\n<ul>\n<li>Dodatkowym atutem s\u0105 dwa niezale\u017cne obwody elektryczne, dzi\u0119ki kt\u00f3rym w zale\u017cno\u015bci od potrzeb, mo\u017cemy sterowa\u0107 ilo\u015bci\u0105 w\u0142\u0105czonych \u017car\u00f3wek<\/li>\n<\/ul>\n<ul>\n<li>Lampa obs\u0142uguje wszystkie \u017car\u00f3wki z gwintem typu&nbsp;<b>E27 do max 60 wat\u00f3w.<\/b><\/li>\n<\/ul>\n<ul>\n<li>Lampa z polskiej dystrybucji, wyprodukowana w Polsce &#8211; gwarantowany szybki dost\u0119p do serwisu i cz\u0119\u015bci zapasowych<\/li>\n<\/ul>\n<ul>\n<li>\u017byrandol pochodzi z szerszej rodziny lamp &#8211; bez problemu dokupisz do kompletu kinkiet czy lampk\u0119 nocn\u0105<\/li>\n<\/ul>\n<ul>\n<li><b>Wersja w pe\u0142ni z\u0142o\u017cona &#8211; nie jest to chi\u0144ski zestaw do samodzielnego monta\u017cu<\/b><\/li>\n<\/ul>\n<h2>Wymiary:<\/h2>\n<p><img decoding=\"async\" src=\"https:\/\/a.allegroimg.com\/original\/115bbd\/089292bd4722a65f19666b812161\" alt=\"Zdj\u0119cie produktu\" style=\"max-width:100%; height:auto; margin:10px 0;\"><\/p>\n<h2>Opis aba\u017cura:<\/h2>\n<ul>\n<li><b>materia\u0142:&nbsp;<\/b>PCV + Tkanina<\/li>\n<li><b>kolor:<\/b> Bia\u0142y ze z\u0142otym wn\u0119trzem<\/li>\n<li><b>konstrukcja przelotowa <\/b>&#8211; ods\u0142oni\u0119ta g\u00f3ra i d\u00f3\u0142 aba\u017cura<\/li>\n<li><b>obs\u0142ugiwane \u017car\u00f3wki:&nbsp;<\/b>z gwintem E27<\/li>\n<li><b>\u015brednica otworu pod oprawk\u0119:<\/b>&nbsp;42 mm<\/li>\n<li><b>wymiary:<\/b> wysoko\u015b\u0107 150 mm &#8211;&nbsp; \u015brednica: 130 mm<\/li>\n<li><b>waga:<\/b> 90g<\/li>\n<\/ul>\n<p><img decoding=\"async\" src=\"https:\/\/a.allegroimg.com\/original\/111216\/2011207e4972a8c0afedc2b92454\" alt=\"Zdj\u0119cie produktu\" style=\"max-width:100%; height:auto; margin:10px 0;\"><br \/>\n<img decoding=\"async\" src=\"https:\/\/a.allegroimg.com\/original\/11d7b6\/acb2ce36404dab16a5f6f1ed5e6f\" alt=\"Zdj\u0119cie produktu\" style=\"max-width:100%; height:auto; margin:10px 0;\"><\/p>\n<h2>Zestaw zawiera:<\/h2>\n<ul>\n<li><b>Kompletn\u0105, z\u0142o\u017con\u0105 lamp\u0119 &#8211; wystarczy tylko zamontowa\u0107 aba\u017cury (nie jest to chi\u0144skiej produkcji zestaw do samodzielnego monta\u017cu)<\/b><\/li>\n<li><b>Kostk\u0119 przy\u0142\u0105czeniow\u0105<\/b><\/li>\n<li><b>Instrukcj\u0119 obs\u0142ugi<\/b><\/li>\n<li><b>Dokument zakupu<\/b><\/li>\n<\/ul>\n<p><b>Zestaw nie zawiera \u017car\u00f3wek ani ko\u0142k\u00f3w rozporowych (nale\u017cy dobra\u0107 odpowiednie do sufitu)<\/b><\/p>\n<h2>Dane techniczne:<\/h2>\n<\/p>\n<ul>\n<li><b>Zasilanie:<\/b> ~230 [V] \/ bezpo\u015brednie z sieci, dwa niezale\u017cne obwody elektryczne, w\u0142\u0105czanie 3 + 2&nbsp; lub wszystkie jednocze\u015bnie<\/li>\n<li><b>\u0179r\u00f3d\u0142o \u015bwiat\u0142a:<\/b>&nbsp;E-27 &#8211; zalecane LED lub \u015bwietl\u00f3wki kompaktowe<\/li>\n<li><b>Spos\u00f3b monta\u017cu:<\/b>&nbsp;Dwa ko\u0142ki rozporowe<\/li>\n<li><b>IP 20, Klasa I<\/b><\/li>\n<li><b>Zestaw nie zawiera \u017car\u00f3wek oraz ko\u0142k\u00f3w rozporowych do monta\u017cu<\/b><\/li>\n<li><b>Producent:&nbsp;<\/b>LUXOLAR Polska<\/li>\n<\/ul>\n<p><img decoding=\"async\" src=\"https:\/\/a.allegroimg.com\/original\/110f3e\/b98b9cae4cd28800ac47d6655786\" alt=\"Zdj\u0119cie produktu\" style=\"max-width:100%; height:auto; margin:10px 0;\"><\/p>\n<h2>ZALECANE \u0179R\u00d3D\u0141A \u015aWIAT\u0141A:<\/h2>\n<\/p>\n<ul>\n<li>\u017bar\u00f3wki LED&nbsp; z gwintem typu E27<\/li>\n<li>Strumie\u0144 \u015bwietlny: 700 -1300 lm<\/li>\n<li>Moc pobierana z sieci: 10 -12 W<\/li>\n<li>Barwa: ciep\u0142a (3000K), Neutralna (4000K)&nbsp; lub zimna (6000K)<\/li>\n<\/ul>\n<p><b>Z uwagi na budow\u0119 aba\u017cura, kt\u00f3ry cz\u0119\u015bciowo mo\u017ce t\u0142umi\u0107 \u015bwiat\u0142o zalecamy stosowanie \u017car\u00f3wek o mocy powy\u017cej 10W.<\/b><\/p>\n<p><b>\u017bar\u00f3wki nie wchodz\u0105 w sk\u0142ad zestawu<\/b><\/p>\n<p><img decoding=\"async\" src=\"https:\/\/a.allegroimg.com\/original\/119b39\/fdad0ee24f9e8628a0fb96956133\" alt=\"Zdj\u0119cie produktu\" style=\"max-width:100%; height:auto; margin:10px 0;\"><br \/>\n<img decoding=\"async\" src=\"https:\/\/a.allegroimg.com\/original\/110112\/41600f65497a9cf62aa75c619292\" alt=\"Zdj\u0119cie produktu\" style=\"max-width:100%; height:auto; margin:10px 0;\"><br \/>\n<img decoding=\"async\" src=\"https:\/\/a.allegroimg.com\/original\/11f3ca\/eb74e3b04713be463a99121be931\" alt=\"Zdj\u0119cie produktu\" style=\"max-width:100%; height:auto; margin:10px 0;\"><br \/>\n<img decoding=\"async\" src=\"https:\/\/a.allegroimg.com\/original\/11a77d\/626a007d4d8890a4ed625682d37f\" alt=\"Zdj\u0119cie produktu\" style=\"max-width:100%; height:auto; margin:10px 0;\"><\/p>\n","protected":false},"excerpt":{"rendered":"<p>Nowoczesna lampa plafon z pi\u0119cioma aba\u017curami wykonana z najwy\u017csz\u0105 dba\u0142o\u015bci\u0105 o szczeg\u00f3\u0142y i detale. \u015awietnie odnajdzie si\u0119 we wn\u0119trzach o charakterze nowoczesnym, minimalistycznym czy skandynawskim. Bia\u0142a konstrukcja i aba\u017cury ze z\u0142otymi elementami to \u015bwietne po\u0142\u0105czenie w nowoczesnych wn\u0119trzach. Ustaw aba\u017cury w dowolnym kierunku &#8211; w tej lampie to mo\u017cliwe. Lampa zosta\u0142a wyposa\u017cona w specjalne przeguby. [&hellip;]<\/p>\n","protected":false},"featured_media":19406,"comment_status":"closed","ping_status":"open","template":"","meta":{"_acf_changed":false},"product_brand":[270],"product_cat":[2590,2671],"product_tag":[],"class_list":{"0":"post-51013","1":"product","2":"type-product","3":"status-publish","4":"has-post-thumbnail","6":"product_brand-luxolar-light-factory","7":"product_cat-lamps","8":"product_cat-hanging-lamps","9":"pa_kod-producenta-lampa-plafon-926-bg5-en","10":"pa_kolekcja-926-en","11":"pa_kolor-bialy-2","12":"pa_kolor-yellow","13":"pa_liczba-punktow-swiatla-5-en","14":"pa_marka-luxolar-light-factory","15":"pa_material-dominujacy-metal-en","16":"pa_max-moc-pojed-zrodla-swiatla-60-2","17":"pa_pomieszczenie-bedroom","18":"pa_pomieszczenie-childrens-room","19":"pa_pomieszczenie-dining-room","20":"pa_pomieszczenie-hallway-stairs","21":"pa_pomieszczenie-kuchnia-2","22":"pa_pomieszczenie-living-room","23":"pa_pomieszczenie-office","24":"pa_pomieszczenie-universal","25":"pa_rodzaj-gwintu-e27-2","26":"pa_rodzaj-lampy-ceiling-mounted-hanging","27":"pa_zasilanie-network","28":"pa_zawiera-baterie-no","29":"pa_zrodlo-swiatla-without-a-light-source","31":"first","32":"instock","33":"purchasable","34":"product-type-simple"},"acf":[],"aioseo_notices":[],"_links":{"self":[{"href":"https:\/\/portallamp.invette.dev\/en\/wp-json\/wp\/v2\/product\/51013","targetHints":{"allow":["GET"]}}],"collection":[{"href":"https:\/\/portallamp.invette.dev\/en\/wp-json\/wp\/v2\/product"}],"about":[{"href":"https:\/\/portallamp.invette.dev\/en\/wp-json\/wp\/v2\/types\/product"}],"replies":[{"embeddable":true,"href":"https:\/\/portallamp.invette.dev\/en\/wp-json\/wp\/v2\/comments?post=51013"}],"wp:featuredmedia":[{"embeddable":true,"href":"https:\/\/portallamp.invette.dev\/en\/wp-json\/wp\/v2\/media\/19406"}],"wp:attachment":[{"href":"https:\/\/portallamp.invette.dev\/en\/wp-json\/wp\/v2\/media?parent=51013"}],"wp:term":[{"taxonomy":"product_brand","embeddable":true,"href":"https:\/\/portallamp.invette.dev\/en\/wp-json\/wp\/v2\/product_brand?post=51013"},{"taxonomy":"product_cat","embeddable":true,"href":"https:\/\/portallamp.invette.dev\/en\/wp-json\/wp\/v2\/product_cat?post=51013"},{"taxonomy":"product_tag","embeddable":true,"href":"https:\/\/portallamp.invette.dev\/en\/wp-json\/wp\/v2\/product_tag?post=51013"}],"curies":[{"name":"wp","href":"https:\/\/api.w.org\/{rel}","templated":true}]}}