{"id":51097,"date":"2025-07-03T17:03:14","date_gmt":"2025-07-03T15:03:14","guid":{"rendered":"https:\/\/portallamp.invette.dev\/produkt\/klosz-szklany-do-lamp-zyrandoli-kinkietow-bl547o\/"},"modified":"2025-07-03T17:03:14","modified_gmt":"2025-07-03T15:03:14","slug":"klosz-szklany-do-lamp-zyrandoli-kinkietow-bl547o","status":"publish","type":"product","link":"https:\/\/portallamp.invette.dev\/en\/produkt\/klosz-szklany-do-lamp-zyrandoli-kinkietow-bl547o\/","title":{"rendered":"Klosz Szklany do lamp \u017cyrandoli kinkiet\u00f3w BL547O"},"content":{"rendered":"<h1>Nowy, szklany klosz stosowany w lampach, kinkietach, \u017cyrandolach z gwintem typu E27.<\/h1>\n<p><img decoding=\"async\" src=\"https:\/\/a.allegroimg.com\/original\/115999\/badf963045998be909965b8d425e\" alt=\"Zdj\u0119cie produktu\" style=\"max-width:100%; height:auto; margin:10px 0;\"><\/p>\n<h1>Dane techniczne:<\/h1>\n<ul>\n<li><b>materia\u0142:&nbsp;<\/b>szk\u0142o<\/li>\n<li><b>wysoko\u015b\u0107:<\/b> 10cm<\/li>\n<li><b>szeroko\u015b\u0107:<\/b> 13cm<\/li>\n<li><b>odcie\u0144:<\/b> bia\u0142y z okr\u0105g\u0142ymi wzorami<\/li>\n<li><b>obs\u0142ugiwane \u017car\u00f3wki:&nbsp;<\/b>z gwintem E27&nbsp; &#8211; oprawka z pier\u015bcieniem dociskowym<\/li>\n<li><b>\u015brednica otworu pod oprawk\u0119:<\/b>&nbsp;42 mm<\/li>\n<\/ul>\n<p><img decoding=\"async\" src=\"https:\/\/a.allegroimg.com\/original\/117b23\/96ac64c941b4adedf615428e8dde\" alt=\"Zdj\u0119cie produktu\" style=\"max-width:100%; height:auto; margin:10px 0;\"><br \/>\n<img decoding=\"async\" src=\"https:\/\/a.allegroimg.com\/original\/11aabf\/111e6a0647bfaed2d3c1222c48d1\" alt=\"Zdj\u0119cie produktu\" style=\"max-width:100%; height:auto; margin:10px 0;\"><\/p>\n<h1>Zastosowanie:<\/h1>\n<ul>\n<li>W lampach wisz\u0105cych<\/li>\n<li>W plafonach, \u017cyrandolach<\/li>\n<li>Kinkietach<\/li>\n<li>Lampkach nocnych<\/li>\n<\/ul>\n<p>(lampy pokazane na zdj\u0119ciach nie s\u0105 przedmiotem sprzeda\u017cy &#8211; s\u0142u\u017c\u0105 wy\u0142\u0105cznie do wizualizacji zastosowania)<\/p>\n<p><img decoding=\"async\" src=\"https:\/\/a.allegroimg.com\/original\/111f45\/fbefb420422db9c2cff01cda01a8\" alt=\"Zdj\u0119cie produktu\" style=\"max-width:100%; height:auto; margin:10px 0;\"><\/p>\n","protected":false},"excerpt":{"rendered":"<p>Nowy, szklany klosz stosowany w lampach, kinkietach, \u017cyrandolach z gwintem typu E27. Dane techniczne: materia\u0142:&nbsp;szk\u0142o wysoko\u015b\u0107: 10cm szeroko\u015b\u0107: 13cm odcie\u0144: bia\u0142y z okr\u0105g\u0142ymi wzorami obs\u0142ugiwane \u017car\u00f3wki:&nbsp;z gwintem E27&nbsp; &#8211; oprawka z pier\u015bcieniem dociskowym \u015brednica otworu pod oprawk\u0119:&nbsp;42 mm Zastosowanie: W lampach wisz\u0105cych W plafonach, \u017cyrandolach Kinkietach Lampkach nocnych (lampy pokazane na zdj\u0119ciach nie s\u0105 przedmiotem [&hellip;]<\/p>\n","protected":false},"featured_media":18659,"comment_status":"closed","ping_status":"open","template":"","meta":{"_acf_changed":false},"product_brand":[475],"product_cat":[3119],"product_tag":[],"class_list":{"0":"post-51097","1":"product","2":"type-product","3":"status-publish","4":"has-post-thumbnail","6":"product_brand-inna","7":"product_cat-lampshades-and-lamp-covers","8":"pa_gwint-e27-en","9":"pa_kod-producenta-klosz-bl547o-en","10":"pa_kolor-bialy-2","11":"pa_kolor-colorless","12":"pa_kolor-different-color","13":"pa_marka-inna","14":"pa_material-wykonania-glass","15":"pa_mocowanie-for-all-fasteners","16":"pa_rodzaj-cloche","18":"first","19":"instock","20":"purchasable","21":"product-type-simple"},"acf":[],"aioseo_notices":[],"_links":{"self":[{"href":"https:\/\/portallamp.invette.dev\/en\/wp-json\/wp\/v2\/product\/51097","targetHints":{"allow":["GET"]}}],"collection":[{"href":"https:\/\/portallamp.invette.dev\/en\/wp-json\/wp\/v2\/product"}],"about":[{"href":"https:\/\/portallamp.invette.dev\/en\/wp-json\/wp\/v2\/types\/product"}],"replies":[{"embeddable":true,"href":"https:\/\/portallamp.invette.dev\/en\/wp-json\/wp\/v2\/comments?post=51097"}],"wp:featuredmedia":[{"embeddable":true,"href":"https:\/\/portallamp.invette.dev\/en\/wp-json\/wp\/v2\/media\/18659"}],"wp:attachment":[{"href":"https:\/\/portallamp.invette.dev\/en\/wp-json\/wp\/v2\/media?parent=51097"}],"wp:term":[{"taxonomy":"product_brand","embeddable":true,"href":"https:\/\/portallamp.invette.dev\/en\/wp-json\/wp\/v2\/product_brand?post=51097"},{"taxonomy":"product_cat","embeddable":true,"href":"https:\/\/portallamp.invette.dev\/en\/wp-json\/wp\/v2\/product_cat?post=51097"},{"taxonomy":"product_tag","embeddable":true,"href":"https:\/\/portallamp.invette.dev\/en\/wp-json\/wp\/v2\/product_tag?post=51097"}],"curies":[{"name":"wp","href":"https:\/\/api.w.org\/{rel}","templated":true}]}}