{"id":47108,"date":"2025-07-03T18:32:21","date_gmt":"2025-07-03T16:32:21","guid":{"rendered":"https:\/\/portallamp.invette.dev\/produkt\/lampa-sufitowa-zyrandol-dzieciecy-plafon-led-301-z\/"},"modified":"2025-07-03T18:32:21","modified_gmt":"2025-07-03T16:32:21","slug":"lampa-sufitowa-zyrandol-dzieciecy-plafon-led-301-z","status":"publish","type":"product","link":"https:\/\/portallamp.invette.dev\/uk\/produkt\/lampa-sufitowa-zyrandol-dzieciecy-plafon-led-301-z\/","title":{"rendered":"Lampa sufitowa \u017cyrandol dzieci\u0119cy plafon LED 301-Z"},"content":{"rendered":"<p><img decoding=\"async\" src=\"https:\/\/a.allegroimg.com\/original\/03fee3\/b907e1624d199d3962852ea0b3ec\" alt=\"Zdj\u0119cie produktu\" style=\"max-width:100%; height:auto; margin:10px 0;\"><\/p>\n<h2>Przedmiotem sprzeda\u017cy jest:<\/h2>\n<h1>Lampa wisz\u0105ca z przeznaczeniem do pokoju dzieci\u0119cego dost\u0119pna w r\u00f3\u017cnych kolorach.<\/h1>\n<p>Nr kat: 301-Z1 LUXOLAR<\/p>\n<h2><\/h2>\n<h1>Kolorystyka plafonu umo\u017cliwia monta\u017c zar\u00f3wno w pokoju ch\u0142opca jak i dziewczynki. <\/h1>\n<p><img decoding=\"async\" src=\"https:\/\/a.allegroimg.com\/original\/030472\/f246ccb5470fb026a4bf668e6e68\" alt=\"Zdj\u0119cie produktu\" style=\"max-width:100%; height:auto; margin:10px 0;\"><br \/>\n<img decoding=\"async\" src=\"https:\/\/a.allegroimg.com\/original\/03ece6\/a91555d649999c3f26b246c10ef0\" alt=\"Zdj\u0119cie produktu\" style=\"max-width:100%; height:auto; margin:10px 0;\"><\/p>\n<p><b><\/b><\/p>\n<p><b>Nowa lampa wisz\u0105ca<\/b><b> do pokoju dzieci\u0119cego 301-Z1 LUXOLAR<\/b><\/p>\n<p><b><\/b><\/p>\n<ul>\n<li>Przeznaczona jako o\u015bwietlenie g\u0142\u00f3wne w pokojach do 7 m2<\/li>\n<\/ul>\n<ul>\n<li>Obs\u0142uguje wszystkie \u017car\u00f3wki z gwintem typu E27 do max 60 wat\u00f3w.<\/li>\n<\/ul>\n<ul>\n<li><b>Kolor konstrukcji: Bia\u0142y matowy<\/b><\/li>\n<\/ul>\n<ul>\n<li><b>Kolor aba\u017cur\u00f3w: do wyboru<\/b><\/li>\n<\/ul>\n<ul>\n<li>Regulacja wysoko\u015bci<\/li>\n<\/ul>\n<ul>\n<li>Estetyczny monta\u017c &#8211; wieszana na haku<\/li>\n<\/ul>\n<ul>\n<li><b>Lampa nie wymaga samodzielnego z\u0142o\u017cenia<\/b><\/li>\n<\/ul>\n<ul>\n<li>Dobry stosunek ceny do jako\u015bci<\/li>\n<\/ul>\n<ul>\n<li>Lampa jest elementem szerszej gamy \u017cyrandoli. Bez problemu dokupisz do niej kinkiet, lampk\u0119 nocn\u0105 czy plafon.<\/li>\n<\/ul>\n<h1>Dane techniczne:<\/h1>\n<ul>\n<li><b>materia\u0142 konstrukcji:<\/b> PCV w kolorze bia\u0142ym matowym<\/li>\n<li><b>materia\u0142 aba\u017cur\u00f3w:<\/b> PCV stosowane w bran\u017cy o\u015bwietleniowej<\/li>\n<li><b>wymiary:<\/b> Wysoko\u015b\u0107 ca\u0142kowita do max 70 cm <b>,<\/b> \u015arednica podsufitki: 7 cm,<\/li>\n<li><b>zasilanie:<\/b> ~230 [V] \/ bezpo\u015brednie z sieci<\/li>\n<li><b>\u017ar\u00f3d\u0142o \u015bwiat\u0142a:<\/b> E-27, zalecane LED o barwie bia\u0142ej<\/li>\n<li><b>Spos\u00f3b monta\u017cu:<\/b> Wieszana na haku<\/li>\n<li><b>IP 20, Klasa II<\/b><\/li>\n<li><b>zestaw nie zawiera \u017car\u00f3wki<\/b><\/li>\n<li><b>producent:&nbsp;<\/b>LUXOLAR Polska<\/li>\n<\/ul>\n<p><img decoding=\"async\" src=\"https:\/\/a.allegroimg.com\/original\/03717a\/5b0f7b70462cab2388f727c3c919\" alt=\"Zdj\u0119cie produktu\" style=\"max-width:100%; height:auto; margin:10px 0;\"><br \/>\n<img decoding=\"async\" src=\"https:\/\/6.allegroimg.com\/original\/03c276\/dcf02a6c46488bf35a7ae6e921b6\" alt=\"Zdj\u0119cie produktu\" style=\"max-width:100%; height:auto; margin:10px 0;\"><br \/>\n<img decoding=\"async\" src=\"https:\/\/a.allegroimg.com\/original\/03cfb1\/d3c7c37b411dabc1a1331d20ccf3\" alt=\"Zdj\u0119cie produktu\" style=\"max-width:100%; height:auto; margin:10px 0;\"><\/p>\n<h1>Aba\u017cury dost\u0119pne w kolorach:<\/h1>\n<ul>\n<li><b>R\u00f3\u017cowym<\/b><\/li>\n<li><b>Niebieskim<\/b><\/li>\n<li><b>Szarym<\/b><\/li>\n<li><b>\u017b\u00f3\u0142tym<\/b><\/li>\n<li><b>Bia\u0142ym<\/b><\/li>\n<\/ul>\n<p><img decoding=\"async\" src=\"https:\/\/a.allegroimg.com\/original\/03e989\/8acf7db1405383d805913eb79688\" alt=\"Zdj\u0119cie produktu\" style=\"max-width:100%; height:auto; margin:10px 0;\"><\/p>\n<h1>Zestaw zawiera:<\/h1>\n<ul>\n<li><b>Kompletn\u0105, z\u0142o\u017con\u0105 lamp\u0119 (nie jest to chi\u0144skiej produkcji zestaw do samodzielnego monta\u017cu jakich wiele na allegro)<\/b><\/li>\n<li><b>Kostk\u0119 przy\u0142\u0105czeniow\u0105<\/b><\/li>\n<li><b>Instrukcj\u0119 obs\u0142ugi<\/b><\/li>\n<li><b>Kart\u0119 energetyczn\u0105<\/b><\/li>\n<li><b>Dokument zakupu<\/b><\/li>\n<\/ul>\n<p><b>Zestaw nie zawiera \u017ar\u00f3d\u0142a \u015bwiat\u0142a.<\/b><\/p>\n<p><img decoding=\"async\" src=\"https:\/\/a.allegroimg.com\/original\/032029\/0b3bad0e4e87a339f59d017789c1\" alt=\"Zdj\u0119cie produktu\" style=\"max-width:100%; height:auto; margin:10px 0;\"><\/p>\n<h2>ETAPY REALIZACJI ZAM\u00d3WIENIA:<\/h2>\n<ol>\n<li><b>Wybierz kolor&nbsp;aba\u017cur\u00f3w:&nbsp;<\/b>R\u00f3\u017cowy, B\u0142\u0119kitny, Szary, \u017b\u00f3\u0142ty lub Bia\u0142y.<\/li>\n<li><b>Prze\u015blij wybran\u0105 konfiguracj\u0119<\/b> &#8211; w formularzu zam\u00f3wienia lub oddzielnym e-mailu po zakupie.<\/li>\n<\/ol>\n<p><b>Poprawne przes\u0142anie powy\u017cszych informacji znacznie przyspieszy realizacj\u0119 zam\u00f3wienia.<\/b><\/p>\n<h1>ZALECANE \u0179R\u00d3D\u0141A \u015aWIAT\u0141A:<\/h1>\n<p><img decoding=\"async\" src=\"https:\/\/a.allegroimg.com\/original\/030b76\/e52dc3f24108a6724d524cfad198\" alt=\"Zdj\u0119cie produktu\" style=\"max-width:100%; height:auto; margin:10px 0;\"><\/p>\n<h1>\u017bar\u00f3wka LED o barwie ciep\u0142ej lub bia\u0142ej<\/h1>\n<ul>\n<li>\u017bar\u00f3wki LED z diodami SMD lub filament<\/li>\n<li>Strumie\u0144 \u015bwietlny: 900 -1300 lm<\/li>\n<li><b>Gwint E27<\/b><\/li>\n<li>Moc pobierana z sieci: 6 -12 W<\/li>\n<\/ul>\n<h2>Tradycyjny kszta\u0142t w po\u0142\u0105czeniu z nowoczesnymi diodami SMD lub Filament<\/h2>\n<h1>Aran\u017cacje:<\/h1>\n<p><img decoding=\"async\" src=\"https:\/\/a.allegroimg.com\/original\/032d1f\/cd605b5642a592d7c17d6d162f5b\" alt=\"Zdj\u0119cie produktu\" style=\"max-width:100%; height:auto; margin:10px 0;\"><br \/>\n<img decoding=\"async\" src=\"https:\/\/a.allegroimg.com\/original\/030472\/f246ccb5470fb026a4bf668e6e68\" alt=\"Zdj\u0119cie produktu\" style=\"max-width:100%; height:auto; margin:10px 0;\"><br \/>\n<img decoding=\"async\" src=\"https:\/\/a.allegroimg.com\/original\/036f4c\/98db29f44dd09fdccff9bdd4bddf\" alt=\"Zdj\u0119cie produktu\" style=\"max-width:100%; height:auto; margin:10px 0;\"><br \/>\n<img decoding=\"async\" src=\"https:\/\/a.allegroimg.com\/original\/03fee3\/b907e1624d199d3962852ea0b3ec\" alt=\"Zdj\u0119cie produktu\" style=\"max-width:100%; height:auto; margin:10px 0;\"><\/p>\n","protected":false},"excerpt":{"rendered":"<p>Przedmiotem sprzeda\u017cy jest: Lampa wisz\u0105ca z przeznaczeniem do pokoju dzieci\u0119cego dost\u0119pna w r\u00f3\u017cnych kolorach. Nr kat: 301-Z1 LUXOLAR Kolorystyka plafonu umo\u017cliwia monta\u017c zar\u00f3wno w pokoju ch\u0142opca jak i dziewczynki. Nowa lampa wisz\u0105ca do pokoju dzieci\u0119cego 301-Z1 LUXOLAR Przeznaczona jako o\u015bwietlenie g\u0142\u00f3wne w pokojach do 7 m2 Obs\u0142uguje wszystkie \u017car\u00f3wki z gwintem typu E27 do max [&hellip;]<\/p>\n","protected":false},"featured_media":46503,"comment_status":"closed","ping_status":"open","template":"","meta":{"_acf_changed":false},"product_brand":[162],"product_cat":[2596,2597],"product_tag":[],"class_list":{"0":"post-47108","1":"product","2":"type-product","3":"status-publish","4":"has-post-thumbnail","6":"product_brand-luxolar","7":"product_cat-2596","8":"product_cat-2597","9":"pa_kod-producenta-301-z-uk","10":"pa_kolor-dominujacy-2283","11":"pa_marka-luxolar","12":"pa_rodzaj-gwintu-e27-uk","13":"pa_zawiera-baterie-2545","14":"pa_zrodlo-swiatla-2547","16":"first","17":"instock","18":"purchasable","19":"product-type-simple"},"acf":[],"aioseo_notices":[],"_links":{"self":[{"href":"https:\/\/portallamp.invette.dev\/uk\/wp-json\/wp\/v2\/product\/47108","targetHints":{"allow":["GET"]}}],"collection":[{"href":"https:\/\/portallamp.invette.dev\/uk\/wp-json\/wp\/v2\/product"}],"about":[{"href":"https:\/\/portallamp.invette.dev\/uk\/wp-json\/wp\/v2\/types\/product"}],"replies":[{"embeddable":true,"href":"https:\/\/portallamp.invette.dev\/uk\/wp-json\/wp\/v2\/comments?post=47108"}],"wp:featuredmedia":[{"embeddable":true,"href":"https:\/\/portallamp.invette.dev\/uk\/wp-json\/wp\/v2\/media\/46503"}],"wp:attachment":[{"href":"https:\/\/portallamp.invette.dev\/uk\/wp-json\/wp\/v2\/media?parent=47108"}],"wp:term":[{"taxonomy":"product_brand","embeddable":true,"href":"https:\/\/portallamp.invette.dev\/uk\/wp-json\/wp\/v2\/product_brand?post=47108"},{"taxonomy":"product_cat","embeddable":true,"href":"https:\/\/portallamp.invette.dev\/uk\/wp-json\/wp\/v2\/product_cat?post=47108"},{"taxonomy":"product_tag","embeddable":true,"href":"https:\/\/portallamp.invette.dev\/uk\/wp-json\/wp\/v2\/product_tag?post=47108"}],"curies":[{"name":"wp","href":"https:\/\/api.w.org\/{rel}","templated":true}]}}