{"id":47126,"date":"2025-07-03T18:32:21","date_gmt":"2025-07-03T16:32:21","guid":{"rendered":"https:\/\/portallamp.invette.dev\/produkt\/lampa-sufitowa-zyrandol-dla-dzieci-do-led-kolory\/"},"modified":"2025-07-03T18:32:21","modified_gmt":"2025-07-03T16:32:21","slug":"lampa-sufitowa-zyrandol-dla-dzieci-do-led-kolory","status":"publish","type":"product","link":"https:\/\/portallamp.invette.dev\/uk\/produkt\/lampa-sufitowa-zyrandol-dla-dzieci-do-led-kolory\/","title":{"rendered":"Lampa sufitowa \u017cyrandol dla dzieci do LED KOLORY"},"content":{"rendered":"<p><img decoding=\"async\" src=\"https:\/\/a.allegroimg.com\/original\/0368ec\/3972410b42889f31dd9d1b87d8fe\" alt=\"Zdj\u0119cie produktu\" style=\"max-width:100%; height:auto; margin:10px 0;\"><\/p>\n<h1>Przedmiotem sprzeda\u017cy jest:<\/h1>\n<h2>Lampa&nbsp;plafon z przeznaczeniem do pokoju dzieci\u0119cego.&nbsp; Nr kat: 300-A4 LUXOLAR<\/h2>\n<h2><\/h2>\n<h1>Kolorystyka plafonu umo\u017cliwia monta\u017c zar\u00f3wno w pokoju ch\u0142opca jak i dziewczynki. <\/h1>\n<p><img decoding=\"async\" src=\"https:\/\/9.allegroimg.com\/original\/0372f0\/7d3610934cf7896fb242690c2d69\" alt=\"Zdj\u0119cie produktu\" style=\"max-width:100%; height:auto; margin:10px 0;\"><\/p>\n<h2>Nowa lampa plafon z do pokoju dzieci\u0119cego 300-A4 LUXOLAR<\/h2>\n<p>Przeznaczona jako o\u015bwietlenie g\u0142\u00f3wne w pomieszczeniach o powierzchni 12-16m2,<\/p>\n<p><b>Kolor konstrukcji: Bia\u0142y g\u0142adki<\/b><\/p>\n<p><b>Kolory aba\u017cur\u00f3w do&nbsp; wyboru:<\/b><\/p>\n<ul>\n<li><b>Bia\u0142y<\/b><\/li>\n<li><b>Szary<\/b><\/li>\n<li><b>Niebieski<\/b><\/li>\n<li><b>R\u00f3\u017cowy<\/b><\/li>\n<li><b>\u017b\u00f3\u0142ty<\/b><\/li>\n<\/ul>\n<p>Estetyczny i ciekawy wygl\u0105d.<\/p>\n<p>Regulacja k\u0105ta oraz kierunku ustawienia aba\u017cur\u00f3w.<\/p>\n<p>Dodatkowym atutem s\u0105 dwa niezale\u017cne obwody elektryczne, dzi\u0119ki kt\u00f3rym w zale\u017cno\u015bci od potrzeb, mo\u017cemy sterowa\u0107 ilo\u015bci\u0105 w\u0142\u0105czonych \u017car\u00f3wek.<\/p>\n<p><img decoding=\"async\" src=\"https:\/\/7.allegroimg.com\/original\/03a12e\/9e28090b4f8d9b5b358e3d8467e7\" alt=\"Zdj\u0119cie produktu\" style=\"max-width:100%; height:auto; margin:10px 0;\"><\/p>\n<h1>Najwa\u017cniejsze cechy produktu:<\/h1>\n<ul>\n<li>Uniwersalny, modny wygl\u0105d &#8211; gwiazdki w stylu ameryka\u0144skim<\/li>\n<li>Solidna metalowa konstrukcja<\/li>\n<li>Trwa\u0142e zszywane aba\u017cury, bia\u0142e od wewn\u0105trz &#8211; lepsze rozproszenie \u015bwiat\u0142a<\/li>\n<li>Gwint E27<\/li>\n<li>Wieszana na ko\u0142kach rozporowych.<\/li>\n<li>Lampa obj\u0119ta jest <b>pe\u0142nym ubezpieczeniem<\/b> na czas transportu. <\/li>\n<li><b>Produkt bezpo\u015brednio od polskiego producenta LUXOLAR<\/b><\/li>\n<\/ul>\n<h1>Dane techniczne:<\/h1>\n<ul>\n<li><b>materia\u0142 konstrukcji:<\/b>&nbsp;metal malowany proszkowo<\/li>\n<li><b>wymiary:<\/b>&nbsp;Wysoko\u015b\u0107 ca\u0142kowita do 25 cm&nbsp;<b>,<\/b>&nbsp;Wymiar podsufitki: 30 x 30 cm,<\/li>\n<li><b>zasilanie:<\/b>&nbsp;~230 [V] \/ bezpo\u015brednie z sieci, dwa niezale\u017cne obwody elektryczne, w\u0142\u0105czanie 2+2<\/li>\n<li><b>\u017ar\u00f3d\u0142o \u015bwiat\u0142a:<\/b>&nbsp;E-27, zalecane LED o barwie naturalnej<\/li>\n<li><b>Spos\u00f3b monta\u017cu:<\/b>&nbsp;Dwa ko\u0142ki rozporowe,<\/li>\n<li><b>IP 20, Klasa I<\/b><\/li>\n<li><b>zestaw nie zawiera \u017car\u00f3wek oraz ko\u0142k\u00f3w rozporowych do monta\u017cu<\/b><\/li>\n<li><b>producent:&nbsp;<\/b>LUXOLAR<\/li>\n<\/ul>\n<p><img decoding=\"async\" src=\"https:\/\/7.allegroimg.com\/original\/031777\/b96d3a004c96824ed31950f03e77\" alt=\"Zdj\u0119cie produktu\" style=\"max-width:100%; height:auto; margin:10px 0;\"><br \/>\n<img decoding=\"async\" src=\"https:\/\/a.allegroimg.com\/original\/03d192\/8c512b174de98e6bf3e311be067a\" alt=\"Zdj\u0119cie produktu\" style=\"max-width:100%; height:auto; margin:10px 0;\"><\/p>\n<h2>KOLORY ABA\u017bUR\u00d3W DO WYBORU:<\/h2>\n<ul>\n<li>Szary<\/li>\n<li>Niebieski<\/li>\n<li>\u017b\u00f3\u0142ty<\/li>\n<li>Bia\u0142y<\/li>\n<li>R\u00f3\u017cowy<\/li>\n<\/ul>\n<p><img decoding=\"async\" src=\"https:\/\/a.allegroimg.com\/original\/03195a\/827fd62a4596975fd79cfeeda311\" alt=\"Zdj\u0119cie produktu\" style=\"max-width:100%; height:auto; margin:10px 0;\"><\/p>\n<h2>ETAPY REALIZACJI ZAM\u00d3WIENIA:<\/h2>\n<ol>\n<li><b>Wybierz kolor&nbsp;aba\u017cur\u00f3w:&nbsp;<\/b>R\u00f3\u017cowy, B\u0142\u0119kitny, Szary, \u017b\u00f3\u0142ty, Bia\u0142y lub mieszank\u0119 kolor\u00f3w w dowolnej konfiguracji.<\/li>\n<li><b>Prze\u015blij wybran\u0105 konfiguracj\u0119<\/b> &#8211; w formularzu zam\u00f3wienia<\/li>\n<\/ol>\n<h2>ZALECANE \u0179R\u00d3D\u0141A \u015aWIAT\u0141A:<\/h2>\n<p><img decoding=\"async\" src=\"https:\/\/0.allegroimg.com\/original\/03b01f\/77b6d51640c5b2b0cdb11a82e520\" alt=\"Zdj\u0119cie produktu\" style=\"max-width:100%; height:auto; margin:10px 0;\"><\/p>\n<h1>\u017bar\u00f3wka LED o barwie ciep\u0142ej.<\/h1>\n<ul>\n<li>\u017bar\u00f3wki LED z diodami SMD<\/li>\n<li>Strumie\u0144 \u015bwietlny: 900 -1300 lm<\/li>\n<li><b>Gwint E27<\/b><\/li>\n<li>Moc pobierana z sieci: 6 -12 W<\/li>\n<\/ul>\n<h2>Tradycyjny kszta\u0142t w po\u0142\u0105czeniu z nowoczesnymi diodami SMD<\/h2>\n<p><img decoding=\"async\" src=\"https:\/\/8.allegroimg.com\/original\/03b9a5\/53c0056c4212a694002338957b28\" alt=\"Zdj\u0119cie produktu\" style=\"max-width:100%; height:auto; margin:10px 0;\"><\/p>\n","protected":false},"excerpt":{"rendered":"<p>Przedmiotem sprzeda\u017cy jest: Lampa&nbsp;plafon z przeznaczeniem do pokoju dzieci\u0119cego.&nbsp; Nr kat: 300-A4 LUXOLAR Kolorystyka plafonu umo\u017cliwia monta\u017c zar\u00f3wno w pokoju ch\u0142opca jak i dziewczynki. Nowa lampa plafon z do pokoju dzieci\u0119cego 300-A4 LUXOLAR Przeznaczona jako o\u015bwietlenie g\u0142\u00f3wne w pomieszczeniach o powierzchni 12-16m2, Kolor konstrukcji: Bia\u0142y g\u0142adki Kolory aba\u017cur\u00f3w do&nbsp; wyboru: Bia\u0142y Szary Niebieski R\u00f3\u017cowy \u017b\u00f3\u0142ty [&hellip;]<\/p>\n","protected":false},"featured_media":46002,"comment_status":"closed","ping_status":"open","template":"","meta":{"_acf_changed":false},"product_brand":[162],"product_cat":[2596,2597],"product_tag":[],"class_list":{"0":"post-47126","1":"product","2":"type-product","3":"status-publish","4":"has-post-thumbnail","6":"product_brand-luxolar","7":"product_cat-2596","8":"product_cat-2597","9":"pa_kod-producenta-300-a4-uk","10":"pa_kolor-dominujacy-2283","11":"pa_liczba-punktow-swiatla-4-uk","12":"pa_marka-luxolar","13":"pa_material-dominujacy-2341","14":"pa_max-moc-pojed-zrodla-swiatla-12-uk","15":"pa_rodzaj-gwintu-e27-uk","16":"pa_zasilanie-2543","17":"pa_zawiera-baterie-2545","18":"pa_zrodlo-swiatla-2547","20":"first","21":"instock","22":"purchasable","23":"product-type-simple"},"acf":[],"aioseo_notices":[],"_links":{"self":[{"href":"https:\/\/portallamp.invette.dev\/uk\/wp-json\/wp\/v2\/product\/47126","targetHints":{"allow":["GET"]}}],"collection":[{"href":"https:\/\/portallamp.invette.dev\/uk\/wp-json\/wp\/v2\/product"}],"about":[{"href":"https:\/\/portallamp.invette.dev\/uk\/wp-json\/wp\/v2\/types\/product"}],"replies":[{"embeddable":true,"href":"https:\/\/portallamp.invette.dev\/uk\/wp-json\/wp\/v2\/comments?post=47126"}],"wp:featuredmedia":[{"embeddable":true,"href":"https:\/\/portallamp.invette.dev\/uk\/wp-json\/wp\/v2\/media\/46002"}],"wp:attachment":[{"href":"https:\/\/portallamp.invette.dev\/uk\/wp-json\/wp\/v2\/media?parent=47126"}],"wp:term":[{"taxonomy":"product_brand","embeddable":true,"href":"https:\/\/portallamp.invette.dev\/uk\/wp-json\/wp\/v2\/product_brand?post=47126"},{"taxonomy":"product_cat","embeddable":true,"href":"https:\/\/portallamp.invette.dev\/uk\/wp-json\/wp\/v2\/product_cat?post=47126"},{"taxonomy":"product_tag","embeddable":true,"href":"https:\/\/portallamp.invette.dev\/uk\/wp-json\/wp\/v2\/product_tag?post=47126"}],"curies":[{"name":"wp","href":"https:\/\/api.w.org\/{rel}","templated":true}]}}