{"id":47132,"date":"2025-07-03T18:32:21","date_gmt":"2025-07-03T16:32:21","guid":{"rendered":"https:\/\/portallamp.invette.dev\/produkt\/lampka-nocna-pokoj-dzieciecy-chlopiec-dziewczynka\/"},"modified":"2025-07-03T18:32:21","modified_gmt":"2025-07-03T16:32:21","slug":"lampka-nocna-pokoj-dzieciecy-chlopiec-dziewczynka","status":"publish","type":"product","link":"https:\/\/portallamp.invette.dev\/uk\/produkt\/lampka-nocna-pokoj-dzieciecy-chlopiec-dziewczynka\/","title":{"rendered":"Lampka Nocna pok\u00f3j dzieci\u0119cy ch\u0142opiec dziewczynka"},"content":{"rendered":"<p><img decoding=\"async\" src=\"https:\/\/a.allegroimg.com\/original\/03261e\/a721d889431a91ebbf2a2c8d2de3\" alt=\"Zdj\u0119cie produktu\" style=\"max-width:100%; height:auto; margin:10px 0;\"><\/p>\n<h2>Przedmiotem sprzeda\u017cy jest:<\/h2>\n<h1>Lampka nocna do pokoju dzieci\u0119cego.<\/h1>\n<p>Nr kat: 300-L1 LUXOLAR<\/p>\n<h2>Kolorystyka lampki umo\u017cliwia zastosowanie zar\u00f3wno w pokoju ch\u0142opca jak i dziewczynki.<\/h2>\n<p><img decoding=\"async\" src=\"https:\/\/a.allegroimg.com\/original\/032450\/72a58c7842d3bef552fb8603db5d\" alt=\"Zdj\u0119cie produktu\" style=\"max-width:100%; height:auto; margin:10px 0;\"><\/p>\n<p><b>Aba\u017cury dost\u0119pne w kolorach:<\/b><\/p>\n<ul>\n<li>R\u00f3\u017cowym<\/li>\n<li>B\u0142\u0119kitnym<\/li>\n<li>Bia\u0142ym<\/li>\n<li>\u017b\u00f3\u0142tym<\/li>\n<\/ul>\n<p><img decoding=\"async\" src=\"https:\/\/a.allegroimg.com\/original\/03e243\/1e13a3f046a483658e7561132320\" alt=\"Zdj\u0119cie produktu\" style=\"max-width:100%; height:auto; margin:10px 0;\"><br \/>\n<img decoding=\"async\" src=\"https:\/\/6.allegroimg.com\/original\/039606\/e44b1e234171b0c7bd56cebdca36\" alt=\"Zdj\u0119cie produktu\" style=\"max-width:100%; height:auto; margin:10px 0;\"><\/p>\n<p><b>Nowa lampka nocna z do pokoju dzieci\u0119cego 300-L1 LUXOLAR<\/b><\/p>\n<ul>\n<li>Uniwersalny&nbsp; wygl\u0105d &#8211; &nbsp;gwiazdki w stylu ameryka\u0144skim<\/li>\n<\/ul>\n<ul>\n<li>Przeznaczona jako o\u015bwietlenie dodatkowe, przy stoliku lub \u0142\u00f3\u017ceczku.<\/li>\n<\/ul>\n<ul>\n<li>Kolor konstrukcji: <b>Bia\u0142y g\u0142adki.<\/b><\/li>\n<\/ul>\n<ul>\n<li>Kolor aba\u017cura: <b>Do wyboru.<\/b><\/li>\n<\/ul>\n<ul>\n<li>Przew\u00f3d z&nbsp; wbudowanym w\u0142\u0105cznikiem zako\u0144czony wtyczk\u0105, d\u0142ugo\u015b\u0107 110 cm<\/li>\n<\/ul>\n<ul>\n<li>Podstawka okr\u0105g\u0142a, stabilna &#8211; bez ostrych element\u00f3w, zabezpieczona podk\u0142adkami filcowymi.<\/li>\n<\/ul>\n<h1>Dane techniczne:<\/h1>\n<ul>\n<li><b>materia\u0142 konstrukcji:<\/b>&nbsp;metal malowany proszkowo<\/li>\n<li><b>wymiary:<\/b>&nbsp;wysoko\u015b\u0107 ca\u0142kowita 32 cm&nbsp;<b>,<\/b>&nbsp;\u015brednica podstawki: 15 cm,<\/li>\n<li><b>zasilanie:<\/b>&nbsp;~230 [V] \/ bezpo\u015brednie z sieci<\/li>\n<li><b>\u017ar\u00f3d\u0142o \u015bwiat\u0142a:<\/b>&nbsp;E-27, zalecane LED o barwie naturalnej<\/li>\n<li><b>IP 20, Klasa II &#8211; podw\u00f3jna izolacja<\/b><\/li>\n<li><b>zestaw nie zawiera \u017car\u00f3wki<\/b><\/li>\n<li><b>producent: <\/b>LUXOLAR<\/li>\n<\/ul>\n<p><img decoding=\"async\" src=\"https:\/\/b.allegroimg.com\/original\/032893\/adc6440548c9b9000fc7a8dc84fb\" alt=\"Zdj\u0119cie produktu\" style=\"max-width:100%; height:auto; margin:10px 0;\"><br \/>\n<img decoding=\"async\" src=\"https:\/\/9.allegroimg.com\/original\/0314f8\/d26a39fc42d2ad3e5d930cb45c59\" alt=\"Zdj\u0119cie produktu\" style=\"max-width:100%; height:auto; margin:10px 0;\"><br \/>\n<img decoding=\"async\" src=\"https:\/\/a.allegroimg.com\/original\/03e243\/1e13a3f046a483658e7561132320\" alt=\"Zdj\u0119cie produktu\" style=\"max-width:100%; height:auto; margin:10px 0;\"><br \/>\n<img decoding=\"async\" src=\"https:\/\/b.allegroimg.com\/original\/039808\/03a3e9114db4b3c135257382fc3b\" alt=\"Zdj\u0119cie produktu\" style=\"max-width:100%; height:auto; margin:10px 0;\"><br \/>\n<img decoding=\"async\" src=\"https:\/\/6.allegroimg.com\/original\/039606\/e44b1e234171b0c7bd56cebdca36\" alt=\"Zdj\u0119cie produktu\" style=\"max-width:100%; height:auto; margin:10px 0;\"><\/p>\n<h2>ETAPY REALIZACJI ZAM\u00d3WIENIA:<\/h2>\n<ol>\n<li><b>Wybierz kolor&nbsp;aba\u017cura:&nbsp;<\/b>R\u00f3\u017cowy, B\u0142\u0119kitny, Bia\u0142y, \u017b\u00f3\u0142ty lub Szary<\/li>\n<li><b>Prze\u015blij wybran\u0105 konfiguracj\u0119<\/b>&nbsp;&#8211; w formularzu zam\u00f3wienia.<\/li>\n<\/ol>\n<p><b>Poprawne przes\u0142anie powy\u017cszych informacji znacznie przyspieszy realizacj\u0119 zam\u00f3wienia.<\/b><\/p>\n<h1>ZALECANE \u0179R\u00d3D\u0141A \u015aWIAT\u0141A:<\/h1>\n<p><img decoding=\"async\" src=\"https:\/\/9.allegroimg.com\/original\/03c98e\/71569dd14b8699191df5a8e1c189\" alt=\"Zdj\u0119cie produktu\" style=\"max-width:100%; height:auto; margin:10px 0;\"><\/p>\n<h1>\u017bar\u00f3wka LED o barwie ciep\u0142ej.<\/h1>\n<ul>\n<li>\u017bar\u00f3wki LED z diodami SMD<\/li>\n<li>Strumie\u0144 \u015bwietlny: 900 -1300 lm<\/li>\n<li><b>Gwint E27<\/b><\/li>\n<li>Moc pobierana z sieci: 6 -12 W<\/li>\n<\/ul>\n<h2>Tradycyjny kszta\u0142t w po\u0142\u0105czeniu z nowoczesnymi diodami SMD<\/h2>\n<p><img decoding=\"async\" src=\"https:\/\/8.allegroimg.com\/original\/033ae6\/537ea09b43738aa82cb4810bab98\" alt=\"Zdj\u0119cie produktu\" style=\"max-width:100%; height:auto; margin:10px 0;\"><br \/>\n<img decoding=\"async\" src=\"https:\/\/a.allegroimg.com\/original\/032450\/72a58c7842d3bef552fb8603db5d\" alt=\"Zdj\u0119cie produktu\" style=\"max-width:100%; height:auto; margin:10px 0;\"><br \/>\n<img decoding=\"async\" src=\"https:\/\/a.allegroimg.com\/original\/03261e\/a721d889431a91ebbf2a2c8d2de3\" alt=\"Zdj\u0119cie produktu\" style=\"max-width:100%; height:auto; margin:10px 0;\"><\/p>\n","protected":false},"excerpt":{"rendered":"<p>Przedmiotem sprzeda\u017cy jest: Lampka nocna do pokoju dzieci\u0119cego. Nr kat: 300-L1 LUXOLAR Kolorystyka lampki umo\u017cliwia zastosowanie zar\u00f3wno w pokoju ch\u0142opca jak i dziewczynki. Aba\u017cury dost\u0119pne w kolorach: R\u00f3\u017cowym B\u0142\u0119kitnym Bia\u0142ym \u017b\u00f3\u0142tym Nowa lampka nocna z do pokoju dzieci\u0119cego 300-L1 LUXOLAR Uniwersalny&nbsp; wygl\u0105d &#8211; &nbsp;gwiazdki w stylu ameryka\u0144skim Przeznaczona jako o\u015bwietlenie dodatkowe, przy stoliku lub \u0142\u00f3\u017ceczku. [&hellip;]<\/p>\n","protected":false},"featured_media":46059,"comment_status":"closed","ping_status":"open","template":"","meta":{"_acf_changed":false},"product_brand":[162],"product_cat":[2596],"product_tag":[],"class_list":{"0":"post-47132","1":"product","2":"type-product","3":"status-publish","4":"has-post-thumbnail","6":"product_brand-luxolar","7":"product_cat-2596","8":"pa_kod-producenta-300-l1-uk","9":"pa_kolor-dominujacy-2273","10":"pa_marka-luxolar","11":"pa_rodzaj-gwintu-e27-uk","12":"pa_zasilanie-2543","13":"pa_zawiera-baterie-2545","14":"pa_zrodlo-swiatla-2547","16":"first","17":"instock","18":"purchasable","19":"product-type-simple"},"acf":[],"aioseo_notices":[],"_links":{"self":[{"href":"https:\/\/portallamp.invette.dev\/uk\/wp-json\/wp\/v2\/product\/47132","targetHints":{"allow":["GET"]}}],"collection":[{"href":"https:\/\/portallamp.invette.dev\/uk\/wp-json\/wp\/v2\/product"}],"about":[{"href":"https:\/\/portallamp.invette.dev\/uk\/wp-json\/wp\/v2\/types\/product"}],"replies":[{"embeddable":true,"href":"https:\/\/portallamp.invette.dev\/uk\/wp-json\/wp\/v2\/comments?post=47132"}],"wp:featuredmedia":[{"embeddable":true,"href":"https:\/\/portallamp.invette.dev\/uk\/wp-json\/wp\/v2\/media\/46059"}],"wp:attachment":[{"href":"https:\/\/portallamp.invette.dev\/uk\/wp-json\/wp\/v2\/media?parent=47132"}],"wp:term":[{"taxonomy":"product_brand","embeddable":true,"href":"https:\/\/portallamp.invette.dev\/uk\/wp-json\/wp\/v2\/product_brand?post=47132"},{"taxonomy":"product_cat","embeddable":true,"href":"https:\/\/portallamp.invette.dev\/uk\/wp-json\/wp\/v2\/product_cat?post=47132"},{"taxonomy":"product_tag","embeddable":true,"href":"https:\/\/portallamp.invette.dev\/uk\/wp-json\/wp\/v2\/product_tag?post=47132"}],"curies":[{"name":"wp","href":"https:\/\/api.w.org\/{rel}","templated":true}]}}