{"id":47138,"date":"2025-07-03T18:32:21","date_gmt":"2025-07-03T16:32:21","guid":{"rendered":"https:\/\/portallamp.invette.dev\/produkt\/lampa-sufitowa-zyrandol-dzieciecy-plafon-led-g3-2\/"},"modified":"2025-09-18T11:16:01","modified_gmt":"2025-09-18T09:16:01","slug":"lampa-sufitowa-zyrandol-dzieciecy-plafon-led-g3-2","status":"publish","type":"product","link":"https:\/\/portallamp.invette.dev\/uk\/produkt\/lampa-sufitowa-zyrandol-dzieciecy-plafon-led-g3-2\/","title":{"rendered":"Lampa sufitowa \u017cyrandol dzieci\u0119cy plafon LED G3"},"content":{"rendered":"<h1>Lampa plafon z przeznaczeniem do pokoju dzieci\u0119cego.<\/h1>\n<h2>Kolorystyka plafonu umo\u017cliwia monta\u017c\u00a0 zar\u00f3wno w pokoju ch\u0142opca jak i dziewczynki.<\/h2>\n<p><img decoding=\"async\" style=\"max-width: 100%; height: auto; margin: 10px 0;\" src=\"https:\/\/3.allegroimg.com\/original\/03f3fa\/82aed7ae4d1f9427e6ff8ae40e93\" alt=\"Zdj\u0119cie produktu\" \/><\/p>\n<p><b>Nowa lampa plafon z do pokoju dzieci\u0119cego 299-G3 LUXOLAR<\/b><\/p>\n<p>Przeznaczona jako o\u015bwietlenie g\u0142\u00f3wne w pomieszczeniach o powierzchni 9-12m2,<\/p>\n<p>Regulacja k\u0105ta i kierunku aba\u017cur\u00f3w,<\/p>\n<p><b>5<\/b> kolor\u00f3w konstrukcji i <b>9<\/b> kolor\u00f3w aba\u017cur\u00f3w do wyboru<\/p>\n<p>Estetyczny monta\u017c &#8211; brak widocznych \u015brub, wkr\u0119t\u00f3w.<\/p>\n<p>Dodatkowym atutem s\u0105 dwa niezale\u017cne obwody elektryczne, dzi\u0119ki kt\u00f3rym w zale\u017cno\u015bci od potrzeb, mo\u017cemy sterowa\u0107 ilo\u015bci\u0105 w\u0142\u0105czonych \u017car\u00f3wek.<\/p>\n<p><img decoding=\"async\" style=\"max-width: 100%; height: auto; margin: 10px 0;\" src=\"https:\/\/2.allegroimg.com\/original\/03dc4f\/76a5a3534843bb07c857d045ca62\" alt=\"Zdj\u0119cie produktu\" \/><\/p>\n<h2>Najwa\u017cniejsze cechy produktu:<\/h2>\n<ul>\n<li>Uniwersalny, modny wygl\u0105d &#8211; \u00a0diamenty delikatnie za\u0142amuj\u0105ce \u015bwiat\u0142o<\/li>\n<li>Solidna metalowa konstrukcja<\/li>\n<li>Trwa\u0142e zszywane aba\u017cury, bia\u0142e od wewn\u0105trz &#8211; lepsze rozproszenie \u015bwiat\u0142a<\/li>\n<li>Gwint\u00a0 E27<\/li>\n<li>Wieszana na ko\u0142kach rozporowych.<\/li>\n<li>Lampa obj\u0119ta jest\u00a0<b>pe\u0142nym ubezpieczeniem<\/b>\u00a0na czas transportu.<\/li>\n<li><b>Produkt bezpo\u015brednio od polskiego producenta LUXOLAR<\/b><\/li>\n<\/ul>\n<h2>Dane techniczne:<\/h2>\n<ul>\n<li><b>materia\u0142 konstrukcji:<\/b>\u00a0metal malowany proszkowo<\/li>\n<li><b>wymiary:<\/b>\u00a0Wysoko\u015b\u0107 ca\u0142kowita do 27 cm\u00a0<b>,<\/b>\u00a0\u015arednica podsufitki: 30 cm,<\/li>\n<li><b>zasilanie:<\/b>\u00a0~230 [V] \/ bezpo\u015brednie z sieci, dwa niezale\u017cne obwody elektryczne, w\u0142\u0105czanie 2+1<\/li>\n<li><b>\u017ar\u00f3d\u0142o \u015bwiat\u0142a:<\/b>\u00a0E-27, zalecane LED o barwie naturalnej<\/li>\n<li><b>spos\u00f3b monta\u017cu:<\/b> Ko\u0142ki rozporowe, wszystkie \u015bruby mocuj\u0105ce s\u0105 zamaskowane wewn\u0105trz lampy<\/li>\n<li><b>IP 20, Klasa I<\/b><\/li>\n<li><b>zestaw nie zawiera \u017car\u00f3wek oraz ko\u0142k\u00f3w rozporowych do monta\u017cu<\/b><\/li>\n<\/ul>\n<p><img decoding=\"async\" style=\"max-width: 100%; height: auto; margin: 10px 0;\" src=\"https:\/\/d.allegroimg.com\/original\/033e05\/84c6535044fdbc46c4759f5f56dd\" alt=\"Zdj\u0119cie produktu\" \/><br \/>\n<img decoding=\"async\" style=\"max-width: 100%; height: auto; margin: 10px 0;\" src=\"https:\/\/3.allegroimg.com\/original\/03e9d8\/568718a94b588fa8d0f4dec4fe93\" alt=\"Zdj\u0119cie produktu\" \/><br \/>\n<img decoding=\"async\" style=\"max-width: 100%; height: auto; margin: 10px 0;\" src=\"https:\/\/e.allegroimg.com\/original\/033afc\/1b0ec052455fa070b1bef25f2bbe\" alt=\"Zdj\u0119cie produktu\" \/><\/p>\n<ul>\n<li>Wn\u0119trze aba\u017cura w kolorze bia\u0142ym<\/li>\n<\/ul>\n<ul>\n<li>Wybrany kolor na zewn\u0105trz<\/li>\n<\/ul>\n<ul>\n<li>\u015arednica otworu monta\u017cowego: 42 mm<\/li>\n<\/ul>\n<h2>Dost\u0119pne kolory konstrukcji i aba\u017cur\u00f3w:<\/h2>\n<p><img decoding=\"async\" style=\"max-width: 100%; height: auto; margin: 10px 0;\" src=\"https:\/\/3.allegroimg.com\/original\/035ab9\/e35103154728a665be1e48cb65d3\" alt=\"Zdj\u0119cie produktu\" \/><br \/>\n<img decoding=\"async\" style=\"max-width: 100%; height: auto; margin: 10px 0;\" src=\"https:\/\/9.allegroimg.com\/original\/03b6bd\/108cd61a42989ab306488b3b3909\" alt=\"Zdj\u0119cie produktu\" \/><\/p>\n<h2>ETAPY REALIZACJI ZAM\u00d3WIENIA:<\/h2>\n<ol>\n<li><b>Wybierz kolor\u00a0konstrukcji: <\/b>Szary, Czarny, Niebieski, Bia\u0142y lub R\u00f3\u017cowy<\/li>\n<li><b>Wybierz kolor\u00a0aba\u017cur\u00f3w: <\/b>Bia\u0142y, Czarny, Szary, Czerwony, Niebieski, Granatowy, Jasny zielony, Jasny pomara\u0144cz lub Pudrowy R\u00f3\u017c.<\/li>\n<li><b>Wpisz wybran\u0105 konfiguracj\u0119<\/b>\u00a0&#8211; w formularzu zam\u00f3wienia.<\/li>\n<\/ol>\n<p><b>Poprawne przes\u0142anie powy\u017cszych informacji znacznie przyspieszy realizacj\u0119 zam\u00f3wienia.<\/b><\/p>\n<h2>Mo\u017cliwo\u015b\u0107 tworzenia MIKS\u00d3W &#8211; wybierania R\u00d3\u017bNYCH KOLOR\u00d3W.<\/h2>\n<p>Wybierz r\u00f3\u017cnego koloru aba\u017cury, a dzi\u0119ki odpowiedniemu sposobowi mocowania bez problemu zamienisz ich kolejno\u015b\u0107.<\/p>\n<h2>Przyk\u0142ady aran\u017cacji:<\/h2>\n<p><img decoding=\"async\" style=\"max-width: 100%; height: auto; margin: 10px 0;\" src=\"https:\/\/4.allegroimg.com\/original\/039c50\/ce388c60491ca33a21b18df51d44\" alt=\"Zdj\u0119cie produktu\" \/><br \/>\n<img decoding=\"async\" style=\"max-width: 100%; height: auto; margin: 10px 0;\" src=\"https:\/\/d.allegroimg.com\/original\/03dee8\/d7b34bb0409d9e3a4e62084972cd\" alt=\"Zdj\u0119cie produktu\" \/><\/p>\n","protected":false},"excerpt":{"rendered":"<p>Lampa plafon z przeznaczeniem do pokoju dzieci\u0119cego. Kolorystyka plafonu umo\u017cliwia monta\u017c\u00a0 zar\u00f3wno w pokoju ch\u0142opca jak i dziewczynki. Nowa lampa plafon z do pokoju dzieci\u0119cego 299-G3 LUXOLAR Przeznaczona jako o\u015bwietlenie g\u0142\u00f3wne w pomieszczeniach o powierzchni 9-12m2, Regulacja k\u0105ta i kierunku aba\u017cur\u00f3w, 5 kolor\u00f3w konstrukcji i 9 kolor\u00f3w aba\u017cur\u00f3w do wyboru Estetyczny monta\u017c &#8211; brak widocznych [&hellip;]<\/p>\n","protected":false},"featured_media":45936,"comment_status":"closed","ping_status":"closed","template":"","meta":{"_acf_changed":false},"product_brand":[162],"product_cat":[2596,2597],"product_tag":[2589],"class_list":{"0":"post-47138","1":"product","2":"type-product","3":"status-publish","4":"has-post-thumbnail","6":"product_brand-luxolar","7":"product_cat-2596","8":"product_cat-2597","9":"product_tag-2589","10":"pa_kod-producenta-299-g3-uk","11":"pa_kolor-dominujacy-2282","12":"pa_marka-luxolar","13":"pa_rodzaj-gwintu-e27-uk","14":"pa_zawiera-baterie-2545","15":"pa_zrodlo-swiatla-2547","17":"first","18":"instock","19":"sale","20":"purchasable","21":"product-type-simple"},"acf":[],"aioseo_notices":[],"_links":{"self":[{"href":"https:\/\/portallamp.invette.dev\/uk\/wp-json\/wp\/v2\/product\/47138","targetHints":{"allow":["GET"]}}],"collection":[{"href":"https:\/\/portallamp.invette.dev\/uk\/wp-json\/wp\/v2\/product"}],"about":[{"href":"https:\/\/portallamp.invette.dev\/uk\/wp-json\/wp\/v2\/types\/product"}],"replies":[{"embeddable":true,"href":"https:\/\/portallamp.invette.dev\/uk\/wp-json\/wp\/v2\/comments?post=47138"}],"wp:featuredmedia":[{"embeddable":true,"href":"https:\/\/portallamp.invette.dev\/uk\/wp-json\/wp\/v2\/media\/45936"}],"wp:attachment":[{"href":"https:\/\/portallamp.invette.dev\/uk\/wp-json\/wp\/v2\/media?parent=47138"}],"wp:term":[{"taxonomy":"product_brand","embeddable":true,"href":"https:\/\/portallamp.invette.dev\/uk\/wp-json\/wp\/v2\/product_brand?post=47138"},{"taxonomy":"product_cat","embeddable":true,"href":"https:\/\/portallamp.invette.dev\/uk\/wp-json\/wp\/v2\/product_cat?post=47138"},{"taxonomy":"product_tag","embeddable":true,"href":"https:\/\/portallamp.invette.dev\/uk\/wp-json\/wp\/v2\/product_tag?post=47138"}],"curies":[{"name":"wp","href":"https:\/\/api.w.org\/{rel}","templated":true}]}}