{"id":47150,"date":"2025-07-03T18:32:21","date_gmt":"2025-07-03T16:32:21","guid":{"rendered":"https:\/\/portallamp.invette.dev\/produkt\/lampa-sufitowa-plafoniera-dla-dzieci-261-3-kolory\/"},"modified":"2025-07-03T18:32:21","modified_gmt":"2025-07-03T16:32:21","slug":"lampa-sufitowa-plafoniera-dla-dzieci-261-3-kolory","status":"publish","type":"product","link":"https:\/\/portallamp.invette.dev\/uk\/produkt\/lampa-sufitowa-plafoniera-dla-dzieci-261-3-kolory\/","title":{"rendered":"LAMPA SUFITOWA PLAFONIERA DLA DZIECI 261-3 Kolory"},"content":{"rendered":"<h1>Przedmiotem sprzeda\u017cy jest:<\/h1>\n<h1>Lampa plafon z przeznaczeniem do pokoju dzieci\u0119cego. Nr kat: 261-3 LUXOLAR<\/h1>\n<h2>Kolorystyka plafonu umo\u017cliwia monta\u017c&nbsp; zar\u00f3wno w pokoju ch\u0142opca jak i dziewczynki.<\/h2>\n<h1>Lampa dost\u0119pna w dziewi\u0119ciu kolorach.<\/h1>\n<p><img decoding=\"async\" src=\"https:\/\/0.allegroimg.com\/original\/03023f\/39cc5b934069bba83c41cf213bf0\" alt=\"Zdj\u0119cie produktu\" style=\"max-width:100%; height:auto; margin:10px 0;\"><\/p>\n<p><b>Nowa lampa plafon z do pokoju dzieci\u0119cego 261-3 LUXOLAR<\/b><\/p>\n<ul>\n<li>Przeznaczona jako o\u015bwietlenie g\u0142\u00f3wne w pomieszczeniach o powierzchni 9-12m2,<\/li>\n<\/ul>\n<ul>\n<li>Kolor konstrukcji: <b>9 kombinacji do wyboru<\/b><\/li>\n<\/ul>\n<ul>\n<li>Estetyczny i ciekawy wygl\u0105d.<\/li>\n<\/ul>\n<ul>\n<li>Dodatkowym atutem s\u0105 dwa niezale\u017cne obwody elektryczne, dzi\u0119ki kt\u00f3rym w zale\u017cno\u015bci od potrzeb, mo\u017cemy sterowa\u0107 ilo\u015bci\u0105 w\u0142\u0105czonych \u017car\u00f3wek.<\/li>\n<\/ul>\n<h1>Najwa\u017cniejsze cechy produktu:<\/h1>\n<ul>\n<li>Uniwersalny, modny wygl\u0105d<\/li>\n<li>Solidna metalowa konstrukcja<\/li>\n<li>Ods\u0142oni\u0119te \u017car\u00f3wki &#8211; maksymalna wydajno\u015b\u0107 \u017ar\u00f3de\u0142 \u015bwiat\u0142a<\/li>\n<li>Gwint&nbsp; E27<\/li>\n<li>Wieszana na ko\u0142kach rozporowych.<\/li>\n<li>Lampa obj\u0119ta jest&nbsp;<b>pe\u0142nym ubezpieczeniem<\/b>&nbsp;na czas transportu.<\/li>\n<li><b>Produkt bezpo\u015brednio od polskiego producenta LUXOLAR<\/b><\/li>\n<\/ul>\n<p><img decoding=\"async\" src=\"https:\/\/5.allegroimg.com\/original\/030275\/c4fff32048ae8927e50e2b676ef5\" alt=\"Zdj\u0119cie produktu\" style=\"max-width:100%; height:auto; margin:10px 0;\"><br \/>\n<img decoding=\"async\" src=\"https:\/\/7.allegroimg.com\/original\/0322bb\/9eb4616e4b799ebf307286653057\" alt=\"Zdj\u0119cie produktu\" style=\"max-width:100%; height:auto; margin:10px 0;\"><\/p>\n<h1>Dane techniczne:<\/h1>\n<ul>\n<li><b>materia\u0142 konstrukcji:<\/b>&nbsp;Metal malowany proszkowo<\/li>\n<li><b>wymiary:<\/b>&nbsp;Wysoko\u015b\u0107 ca\u0142kowita do 35 cm&nbsp;<b>,<\/b>&nbsp;\u015arednica podsufitki: 13 cm, Rozpi\u0119to\u015b\u0107: 52 cm<\/li>\n<li><b>zasilanie:<\/b>&nbsp;~230 [V] \/ bezpo\u015brednie z sieci, dwa niezale\u017cne obwody elektryczne, w\u0142\u0105czanie 2+1<\/li>\n<li><b>\u017ar\u00f3d\u0142o \u015bwiat\u0142a:<\/b>&nbsp;E-27, zalecane LED o barwie naturalnej<\/li>\n<li><b>Spos\u00f3b monta\u017cu:<\/b>&nbsp;Dwa ko\u0142ki rozporowe,<\/li>\n<li><b>IP 20, Klasa I<\/b><\/li>\n<li><b>zestaw nie zawiera \u017car\u00f3wek oraz ko\u0142k\u00f3w rozporowych do monta\u017cu<\/b><\/li>\n<li><b>producent:&nbsp;<\/b>LUXOLAR<\/li>\n<\/ul>\n<p><img decoding=\"async\" src=\"https:\/\/6.allegroimg.com\/original\/033467\/110fa7f34066bec10619f962a616\" alt=\"Zdj\u0119cie produktu\" style=\"max-width:100%; height:auto; margin:10px 0;\"><\/p>\n<h1>KOLORY DO WYBORU:<\/h1>\n<p><img decoding=\"async\" src=\"https:\/\/0.allegroimg.com\/original\/037bd8\/73bee01747a28ff566af3aef17c0\" alt=\"Zdj\u0119cie produktu\" style=\"max-width:100%; height:auto; margin:10px 0;\"><br \/>\n<img decoding=\"async\" src=\"https:\/\/f.allegroimg.com\/original\/03d57a\/1918d1ca412b9c7003863e088e4f\" alt=\"Zdj\u0119cie produktu\" style=\"max-width:100%; height:auto; margin:10px 0;\"><br \/>\n<img decoding=\"async\" src=\"https:\/\/9.allegroimg.com\/original\/035945\/5ba93ca74ceca4f2163d8181bf79\" alt=\"Zdj\u0119cie produktu\" style=\"max-width:100%; height:auto; margin:10px 0;\"><\/p>\n<h2>ETAPY REALIZACJI ZAM\u00d3WIENIA:<\/h2>\n<ol>\n<li><b>Wybierz kolor konstrukcji:&nbsp;<\/b>B\u0142\u0119kit, Jasny R\u00f3\u017c, Ciemny R\u00f3\u017c, \u017b\u00f3\u0142ty, Czerwony, Pomara\u0144czowy, Seledynowy, Szary, Czarny<\/li>\n<li><b>Prze\u015blij nam wybran\u0105 konfiguracj\u0119<\/b>&nbsp;&#8211; w formularzu zam\u00f3wienia.<\/li>\n<\/ol>\n<p><b>Poprawne przes\u0142anie powy\u017cszych informacji znacznie przyspieszy realizacj\u0119 zam\u00f3wienia.<\/b><\/p>\n<h1>ZALECANE \u0179R\u00d3D\u0141A \u015aWIAT\u0141A:<\/h1>\n<p><img decoding=\"async\" src=\"https:\/\/9.allegroimg.com\/original\/0316a6\/0e2beb194d059e96c808bd8857a9\" alt=\"Zdj\u0119cie produktu\" style=\"max-width:100%; height:auto; margin:10px 0;\"><\/p>\n<h1>\u017bar\u00f3wka LED o barwie ciep\u0142ej.<\/h1>\n<h1>Gwint E27<\/h1>\n<h2>Tradycyjny kszta\u0142t w po\u0142\u0105czeniu z nowoczesnymi diodami SMD<\/h2>\n<p><img decoding=\"async\" src=\"https:\/\/5.allegroimg.com\/original\/030ab1\/0f3218c742a08b0eb5ff99a401d5\" alt=\"Zdj\u0119cie produktu\" style=\"max-width:100%; height:auto; margin:10px 0;\"><\/p>\n","protected":false},"excerpt":{"rendered":"<p>Przedmiotem sprzeda\u017cy jest: Lampa plafon z przeznaczeniem do pokoju dzieci\u0119cego. Nr kat: 261-3 LUXOLAR Kolorystyka plafonu umo\u017cliwia monta\u017c&nbsp; zar\u00f3wno w pokoju ch\u0142opca jak i dziewczynki. Lampa dost\u0119pna w dziewi\u0119ciu kolorach. Nowa lampa plafon z do pokoju dzieci\u0119cego 261-3 LUXOLAR Przeznaczona jako o\u015bwietlenie g\u0142\u00f3wne w pomieszczeniach o powierzchni 9-12m2, Kolor konstrukcji: 9 kombinacji do wyboru Estetyczny [&hellip;]<\/p>\n","protected":false},"featured_media":46227,"comment_status":"closed","ping_status":"open","template":"","meta":{"_acf_changed":false},"product_brand":[162],"product_cat":[2596,2597],"product_tag":[],"class_list":{"0":"post-47150","1":"product","2":"type-product","3":"status-publish","4":"has-post-thumbnail","6":"product_brand-luxolar","7":"product_cat-2596","8":"product_cat-2597","9":"pa_kod-producenta-261-3-uk","10":"pa_kolor-dominujacy-2283","11":"pa_liczba-punktow-swiatla-3-uk","12":"pa_marka-luxolar","13":"pa_material-dominujacy-2341","14":"pa_max-moc-pojed-zrodla-swiatla-60-uk","15":"pa_rodzaj-gwintu-e27-uk","16":"pa_zawiera-baterie-2545","17":"pa_zrodlo-swiatla-2547","19":"first","20":"instock","21":"purchasable","22":"product-type-simple"},"acf":[],"aioseo_notices":[],"_links":{"self":[{"href":"https:\/\/portallamp.invette.dev\/uk\/wp-json\/wp\/v2\/product\/47150","targetHints":{"allow":["GET"]}}],"collection":[{"href":"https:\/\/portallamp.invette.dev\/uk\/wp-json\/wp\/v2\/product"}],"about":[{"href":"https:\/\/portallamp.invette.dev\/uk\/wp-json\/wp\/v2\/types\/product"}],"replies":[{"embeddable":true,"href":"https:\/\/portallamp.invette.dev\/uk\/wp-json\/wp\/v2\/comments?post=47150"}],"wp:featuredmedia":[{"embeddable":true,"href":"https:\/\/portallamp.invette.dev\/uk\/wp-json\/wp\/v2\/media\/46227"}],"wp:attachment":[{"href":"https:\/\/portallamp.invette.dev\/uk\/wp-json\/wp\/v2\/media?parent=47150"}],"wp:term":[{"taxonomy":"product_brand","embeddable":true,"href":"https:\/\/portallamp.invette.dev\/uk\/wp-json\/wp\/v2\/product_brand?post=47150"},{"taxonomy":"product_cat","embeddable":true,"href":"https:\/\/portallamp.invette.dev\/uk\/wp-json\/wp\/v2\/product_cat?post=47150"},{"taxonomy":"product_tag","embeddable":true,"href":"https:\/\/portallamp.invette.dev\/uk\/wp-json\/wp\/v2\/product_tag?post=47150"}],"curies":[{"name":"wp","href":"https:\/\/api.w.org\/{rel}","templated":true}]}}