{"id":47156,"date":"2025-07-03T18:32:21","date_gmt":"2025-07-03T16:32:21","guid":{"rendered":"https:\/\/portallamp.invette.dev\/produkt\/kinkiet-do-pokoju-dzieciecego-dla-dzieci-led-261k1\/"},"modified":"2025-07-03T18:32:21","modified_gmt":"2025-07-03T16:32:21","slug":"kinkiet-do-pokoju-dzieciecego-dla-dzieci-led-261k1","status":"publish","type":"product","link":"https:\/\/portallamp.invette.dev\/uk\/produkt\/kinkiet-do-pokoju-dzieciecego-dla-dzieci-led-261k1\/","title":{"rendered":"Kinkiet do pokoju dzieci\u0119cego dla dzieci LED 261K1"},"content":{"rendered":"<h1>Przedmiotem sprzeda\u017cy jest:<\/h1>\n<h1>Kinkiet, lampa \u015bcienna przeznaczona do pokoju dzieci\u0119cego. Nr kat: 261-K1 LUXOLAR<\/h1>\n<h1>Kolorystyka kinkietu umo\u017cliwia monta\u017c zar\u00f3wno w pokoju ch\u0142opca jak i dziewczynki.<\/h1>\n<h1>Dost\u0119pny w dziewi\u0119ciu kolorach.<\/h1>\n<p><img decoding=\"async\" src=\"https:\/\/5.allegroimg.com\/original\/0317f6\/05e0d3ce4dd085190d4f609a9565\" alt=\"Zdj\u0119cie produktu\" style=\"max-width:100%; height:auto; margin:10px 0;\"><\/p>\n<p><b>Nowy kinkiet z do pokoju dzieci\u0119cego 261-K1 LUXOLAR<\/b><\/p>\n<ul>\n<li>Przeznaczony jako o\u015bwietlenie dodatkowe, uzupe\u0142niaj\u0105ce,<\/li>\n<\/ul>\n<ul>\n<li><b>Kolor konstrukcji: Do wyboru &#8211; 9 kombinacji<\/b><\/li>\n<\/ul>\n<ul>\n<li>Estetyczne wykonanie,<\/li>\n<\/ul>\n<ul>\n<li>Solidna metalowa konstrukcja,<\/li>\n<\/ul>\n<ul>\n<li>Uniwersalny, modny wygl\u0105d.<\/li>\n<\/ul>\n<h1>Najwa\u017cniejsze cechy produktu:<\/h1>\n<ul>\n<li>Solidna metalowa konstrukcja<\/li>\n<li>Gwint E27<\/li>\n<li>Wieszana na ko\u0142kach rozporowych.<\/li>\n<li>Lampa obj\u0119ta jest <b>pe\u0142nym ubezpieczeniem<\/b> na czas transportu.<\/li>\n<li><b>Produkt bezpo\u015brednio od polskiego producenta LUXOLAR<\/b><\/li>\n<\/ul>\n<p><img decoding=\"async\" src=\"https:\/\/9.allegroimg.com\/original\/038244\/5d11021e4dc8b97acaed4ff23fc9\" alt=\"Zdj\u0119cie produktu\" style=\"max-width:100%; height:auto; margin:10px 0;\"><br \/>\n<img decoding=\"async\" src=\"https:\/\/9.allegroimg.com\/original\/03379e\/b68f5cfe4a5fb588847ddc6d3bb9\" alt=\"Zdj\u0119cie produktu\" style=\"max-width:100%; height:auto; margin:10px 0;\"><\/p>\n<h1>Dane techniczne:<\/h1>\n<ul>\n<li><b>materia\u0142 konstrukcji:<\/b>&nbsp;metal malowany proszkowo<\/li>\n<li><b>wymiary:<\/b>&nbsp;Wysoko\u015b\u0107 ca\u0142kowita 24 cm&nbsp;<b>,<\/b>&nbsp;G\u0142\u0119boko\u015b\u0107 od \u015bciany: 19 cm, \u015arednica puszki natynkowej: 8 cm<\/li>\n<li><b>zasilanie:<\/b>&nbsp;~230 [V] \/ bezpo\u015brednie z sieci<\/li>\n<li><b>\u017ar\u00f3d\u0142o \u015bwiat\u0142a:<\/b>&nbsp;E-27, zalecane LED o barwie naturalnej<\/li>\n<li><b>Spos\u00f3b monta\u017cu:<\/b> Dwa ko\u0142ki rozporowe<\/li>\n<li><b>IP 20, Klasa I<\/b><\/li>\n<li><b>zestaw nie zawiera \u017car\u00f3wki oraz ko\u0142k\u00f3w rozporowych do monta\u017cu<\/b><\/li>\n<li><b>producent:&nbsp;<\/b>LUXOLAR<\/li>\n<\/ul>\n<p><img decoding=\"async\" src=\"https:\/\/0.allegroimg.com\/original\/039cdf\/ed2fb6694823b0791f56e6ea75d0\" alt=\"Zdj\u0119cie produktu\" style=\"max-width:100%; height:auto; margin:10px 0;\"><\/p>\n<h1>KOLORY DO WYBORU:<\/h1>\n<p><img decoding=\"async\" src=\"https:\/\/4.allegroimg.com\/original\/0365ae\/dbf2edd44c799f4dbb5a2250b6b4\" alt=\"Zdj\u0119cie produktu\" style=\"max-width:100%; height:auto; margin:10px 0;\"><br \/>\n<img decoding=\"async\" src=\"https:\/\/4.allegroimg.com\/original\/03b26b\/bd5224004cad874fab92d5c2a794\" alt=\"Zdj\u0119cie produktu\" style=\"max-width:100%; height:auto; margin:10px 0;\"><br \/>\n<img decoding=\"async\" src=\"https:\/\/1.allegroimg.com\/original\/031a78\/7f266b4e4f8ebfb4e40a341ac651\" alt=\"Zdj\u0119cie produktu\" style=\"max-width:100%; height:auto; margin:10px 0;\"><\/p>\n<h2>ETAPY REALIZACJI ZAM\u00d3WIENIA:<\/h2>\n<ol>\n<li><b>Wybierz kolor&nbsp;kinkietu:&nbsp;<\/b>B\u0142\u0119kit, Jasny R\u00f3\u017c, Ciemny R\u00f3\u017c, \u017b\u00f3\u0142ty, Czerwony, Pomara\u0144czowy, Seledynowy, Szary, Czarny<\/li>\n<li><b>Prze\u015blij wybran\u0105 konfiguracj\u0119<\/b> &#8211; w formularzu zam\u00f3wienia lub oddzielnym e-mailu<\/li>\n<\/ol>\n<p><b>Poprawne przes\u0142anie powy\u017cszych informacji znacznie przyspieszy realizacj\u0119 zam\u00f3wienia.<\/b><\/p>\n<h1>ZALECANE \u017bAR\u00d3WKI:<\/h1>\n<p><img decoding=\"async\" src=\"https:\/\/a.allegroimg.com\/original\/032103\/ffae2f29435e8e7c0911d6a1352a\" alt=\"Zdj\u0119cie produktu\" style=\"max-width:100%; height:auto; margin:10px 0;\"><\/p>\n<h1>\u017bar\u00f3wka LED o barwie ciep\u0142ej.<\/h1>\n<h1>Gwint E27<\/h1>\n<h2>Tradycyjny kszta\u0142t w po\u0142\u0105czeniu z nowoczesnymi diodami SMD<\/h2>\n","protected":false},"excerpt":{"rendered":"<p>Przedmiotem sprzeda\u017cy jest: Kinkiet, lampa \u015bcienna przeznaczona do pokoju dzieci\u0119cego. Nr kat: 261-K1 LUXOLAR Kolorystyka kinkietu umo\u017cliwia monta\u017c zar\u00f3wno w pokoju ch\u0142opca jak i dziewczynki. Dost\u0119pny w dziewi\u0119ciu kolorach. Nowy kinkiet z do pokoju dzieci\u0119cego 261-K1 LUXOLAR Przeznaczony jako o\u015bwietlenie dodatkowe, uzupe\u0142niaj\u0105ce, Kolor konstrukcji: Do wyboru &#8211; 9 kombinacji Estetyczne wykonanie, Solidna metalowa konstrukcja, Uniwersalny, [&hellip;]<\/p>\n","protected":false},"featured_media":46323,"comment_status":"closed","ping_status":"open","template":"","meta":{"_acf_changed":false},"product_brand":[162],"product_cat":[2596],"product_tag":[],"class_list":{"0":"post-47156","1":"product","2":"type-product","3":"status-publish","4":"has-post-thumbnail","6":"product_brand-luxolar","7":"product_cat-2596","8":"pa_kod-producenta-261-k1-uk","9":"pa_kolor-dominujacy-2273","10":"pa_marka-luxolar","11":"pa_rodzaj-gwintu-e27-uk","12":"pa_zasilanie-2543","13":"pa_zawiera-baterie-2545","14":"pa_zrodlo-swiatla-2547","16":"first","17":"instock","18":"purchasable","19":"product-type-simple"},"acf":[],"aioseo_notices":[],"_links":{"self":[{"href":"https:\/\/portallamp.invette.dev\/uk\/wp-json\/wp\/v2\/product\/47156","targetHints":{"allow":["GET"]}}],"collection":[{"href":"https:\/\/portallamp.invette.dev\/uk\/wp-json\/wp\/v2\/product"}],"about":[{"href":"https:\/\/portallamp.invette.dev\/uk\/wp-json\/wp\/v2\/types\/product"}],"replies":[{"embeddable":true,"href":"https:\/\/portallamp.invette.dev\/uk\/wp-json\/wp\/v2\/comments?post=47156"}],"wp:featuredmedia":[{"embeddable":true,"href":"https:\/\/portallamp.invette.dev\/uk\/wp-json\/wp\/v2\/media\/46323"}],"wp:attachment":[{"href":"https:\/\/portallamp.invette.dev\/uk\/wp-json\/wp\/v2\/media?parent=47156"}],"wp:term":[{"taxonomy":"product_brand","embeddable":true,"href":"https:\/\/portallamp.invette.dev\/uk\/wp-json\/wp\/v2\/product_brand?post=47156"},{"taxonomy":"product_cat","embeddable":true,"href":"https:\/\/portallamp.invette.dev\/uk\/wp-json\/wp\/v2\/product_cat?post=47156"},{"taxonomy":"product_tag","embeddable":true,"href":"https:\/\/portallamp.invette.dev\/uk\/wp-json\/wp\/v2\/product_tag?post=47156"}],"curies":[{"name":"wp","href":"https:\/\/api.w.org\/{rel}","templated":true}]}}