{"id":47165,"date":"2025-07-03T18:32:21","date_gmt":"2025-07-03T16:32:21","guid":{"rendered":"https:\/\/portallamp.invette.dev\/produkt\/lampa-sufitowa-wiszaca-zyrandol-plafon-dla-dzieci\/"},"modified":"2025-07-03T18:32:21","modified_gmt":"2025-07-03T16:32:21","slug":"lampa-sufitowa-wiszaca-zyrandol-plafon-dla-dzieci","status":"publish","type":"product","link":"https:\/\/portallamp.invette.dev\/uk\/produkt\/lampa-sufitowa-wiszaca-zyrandol-plafon-dla-dzieci\/","title":{"rendered":"Lampa sufitowa wisz\u0105ca \u017cyrandol plafon dla dzieci"},"content":{"rendered":"<h1>Przedmiotem sprzeda\u017cy jest:<\/h1>\n<h2>Lampa sufitowa wisz\u0105ca plafon z przeznaczeniem do pokoju dzieci\u0119cego.\u00a0 Nr kat: 261-5 producent: LUXOLAR Polska<\/h2>\n<p><img decoding=\"async\" style=\"max-width: 100%; height: auto; margin: 10px 0;\" src=\"https:\/\/a.allegroimg.com\/original\/030e24\/3da4729d4697b9658ada8a7c9e15\" alt=\"Zdj\u0119cie produktu\" \/><br \/>\n<img decoding=\"async\" style=\"max-width: 100%; height: auto; margin: 10px 0;\" src=\"https:\/\/a.allegroimg.com\/original\/031002\/3e3b6958453fb3a4fcab8acb20e6\" alt=\"Zdj\u0119cie produktu\" \/><\/p>\n<h1>Kolorystyka plafonu umo\u017cliwia monta\u017c\u00a0 zar\u00f3wno w pokoju ch\u0142opca jak i dziewczynki.<\/h1>\n<p>Ramiona w kolorach wg kolejno\u015bci na zdj\u0119ciu:<\/p>\n<ul>\n<li>B\u0142\u0119kitny<\/li>\n<li>Czerwony<\/li>\n<li>Seledynowy<\/li>\n<li>Fioletowy<\/li>\n<li>Pomara\u0144czowy<\/li>\n<\/ul>\n<p>Rozetka w kolorze bia\u0142ym oraz \u017c\u00f3\u0142te elementy mocuj\u0105ce.<\/p>\n<p><img decoding=\"async\" style=\"max-width: 100%; height: auto; margin: 10px 0;\" src=\"https:\/\/a.allegroimg.com\/original\/03eadd\/82374af14fa3bd665d4f4acf1744\" alt=\"Zdj\u0119cie produktu\" \/><\/p>\n<p><b>G\u0142\u00f3wne zalety lampy z serii 261-5:<\/b><\/p>\n<ul>\n<li>Uniwersalna, modna, \u0142atwo wkomponuje si\u0119 wystr\u00f3j pokoju<\/li>\n<\/ul>\n<ul>\n<li>Otrzymujesz kompletn\u0105 z\u0142o\u017con\u0105 lamp\u0119 &#8211; nie jest to zestaw do samodzielnego z\u0142o\u017cenia (s\u0105 takie na allegro)<\/li>\n<\/ul>\n<ul>\n<li>Przeznaczona jako o\u015bwietlenie g\u0142\u00f3wne w pomieszczeniach o powierzchni 9-16m2<\/li>\n<\/ul>\n<ul>\n<li>Obs\u0142uguje \u017car\u00f3wki z gwintem E27<\/li>\n<\/ul>\n<ul>\n<li>Estetyczny monta\u017c &#8211; \u015bruby mocuj\u0105ce pomalowane na \u017c\u00f3\u0142to<\/li>\n<\/ul>\n<ul>\n<li>Stabilna, mocna\u00a0 konstrukcja<\/li>\n<\/ul>\n<ul>\n<li>Wyprodukowana w Polsce &#8211; dost\u0119p do serwisu i cz\u0119\u015bci w 24h<\/li>\n<\/ul>\n<ul>\n<li>Dodatkowym atutem s\u0105 dwa niezale\u017cne obwody elektryczne, dzi\u0119ki kt\u00f3rym w zale\u017cno\u015bci od potrzeb, mo\u017cemy sterowa\u0107 ilo\u015bci\u0105 w\u0142\u0105czonych \u017car\u00f3wek.<\/li>\n<\/ul>\n<ul>\n<li>Atrakcyjna cena &#8211; za podobn\u0105 lamp\u0119 w popularnych marketach budowlanych zap\u0142acisz od 140 do nawet 200 z\u0142<\/li>\n<\/ul>\n<h1>Dane techniczne:<\/h1>\n<ul>\n<li><b>materia\u0142 konstrukcji:<\/b> Metal malowany proszkowo<\/li>\n<li><b>wymiary:<\/b> Wysoko\u015b\u0107 ca\u0142kowita 30 cm <b>,<\/b> Rozpi\u0119to\u015b\u0107: 50 cm, \u015arednica podsufitki: 13 cm,<\/li>\n<li><b>zasilanie:<\/b> ~230 [V] \/ bezpo\u015brednie z sieci, dwa niezale\u017cne obwody elektryczne, w\u0142\u0105czanie 3+2 lub wszystkie razem<\/li>\n<li><b>\u017ar\u00f3d\u0142o \u015bwiat\u0142a:<\/b>\u00a0E-27, zalecane LED o barwie naturalnej<\/li>\n<li><b>spos\u00f3b monta\u017cu:<\/b>\u00a0 Dwa ko\u0142ki rozporowe &#8211; nale\u017cy dobra\u0107 we w\u0142asnym w zakresie w zale\u017cno\u015bci od rodzaju wierconego pod\u0142o\u017ca<\/li>\n<li><b>IP 20, Klasa I<\/b><\/li>\n<\/ul>\n<p><b>Zestaw nie zawiera \u017car\u00f3wek oraz ko\u0142k\u00f3w rozporowych do monta\u017cu<\/b><\/p>\n<p><img decoding=\"async\" style=\"max-width: 100%; height: auto; margin: 10px 0;\" src=\"https:\/\/a.allegroimg.com\/original\/037f61\/e63c20c8416ba22eff355e8cffc0\" alt=\"Zdj\u0119cie produktu\" \/><br \/>\n<img decoding=\"async\" style=\"max-width: 100%; height: auto; margin: 10px 0;\" src=\"https:\/\/a.allegroimg.com\/original\/0302d8\/affb8509437c8f114afa2490144f\" alt=\"Zdj\u0119cie produktu\" \/><br \/>\n<img decoding=\"async\" style=\"max-width: 100%; height: auto; margin: 10px 0;\" src=\"https:\/\/a.allegroimg.com\/original\/033817\/287c25884c87874562edd40ce6d2\" alt=\"Zdj\u0119cie produktu\" \/><br \/>\n<img decoding=\"async\" style=\"max-width: 100%; height: auto; margin: 10px 0;\" src=\"https:\/\/a.allegroimg.com\/original\/0364ec\/b3fa4679432885b68f7027ad288d\" alt=\"Zdj\u0119cie produktu\" \/><\/p>\n<h1>Przyk\u0142ady aran\u017cacji:<\/h1>\n<p><img decoding=\"async\" style=\"max-width: 100%; height: auto; margin: 10px 0;\" src=\"https:\/\/a.allegroimg.com\/original\/030e24\/3da4729d4697b9658ada8a7c9e15\" alt=\"Zdj\u0119cie produktu\" \/><br \/>\n<img decoding=\"async\" style=\"max-width: 100%; height: auto; margin: 10px 0;\" src=\"https:\/\/a.allegroimg.com\/original\/031002\/3e3b6958453fb3a4fcab8acb20e6\" alt=\"Zdj\u0119cie produktu\" \/><\/p>\n","protected":false},"excerpt":{"rendered":"<p>Przedmiotem sprzeda\u017cy jest: Lampa sufitowa wisz\u0105ca plafon z przeznaczeniem do pokoju dzieci\u0119cego.\u00a0 Nr kat: 261-5 producent: LUXOLAR Polska Kolorystyka plafonu umo\u017cliwia monta\u017c\u00a0 zar\u00f3wno w pokoju ch\u0142opca jak i dziewczynki. Ramiona w kolorach wg kolejno\u015bci na zdj\u0119ciu: B\u0142\u0119kitny Czerwony Seledynowy Fioletowy Pomara\u0144czowy Rozetka w kolorze bia\u0142ym oraz \u017c\u00f3\u0142te elementy mocuj\u0105ce. G\u0142\u00f3wne zalety lampy z serii 261-5: [&hellip;]<\/p>\n","protected":false},"featured_media":46452,"comment_status":"closed","ping_status":"closed","template":"","meta":{"_acf_changed":false},"product_brand":[162],"product_cat":[2596,2597],"product_tag":[],"class_list":{"0":"post-47165","1":"product","2":"type-product","3":"status-publish","4":"has-post-thumbnail","6":"product_brand-luxolar","7":"product_cat-2596","8":"product_cat-2597","9":"pa_kod-producenta-261-5-uk","10":"pa_kolekcja-261-uk","11":"pa_kolor-dominujacy-2283","12":"pa_marka-luxolar","13":"pa_rodzaj-gwintu-e27-uk","14":"pa_zawiera-baterie-2545","15":"pa_zrodlo-swiatla-2547","17":"first","18":"instock","19":"purchasable","20":"product-type-simple"},"acf":[],"aioseo_notices":[],"_links":{"self":[{"href":"https:\/\/portallamp.invette.dev\/uk\/wp-json\/wp\/v2\/product\/47165","targetHints":{"allow":["GET"]}}],"collection":[{"href":"https:\/\/portallamp.invette.dev\/uk\/wp-json\/wp\/v2\/product"}],"about":[{"href":"https:\/\/portallamp.invette.dev\/uk\/wp-json\/wp\/v2\/types\/product"}],"replies":[{"embeddable":true,"href":"https:\/\/portallamp.invette.dev\/uk\/wp-json\/wp\/v2\/comments?post=47165"}],"wp:featuredmedia":[{"embeddable":true,"href":"https:\/\/portallamp.invette.dev\/uk\/wp-json\/wp\/v2\/media\/46452"}],"wp:attachment":[{"href":"https:\/\/portallamp.invette.dev\/uk\/wp-json\/wp\/v2\/media?parent=47165"}],"wp:term":[{"taxonomy":"product_brand","embeddable":true,"href":"https:\/\/portallamp.invette.dev\/uk\/wp-json\/wp\/v2\/product_brand?post=47165"},{"taxonomy":"product_cat","embeddable":true,"href":"https:\/\/portallamp.invette.dev\/uk\/wp-json\/wp\/v2\/product_cat?post=47165"},{"taxonomy":"product_tag","embeddable":true,"href":"https:\/\/portallamp.invette.dev\/uk\/wp-json\/wp\/v2\/product_tag?post=47165"}],"curies":[{"name":"wp","href":"https:\/\/api.w.org\/{rel}","templated":true}]}}