{"id":47180,"date":"2025-07-03T18:29:53","date_gmt":"2025-07-03T16:29:53","guid":{"rendered":"https:\/\/portallamp.invette.dev\/produkt\/lampa-wiszaca-zyrandol-globus-roz-blekit-bialy\/"},"modified":"2025-07-03T18:29:53","modified_gmt":"2025-07-03T16:29:53","slug":"lampa-wiszaca-zyrandol-globus-roz-blekit-bialy","status":"publish","type":"product","link":"https:\/\/portallamp.invette.dev\/uk\/produkt\/lampa-wiszaca-zyrandol-globus-roz-blekit-bialy\/","title":{"rendered":"Lampa Wisz\u0105ca \u017byrandol Globus R\u00f3\u017c B\u0142\u0119kit Bia\u0142y"},"content":{"rendered":"<h1>Oryginalna lampa wisz\u0105ca GLOBUS do dzieci\u0119cego pokoju dost\u0119pna w r\u00f3\u017cnych kolorach.<\/h1>\n<p><img decoding=\"async\" src=\"https:\/\/a.allegroimg.com\/original\/11b524\/d37de0944c5e9dc510177130f68c\" alt=\"Zdj\u0119cie produktu\" style=\"max-width:100%; height:auto; margin:10px 0;\"><\/p>\n<h2>Lampa dost\u0119pna w kolorach:<\/h2>\n<ul>\n<li>Bia\u0142y<\/li>\n<li>R\u00f3\u017cowy<\/li>\n<li>B\u0142\u0119kitny<\/li>\n<li>Szary<\/li>\n<\/ul>\n<p><img decoding=\"async\" src=\"https:\/\/a.allegroimg.com\/original\/110ce2\/7da903994313b3746d5fa23c12c0\" alt=\"Zdj\u0119cie produktu\" style=\"max-width:100%; height:auto; margin:10px 0;\"><br \/>\n<img decoding=\"async\" src=\"https:\/\/a.allegroimg.com\/original\/119e6b\/f67f58e24ceabf0ccd5f4ce7b3c9\" alt=\"Zdj\u0119cie produktu\" style=\"max-width:100%; height:auto; margin:10px 0;\"><\/p>\n<h2>Szczeg\u00f3\u0142owo odwzorowane kontynenty sprawiaj\u0105, \u017ce lampa wygl\u0105da bardzo realistycznie.<\/h2>\n<p><img decoding=\"async\" src=\"https:\/\/a.allegroimg.com\/original\/11dba1\/0ab8b67f439c88ee3f747c58b21b\" alt=\"Zdj\u0119cie produktu\" style=\"max-width:100%; height:auto; margin:10px 0;\"><\/p>\n<p><b>Lampa w pe\u0142ni z\u0142o\u017cona &#8211; nie jest to zestaw do samodzielnego monta\u017cu &#8211; wyjmujesz z kartonu i wieszasz na suficie.<\/b><\/p>\n<p><b>Nie musisz traci\u0107 czasu na z\u0142o\u017cenie lampy od najmniejszej \u015brubki.<\/b><\/p>\n<p><b><\/b><\/p>\n<p><b>G\u0141\u00d3WNE CECHY LAMPY:<\/b><\/p>\n<p><b><\/b><\/p>\n<ul>\n<li>Materia\u0142 konstrukcji: Metal &#8211; lamp\u0119 mo\u017cna przyozdobi\u0107 dekoracjami na magnesie (motyle, kwiaty itp.)<\/li>\n<\/ul>\n<ul>\n<li>Kolor konstrukcji: R\u00f3\u017cowy, B\u0142\u0119kitny, Szary lub Bia\u0142y<\/li>\n<\/ul>\n<ul>\n<li>Nowoczesny Styl &#8211; &nbsp;\u0142atwo wkomponuje si\u0119 w uk\u0142ad mieszkania<\/li>\n<\/ul>\n<ul>\n<li>Starannie odwzorowane kontynenty<\/li>\n<\/ul>\n<ul>\n<li>Korekta wysoko\u015bci (przed zamontowaniem) od 40 do 100cm Max<\/li>\n<\/ul>\n<ul>\n<li>Idealna do dzieci\u0119cego pokoju<\/li>\n<\/ul>\n<ul>\n<li>Lampa obs\u0142uguje wszystkie \u017car\u00f3wki z gwintem typu&nbsp;<b>E27 do max 60 wat\u00f3w.<\/b><\/li>\n<\/ul>\n<ul>\n<li>Lampa z polskiej dystrybucji, wyprodukowana w Polsce &#8211; gwarantowany szybki dost\u0119p do serwisu i cz\u0119\u015bci zapasowych<\/li>\n<\/ul>\n<ul>\n<li><b>Wersja w pe\u0142ni z\u0142o\u017cona &#8211; nie jest to chi\u0144ski zestaw do samodzielnego monta\u017cu<\/b><\/li>\n<\/ul>\n<h2>Dane techniczne:<\/h2>\n<\/p>\n<ul>\n<li><b>Zasilanie:<\/b> ~230 [V] \/ bezpo\u015brednie z sieci<\/li>\n<li><b>\u0179r\u00f3d\u0142o \u015bwiat\u0142a:<\/b>&nbsp;E-27 &#8211; zalecane LED lub \u015bwietl\u00f3wki kompaktowe<\/li>\n<li><b>Spos\u00f3b monta\u017cu:<\/b>&nbsp;Dwa ko\u0142ki rozporowe<\/li>\n<li><b>IP 20, Klasa I<\/b><\/li>\n<li><b>Zestaw nie zawiera \u017car\u00f3wki oraz ko\u0142k\u00f3w rozporowych do monta\u017cu<\/b><\/li>\n<li><b>Producent:&nbsp;<\/b>LUXOLAR Polska<\/li>\n<\/ul>\n<h2>Wymiary:<\/h2>\n<p><img decoding=\"async\" src=\"https:\/\/a.allegroimg.com\/original\/1176e0\/01c8eab5423c93b81065375afd8f\" alt=\"Zdj\u0119cie produktu\" style=\"max-width:100%; height:auto; margin:10px 0;\"><br \/>\n<img decoding=\"async\" src=\"https:\/\/a.allegroimg.com\/original\/11831e\/16db49f84f84aeae802d33fdf78f\" alt=\"Zdj\u0119cie produktu\" style=\"max-width:100%; height:auto; margin:10px 0;\"><\/p>\n<h2>Zestaw zawiera:<\/h2>\n<ul>\n<li><b>Kompletn\u0105, z\u0142o\u017con\u0105 lamp\u0119 w wybranym kolorze (nie jest to chi\u0144skiej produkcji zestaw do samodzielnego monta\u017cu)<\/b><\/li>\n<li><b>Kostk\u0119 przy\u0142\u0105czeniow\u0105<\/b><\/li>\n<li><b>Instrukcj\u0119 obs\u0142ugi<\/b><\/li>\n<li><b>Dokument zakupu<\/b><\/li>\n<\/ul>\n<p><b>Zestaw nie zawiera \u017car\u00f3wki ani ko\u0142k\u00f3w rozporowych&nbsp; (nale\u017cy dobra\u0107 odpowiednie do sufitu)<\/b><\/p>\n<h2>ZALECANE \u0179R\u00d3D\u0141A \u015aWIAT\u0141A:<\/h2>\n<\/p>\n<ul>\n<li>\u017bar\u00f3wki LED&nbsp; z gwintem typu E27<\/li>\n<li>Strumie\u0144 \u015bwietlny: 700 -1300 lm<\/li>\n<li>Moc pobierana z sieci: 6 -12 W<\/li>\n<li>Barwa: ciep\u0142a lub bia\u0142a<\/li>\n<\/ul>\n<p><b>Lampa obs\u0142uguje \u017car\u00f3wki o r\u00f3\u017cnym kszta\u0142cie jednak wi\u0119ksza obj\u0119to\u015b\u0107 \u017car\u00f3wki daje lepszy efekt wizualny.<\/b><\/p>\n<p><b>Zalecamy stosowa\u0107 \u017car\u00f3wki z gwintem E-27 o \u015brednicy ba\u0144ki G95<\/b><\/p>\n<p><img decoding=\"async\" src=\"https:\/\/a.allegroimg.com\/original\/11d1fc\/d4e5e6694eaeb36bf3f2a969bc9c\" alt=\"Zdj\u0119cie produktu\" style=\"max-width:100%; height:auto; margin:10px 0;\"><br \/>\n<img decoding=\"async\" src=\"https:\/\/a.allegroimg.com\/original\/11fa3d\/f1f7bdfa4a568e05404f733a239a\" alt=\"Zdj\u0119cie produktu\" style=\"max-width:100%; height:auto; margin:10px 0;\"><br \/>\n<img decoding=\"async\" src=\"https:\/\/a.allegroimg.com\/original\/11f0b2\/30fbf3e74eb6b4a7ecd4b3439136\" alt=\"Zdj\u0119cie produktu\" style=\"max-width:100%; height:auto; margin:10px 0;\"><br \/>\n<img decoding=\"async\" src=\"https:\/\/a.allegroimg.com\/original\/119e6b\/f67f58e24ceabf0ccd5f4ce7b3c9\" alt=\"Zdj\u0119cie produktu\" style=\"max-width:100%; height:auto; margin:10px 0;\"><\/p>\n<h2><\/h2>\n<h2>Pami\u0119taj:<\/h2>\n<ol>\n<li><b>Wybierz kolor klosza:&nbsp;<\/b>Bia\u0142y, R\u00f3\u017cowy, B\u0142\u0119kitny, Szary<\/li>\n<li><b>Wpisz wybrany kolor&nbsp;<\/b>&#8211; w formularzu zam\u00f3wienia lub oddzielnym e-mailu.<\/li>\n<li><b>Je\u015bli nie wybierzesz koloru wy\u015blemy kolor Bia\u0142y.<\/b><\/li>\n<\/ol>\n<p><b><\/b><\/p>\n<p><img decoding=\"async\" src=\"https:\/\/a.allegroimg.com\/original\/1117e5\/37bd5ee04a9d864e4c943de783cb\" alt=\"Zdj\u0119cie produktu\" style=\"max-width:100%; height:auto; margin:10px 0;\"><br \/>\n<img decoding=\"async\" src=\"https:\/\/a.allegroimg.com\/original\/11a77d\/626a007d4d8890a4ed625682d37f\" alt=\"Zdj\u0119cie produktu\" style=\"max-width:100%; height:auto; margin:10px 0;\"><\/p>\n","protected":false},"excerpt":{"rendered":"<p>Oryginalna lampa wisz\u0105ca GLOBUS do dzieci\u0119cego pokoju dost\u0119pna w r\u00f3\u017cnych kolorach. Lampa dost\u0119pna w kolorach: Bia\u0142y R\u00f3\u017cowy B\u0142\u0119kitny Szary Szczeg\u00f3\u0142owo odwzorowane kontynenty sprawiaj\u0105, \u017ce lampa wygl\u0105da bardzo realistycznie. Lampa w pe\u0142ni z\u0142o\u017cona &#8211; nie jest to zestaw do samodzielnego monta\u017cu &#8211; wyjmujesz z kartonu i wieszasz na suficie. Nie musisz traci\u0107 czasu na z\u0142o\u017cenie lampy [&hellip;]<\/p>\n","protected":false},"featured_media":45230,"comment_status":"closed","ping_status":"open","template":"","meta":{"_acf_changed":false},"product_brand":[162],"product_cat":[2596,2597],"product_tag":[],"class_list":{"0":"post-47180","1":"product","2":"type-product","3":"status-publish","4":"has-post-thumbnail","6":"product_brand-luxolar","7":"product_cat-2596","8":"product_cat-2597","9":"pa_kod-producenta-lampa-wiszaca-914-ez1-uk","10":"pa_kolor-dominujacy-2282","11":"pa_liczba-punktow-swiatla-1-uk","12":"pa_marka-luxolar","13":"pa_material-dominujacy-2341","14":"pa_max-moc-pojed-zrodla-swiatla-60-uk","15":"pa_rodzaj-gwintu-e27-uk","16":"pa_zasilanie-2543","17":"pa_zawiera-baterie-2545","18":"pa_zrodlo-swiatla-2547","20":"first","21":"instock","22":"purchasable","23":"product-type-simple"},"acf":[],"aioseo_notices":[],"_links":{"self":[{"href":"https:\/\/portallamp.invette.dev\/uk\/wp-json\/wp\/v2\/product\/47180","targetHints":{"allow":["GET"]}}],"collection":[{"href":"https:\/\/portallamp.invette.dev\/uk\/wp-json\/wp\/v2\/product"}],"about":[{"href":"https:\/\/portallamp.invette.dev\/uk\/wp-json\/wp\/v2\/types\/product"}],"replies":[{"embeddable":true,"href":"https:\/\/portallamp.invette.dev\/uk\/wp-json\/wp\/v2\/comments?post=47180"}],"wp:featuredmedia":[{"embeddable":true,"href":"https:\/\/portallamp.invette.dev\/uk\/wp-json\/wp\/v2\/media\/45230"}],"wp:attachment":[{"href":"https:\/\/portallamp.invette.dev\/uk\/wp-json\/wp\/v2\/media?parent=47180"}],"wp:term":[{"taxonomy":"product_brand","embeddable":true,"href":"https:\/\/portallamp.invette.dev\/uk\/wp-json\/wp\/v2\/product_brand?post=47180"},{"taxonomy":"product_cat","embeddable":true,"href":"https:\/\/portallamp.invette.dev\/uk\/wp-json\/wp\/v2\/product_cat?post=47180"},{"taxonomy":"product_tag","embeddable":true,"href":"https:\/\/portallamp.invette.dev\/uk\/wp-json\/wp\/v2\/product_tag?post=47180"}],"curies":[{"name":"wp","href":"https:\/\/api.w.org\/{rel}","templated":true}]}}