{"id":47255,"date":"2025-07-03T18:29:53","date_gmt":"2025-07-03T16:29:53","guid":{"rendered":"https:\/\/portallamp.invette.dev\/produkt\/lampa-wiszaca-zyrandol-dekoracyjna-z-doniczka-led\/"},"modified":"2025-07-03T18:29:53","modified_gmt":"2025-07-03T16:29:53","slug":"lampa-wiszaca-zyrandol-dekoracyjna-z-doniczka-led","status":"publish","type":"product","link":"https:\/\/portallamp.invette.dev\/uk\/produkt\/lampa-wiszaca-zyrandol-dekoracyjna-z-doniczka-led\/","title":{"rendered":"Lampa Wisz\u0105ca \u017byrandol Dekoracyjna z Doniczk\u0105 LED"},"content":{"rendered":"<h1>Nowatorska lampa wisz\u0105ca z miejscem na maskotk\u0119, zabawk\u0119 lub inny przedmiot dekoracyjny<\/h1>\n<p><img decoding=\"async\" src=\"https:\/\/a.allegroimg.com\/original\/11793e\/df4bed7b4f78a81da63a18106e5c\" alt=\"Zdj\u0119cie produktu\" style=\"max-width:100%; height:auto; margin:10px 0;\"><\/p>\n<h2>Dost\u0119pna w dw\u00f3ch kolorach:<\/h2>\n<p>\u2705 czarny<\/p>\n<p>\u2705 bia\u0142y<\/p>\n<p><img decoding=\"async\" src=\"https:\/\/a.allegroimg.com\/original\/117de3\/2fcb7c604a449b74dba803ca47aa\" alt=\"Zdj\u0119cie produktu\" style=\"max-width:100%; height:auto; margin:10px 0;\"><\/p>\n<h2>Nowoczesna forma lampy idealnie dope\u0142ni aran\u017cacj\u0119 dzieci\u0119cego wn\u0119trza<\/h2>\n<p><img decoding=\"async\" src=\"https:\/\/a.allegroimg.com\/original\/115071\/428b91ee4e5cb5693b0df45928d6\" alt=\"Zdj\u0119cie produktu\" style=\"max-width:100%; height:auto; margin:10px 0;\"><\/p>\n<p><b><\/b><\/p>\n<p><b>G\u0141\u00d3WNE CECHY LAMPY:<\/b><\/p>\n<p><b><\/b><\/p>\n<ul>\n<li>Dominuj\u0105cy materia\u0142 konstrukcji: Metal &#8211; lamp\u0119 mo\u017cna przyozdobi\u0107 dekoracjami na magnesie (motyle, kwiaty itp.)<\/li>\n<\/ul>\n<ul>\n<li>Kolor konstrukcji: Czarny lub Bia\u0142y<\/li>\n<\/ul>\n<ul>\n<li>Korekta wysoko\u015bci (przed zamontowaniem)<\/li>\n<\/ul>\n<ul>\n<li>Idealna do dzieci\u0119cego pokoju<\/li>\n<\/ul>\n<ul>\n<li>\u0179r\u00f3d\u0142o \u015bwiat\u0142a: Dowolne \u017car\u00f3wki w technologii LED z gwintem typu E27<\/li>\n<\/ul>\n<ul>\n<li>Lampa z polskiej dystrybucji, wyprodukowana w Polsce &#8211; gwarantowany szybki dost\u0119p do serwisu i cz\u0119\u015bci zapasowych<\/li>\n<\/ul>\n<h2>Wymiary:<\/h2>\n<p><img decoding=\"async\" src=\"https:\/\/a.allegroimg.com\/original\/118bb0\/733f19a94428b67a03ce237611df\" alt=\"Zdj\u0119cie produktu\" style=\"max-width:100%; height:auto; margin:10px 0;\"><\/p>\n<h2>Dane techniczne:<\/h2>\n<\/p>\n<ul>\n<li><b>Zasilanie:<\/b> ~230 [V] \/ bezpo\u015brednie z sieci<\/li>\n<li><b>\u0179r\u00f3d\u0142o \u015bwiat\u0142a:<\/b>&nbsp;E-27 &#8211; zalecane LED lub \u015bwietl\u00f3wki kompaktowe<\/li>\n<li><b>Spos\u00f3b monta\u017cu:<\/b>&nbsp;Dwa ko\u0142ki rozporowe<\/li>\n<li><b>IP 20, Klasa I<\/b><\/li>\n<li><b>Zestaw nie zawiera \u017car\u00f3wki, ko\u0142k\u00f3w rozporowych do monta\u017cu ani przedmiot\u00f3w dekoracyjnych widocznych na zdj\u0119ciach<\/b><\/li>\n<li><b>Producent:&nbsp;<\/b>LUXOLAR Polska<\/li>\n<\/ul>\n<p><img decoding=\"async\" src=\"https:\/\/a.allegroimg.com\/original\/11a8da\/a7f134c64a9b93ad40e2a008ef0d\" alt=\"Zdj\u0119cie produktu\" style=\"max-width:100%; height:auto; margin:10px 0;\"><\/p>\n<h2>Zestaw zawiera:<\/h2>\n<ul>\n<li><b>Kompletn\u0105, z\u0142o\u017con\u0105 lamp\u0119 (nie jest to chi\u0144skiej produkcji zestaw do samodzielnego monta\u017cu)<\/b><\/li>\n<li><b>Kostk\u0119 przy\u0142\u0105czeniow\u0105<\/b><\/li>\n<li><b>Instrukcj\u0119 obs\u0142ugi<\/b><\/li>\n<li><b>Dokument zakupu<\/b><\/li>\n<\/ul>\n<p><b>Zestaw nie zawiera \u017car\u00f3wki, ko\u0142k\u00f3w rozporowych ani przedmiot\u00f3w dekoracyjnych widocznych na zdj\u0119ciach<\/b><\/p>\n<h2>ZALECANE \u0179R\u00d3D\u0141A \u015aWIAT\u0141A:<\/h2>\n<\/p>\n<ul>\n<li>\u017bar\u00f3wki LED&nbsp; z gwintem typu E27<\/li>\n<li>Strumie\u0144 \u015bwietlny: 700 -1300 lm<\/li>\n<li>Moc pobierana z sieci: 8 -12 W<\/li>\n<li>Barwa: ciep\u0142a (3000K), Neutralna (4000K)&nbsp; lub zimna (6000K)<\/li>\n<\/ul>\n<p><b>\u017bar\u00f3wka nie wchodzi w sk\u0142ad zestawu &#8211; dost\u0119pna w naszej ofercie Allegro<\/b><\/p>\n<p><img decoding=\"async\" src=\"https:\/\/a.allegroimg.com\/original\/119e19\/a6a1c20a4e3680e37402ef16be32\" alt=\"Zdj\u0119cie produktu\" style=\"max-width:100%; height:auto; margin:10px 0;\"><\/p>\n<h2><\/h2>\n<h2>Pami\u0119taj:<\/h2>\n<ol>\n<li><b>Wybierz kolor lampy: <\/b>czarny lub bia\u0142y<\/li>\n<li><b>Wpisz wybrany kolor&nbsp;<\/b>&#8211; w formularzu zam\u00f3wienia lub oddzielnym e-mailu.<\/li>\n<li><b>Je\u015bli nie wybierzesz koloru wy\u015blemy kolor ze zdj\u0119cia g\u0142\u00f3wnego: czarny<\/b><\/li>\n<\/ol>\n<p><img decoding=\"async\" src=\"https:\/\/a.allegroimg.com\/original\/117de3\/2fcb7c604a449b74dba803ca47aa\" alt=\"Zdj\u0119cie produktu\" style=\"max-width:100%; height:auto; margin:10px 0;\"><br \/>\n<img decoding=\"async\" src=\"https:\/\/a.allegroimg.com\/original\/111d42\/1bb5d69b4e168b98abf5158859f7\" alt=\"Zdj\u0119cie produktu\" style=\"max-width:100%; height:auto; margin:10px 0;\"><br \/>\n<img decoding=\"async\" src=\"https:\/\/a.allegroimg.com\/original\/119d65\/9afdd983427193456747c4a279f8\" alt=\"Zdj\u0119cie produktu\" style=\"max-width:100%; height:auto; margin:10px 0;\"><br \/>\n<img decoding=\"async\" src=\"https:\/\/a.allegroimg.com\/original\/11a77d\/626a007d4d8890a4ed625682d37f\" alt=\"Zdj\u0119cie produktu\" style=\"max-width:100%; height:auto; margin:10px 0;\"><\/p>\n","protected":false},"excerpt":{"rendered":"<p>Nowatorska lampa wisz\u0105ca z miejscem na maskotk\u0119, zabawk\u0119 lub inny przedmiot dekoracyjny Dost\u0119pna w dw\u00f3ch kolorach: \u2705 czarny \u2705 bia\u0142y Nowoczesna forma lampy idealnie dope\u0142ni aran\u017cacj\u0119 dzieci\u0119cego wn\u0119trza G\u0141\u00d3WNE CECHY LAMPY: Dominuj\u0105cy materia\u0142 konstrukcji: Metal &#8211; lamp\u0119 mo\u017cna przyozdobi\u0107 dekoracjami na magnesie (motyle, kwiaty itp.) Kolor konstrukcji: Czarny lub Bia\u0142y Korekta wysoko\u015bci (przed zamontowaniem) Idealna [&hellip;]<\/p>\n","protected":false},"featured_media":23948,"comment_status":"closed","ping_status":"open","template":"","meta":{"_acf_changed":false},"product_brand":[1910],"product_cat":[2596,2597],"product_tag":[],"class_list":{"0":"post-47255","1":"product","2":"type-product","3":"status-publish","4":"has-post-thumbnail","6":"product_brand-1910","7":"product_cat-2596","8":"product_cat-2597","9":"pa_kod-producenta-lampa-wiszaca-919-ez1-uk","10":"pa_kolor-dominujacy-2273","11":"pa_liczba-punktow-swiatla-1-uk","12":"pa_marka-1909","13":"pa_material-dominujacy-2341","14":"pa_max-moc-pojed-zrodla-swiatla-60-uk","15":"pa_rodzaj-gwintu-e27-uk","16":"pa_stan-2489","17":"pa_zasilanie-2543","18":"pa_zawiera-baterie-2545","19":"pa_zrodlo-swiatla-2547","21":"first","22":"instock","23":"purchasable","24":"product-type-simple"},"acf":[],"aioseo_notices":[],"_links":{"self":[{"href":"https:\/\/portallamp.invette.dev\/uk\/wp-json\/wp\/v2\/product\/47255","targetHints":{"allow":["GET"]}}],"collection":[{"href":"https:\/\/portallamp.invette.dev\/uk\/wp-json\/wp\/v2\/product"}],"about":[{"href":"https:\/\/portallamp.invette.dev\/uk\/wp-json\/wp\/v2\/types\/product"}],"replies":[{"embeddable":true,"href":"https:\/\/portallamp.invette.dev\/uk\/wp-json\/wp\/v2\/comments?post=47255"}],"wp:featuredmedia":[{"embeddable":true,"href":"https:\/\/portallamp.invette.dev\/uk\/wp-json\/wp\/v2\/media\/23948"}],"wp:attachment":[{"href":"https:\/\/portallamp.invette.dev\/uk\/wp-json\/wp\/v2\/media?parent=47255"}],"wp:term":[{"taxonomy":"product_brand","embeddable":true,"href":"https:\/\/portallamp.invette.dev\/uk\/wp-json\/wp\/v2\/product_brand?post=47255"},{"taxonomy":"product_cat","embeddable":true,"href":"https:\/\/portallamp.invette.dev\/uk\/wp-json\/wp\/v2\/product_cat?post=47255"},{"taxonomy":"product_tag","embeddable":true,"href":"https:\/\/portallamp.invette.dev\/uk\/wp-json\/wp\/v2\/product_tag?post=47255"}],"curies":[{"name":"wp","href":"https:\/\/api.w.org\/{rel}","templated":true}]}}