{"id":47426,"date":"2025-07-03T18:26:10","date_gmt":"2025-07-03T16:26:10","guid":{"rendered":"https:\/\/portallamp.invette.dev\/produkt\/szklana-lampa-wiszaca-plafon-geometryczne-klosze-9\/"},"modified":"2025-07-03T18:26:10","modified_gmt":"2025-07-03T16:26:10","slug":"szklana-lampa-wiszaca-plafon-geometryczne-klosze-9","status":"publish","type":"product","link":"https:\/\/portallamp.invette.dev\/uk\/produkt\/szklana-lampa-wiszaca-plafon-geometryczne-klosze-9\/","title":{"rendered":"Szklana Lampa Wisz\u0105ca Plafon Geometryczne Klosze"},"content":{"rendered":"<p><img decoding=\"async\" src=\"\" alt=\"Zdj\u0119cie produktu\" style=\"max-width:100%; height:auto; margin:10px 0;\"><\/p>\n<h1>Przedmiotem sprzeda\u017cy jest:<\/h1>\n<h2>Niestandardowa lampa wisz\u0105ca wyposa\u017cona w szklany, przezroczysty klosz.<\/h2>\n<p>Nr kat: 838-Z1T206 LUXOLAR Model 2020r.<\/p>\n<p><img decoding=\"async\" src=\"https:\/\/a.allegroimg.com\/original\/116e0c\/c355c8f64739be41964bb66e94ff\" alt=\"Zdj\u0119cie produktu\" style=\"max-width:100%; height:auto; margin:10px 0;\"><\/p>\n<p><b>Lampa w pe\u0142ni z\u0142o\u017cona &#8211; nie jest to zestaw do samodzielnego monta\u017cu &#8211; wyjmujesz z kartonu i wieszasz na suficie.<\/b><\/p>\n<p><b>Nie musisz traci\u0107 czasu na z\u0142o\u017cenie lampy od najmniejszej \u015brubki.<\/b><\/p>\n<\/p>\n<p><img decoding=\"async\" src=\"https:\/\/a.allegroimg.com\/original\/117098\/59aeae994083946e02d476044988\" alt=\"Zdj\u0119cie produktu\" style=\"max-width:100%; height:auto; margin:10px 0;\"><\/p>\n<h2>Konstrukcja lampy umo\u017cliwia korekt\u0119 wysoko\u015bci klosza (przed zamontowaniem).<\/h2>\n<\/p>\n<p><img decoding=\"async\" src=\"https:\/\/a.allegroimg.com\/original\/11c818\/c46960a04242afb549fe9de09c00\" alt=\"Zdj\u0119cie produktu\" style=\"max-width:100%; height:auto; margin:10px 0;\"><\/p>\n<h1>ZASTOSOWANIE:<\/h1>\n<\/p>\n<ul>\n<li>Niewielkie pokoje, korytarze, pomieszczenia do 9 m2 z wy\u0142\u0105czeniem miejsc o podwy\u017cszonej wilgotno\u015bci<\/li>\n<li>O\u015bwietlenie sto\u0142u, blatu<\/li>\n<li>Do&nbsp; kuchni nad wysp\u0119<\/li>\n<li>Z zespole kilku sztuk \u015bwietnie o\u015bwietlaj\u0105 wi\u0119ksze pomieszczenia<\/li>\n<\/ul>\n<p><img decoding=\"async\" src=\"https:\/\/a.allegroimg.com\/original\/11e26d\/017d1bcb4a91b57ec6281a2b4b71\" alt=\"Zdj\u0119cie produktu\" style=\"max-width:100%; height:auto; margin:10px 0;\"><\/p>\n<p><b><\/b><\/p>\n<p><b>G\u0141\u00d3WNE CECHY LAMPY:<\/b><\/p>\n<p><b><\/b><\/p>\n<ul>\n<li>Kolor konstrukcji: Czarny matowy<\/li>\n<\/ul>\n<ul>\n<li>Materia\u0142 konstrukcji: PCV<\/li>\n<\/ul>\n<ul>\n<li>Kolor kloszy: Bezbarwny &#8211; przezroczysty<\/li>\n<\/ul>\n<ul>\n<li>Materia\u0142 kloszy: 100% szk\u0142o<\/li>\n<\/ul>\n<ul>\n<li>Klosz \u0142atwo zdj\u0105\u0107 i za\u0142o\u017cy\u0107 np. do umycia<\/li>\n<\/ul>\n<ul>\n<li>Nowoczesny Styl &#8211; &nbsp;\u0142atwo wkomponuje si\u0119 w uk\u0142ad mieszkania<\/li>\n<\/ul>\n<ul>\n<li>Korekta d\u0142ugo\u015bci przewodu (lampa wisz\u0105ca lub plafon)<\/li>\n<\/ul>\n<ul>\n<li>Lampa obs\u0142uguje wszystkie \u017car\u00f3wki z gwintem typu&nbsp;<b>E27 do max 60 wat\u00f3w.<\/b><\/li>\n<\/ul>\n<ul>\n<li>Lampa z polskiej dystrybucji, wyprodukowana w Polsce &#8211; gwarantowany szybki dost\u0119p do serwisu i cz\u0119\u015bci zapasowych<\/li>\n<\/ul>\n<ul>\n<li>Atrakcyjna Cena<\/li>\n<\/ul>\n<ul>\n<li>\u017byrandol pochodzi z szerszej rodziny lamp szklanych&nbsp; &#8211; bez problemu dokupisz do kompletu kinkiet czy lampk\u0119 nocn\u0105<\/li>\n<\/ul>\n<ul>\n<li><b>Wersja w pe\u0142ni z\u0142o\u017cona &#8211; nie jest to chi\u0144ski zestaw do samodzielnego monta\u017cu<\/b><\/li>\n<\/ul>\n<h1>Wymiary:<\/h1>\n<\/p>\n<p><img decoding=\"async\" src=\"https:\/\/a.allegroimg.com\/original\/115850\/0e5004e34e599e726aed868c3034\" alt=\"Zdj\u0119cie produktu\" style=\"max-width:100%; height:auto; margin:10px 0;\"><\/p>\n<h1>Opis klosza:<\/h1>\n<\/p>\n<ul>\n<li><b>materia\u0142:&nbsp;<\/b>szk\u0142o o grubo\u015bci 1,8 mm<\/li>\n<li><b>odcie\u0144:<\/b> bezbarwny &#8211; przezroczysty<\/li>\n<li><b>wysoko\u015b\u0107:<\/b> 12 cm<\/li>\n<li><b>szeroko\u015b\u0107:<\/b> 10 x 10 cm<\/li>\n<li><b>obs\u0142ugiwane \u017car\u00f3wki:&nbsp;<\/b>z gwintem E27&nbsp; &#8211; oprawka z pier\u015bcieniem dociskowym<\/li>\n<li><b>\u015brednica otworu pod oprawk\u0119:<\/b>&nbsp;42 mm<\/li>\n<li><b>waga:<\/b> 190g<\/li>\n<li><b>klosz \u0142atwo zdj\u0105\u0107 z \u017car\u00f3wki np. do umycia.<\/b><\/li>\n<\/ul>\n<p><img decoding=\"async\" src=\"https:\/\/a.allegroimg.com\/original\/1134d3\/f57b8c004fb08be84e4d49152ca1\" alt=\"Zdj\u0119cie produktu\" style=\"max-width:100%; height:auto; margin:10px 0;\"><\/p>\n<h1>Dane techniczne &#8211; pod\u0142\u0105czenie:<\/h1>\n<\/p>\n<ul>\n<li><b>Zasilanie:<\/b> ~230 [V] \/ bezpo\u015brednie z sieci<\/li>\n<li><b>\u0179r\u00f3d\u0142o \u015bwiat\u0142a:<\/b> E-27 &#8211; zalecane LED lub \u015bwietl\u00f3wki kompaktowe<\/li>\n<li><b>Spos\u00f3b monta\u017cu:<\/b> Wieszana na haczyku<\/li>\n<li><b>Klasa szczelno\u015bci: <\/b>IP 20<\/li>\n<li><b>Klasa bezpiecze\u0144stwa: 2<\/b><\/li>\n<li><b>Producent:&nbsp;<\/b>LUXOLAR Polska<\/li>\n<\/ul>\n<p><img decoding=\"async\" src=\"https:\/\/a.allegroimg.com\/original\/11ac22\/762ed6eb4f44b99a9214ad6a03dd\" alt=\"Zdj\u0119cie produktu\" style=\"max-width:100%; height:auto; margin:10px 0;\"><\/p>\n<h1>Zestaw zawiera:<\/h1>\n<\/p>\n<ul>\n<li><b>Kompletn\u0105, z\u0142o\u017con\u0105 lamp\u0119 wraz z kloszem (nie jest to chi\u0144skiej produkcji zestaw do samodzielnego monta\u017cu)<\/b><\/li>\n<li><b>Kostk\u0119 przy\u0142\u0105czeniow\u0105<\/b><\/li>\n<li><b>Instrukcj\u0119 obs\u0142ugi<\/b><\/li>\n<li><b>Dokument zakupu<\/b><\/li>\n<\/ul>\n<p><b>Zestaw nie zawiera \u017ar\u00f3d\u0142a \u015bwiat\u0142a oraz haczyka (nale\u017cy dobra\u0107 odpowiedni do sufitu)<\/b><\/p>\n<h1>ZALECANE \u0179R\u00d3D\u0141A \u015aWIAT\u0141A:<\/h1>\n<\/p>\n<ul>\n<li>\u017bar\u00f3wki LED z diodami SMD lub filament<\/li>\n<li>Strumie\u0144 \u015bwietlny: 900 -1300 lm<\/li>\n<li><b>Gwint E27<\/b><\/li>\n<li>Moc pobierana z sieci: 6 -12 W<\/li>\n<li>Barwa: ciep\u0142a lub bia\u0142a<\/li>\n<\/ul>\n<h2>Tradycyjny kszta\u0142t w po\u0142\u0105czeniu z nowoczesnymi diodami SMD lub Filament<\/h2>\n<p><img decoding=\"async\" src=\"https:\/\/a.allegroimg.com\/original\/03303d\/c3b1d99f4211bfec2eb9d008c1a1\" alt=\"Zdj\u0119cie produktu\" style=\"max-width:100%; height:auto; margin:10px 0;\"><\/p>\n<h1>Aran\u017cacje:<\/h1>\n<\/p>\n<p><img decoding=\"async\" src=\"https:\/\/a.allegroimg.com\/original\/1189b7\/4600fe724acf80e55857b632073c\" alt=\"Zdj\u0119cie produktu\" style=\"max-width:100%; height:auto; margin:10px 0;\"><br \/>\n<img decoding=\"async\" src=\"https:\/\/a.allegroimg.com\/original\/117098\/59aeae994083946e02d476044988\" alt=\"Zdj\u0119cie produktu\" style=\"max-width:100%; height:auto; margin:10px 0;\"><br \/>\n<img decoding=\"async\" src=\"https:\/\/a.allegroimg.com\/original\/116e0c\/c355c8f64739be41964bb66e94ff\" alt=\"Zdj\u0119cie produktu\" style=\"max-width:100%; height:auto; margin:10px 0;\"><br \/>\n<img decoding=\"async\" src=\"\" alt=\"Zdj\u0119cie produktu\" style=\"max-width:100%; height:auto; margin:10px 0;\"><\/p>\n","protected":false},"excerpt":{"rendered":"<p>Przedmiotem sprzeda\u017cy jest: Niestandardowa lampa wisz\u0105ca wyposa\u017cona w szklany, przezroczysty klosz. Nr kat: 838-Z1T206 LUXOLAR Model 2020r. Lampa w pe\u0142ni z\u0142o\u017cona &#8211; nie jest to zestaw do samodzielnego monta\u017cu &#8211; wyjmujesz z kartonu i wieszasz na suficie. Nie musisz traci\u0107 czasu na z\u0142o\u017cenie lampy od najmniejszej \u015brubki. Konstrukcja lampy umo\u017cliwia korekt\u0119 wysoko\u015bci klosza (przed zamontowaniem). [&hellip;]<\/p>\n","protected":false},"featured_media":44333,"comment_status":"closed","ping_status":"open","template":"","meta":{"_acf_changed":false},"product_brand":[162],"product_cat":[2596,2677],"product_tag":[],"class_list":{"0":"post-47426","1":"product","2":"type-product","3":"status-publish","4":"has-post-thumbnail","6":"product_brand-luxolar","7":"product_cat-2596","8":"product_cat-2677","9":"pa_kod-producenta-szklana-lampa-wiszaca-838-z1t206-uk","10":"pa_kolekcja-838-uk","11":"pa_kolor-2232","12":"pa_kolor-2236","13":"pa_liczba-punktow-swiatla-1-uk","14":"pa_marka-luxolar","15":"pa_material-dominujacy-2345","16":"pa_max-moc-pojed-zrodla-swiatla-60-uk","17":"pa_pomieszczenie-2441","18":"pa_pomieszczenie-2437","19":"pa_pomieszczenie-2438","20":"pa_pomieszczenie-2439","21":"pa_pomieszczenie-2436","22":"pa_pomieszczenie-2442","23":"pa_pomieszczenie-2443","24":"pa_pomieszczenie-2444","25":"pa_rodzaj-gwintu-e27-uk","26":"pa_rodzaj-lampy-2483","27":"pa_zasilanie-2543","28":"pa_zawiera-baterie-2545","29":"pa_zrodlo-swiatla-2547","31":"first","32":"instock","33":"purchasable","34":"product-type-simple"},"acf":[],"aioseo_notices":[],"_links":{"self":[{"href":"https:\/\/portallamp.invette.dev\/uk\/wp-json\/wp\/v2\/product\/47426","targetHints":{"allow":["GET"]}}],"collection":[{"href":"https:\/\/portallamp.invette.dev\/uk\/wp-json\/wp\/v2\/product"}],"about":[{"href":"https:\/\/portallamp.invette.dev\/uk\/wp-json\/wp\/v2\/types\/product"}],"replies":[{"embeddable":true,"href":"https:\/\/portallamp.invette.dev\/uk\/wp-json\/wp\/v2\/comments?post=47426"}],"wp:featuredmedia":[{"embeddable":true,"href":"https:\/\/portallamp.invette.dev\/uk\/wp-json\/wp\/v2\/media\/44333"}],"wp:attachment":[{"href":"https:\/\/portallamp.invette.dev\/uk\/wp-json\/wp\/v2\/media?parent=47426"}],"wp:term":[{"taxonomy":"product_brand","embeddable":true,"href":"https:\/\/portallamp.invette.dev\/uk\/wp-json\/wp\/v2\/product_brand?post=47426"},{"taxonomy":"product_cat","embeddable":true,"href":"https:\/\/portallamp.invette.dev\/uk\/wp-json\/wp\/v2\/product_cat?post=47426"},{"taxonomy":"product_tag","embeddable":true,"href":"https:\/\/portallamp.invette.dev\/uk\/wp-json\/wp\/v2\/product_tag?post=47426"}],"curies":[{"name":"wp","href":"https:\/\/api.w.org\/{rel}","templated":true}]}}