{"id":47687,"date":"2025-07-03T18:19:27","date_gmt":"2025-07-03T16:19:27","guid":{"rendered":"https:\/\/portallamp.invette.dev\/produkt\/szklana-duza-lampa-wiszaca-sufitowa-plafon-kule\/"},"modified":"2025-07-03T18:19:27","modified_gmt":"2025-07-03T16:19:27","slug":"szklana-duza-lampa-wiszaca-sufitowa-plafon-kule","status":"publish","type":"product","link":"https:\/\/portallamp.invette.dev\/uk\/produkt\/szklana-duza-lampa-wiszaca-sufitowa-plafon-kule\/","title":{"rendered":"Szklana Du\u017ca Lampa Wisz\u0105ca Sufitowa Plafon KULE"},"content":{"rendered":"<h1>Du\u017ca, nowoczesna lampa wisz\u0105ca wyposa\u017cona w sze\u015b\u0107 szklanych kloszy dost\u0119pnych do wyboru w r\u00f3\u017cnych kolorach.<\/h1>\n<\/p>\n<p><b>Lampa w pe\u0142ni z\u0142o\u017cona &#8211; nie jest to zestaw do samodzielnego monta\u017cu<\/b><\/p>\n<\/p>\n<p><img decoding=\"async\" src=\"https:\/\/a.allegroimg.com\/original\/032dbc\/4f496e7f43d9918ce315200a4b5c\" alt=\"Zdj\u0119cie produktu\" style=\"max-width:100%; height:auto; margin:10px 0;\"><br \/>\n<img decoding=\"async\" src=\"https:\/\/a.allegroimg.com\/original\/03aa29\/5598703944b4bfe11b7dc8de283f\" alt=\"Zdj\u0119cie produktu\" style=\"max-width:100%; height:auto; margin:10px 0;\"><\/p>\n<h2>Do wyboru przygotowali\u015bmy 3 odcienie kloszy:<\/h2>\n<ul>\n<li>Aluminium<\/li>\n<li>Prze\u017aroczysty<\/li>\n<li>Miodowy<\/li>\n<\/ul>\n<p><img decoding=\"async\" src=\"https:\/\/a.allegroimg.com\/original\/11589a\/33aa473841179893b6d73c4ad30e\" alt=\"Zdj\u0119cie produktu\" style=\"max-width:100%; height:auto; margin:10px 0;\"><br \/>\n<img decoding=\"async\" src=\"https:\/\/a.allegroimg.com\/original\/0381d0\/bf2eef474626923a96083f896728\" alt=\"Zdj\u0119cie produktu\" style=\"max-width:100%; height:auto; margin:10px 0;\"><br \/>\n<img decoding=\"async\" src=\"https:\/\/a.allegroimg.com\/original\/03130a\/e1dca27f480a8079df30f0b9bb71\" alt=\"Zdj\u0119cie produktu\" style=\"max-width:100%; height:auto; margin:10px 0;\"><br \/>\n<img decoding=\"async\" src=\"https:\/\/a.allegroimg.com\/original\/031f48\/09e98c2e4953aee28d250c44078e\" alt=\"Zdj\u0119cie produktu\" style=\"max-width:100%; height:auto; margin:10px 0;\"><br \/>\n<img decoding=\"async\" src=\"https:\/\/a.allegroimg.com\/original\/032dbc\/4f496e7f43d9918ce315200a4b5c\" alt=\"Zdj\u0119cie produktu\" style=\"max-width:100%; height:auto; margin:10px 0;\"><\/p>\n<p><b><\/b><\/p>\n<p><b>G\u0141\u00d3WNE CECHY LAMPY:<\/b><\/p>\n<p><b><\/b><\/p>\n<ul>\n<li>Kolor konstrukcji: Czarny matowy<\/li>\n<\/ul>\n<ul>\n<li>Materia\u0142 konstrukcji: Metal<\/li>\n<\/ul>\n<ul>\n<li>Kolor kloszy do wyboru: Aluminium, Bezbarwny, Miodowy<\/li>\n<\/ul>\n<ul>\n<li>Materia\u0142 kloszy: 100% szk\u0142o<\/li>\n<\/ul>\n<ul>\n<li>Nowoczesny Styl &#8211; &nbsp;\u0142atwo wkomponuje si\u0119 w uk\u0142ad mieszkania<\/li>\n<\/ul>\n<ul>\n<li>Przeznaczona jako o\u015bwietlenie g\u0142\u00f3wne w pomieszczeniach o powierzchni:&nbsp;<b>20 &#8211; 30 m2<\/b><\/li>\n<\/ul>\n<ul>\n<li>Lampa obs\u0142uguje wszystkie \u017car\u00f3wki z gwintem typu&nbsp;<b>E27 do max 60 wat\u00f3w.<\/b><\/li>\n<\/ul>\n<ul>\n<li>Dodatkowym atutem s\u0105 dwa niezale\u017cne obwody elektryczne, dzi\u0119ki kt\u00f3rym w zale\u017cno\u015bci od potrzeb, mo\u017cemy sterowa\u0107 ilo\u015bci\u0105 w\u0142\u0105czonych \u017car\u00f3wek.<\/li>\n<\/ul>\n<ul>\n<li>Lampa z polskiej dystrybucji, wyprodukowana w Polsce &#8211; gwarantowany szybki dost\u0119p do serwisu i cz\u0119\u015bci zapasowych<\/li>\n<\/ul>\n<ul>\n<li>Cena &#8211; za podobn\u0105 lamp\u0119 w popularnych marketach budowlanych zap\u0142acisz grubo ponad 300 z\u0142<\/li>\n<\/ul>\n<ul>\n<li>\u017byrandol pochodzi z szerszej rodziny lamp szklanych&nbsp; &#8211; bez problemu dokupisz do kompletu kinkiet czy lampk\u0119 nocn\u0105<\/li>\n<\/ul>\n<ul>\n<li><b>Wersja w pe\u0142ni z\u0142o\u017cona &#8211; nie jest to zestaw do samodzielnego monta\u017cu<\/b><\/li>\n<\/ul>\n<h2>Dane techniczne:<\/h2>\n<\/p>\n<ul>\n<li><b>Zasilanie:<\/b> ~230 [V] \/ bezpo\u015brednie z sieci, dwa niezale\u017cne obwody elektryczne<\/li>\n<li><b>\u0179r\u00f3d\u0142o \u015bwiat\u0142a:<\/b>&nbsp;E-27 &#8211; zalecane LED lub \u015bwietl\u00f3wki kompaktowe<\/li>\n<li><b>Spos\u00f3b monta\u017cu:<\/b>&nbsp;Dwa ko\u0142ki rozporowe<\/li>\n<li><b>IP 20, Klasa I<\/b><\/li>\n<li><b>Zestaw nie zawiera \u017car\u00f3wek oraz ko\u0142k\u00f3w rozporowych do monta\u017cu<\/b><\/li>\n<li><b>Producent:&nbsp;<\/b>LUXOLAR Polska<\/li>\n<\/ul>\n<h2>Wymiary:<\/h2>\n<\/p>\n<p><img decoding=\"async\" src=\"https:\/\/a.allegroimg.com\/original\/038e49\/87d6fa9945258269f76a0968de15\" alt=\"Zdj\u0119cie produktu\" style=\"max-width:100%; height:auto; margin:10px 0;\"><\/p>\n<h2>Opis kloszy:<\/h2>\n<\/p>\n<ul>\n<li><b>materia\u0142:&nbsp;<\/b>szk\u0142o o grubo\u015bci 1,5 mm<\/li>\n<li><b>odcie\u0144:<\/b>&nbsp;Aluminium, Bezbarwny, Miodowy &#8211; do wyboru<\/li>\n<li><b>stopie\u0144 przepuszczalno\u015bci \u015bwiat\u0142a:<\/b>&nbsp;Aluminium: 65 %, Miodowy: 70%, Bezbarwny: 100%<\/li>\n<li><b>obs\u0142ugiwane \u017car\u00f3wki:&nbsp;<\/b>z gwintem E27&nbsp; &#8211; oprawka z pier\u015bcieniem dociskowym<\/li>\n<li><b>\u015brednica otworu pod oprawk\u0119:<\/b>&nbsp;42 mm<\/li>\n<li><b>wymiary:<\/b>&nbsp;wysoko\u015b\u0107 130 mm &#8211;&nbsp; \u015brednica: 150 mm<\/li>\n<li><b>waga:<\/b>&nbsp;120g<\/li>\n<\/ul>\n<p><img decoding=\"async\" src=\"https:\/\/a.allegroimg.com\/original\/118720\/5a54e917412ba4c7c87ae559847e\" alt=\"Zdj\u0119cie produktu\" style=\"max-width:100%; height:auto; margin:10px 0;\"><\/p>\n<h2>Schemat pod\u0142\u0105czenia:<\/h2>\n<\/p>\n<p><img decoding=\"async\" src=\"https:\/\/a.allegroimg.com\/original\/11488b\/c546082b46178b200915f16e70a0\" alt=\"Zdj\u0119cie produktu\" style=\"max-width:100%; height:auto; margin:10px 0;\"><\/p>\n<h2>Klosze do wyboru:<\/h2>\n<\/p>\n<ul>\n<li><b>Aluminium<\/b><\/li>\n<\/ul>\n<ul>\n<li><b>Prze\u017aroczysty<\/b><\/li>\n<\/ul>\n<ul>\n<li><b>Miodowy<\/b><\/li>\n<\/ul>\n<p><img decoding=\"async\" src=\"https:\/\/a.allegroimg.com\/original\/11589a\/33aa473841179893b6d73c4ad30e\" alt=\"Zdj\u0119cie produktu\" style=\"max-width:100%; height:auto; margin:10px 0;\"><\/p>\n<h2>Mo\u017cliwo\u015b\u0107 tworzenia MIKS\u00d3W &#8211; stw\u00f3rz swoj\u0105 w\u0142asn\u0105 konfiguracj\u0119 kolor\u00f3w !<\/h2>\n<\/p>\n<p>Wybierz r\u00f3\u017cnego koloru klosze, a dzi\u0119ki odpowiedniemu sposobowi mocowania bez problemu zamienisz ich kolejno\u015b\u0107.<\/p>\n<p>Kolor kloszy mo\u017ce poda\u0107 w formularzu zam\u00f3wienia lub w oddzielnym e-mailu po zakupie.<\/p>\n<p><img decoding=\"async\" src=\"https:\/\/a.allegroimg.com\/original\/110514\/d3e958f04006b710e93ebd43321f\" alt=\"Zdj\u0119cie produktu\" style=\"max-width:100%; height:auto; margin:10px 0;\"><\/p>\n<h2>Zestaw zawiera:<\/h2>\n<\/p>\n<ul>\n<li><b>Kompletn\u0105, z\u0142o\u017con\u0105 lamp\u0119 (nie jest to chi\u0144skiej produkcji zestaw do samodzielnego monta\u017cu)<\/b><\/li>\n<li><b>Kostk\u0119 przy\u0142\u0105czeniow\u0105<\/b><\/li>\n<li><b>Instrukcj\u0119 obs\u0142ugi<\/b><\/li>\n<li><b>Kart\u0119 energetyczn\u0105<\/b><\/li>\n<li><b>Dokument zakupu<\/b><\/li>\n<\/ul>\n<p><b>Zestaw nie zawiera \u017ar\u00f3d\u0142a \u015bwiat\u0142a oraz ko\u0142k\u00f3w rozporowych.<\/b><\/p>\n<h2>ZALECANE \u0179R\u00d3D\u0141A \u015aWIAT\u0141A:<\/h2>\n<\/p>\n<ul>\n<li>\u017bar\u00f3wki LED z diodami SMD lub filament<\/li>\n<li>Strumie\u0144 \u015bwietlny: 900 -1300 lm<\/li>\n<li><b>Gwint E27<\/b><\/li>\n<li>Moc pobierana z sieci: 6 -12 W<\/li>\n<li>Barwa: ciep\u0142a lub bia\u0142a<\/li>\n<\/ul>\n<h2>Tradycyjny kszta\u0142t w po\u0142\u0105czeniu z nowoczesnymi diodami SMD lub Filament<\/h2>\n<p><img decoding=\"async\" src=\"https:\/\/a.allegroimg.com\/original\/03303d\/c3b1d99f4211bfec2eb9d008c1a1\" alt=\"Zdj\u0119cie produktu\" style=\"max-width:100%; height:auto; margin:10px 0;\"><\/p>\n<h2>Aran\u017cacje:<\/h2>\n<\/p>\n<p><img decoding=\"async\" src=\"https:\/\/a.allegroimg.com\/original\/03a098\/7f421fa64978b8bf3a413ec45dca\" alt=\"Zdj\u0119cie produktu\" style=\"max-width:100%; height:auto; margin:10px 0;\"><br \/>\n<img decoding=\"async\" src=\"https:\/\/a.allegroimg.com\/original\/03aa29\/5598703944b4bfe11b7dc8de283f\" alt=\"Zdj\u0119cie produktu\" style=\"max-width:100%; height:auto; margin:10px 0;\"><br \/>\n<img decoding=\"async\" src=\"https:\/\/a.allegroimg.com\/original\/032dbc\/4f496e7f43d9918ce315200a4b5c\" alt=\"Zdj\u0119cie produktu\" style=\"max-width:100%; height:auto; margin:10px 0;\"><br \/>\n<img decoding=\"async\" src=\"\" alt=\"Zdj\u0119cie produktu\" style=\"max-width:100%; height:auto; margin:10px 0;\"><\/p>\n","protected":false},"excerpt":{"rendered":"<p>Du\u017ca, nowoczesna lampa wisz\u0105ca wyposa\u017cona w sze\u015b\u0107 szklanych kloszy dost\u0119pnych do wyboru w r\u00f3\u017cnych kolorach. Lampa w pe\u0142ni z\u0142o\u017cona &#8211; nie jest to zestaw do samodzielnego monta\u017cu Do wyboru przygotowali\u015bmy 3 odcienie kloszy: Aluminium Prze\u017aroczysty Miodowy G\u0141\u00d3WNE CECHY LAMPY: Kolor konstrukcji: Czarny matowy Materia\u0142 konstrukcji: Metal Kolor kloszy do wyboru: Aluminium, Bezbarwny, Miodowy Materia\u0142 kloszy: [&hellip;]<\/p>\n","protected":false},"featured_media":41375,"comment_status":"closed","ping_status":"open","template":"","meta":{"_acf_changed":false},"product_brand":[162],"product_cat":[2596,2677],"product_tag":[],"class_list":{"0":"post-47687","1":"product","2":"type-product","3":"status-publish","4":"has-post-thumbnail","6":"product_brand-luxolar","7":"product_cat-2596","8":"product_cat-2677","9":"pa_kod-producenta-szklana-duza-lampa-830-az6-uk","10":"pa_kolekcja-830-uk","11":"pa_kolor-2232","12":"pa_kolor-2234","13":"pa_kolor-2247","14":"pa_kolor-2242","15":"pa_kolor-2236","16":"pa_liczba-punktow-swiatla-6-uk","17":"pa_marka-luxolar","18":"pa_material-dominujacy-2345","19":"pa_max-moc-pojed-zrodla-swiatla-60-uk","20":"pa_pomieszczenie-2441","21":"pa_pomieszczenie-2437","22":"pa_pomieszczenie-2438","23":"pa_pomieszczenie-2439","24":"pa_pomieszczenie-2436","25":"pa_pomieszczenie-2442","26":"pa_pomieszczenie-2443","27":"pa_pomieszczenie-2444","28":"pa_rodzaj-gwintu-e27-uk","29":"pa_rodzaj-lampy-2483","30":"pa_zasilanie-2543","31":"pa_zawiera-baterie-2545","33":"first","34":"instock","35":"purchasable","36":"product-type-simple"},"acf":[],"aioseo_notices":[],"_links":{"self":[{"href":"https:\/\/portallamp.invette.dev\/uk\/wp-json\/wp\/v2\/product\/47687","targetHints":{"allow":["GET"]}}],"collection":[{"href":"https:\/\/portallamp.invette.dev\/uk\/wp-json\/wp\/v2\/product"}],"about":[{"href":"https:\/\/portallamp.invette.dev\/uk\/wp-json\/wp\/v2\/types\/product"}],"replies":[{"embeddable":true,"href":"https:\/\/portallamp.invette.dev\/uk\/wp-json\/wp\/v2\/comments?post=47687"}],"wp:featuredmedia":[{"embeddable":true,"href":"https:\/\/portallamp.invette.dev\/uk\/wp-json\/wp\/v2\/media\/41375"}],"wp:attachment":[{"href":"https:\/\/portallamp.invette.dev\/uk\/wp-json\/wp\/v2\/media?parent=47687"}],"wp:term":[{"taxonomy":"product_brand","embeddable":true,"href":"https:\/\/portallamp.invette.dev\/uk\/wp-json\/wp\/v2\/product_brand?post=47687"},{"taxonomy":"product_cat","embeddable":true,"href":"https:\/\/portallamp.invette.dev\/uk\/wp-json\/wp\/v2\/product_cat?post=47687"},{"taxonomy":"product_tag","embeddable":true,"href":"https:\/\/portallamp.invette.dev\/uk\/wp-json\/wp\/v2\/product_tag?post=47687"}],"curies":[{"name":"wp","href":"https:\/\/api.w.org\/{rel}","templated":true}]}}