{"id":47705,"date":"2025-07-03T18:16:52","date_gmt":"2025-07-03T16:16:52","guid":{"rendered":"https:\/\/portallamp.invette.dev\/produkt\/szklana-lampa-wiszaca-sufitowa-zyrandol-kule-led-4\/"},"modified":"2025-09-17T08:40:30","modified_gmt":"2025-09-17T06:40:30","slug":"szklana-lampa-wiszaca-sufitowa-zyrandol-kule-led-4","status":"publish","type":"product","link":"https:\/\/portallamp.invette.dev\/uk\/produkt\/szklana-lampa-wiszaca-sufitowa-zyrandol-kule-led-4\/","title":{"rendered":"Szklana Lampa Wisz\u0105ca Sufitowa \u017byrandol Kule LED"},"content":{"rendered":"<h1>Elegancka lampa wisz\u0105ca sufitowa Glass Globe-EZ3 Luxolar<\/h1>\n<p>Oprawa sufitowa natynkowa, maj\u0105ca zastosowanie jako o\u015bwietlenie wewn\u0119trzne. Zbudowana z trzech szklanych kloszy oraz czarnej konstrukcji.<\/p>\n<p><img decoding=\"async\" style=\"max-width: 100%; height: auto; margin: 10px 0;\" src=\"https:\/\/a.allegroimg.com\/original\/112873\/2501852d4669a6de113281fb325d\" alt=\"Zdj\u0119cie produktu\" \/><br \/>\n<img decoding=\"async\" style=\"max-width: 100%; height: auto; margin: 10px 0;\" src=\"https:\/\/a.allegroimg.com\/original\/114aaa\/c87fdeac4104b641fb60a5b0dd6e\" alt=\"Zdj\u0119cie produktu\" \/><br \/>\n<img decoding=\"async\" style=\"max-width: 100%; height: auto; margin: 10px 0;\" src=\"https:\/\/a.allegroimg.com\/original\/11fb0a\/30eb1c564fc49c1803128f55c592\" alt=\"Zdj\u0119cie produktu\" \/><\/p>\n<h2>Idealna do:<\/h2>\n<p>\u2705 Niedu\u017cego pokoju (do 12m2)<\/p>\n<p>\u2705 Kuchni<\/p>\n<p>\u2705 Sypialni<\/p>\n<h2>G\u0142\u00f3wne cechy produktu:<\/h2>\n<p><b>\u2705\u00a0<\/b>Szklane klosze w kszta\u0142cie kuli, nie jest to plastik<\/p>\n<p>\u2705 Przew\u00f3d umo\u017cliwiaj\u0105cy zawieszenie klosza do 80cm<\/p>\n<p><b>\u2705\u00a0<\/b>Dobry stosunek ceny do jako\u015bci<\/p>\n<p><b>\u2705\u00a0<\/b>\u0141atwy monta\u017c oraz dost\u0119p do cz\u0119\u015bci zamiennych &#8211; kupujesz u Polskiego producenta.<\/p>\n<p><b>\u2705\u00a0<\/b>Kloszy nie mo\u017cna my\u0107 w zmywarce automatycznej \ud83d\ude42<\/p>\n<h2>Do wyboru przygotowali\u015bmy 3 odcienie kloszy:<\/h2>\n<ul>\n<li>Aluminium<\/li>\n<li>Prze\u017aroczysty<\/li>\n<li>Miodowy<\/li>\n<\/ul>\n<p><img decoding=\"async\" style=\"max-width: 100%; height: auto; margin: 10px 0;\" src=\"https:\/\/a.allegroimg.com\/original\/1158b4\/08ed1c144778ae5a688646ef7f9e\" alt=\"Zdj\u0119cie produktu\" \/><br \/>\n<img decoding=\"async\" style=\"max-width: 100%; height: auto; margin: 10px 0;\" src=\"https:\/\/a.allegroimg.com\/original\/113819\/9b8643414d088c0f8bb6ec23179f\" alt=\"Zdj\u0119cie produktu\" \/><br \/>\n<img decoding=\"async\" style=\"max-width: 100%; height: auto; margin: 10px 0;\" src=\"https:\/\/a.allegroimg.com\/original\/11486c\/fd2399ec489c9e89b9cbbd061523\" alt=\"Zdj\u0119cie produktu\" \/><\/p>\n<h2>Konstrukcja lampy umo\u017cliwia regulacj\u0119 wysoko\u015bci ka\u017cdego klosza (przed monta\u017cem).<\/h2>\n<p><img decoding=\"async\" style=\"max-width: 100%; height: auto; margin: 10px 0;\" src=\"https:\/\/a.allegroimg.com\/original\/110e78\/5b233b034876b3431015824d2cdd\" alt=\"Zdj\u0119cie produktu\" \/><br \/>\n<img decoding=\"async\" style=\"max-width: 100%; height: auto; margin: 10px 0;\" src=\"https:\/\/a.allegroimg.com\/original\/11e026\/0a04c9074931b8066d4a0d69dfee\" alt=\"Zdj\u0119cie produktu\" \/><\/p>\n<p><b>Parametry techniczne:<\/b><\/p>\n<p>&nbsp;<\/p>\n<ul>\n<li>Dominuj\u0105cy materia\u0142 konstrukcji: Szk\u0142o<\/li>\n<\/ul>\n<ul>\n<li>Kolor konstrukcji \/ rozety: Czarny matowy<\/li>\n<\/ul>\n<ul>\n<li>\u015arednica kloszy: 15 cm<\/li>\n<\/ul>\n<ul>\n<li>Lampa obs\u0142uguje wszystkie \u017car\u00f3wki z gwintem typu\u00a0<b>E27 do max 60 wat\u00f3w.<\/b><\/li>\n<\/ul>\n<ul>\n<li>IP 20, Klasa I<\/li>\n<\/ul>\n<ul>\n<li><b>\u0179r\u00f3d\u0142o \u015bwiat\u0142a:<\/b>\u00a0E-27 &#8211; zalecane LED<\/li>\n<\/ul>\n<ul>\n<li><b>Zasilanie:<\/b>\u00a0~230 [V] \/ bezpo\u015brednie z sieci<\/li>\n<\/ul>\n<ul>\n<li>Lampa z polskiej dystrybucji, wyprodukowana w Polsce &#8211; gwarantowany szybki dost\u0119p do serwisu i cz\u0119\u015bci zapasowych<\/li>\n<\/ul>\n<ul>\n<li>Szukasz kinkietu lub lampki nocnej pasuj\u0105cej do tej lampy? Znajdziesz je w naszych ofertach.<\/li>\n<\/ul>\n<ul>\n<li><b>Wersja w pe\u0142ni z\u0142o\u017cona &#8211; nie jest to chi\u0144ski zestaw do samodzielnego monta\u017cu<\/b><\/li>\n<\/ul>\n<h2>Wymiary:<\/h2>\n<p><img decoding=\"async\" style=\"max-width: 100%; height: auto; margin: 10px 0;\" src=\"https:\/\/a.allegroimg.com\/original\/1139b9\/d5af822743768a7640988b1864c7\" alt=\"Zdj\u0119cie produktu\" \/><\/p>\n<h2>Dane techniczne klosza:<\/h2>\n<ul>\n<li><b>materia\u0142:\u00a0<\/b>szk\u0142o o grubo\u015bci 1,5 mm<\/li>\n<li><b>odcie\u0144:<\/b>\u00a0Aluminium, Bezbarwny, Miodowy &#8211; do wyboru<\/li>\n<li><b>stopie\u0144 przepuszczalno\u015bci \u015bwiat\u0142a:<\/b>\u00a0Aluminium: 65 %, Miodowy: 70%, Bezbarwny: 100%<\/li>\n<li><b>obs\u0142ugiwane \u017car\u00f3wki:\u00a0<\/b>z gwintem E27\u00a0 &#8211; oprawka z pier\u015bcieniem dociskowym<\/li>\n<li><b>\u015brednica otworu pod oprawk\u0119:<\/b>\u00a042 mm<\/li>\n<li><b>wymiary:<\/b>\u00a0wysoko\u015b\u0107 130 mm &#8211;\u00a0 \u015brednica: 150 mm<\/li>\n<li><b>waga:<\/b> 200g<\/li>\n<\/ul>\n<p><img decoding=\"async\" style=\"max-width: 100%; height: auto; margin: 10px 0;\" src=\"https:\/\/a.allegroimg.com\/original\/113fe7\/e3e8fd3a43718f66ef5697dad980\" alt=\"Zdj\u0119cie produktu\" \/><br \/>\n<img decoding=\"async\" style=\"max-width: 100%; height: auto; margin: 10px 0;\" src=\"https:\/\/a.allegroimg.com\/original\/1136a6\/61d45563409880f020ea464bd41e\" alt=\"Zdj\u0119cie produktu\" \/><\/p>\n<h2>Zestaw zawiera:<\/h2>\n<ul>\n<li><b>Kompletn\u0105, z\u0142o\u017con\u0105 lamp\u0119 z wybranymi kloszami, klosze spakowane s\u0105 oddzielnie.<\/b><\/li>\n<li><b>Kostk\u0119 przy\u0142\u0105czeniow\u0105<\/b><\/li>\n<li><b>Instrukcj\u0119 obs\u0142ugi<\/b><\/li>\n<li><b>Dokument zakupu<\/b><\/li>\n<\/ul>\n<p><b>Zestaw nie zawiera \u017ar\u00f3d\u0142a \u015bwiat\u0142a oraz ko\u0142k\u00f3w rozporowych.<\/b><\/p>\n<h2>ZALECANE \u0179R\u00d3D\u0141A \u015aWIAT\u0141A:<\/h2>\n<ul>\n<li>\u017bar\u00f3wki LED z diodami SMD lub filament<\/li>\n<li>Strumie\u0144 \u015bwietlny: 900 -1300 lm<\/li>\n<li><b>Gwint E27<\/b><\/li>\n<li>Moc pobierana z sieci: 6 -12 W<\/li>\n<li>Barwa: ciep\u0142a lub bia\u0142a<\/li>\n<\/ul>\n<h2>Tradycyjny kszta\u0142t w po\u0142\u0105czeniu z nowoczesnymi diodami SMD lub Filament<\/h2>\n<p><img decoding=\"async\" style=\"max-width: 100%; height: auto; margin: 10px 0;\" src=\"https:\/\/a.allegroimg.com\/original\/03303d\/c3b1d99f4211bfec2eb9d008c1a1\" alt=\"Zdj\u0119cie produktu\" \/><\/p>\n<h2>Aran\u017cacje:<\/h2>\n<p><img decoding=\"async\" style=\"max-width: 100%; height: auto; margin: 10px 0;\" src=\"https:\/\/a.allegroimg.com\/original\/11ba8c\/76af39b949bdaeb05a47be2e7af4\" alt=\"Zdj\u0119cie produktu\" \/><br \/>\n<img decoding=\"async\" style=\"max-width: 100%; height: auto; margin: 10px 0;\" src=\"https:\/\/a.allegroimg.com\/original\/115e7b\/2b7f4983481d832f16bcef5c9fb5\" alt=\"Zdj\u0119cie produktu\" \/><br \/>\n<img decoding=\"async\" style=\"max-width: 100%; height: auto; margin: 10px 0;\" src=\"https:\/\/a.allegroimg.com\/original\/112873\/2501852d4669a6de113281fb325d\" alt=\"Zdj\u0119cie produktu\" \/><br \/>\n<img decoding=\"async\" style=\"max-width: 100%; height: auto; margin: 10px 0;\" src=\"https:\/\/a.allegroimg.com\/original\/11bb44\/1087eb0342d19c52f079bb163757\" alt=\"Zdj\u0119cie produktu\" \/><br \/>\n<img decoding=\"async\" style=\"max-width: 100%; height: auto; margin: 10px 0;\" src=\"https:\/\/a.allegroimg.com\/original\/11ec49\/ae39eca24492867a8eaa0a99e5de\" alt=\"Zdj\u0119cie produktu\" \/><\/p>\n","protected":false},"excerpt":{"rendered":"<p>Elegancka lampa wisz\u0105ca sufitowa Glass Globe-EZ3 Luxolar Oprawa sufitowa natynkowa, maj\u0105ca zastosowanie jako o\u015bwietlenie wewn\u0119trzne. Zbudowana z trzech szklanych kloszy oraz czarnej konstrukcji. Idealna do: \u2705 Niedu\u017cego pokoju (do 12m2) \u2705 Kuchni \u2705 Sypialni G\u0142\u00f3wne cechy produktu: \u2705\u00a0Szklane klosze w kszta\u0142cie kuli, nie jest to plastik \u2705 Przew\u00f3d umo\u017cliwiaj\u0105cy zawieszenie klosza do 80cm \u2705\u00a0Dobry stosunek [&hellip;]<\/p>\n","protected":false},"featured_media":40898,"comment_status":"closed","ping_status":"closed","template":"","meta":{"_acf_changed":false},"product_brand":[162],"product_cat":[2596,2677],"product_tag":[2062],"class_list":{"0":"post-47705","1":"product","2":"type-product","3":"status-publish","4":"has-post-thumbnail","6":"product_brand-luxolar","7":"product_cat-2596","8":"product_cat-2677","9":"product_tag-2062","10":"pa_klasa-efektywnosci-a-uk","11":"pa_kod-producenta-szklana-lampa-wiszaca-830-ez3-uk","12":"pa_kolekcja-830-uk","13":"pa_kolor-2232","14":"pa_kolor-2247","15":"pa_kolor-2243","16":"pa_kolor-2236","17":"pa_liczba-punktow-swiatla-3-uk","18":"pa_marka-luxolar","19":"pa_material-dominujacy-2345","20":"pa_max-moc-pojed-zrodla-swiatla-60-uk","21":"pa_pomieszczenie-2441","22":"pa_pomieszczenie-2437","23":"pa_pomieszczenie-2438","24":"pa_pomieszczenie-2439","25":"pa_pomieszczenie-2436","26":"pa_pomieszczenie-2442","27":"pa_pomieszczenie-2443","28":"pa_pomieszczenie-2444","29":"pa_rodzaj-gwintu-e27-uk","30":"pa_rodzaj-lampy-2483","31":"pa_zasilanie-2543","32":"pa_zawiera-baterie-2545","33":"pa_zrodlo-swiatla-2547","35":"first","36":"instock","37":"purchasable","38":"product-type-simple"},"acf":[],"aioseo_notices":[],"_links":{"self":[{"href":"https:\/\/portallamp.invette.dev\/uk\/wp-json\/wp\/v2\/product\/47705","targetHints":{"allow":["GET"]}}],"collection":[{"href":"https:\/\/portallamp.invette.dev\/uk\/wp-json\/wp\/v2\/product"}],"about":[{"href":"https:\/\/portallamp.invette.dev\/uk\/wp-json\/wp\/v2\/types\/product"}],"replies":[{"embeddable":true,"href":"https:\/\/portallamp.invette.dev\/uk\/wp-json\/wp\/v2\/comments?post=47705"}],"wp:featuredmedia":[{"embeddable":true,"href":"https:\/\/portallamp.invette.dev\/uk\/wp-json\/wp\/v2\/media\/40898"}],"wp:attachment":[{"href":"https:\/\/portallamp.invette.dev\/uk\/wp-json\/wp\/v2\/media?parent=47705"}],"wp:term":[{"taxonomy":"product_brand","embeddable":true,"href":"https:\/\/portallamp.invette.dev\/uk\/wp-json\/wp\/v2\/product_brand?post=47705"},{"taxonomy":"product_cat","embeddable":true,"href":"https:\/\/portallamp.invette.dev\/uk\/wp-json\/wp\/v2\/product_cat?post=47705"},{"taxonomy":"product_tag","embeddable":true,"href":"https:\/\/portallamp.invette.dev\/uk\/wp-json\/wp\/v2\/product_tag?post=47705"}],"curies":[{"name":"wp","href":"https:\/\/api.w.org\/{rel}","templated":true}]}}