{"id":47723,"date":"2025-07-03T18:16:52","date_gmt":"2025-07-03T16:16:52","guid":{"rendered":"https:\/\/portallamp.invette.dev\/produkt\/kinkiet-scienny-z-wlacznikiem-loft-edison-led\/"},"modified":"2025-09-17T08:41:28","modified_gmt":"2025-09-17T06:41:28","slug":"kinkiet-scienny-z-wlacznikiem-loft-edison-led","status":"publish","type":"product","link":"https:\/\/portallamp.invette.dev\/uk\/produkt\/kinkiet-scienny-z-wlacznikiem-loft-edison-led\/","title":{"rendered":"KINKIET \u015aCIENNY z W\u0142\u0105cznikiem LOFT EDISON LED"},"content":{"rendered":"<p><img decoding=\"async\" src=\"https:\/\/a.allegroimg.com\/original\/033f26\/dac2e76b40f29ec95eee58e18139\" alt=\"Zdj\u0119cie produktu\" style=\"max-width:100%; height:auto; margin:10px 0;\"><\/p>\n<h1>Przedmiotem sprzeda\u017cy jest:<\/h1>\n<h2>Wysokiej jako\u015bci lampa \u015bcienna kinkiet &nbsp;w stylu industrialnym.<\/h2>\n<p>nr kat: 762-K1 LUXOLAR<\/p>\n<p><img decoding=\"async\" src=\"https:\/\/a.allegroimg.com\/original\/031b16\/b70e24b441cc8d99a95eedfa7b2f\" alt=\"Zdj\u0119cie produktu\" style=\"max-width:100%; height:auto; margin:10px 0;\"><br \/>\n<img decoding=\"async\" src=\"https:\/\/a.allegroimg.com\/original\/03184a\/f9c7bdd142d4a7b8c2874a7776aa\" alt=\"Zdj\u0119cie produktu\" style=\"max-width:100%; height:auto; margin:10px 0;\"><\/p>\n<h1>Lampa dost\u0119pna w trzech kolorach:<\/h1>\n<ul>\n<li>Czarny<\/li>\n<li>Czarny z dodatkiem chromu<\/li>\n<li>Czarny z dodatkiem miedzi<\/li>\n<\/ul>\n<p><img decoding=\"async\" src=\"https:\/\/a.allegroimg.com\/original\/03f3f3\/b3a528954a8fa05cd5e1558a3e9f\" alt=\"Zdj\u0119cie produktu\" style=\"max-width:100%; height:auto; margin:10px 0;\"><\/p>\n<p><b>Wersja w pe\u0142ni z\u0142o\u017cona &#8211; nie jest to zestaw do samodzielnego monta\u017cu<\/b><\/p>\n<\/p>\n<p><img decoding=\"async\" src=\"https:\/\/a.allegroimg.com\/original\/031b16\/b70e24b441cc8d99a95eedfa7b2f\" alt=\"Zdj\u0119cie produktu\" style=\"max-width:100%; height:auto; margin:10px 0;\"><\/p>\n<p><b><\/b><\/p>\n<p><b>G\u0141\u00d3WNE CECHY KINKIETU:<\/b><\/p>\n<p><b><\/b><\/p>\n<ul>\n<li><b>Kolor Lampy do wyboru: Czarna \/ Chrom \/ Mied\u017a<\/b><\/li>\n<\/ul>\n<ul>\n<li>Przeznaczony jako o\u015bwietlenie uzupe\u0142niaj\u0105ce, dekoracyjne do pomieszcze\u0144 wewn\u0105trz domu z wy\u0142\u0105czeniem \u0142azienki lub miejsc o zwi\u0119kszonej wilgotno\u015bci.<\/li>\n<\/ul>\n<ul>\n<li>Wersja z wbudowanym w\u0142\u0105cznikiem<\/li>\n<\/ul>\n<ul>\n<li>Nowoczesny Styl &#8211; &nbsp;\u0142atwo wkomponuje si\u0119 w uk\u0142ad mieszkania<\/li>\n<\/ul>\n<ul>\n<li>Solidna metalowa konstrukcja malowana proszkowo<\/li>\n<\/ul>\n<ul>\n<li>Lampa obs\u0142uguje wszystkie \u017car\u00f3wki z gwintem typu E27 do max 60 wat\u00f3w.<\/li>\n<\/ul>\n<ul>\n<li>Lampa z polskiej dystrybucji, wyprodukowana w Polsce &#8211; gwarantowany szybki dost\u0119p do serwisu i cz\u0119\u015bci zapasowych<\/li>\n<\/ul>\n<ul>\n<li>Wersja w pe\u0142ni z\u0142o\u017cona &#8211; nie jest to zestaw do samodzielnego monta\u017cu<\/li>\n<\/ul>\n<ul>\n<li>Kinkiet jest cz\u0119\u015bci\u0105 wi\u0119kszej serii lamp &#8211; bez problemu dokupisz \u017cyrandol czy lampk\u0119 nocn\u0105<\/li>\n<\/ul>\n<h1>Dane techniczne:<\/h1>\n<\/p>\n<ul>\n<li><b>Materia\u0142 konstrukcji:<\/b> metal malowany proszkowo<\/li>\n<li><b>Wymiary:<\/b> Wysoko\u015b\u0107 ca\u0142kowita 23 cm <b>,<\/b> puszka: 8 x 8 cm, g\u0142\u0119boko\u015b\u0107 od \u015bciany: 20 cm<\/li>\n<li><b>Wymiary klosza:<\/b> 13 x 13 x 10 cm<\/li>\n<li><b>Zasilanie:<\/b> ~230 [V] \/ bezpo\u015brednie z sieci &#8211; wersja z wbudowanym w\u0142\u0105cznikiem \u0142a\u0144cuszkowym<\/li>\n<li><b>\u0179r\u00f3d\u0142o \u015bwiat\u0142a:<\/b>&nbsp;E-27 &#8211; zalecane LED lub \u015bwietl\u00f3wki kompaktowe<\/li>\n<li><b>Spos\u00f3b monta\u017cu:<\/b>&nbsp;dwa ko\u0142ki rozporowe<\/li>\n<li><b>IP 20, Klasa I<\/b><\/li>\n<li><b>Producent:&nbsp;<\/b>LUXOLAR Polska<\/li>\n<\/ul>\n<p><img decoding=\"async\" src=\"https:\/\/a.allegroimg.com\/original\/034e5d\/39be28d8415f90daf3623c39caea\" alt=\"Zdj\u0119cie produktu\" style=\"max-width:100%; height:auto; margin:10px 0;\"><\/p>\n<h1>ZESTAW ZAWIERA:<\/h1>\n<\/p>\n<ul>\n<li><b>Kompletny, z\u0142o\u017cony kinkiet, (nie jest to chi\u0144skiej produkcji zestaw do samodzielnego monta\u017cu)<\/b><\/li>\n<li><b>Elektryczn\u0105 kostk\u0119 przy\u0142\u0105czeniow\u0105<\/b><\/li>\n<li><b>Instrukcj\u0119 obs\u0142ugi<\/b><\/li>\n<li><b>Kart\u0119 energetyczn\u0105<\/b><\/li>\n<li><b>Dokument zakupu<\/b><\/li>\n<\/ul>\n<p><b>Zestaw nie zawiera \u017ar\u00f3d\u0142a \u015bwiat\u0142a oraz ko\u0142k\u00f3w rozporowych<\/b><\/p>\n<h1>ZALECANE \u0179R\u00d3D\u0141A \u015aWIAT\u0141A:<\/h1>\n<\/p>\n<ul>\n<li>\u017bar\u00f3wki LED z diodami SMD lub filament<\/li>\n<li>Strumie\u0144 \u015bwietlny: 900 -1300 lm<\/li>\n<li><b>Gwint E27<\/b><\/li>\n<li>Moc pobierana z sieci: 6 -12 W<\/li>\n<li>Barwa: ciep\u0142a lub bia\u0142a (2700 &#8211; 3000 K)<\/li>\n<\/ul>\n<p><img decoding=\"async\" src=\"https:\/\/a.allegroimg.com\/original\/0300eb\/8676ce474253808a941d6503677d\" alt=\"Zdj\u0119cie produktu\" style=\"max-width:100%; height:auto; margin:10px 0;\"><\/p>\n<h1>Aran\u017cacje:<\/h1>\n<\/p>\n<p><img decoding=\"async\" src=\"https:\/\/a.allegroimg.com\/original\/032779\/caa1f70b461ea2091337f4b8b854\" alt=\"Zdj\u0119cie produktu\" style=\"max-width:100%; height:auto; margin:10px 0;\"><br \/>\n<img decoding=\"async\" src=\"https:\/\/a.allegroimg.com\/original\/031b16\/b70e24b441cc8d99a95eedfa7b2f\" alt=\"Zdj\u0119cie produktu\" style=\"max-width:100%; height:auto; margin:10px 0;\"><br \/>\n<img decoding=\"async\" src=\"https:\/\/a.allegroimg.com\/original\/03184a\/f9c7bdd142d4a7b8c2874a7776aa\" alt=\"Zdj\u0119cie produktu\" style=\"max-width:100%; height:auto; margin:10px 0;\"><br \/>\n<img decoding=\"async\" src=\"https:\/\/a.allegroimg.com\/original\/033f26\/dac2e76b40f29ec95eee58e18139\" alt=\"Zdj\u0119cie produktu\" style=\"max-width:100%; height:auto; margin:10px 0;\"><\/p>\n","protected":false},"excerpt":{"rendered":"<p>Przedmiotem sprzeda\u017cy jest: Wysokiej jako\u015bci lampa \u015bcienna kinkiet &nbsp;w stylu industrialnym. nr kat: 762-K1 LUXOLAR Lampa dost\u0119pna w trzech kolorach: Czarny Czarny z dodatkiem chromu Czarny z dodatkiem miedzi Wersja w pe\u0142ni z\u0142o\u017cona &#8211; nie jest to zestaw do samodzielnego monta\u017cu G\u0141\u00d3WNE CECHY KINKIETU: Kolor Lampy do wyboru: Czarna \/ Chrom \/ Mied\u017a Przeznaczony jako [&hellip;]<\/p>\n","protected":false},"featured_media":40274,"comment_status":"closed","ping_status":"open","template":"","meta":{"_acf_changed":false},"product_brand":[162],"product_cat":[2596,2830],"product_tag":[],"class_list":{"0":"post-47723","1":"product","2":"type-product","3":"status-publish","4":"has-post-thumbnail","6":"product_brand-luxolar","7":"product_cat-2596","8":"product_cat--uk","9":"pa_kod-producenta-762-kw1-uk","10":"pa_kolekcja-953-uk","11":"pa_kolor-2246","12":"pa_kolor-2242","13":"pa_kolor-2236","14":"pa_liczba-punktow-swiatla-1-uk","15":"pa_marka-luxolar","16":"pa_material-dominujacy-2341","17":"pa_max-moc-pojed-zrodla-swiatla-60-uk","18":"pa_rodzaj-gwintu-e27-uk","19":"pa_zawiera-baterie-2545","20":"pa_zrodlo-swiatla-2547","22":"first","23":"instock","24":"purchasable","25":"product-type-simple"},"acf":[],"aioseo_notices":[],"_links":{"self":[{"href":"https:\/\/portallamp.invette.dev\/uk\/wp-json\/wp\/v2\/product\/47723","targetHints":{"allow":["GET"]}}],"collection":[{"href":"https:\/\/portallamp.invette.dev\/uk\/wp-json\/wp\/v2\/product"}],"about":[{"href":"https:\/\/portallamp.invette.dev\/uk\/wp-json\/wp\/v2\/types\/product"}],"replies":[{"embeddable":true,"href":"https:\/\/portallamp.invette.dev\/uk\/wp-json\/wp\/v2\/comments?post=47723"}],"wp:featuredmedia":[{"embeddable":true,"href":"https:\/\/portallamp.invette.dev\/uk\/wp-json\/wp\/v2\/media\/40274"}],"wp:attachment":[{"href":"https:\/\/portallamp.invette.dev\/uk\/wp-json\/wp\/v2\/media?parent=47723"}],"wp:term":[{"taxonomy":"product_brand","embeddable":true,"href":"https:\/\/portallamp.invette.dev\/uk\/wp-json\/wp\/v2\/product_brand?post=47723"},{"taxonomy":"product_cat","embeddable":true,"href":"https:\/\/portallamp.invette.dev\/uk\/wp-json\/wp\/v2\/product_cat?post=47723"},{"taxonomy":"product_tag","embeddable":true,"href":"https:\/\/portallamp.invette.dev\/uk\/wp-json\/wp\/v2\/product_tag?post=47723"}],"curies":[{"name":"wp","href":"https:\/\/api.w.org\/{rel}","templated":true}]}}