{"id":47801,"date":"2025-07-03T18:14:56","date_gmt":"2025-07-03T16:14:56","guid":{"rendered":"https:\/\/portallamp.invette.dev\/produkt\/lampa-sufitowa-zyrandol-petla-loft-edison-led\/"},"modified":"2025-07-03T18:14:56","modified_gmt":"2025-07-03T16:14:56","slug":"lampa-sufitowa-zyrandol-petla-loft-edison-led","status":"publish","type":"product","link":"https:\/\/portallamp.invette.dev\/uk\/produkt\/lampa-sufitowa-zyrandol-petla-loft-edison-led\/","title":{"rendered":"LAMPA SUFITOWA \u017bYRANDOL P\u0118TLA LOFT EDISON LED"},"content":{"rendered":"<h2>Designerska lampa sufitowa &#8211; plafon &#8211; \u017cyrandol zaprojektowana w nowoczesnym stylu.<\/h2>\n<\/p>\n<p><b>Lampa w pe\u0142ni z\u0142o\u017cona &#8211; nie jest to zestaw do samodzielnego monta\u017cu<\/b><\/p>\n<\/p>\n<p><img decoding=\"async\" src=\"https:\/\/a.allegroimg.com\/original\/03879d\/145384204671a4f5236cd109e8f9\" alt=\"Zdj\u0119cie produktu\" style=\"max-width:100%; height:auto; margin:10px 0;\"><br \/>\n<img decoding=\"async\" src=\"https:\/\/a.allegroimg.com\/original\/03da9f\/da849b02458ab459a5b35cc7a708\" alt=\"Zdj\u0119cie produktu\" style=\"max-width:100%; height:auto; margin:10px 0;\"><\/p>\n<h2>Dost\u0119pna w trzech kolorach:<\/h2>\n<p><b>&#8211; Czarnym<\/b><\/p>\n<p><b>&#8211; Szarym<\/b><\/p>\n<p><b>&#8211; Bia\u0142ym<\/b><\/p>\n<\/p>\n<p><img decoding=\"async\" src=\"https:\/\/a.allegroimg.com\/original\/03bd12\/bde507ff43cf8ba503ebb81f1849\" alt=\"Zdj\u0119cie produktu\" style=\"max-width:100%; height:auto; margin:10px 0;\"><br \/>\n<img decoding=\"async\" src=\"https:\/\/a.allegroimg.com\/original\/035a70\/3dd7a8f84ed59eb7b395bed325ff\" alt=\"Zdj\u0119cie produktu\" style=\"max-width:100%; height:auto; margin:10px 0;\"><\/p>\n<p><b><\/b><\/p>\n<p><b>G\u0142\u00f3wne cechy lampy:<\/b><\/p>\n<p><b><\/b><\/p>\n<ul>\n<li><b>Kolor konstrukcji: Czarny matowy, Szary lub Bia\u0142y<\/b><\/li>\n<\/ul>\n<ul>\n<li>Nowoczesny Styl &#8211; &nbsp;\u0142atwo wkomponuje si\u0119 w uk\u0142ad mieszkania<\/li>\n<\/ul>\n<ul>\n<li>Solidna metalowa, sztywna konstrukcja malowana proszkowo<\/li>\n<\/ul>\n<ul>\n<li>Przeznaczona jako o\u015bwietlenie g\u0142\u00f3wne w pomieszczeniach o powierzchni 9-16 m2<\/li>\n<\/ul>\n<ul>\n<li>Lampa obs\u0142uguje wszystkie \u017car\u00f3wki z gwintem typu E27 do max 60 wat\u00f3w.<\/li>\n<\/ul>\n<ul>\n<li>Dodatkowym atutem s\u0105 dwa niezale\u017cne obwody elektryczne, dzi\u0119ki kt\u00f3rym w zale\u017cno\u015bci od potrzeb, mo\u017cemy sterowa\u0107 ilo\u015bci\u0105 w\u0142\u0105czonych \u017car\u00f3wek.<\/li>\n<\/ul>\n<ul>\n<li>Lampa z polskiej dystrybucji, wyprodukowana w Polsce &#8211; gwarantowany szybki dost\u0119p do serwisu i cz\u0119\u015bci zapasowych<\/li>\n<\/ul>\n<ul>\n<li>Cena &#8211; za podobn\u0105 lamp\u0119 w popularnych marketach budowlanych zap\u0142acisz od 150 do 250 z\u0142<\/li>\n<\/ul>\n<h2>Dane techniczne:<\/h2>\n<\/p>\n<ul>\n<li><b>Materia\u0142 konstrukcji:<\/b> metal malowany proszkowo w kolorze czarnym<\/li>\n<li><b>Wymiary:<\/b> Wysoko\u015b\u0107 ca\u0142kowita max 36 cm <b>,<\/b> \u015brednica podsufitki: 13 cm, Rozpi\u0119to\u015b\u0107: max 65 cm<\/li>\n<li><b>Zasilanie:<\/b>&nbsp;~230 [V] \/ bezpo\u015brednie z sieci, dwa niezale\u017cne obwody elektryczne, w\u0142\u0105czanie 2+1<\/li>\n<li><b>\u0179r\u00f3d\u0142o \u015bwiat\u0142a:<\/b> E-27 &#8211; zalecane LED lub \u015bwietl\u00f3wki kompaktowe<\/li>\n<li><b>Spos\u00f3b monta\u017cu:<\/b> Dwa ko\u0142ki rozporowe<\/li>\n<li><b>IP 20, Klasa I<\/b><\/li>\n<li><b>Zestaw nie zawiera \u017car\u00f3wek oraz ko\u0142k\u00f3w rozporowych do monta\u017cu<\/b><\/li>\n<li><b>Producent: <\/b>LUXOLAR Polska<\/li>\n<\/ul>\n<ul>\n<li><b>Lampa w pe\u0142ni z\u0142o\u017cona &#8211; nie jest to zestaw do samodzielnego monta\u017cu.<\/b><\/li>\n<\/ul>\n<h2>WYMIARY:<\/h2>\n<p><img decoding=\"async\" src=\"https:\/\/a.allegroimg.com\/original\/039c56\/8c6c32b5470a94308c14a28c944e\" alt=\"Zdj\u0119cie produktu\" style=\"max-width:100%; height:auto; margin:10px 0;\"><br \/>\n<img decoding=\"async\" src=\"https:\/\/a.allegroimg.com\/original\/03d80c\/f54e631f415bb83de972f7b851ff\" alt=\"Zdj\u0119cie produktu\" style=\"max-width:100%; height:auto; margin:10px 0;\"><\/p>\n<h2>ZALECANE \u0179R\u00d3D\u0141A \u015aWIAT\u0141A:<\/h2>\n<\/p>\n<ul>\n<li>\u017bar\u00f3wki LED z diodami SMD lub filament<\/li>\n<li>Strumie\u0144 \u015bwietlny: 900 -1300 lm<\/li>\n<li><b>Gwint E27<\/b><\/li>\n<li>Moc pobierana z sieci: 6 -12 W<\/li>\n<li>Barwa: ciep\u0142a lub bia\u0142a<\/li>\n<\/ul>\n<p><b>Tradycyjny kszta\u0142t w po\u0142\u0105czeniu z nowoczesnymi diodami SMD lub Filament<\/b><\/p>\n<p><img decoding=\"async\" src=\"https:\/\/a.allegroimg.com\/original\/03bcee\/d9967c22482c8db35910f7e9d13a\" alt=\"Zdj\u0119cie produktu\" style=\"max-width:100%; height:auto; margin:10px 0;\"><\/p>\n<h2>ETAPY REALIZACJI ZAM\u00d3WIENIA:<\/h2>\n<ol>\n<li><b>Wybierz kolor&nbsp;konstrukcji:&nbsp;<\/b>Czarny, Szary, Bia\u0142y.<\/li>\n<li><b>Wpisz wybrany kolor&nbsp;<\/b>&#8211; w formularzu zam\u00f3wienia.<\/li>\n<\/ol>\n<p><b>Poprawne przes\u0142anie powy\u017cszych informacji znacznie przyspieszy realizacj\u0119 zam\u00f3wienia.<\/b><\/p>\n<p><img decoding=\"async\" src=\"https:\/\/a.allegroimg.com\/original\/03bd12\/bde507ff43cf8ba503ebb81f1849\" alt=\"Zdj\u0119cie produktu\" style=\"max-width:100%; height:auto; margin:10px 0;\"><\/p>\n<h2>ARAN\u017bACJE:<\/h2>\n<\/p>\n<p><img decoding=\"async\" src=\"https:\/\/a.allegroimg.com\/original\/03a079\/fc324184456b978e6b28845ab936\" alt=\"Zdj\u0119cie produktu\" style=\"max-width:100%; height:auto; margin:10px 0;\"><br \/>\n<img decoding=\"async\" src=\"https:\/\/a.allegroimg.com\/original\/03924f\/31622bfb4291b1723096992f0d5a\" alt=\"Zdj\u0119cie produktu\" style=\"max-width:100%; height:auto; margin:10px 0;\"><br \/>\n<img decoding=\"async\" src=\"https:\/\/a.allegroimg.com\/original\/035a70\/3dd7a8f84ed59eb7b395bed325ff\" alt=\"Zdj\u0119cie produktu\" style=\"max-width:100%; height:auto; margin:10px 0;\"><br \/>\n<img decoding=\"async\" src=\"https:\/\/a.allegroimg.com\/original\/03e34e\/21b41f484890b3be365af3ff6660\" alt=\"Zdj\u0119cie produktu\" style=\"max-width:100%; height:auto; margin:10px 0;\"><\/p>\n","protected":false},"excerpt":{"rendered":"<p>Designerska lampa sufitowa &#8211; plafon &#8211; \u017cyrandol zaprojektowana w nowoczesnym stylu. Lampa w pe\u0142ni z\u0142o\u017cona &#8211; nie jest to zestaw do samodzielnego monta\u017cu Dost\u0119pna w trzech kolorach: &#8211; Czarnym &#8211; Szarym &#8211; Bia\u0142ym G\u0142\u00f3wne cechy lampy: Kolor konstrukcji: Czarny matowy, Szary lub Bia\u0142y Nowoczesny Styl &#8211; &nbsp;\u0142atwo wkomponuje si\u0119 w uk\u0142ad mieszkania Solidna metalowa, sztywna [&hellip;]<\/p>\n","protected":false},"featured_media":39479,"comment_status":"closed","ping_status":"open","template":"","meta":{"_acf_changed":false},"product_brand":[162],"product_cat":[2596,2677],"product_tag":[],"class_list":{"0":"post-47801","1":"product","2":"type-product","3":"status-publish","4":"has-post-thumbnail","6":"product_brand-luxolar","7":"product_cat-2596","8":"product_cat-2677","9":"pa_klasa-efektywnosci-a-uk","10":"pa_kod-producenta-lampa-sufitowa-zyrandol-811-3-uk","11":"pa_kolekcja-811-uk","12":"pa_kolor-2234","13":"pa_kolor-2243","14":"pa_kolor-2236","15":"pa_liczba-punktow-swiatla-3-uk","16":"pa_marka-luxolar","17":"pa_material-dominujacy-2341","18":"pa_max-moc-pojed-zrodla-swiatla-60-uk","19":"pa_pomieszczenie-2441","20":"pa_pomieszczenie-2437","21":"pa_pomieszczenie-2438","22":"pa_pomieszczenie-2439","23":"pa_pomieszczenie-2436","24":"pa_pomieszczenie-2442","25":"pa_pomieszczenie-2443","26":"pa_pomieszczenie-2444","27":"pa_rodzaj-gwintu-e27-uk","28":"pa_rodzaj-lampy-2483","29":"pa_zasilanie-2543","30":"pa_zawiera-baterie-2545","31":"pa_zrodlo-swiatla-2547","33":"first","34":"instock","35":"purchasable","36":"product-type-simple"},"acf":[],"aioseo_notices":[],"_links":{"self":[{"href":"https:\/\/portallamp.invette.dev\/uk\/wp-json\/wp\/v2\/product\/47801","targetHints":{"allow":["GET"]}}],"collection":[{"href":"https:\/\/portallamp.invette.dev\/uk\/wp-json\/wp\/v2\/product"}],"about":[{"href":"https:\/\/portallamp.invette.dev\/uk\/wp-json\/wp\/v2\/types\/product"}],"replies":[{"embeddable":true,"href":"https:\/\/portallamp.invette.dev\/uk\/wp-json\/wp\/v2\/comments?post=47801"}],"wp:featuredmedia":[{"embeddable":true,"href":"https:\/\/portallamp.invette.dev\/uk\/wp-json\/wp\/v2\/media\/39479"}],"wp:attachment":[{"href":"https:\/\/portallamp.invette.dev\/uk\/wp-json\/wp\/v2\/media?parent=47801"}],"wp:term":[{"taxonomy":"product_brand","embeddable":true,"href":"https:\/\/portallamp.invette.dev\/uk\/wp-json\/wp\/v2\/product_brand?post=47801"},{"taxonomy":"product_cat","embeddable":true,"href":"https:\/\/portallamp.invette.dev\/uk\/wp-json\/wp\/v2\/product_cat?post=47801"},{"taxonomy":"product_tag","embeddable":true,"href":"https:\/\/portallamp.invette.dev\/uk\/wp-json\/wp\/v2\/product_tag?post=47801"}],"curies":[{"name":"wp","href":"https:\/\/api.w.org\/{rel}","templated":true}]}}