{"id":47951,"date":"2025-07-03T18:12:48","date_gmt":"2025-07-03T16:12:48","guid":{"rendered":"https:\/\/portallamp.invette.dev\/produkt\/lampa-sufitowa-zyrandol-led-3xe27-czarna-384-b3\/"},"modified":"2025-07-03T18:12:48","modified_gmt":"2025-07-03T16:12:48","slug":"lampa-sufitowa-zyrandol-led-3xe27-czarna-384-b3","status":"publish","type":"product","link":"https:\/\/portallamp.invette.dev\/uk\/produkt\/lampa-sufitowa-zyrandol-led-3xe27-czarna-384-b3\/","title":{"rendered":"Lampa sufitowa \u017cyrandol LED 3xE27 czarna 384-B3"},"content":{"rendered":"<h2>Nowoczesna lampa &#8211;&nbsp; plafon &#8211; wyposa\u017cona w trzy metalowe, ruchome klosze wykonane z metalu.<\/h2>\n<p><img decoding=\"async\" src=\"https:\/\/b.allegroimg.com\/original\/03c721\/b3fdc00448819a4e9526fb1e68cb\" alt=\"Zdj\u0119cie produktu\" style=\"max-width:100%; height:auto; margin:10px 0;\"><br \/>\n<img decoding=\"async\" src=\"https:\/\/3.allegroimg.com\/original\/0381c7\/651fdaac46278a000fafa9538393\" alt=\"Zdj\u0119cie produktu\" style=\"max-width:100%; height:auto; margin:10px 0;\"><\/p>\n<p><b>Nowa Lampa Sufitowa \u017cyrandol Plafon 384-B3 w stylu minimalistycznym z aba\u017curami na kszta\u0142t &nbsp;trzech ruchomych walc\u00f3w.<\/b><\/p>\n<ul>\n<li><b>Kolor lampy: Czarny matowy<\/b><\/li>\n<\/ul>\n<ul>\n<li>Obs\u0142uguje wszystkie \u017car\u00f3wki z gwintem typu E27 do max 60 wat\u00f3w &#8211; zalecane LED EDISON<\/li>\n<\/ul>\n<ul>\n<li><b>Plafon wyposa\u017cony w przeguby &#8211; &nbsp;w prosty spos\u00f3b ustawisz kierunek aba\u017cur\u00f3w.<\/b><\/li>\n<\/ul>\n<ul>\n<li>Model 384-B3 wyposa\u017cono w dwa niezale\u017cne obwody elektryczne, dzi\u0119ki kt\u00f3rym w zale\u017cno\u015bci od potrzeb, mo\u017cemy sterowa\u0107 ilo\u015bci\u0105 w\u0142\u0105czonych \u017car\u00f3wek.<\/li>\n<\/ul>\n<ul>\n<li>Solida i sprawdzona konstrukcja &#8211; Lampa sufitowa 384-B3 go\u015bci na rynku lamp ju\u017c od d\u0142u\u017cszego czasu &#8211; brak reklamacji<\/li>\n<\/ul>\n<h2>Dane techniczne:<\/h2>\n<ul>\n<li><b>materia\u0142 konstrukcji:<\/b>&nbsp;metal malowany proszkowo<\/li>\n<li><b>wymiary:<\/b>&nbsp;wysoko\u015b\u0107 ca\u0142kowita lampy 20 cm, Wymiar podsufitki: 60 x 5 cm<\/li>\n<li><b>regulacja k\u0105ta i kierunku \u017car\u00f3wki: &nbsp; <\/b>tak<\/li>\n<li><b>zasilanie:<\/b>&nbsp;~230 [V] \/ nie wymaga transformatora, dwa niezale\u017cne obwody elektryczne<\/li>\n<li><b>\u017ar\u00f3d\u0142o \u015bwiat\u0142a:<\/b>&nbsp;E-27 do max 60W<\/li>\n<li><b>zestaw nie zawiera \u017car\u00f3wek oraz ko\u0142k\u00f3w rozporowych do monta\u017cu<\/b><\/li>\n<li><b>producent:&nbsp;<\/b>LUXOLAR<\/li>\n<\/ul>\n<p><img decoding=\"async\" src=\"https:\/\/0.allegroimg.com\/original\/038a71\/e429f1fe451ba9980749146c16a0\" alt=\"Zdj\u0119cie produktu\" style=\"max-width:100%; height:auto; margin:10px 0;\"><br \/>\n<img decoding=\"async\" src=\"https:\/\/3.allegroimg.com\/original\/0381c7\/651fdaac46278a000fafa9538393\" alt=\"Zdj\u0119cie produktu\" style=\"max-width:100%; height:auto; margin:10px 0;\"><\/p>\n<h1>Zalecane \u017ar\u00f3d\u0142o \u015bwiat\u0142a:<\/h1>\n<p>\u017bar\u00f3wki LED z w\u0142\u00f3knem typu FILAMENT &#8211;&nbsp; cechuje wysoka wydajno\u015b\u0107 oraz estetyka po\u0142\u0105czona z niskim zu\u017cyciem energii.<\/p>\n<p>\u017bar\u00f3wka to nie tylko \u017ar\u00f3d\u0142o \u015bwiata, ale tak\u017ce wa\u017cny wizualny szczeg\u00f3\u0142 w lampie.<\/p>\n<p><img decoding=\"async\" src=\"https:\/\/5.allegroimg.com\/original\/036112\/0476ae6b4e29ab56c227c6c7d225\" alt=\"Zdj\u0119cie produktu\" style=\"max-width:100%; height:auto; margin:10px 0;\"><br \/>\n<img decoding=\"async\" src=\"https:\/\/3.allegroimg.com\/original\/0381c7\/651fdaac46278a000fafa9538393\" alt=\"Zdj\u0119cie produktu\" style=\"max-width:100%; height:auto; margin:10px 0;\"><br \/>\n<img decoding=\"async\" src=\"https:\/\/3.allegroimg.com\/original\/03f303\/4c5f6e214d088521cbd08cc8c183\" alt=\"Zdj\u0119cie produktu\" style=\"max-width:100%; height:auto; margin:10px 0;\"><\/p>\n","protected":false},"excerpt":{"rendered":"<p>Nowoczesna lampa &#8211;&nbsp; plafon &#8211; wyposa\u017cona w trzy metalowe, ruchome klosze wykonane z metalu. Nowa Lampa Sufitowa \u017cyrandol Plafon 384-B3 w stylu minimalistycznym z aba\u017curami na kszta\u0142t &nbsp;trzech ruchomych walc\u00f3w. Kolor lampy: Czarny matowy Obs\u0142uguje wszystkie \u017car\u00f3wki z gwintem typu E27 do max 60 wat\u00f3w &#8211; zalecane LED EDISON Plafon wyposa\u017cony w przeguby &#8211; &nbsp;w [&hellip;]<\/p>\n","protected":false},"featured_media":38912,"comment_status":"closed","ping_status":"open","template":"","meta":{"_acf_changed":false},"product_brand":[196],"product_cat":[2596,2677],"product_tag":[],"class_list":{"0":"post-47951","1":"product","2":"type-product","3":"status-publish","4":"has-post-thumbnail","6":"product_brand-fabryka-lamp-luxolar","7":"product_cat-2596","8":"product_cat-2677","9":"pa_klasa-efektywnosci-a-uk","10":"pa_kod-producenta-lampa-sufitowa-384-b3-uk","11":"pa_kolekcja-384-uk","12":"pa_kolor-2236","13":"pa_liczba-punktow-swiatla-3-uk","14":"pa_marka-fabryka-lamp-luxolar","15":"pa_rodzaj-gwintu-e27-uk","16":"pa_zasilanie-2543","17":"pa_zawiera-baterie-2545","19":"first","20":"instock","21":"purchasable","22":"product-type-simple"},"acf":[],"aioseo_notices":[],"_links":{"self":[{"href":"https:\/\/portallamp.invette.dev\/uk\/wp-json\/wp\/v2\/product\/47951","targetHints":{"allow":["GET"]}}],"collection":[{"href":"https:\/\/portallamp.invette.dev\/uk\/wp-json\/wp\/v2\/product"}],"about":[{"href":"https:\/\/portallamp.invette.dev\/uk\/wp-json\/wp\/v2\/types\/product"}],"replies":[{"embeddable":true,"href":"https:\/\/portallamp.invette.dev\/uk\/wp-json\/wp\/v2\/comments?post=47951"}],"wp:featuredmedia":[{"embeddable":true,"href":"https:\/\/portallamp.invette.dev\/uk\/wp-json\/wp\/v2\/media\/38912"}],"wp:attachment":[{"href":"https:\/\/portallamp.invette.dev\/uk\/wp-json\/wp\/v2\/media?parent=47951"}],"wp:term":[{"taxonomy":"product_brand","embeddable":true,"href":"https:\/\/portallamp.invette.dev\/uk\/wp-json\/wp\/v2\/product_brand?post=47951"},{"taxonomy":"product_cat","embeddable":true,"href":"https:\/\/portallamp.invette.dev\/uk\/wp-json\/wp\/v2\/product_cat?post=47951"},{"taxonomy":"product_tag","embeddable":true,"href":"https:\/\/portallamp.invette.dev\/uk\/wp-json\/wp\/v2\/product_tag?post=47951"}],"curies":[{"name":"wp","href":"https:\/\/api.w.org\/{rel}","templated":true}]}}