{"id":47966,"date":"2025-07-03T18:12:48","date_gmt":"2025-07-03T16:12:48","guid":{"rendered":"https:\/\/portallamp.invette.dev\/produkt\/lampa-sufitowa-plafon-zyrandol-loft-edison-led-5\/"},"modified":"2025-07-03T18:12:48","modified_gmt":"2025-07-03T16:12:48","slug":"lampa-sufitowa-plafon-zyrandol-loft-edison-led-5","status":"publish","type":"product","link":"https:\/\/portallamp.invette.dev\/uk\/produkt\/lampa-sufitowa-plafon-zyrandol-loft-edison-led-5\/","title":{"rendered":"LAMPA SUFITOWA PLAFON \u017bYRANDOL LOFT EDISON LED"},"content":{"rendered":"<h1>Lampa Sufitowa \u017byrandol Plafon w Kolorze Bia\u0142ym lub Bia\u0142o-z\u0142otym<\/h1>\n<p>Nr kat: 382-E3\u00a0 LUXOLAR<\/p>\n<p><img decoding=\"async\" style=\"max-width: 100%; height: auto; margin: 10px 0;\" src=\"https:\/\/a.allegroimg.com\/original\/114bfd\/578dce484022bb15889d99056810\" alt=\"Zdj\u0119cie produktu\" \/><\/p>\n<p><b>Wersja w pe\u0142ni z\u0142o\u017cona &#8211; nie jest to zestaw do samodzielnego monta\u017cu<\/b><\/p>\n<p><img decoding=\"async\" style=\"max-width: 100%; height: auto; margin: 10px 0;\" src=\"https:\/\/a.allegroimg.com\/original\/113667\/11513ef14ecb9b7e630c1daf8515\" alt=\"Zdj\u0119cie produktu\" \/><\/p>\n<h1>Lampa dost\u0119pna w kolorach:<\/h1>\n<ul>\n<li>Bia\u0142y<\/li>\n<li>Bia\u0142y + z\u0142oty<\/li>\n<\/ul>\n<p><img decoding=\"async\" style=\"max-width: 100%; height: auto; margin: 10px 0;\" src=\"https:\/\/a.allegroimg.com\/original\/112ced\/aa6391bd4bedadda976a83373a37\" alt=\"Zdj\u0119cie produktu\" \/><br \/>\n<img decoding=\"async\" style=\"max-width: 100%; height: auto; margin: 10px 0;\" src=\"https:\/\/a.allegroimg.com\/original\/11275f\/431d77b34d52b5a17b55f35683c6\" alt=\"Zdj\u0119cie produktu\" \/><br \/>\n<img decoding=\"async\" style=\"max-width: 100%; height: auto; margin: 10px 0;\" src=\"https:\/\/a.allegroimg.com\/original\/11b903\/90e562ef4083ad142f88ab7d6c12\" alt=\"Zdj\u0119cie produktu\" \/><\/p>\n<p>&nbsp;<\/p>\n<p><b>G\u0141\u00d3WNE CECHY LAMPY:<\/b><\/p>\n<p>&nbsp;<\/p>\n<ul>\n<li><b>Kolor konstrukcji (do wyboru):<\/b> Bia\u0142y lub Bia\u0142y ze z\u0142otem<\/li>\n<\/ul>\n<ul>\n<li><b>Materia\u0142 konstrukcji i kloszy<\/b>: Metal<\/li>\n<\/ul>\n<ul>\n<li>Nowoczesny Styl &#8211; \u00a0\u0142atwo wkomponuje si\u0119 w uk\u0142ad mieszkania<\/li>\n<\/ul>\n<ul>\n<li>Solidna metalowa konstrukcja malowana proszkowo<\/li>\n<\/ul>\n<ul>\n<li>Przeznaczona jako o\u015bwietlenie g\u0142\u00f3wne w pomieszczeniach o powierzchni: <b>6-12 m2<\/b><\/li>\n<\/ul>\n<ul>\n<li>Lampa obs\u0142uguje wszystkie \u017car\u00f3wki z gwintem typu <b>E27 do max 60 wat\u00f3w.<\/b><\/li>\n<\/ul>\n<ul>\n<li>Dodatkowym atutem s\u0105 dwa niezale\u017cne obwody elektryczne, dzi\u0119ki kt\u00f3rym w zale\u017cno\u015bci od potrzeb, mo\u017cemy sterowa\u0107 ilo\u015bci\u0105 w\u0142\u0105czonych \u017car\u00f3wek.<\/li>\n<\/ul>\n<ul>\n<li>Lampa z polskiej dystrybucji, wyprodukowana w Polsce &#8211; gwarantowany szybki dost\u0119p do serwisu i cz\u0119\u015bci zapasowych<\/li>\n<\/ul>\n<ul>\n<li>Cena &#8211; za podobn\u0105 lamp\u0119 w popularnych marketach budowlanych zap\u0142acisz od 120 do 180 z\u0142<\/li>\n<\/ul>\n<ul>\n<li>Lampa pochodzi z szerokiej gamy lamp serii 382 &#8211; bez problemu dokupisz do kompletu kinkiet czy lampk\u0119 nocn\u0105<\/li>\n<\/ul>\n<ul>\n<li><b>Wersja w pe\u0142ni z\u0142o\u017cona &#8211; nie jest to zestaw do samodzielnego monta\u017cu<\/b><\/li>\n<\/ul>\n<h1>WYMIARY:<\/h1>\n<p><img decoding=\"async\" style=\"max-width: 100%; height: auto; margin: 10px 0;\" src=\"https:\/\/a.allegroimg.com\/original\/115bbe\/02befeaf4f83849076b09a466848\" alt=\"Zdj\u0119cie produktu\" \/><\/p>\n<h1>Dane techniczne:<\/h1>\n<ul>\n<li><b>Materia\u0142 konstrukcji i kloszy:<\/b>\u00a0metal malowany proszkowo<\/li>\n<li><b>Wymiary:<\/b> Wysoko\u015b\u0107 ca\u0142kowita max 23 cm <b>,<\/b> Rozpi\u0119to\u015b\u0107:\u00a0 30 cm,<\/li>\n<li><b>Zasilanie:<\/b>\u00a0~230 [V] \/ bezpo\u015brednie z sieci, dwa niezale\u017cne obwody elektryczne, w\u0142\u0105czanie 2+1 lub wszystkie jednocze\u015bnie<\/li>\n<li><b>\u0179r\u00f3d\u0142o \u015bwiat\u0142a:<\/b>\u00a0E-27 &#8211; zalecane LED lub \u015bwietl\u00f3wki kompaktowe<\/li>\n<li><b>Spos\u00f3b monta\u017cu:<\/b> Dwa ko\u0142ki rozporowe<\/li>\n<li><b>IP 20, Klasa I<\/b><\/li>\n<li><b>Zestaw nie zawiera \u017car\u00f3wek oraz ko\u0142k\u00f3w rozporowych do monta\u017cu<\/b><\/li>\n<li><b>Producent:\u00a0<\/b>LUXOLAR Polska<\/li>\n<\/ul>\n<p><img decoding=\"async\" style=\"max-width: 100%; height: auto; margin: 10px 0;\" src=\"https:\/\/a.allegroimg.com\/original\/11fc27\/7f13517f4d82ac4dbaff4b6167c4\" alt=\"Zdj\u0119cie produktu\" \/><\/p>\n<h2>Przed zakupem warto zapyta\u0107 sprzedawc\u0119 &#8211; czy lampa nie jest do samodzielnego monta\u017cu.<\/h2>\n<p><img decoding=\"async\" style=\"max-width: 100%; height: auto; margin: 10px 0;\" src=\"https:\/\/a.allegroimg.com\/original\/03db18\/44a304944525b05ba216186fa183\" alt=\"Zdj\u0119cie produktu\" \/><\/p>\n<h2>Od nas otrzymasz lamp\u0119 fabrycznie z\u0142o\u017con\u0105 i gotow\u0105 do zawieszenia.<\/h2>\n<p><img decoding=\"async\" style=\"max-width: 100%; height: auto; margin: 10px 0;\" src=\"https:\/\/a.allegroimg.com\/original\/036365\/136a52044bb99aadfcb08691cf5d\" alt=\"Zdj\u0119cie produktu\" \/><\/p>\n<h2>Kupuj\u0105c z\u0142o\u017con\u0105 lamp\u0119 &#8211; Zyskujesz !<\/h2>\n<ul>\n<li>Pewno\u015b\u0107, \u017ce lamp\u0119 wyprodukowa\u0142y osoby do tego uprawnione, posiadaj\u0105c\u0105 niezb\u0119dn\u0105 wiedz\u0119 w zakresie elektryki<\/li>\n<\/ul>\n<ul>\n<li>Pewno\u015b\u0107, \u017ce lampa zosta\u0142a sprawdzona pod k\u0105tem przebicia elektrycznego &#8211; likwiduje ryzyko pora\u017cenia pr\u0105dem<\/li>\n<\/ul>\n<ul>\n<li>Zyskujesz pe\u0142n\u0105 gwaramcje na ca\u0142\u0105 lamp\u0119 a nie tylko na jej cz\u0119\u015bci &#8211; sprzedawca nie podwa\u017cy jej z powodu b\u0142\u0119dnego z\u0142o\u017cenia<\/li>\n<\/ul>\n<ul>\n<li>Pewno\u015b\u0107, \u017ce w zestawie nie brakuje cz\u0119\u015bci bez kt\u00f3rej nie z\u0142o\u017cysz lampy<\/li>\n<\/ul>\n<ul>\n<li>Oszcz\u0119dzasz sw\u00f3j cenny czas<\/li>\n<\/ul>\n<ul>\n<li>Oszcz\u0119dzasz pieni\u0105dze na elektryka gdy oka\u017ce si\u0119, \u017ce lampa jest zbyt trudna do z\u0142o\u017cenia<\/li>\n<\/ul>\n<h2>ETAPY REALIZACJI ZAM\u00d3WIENIA:<\/h2>\n<ol>\n<li><b>Wybierz kolor\u00a0konstrukcji:\u00a0<\/b>Bia\u0142y lub Bia\u0142y ze z\u0142otem<\/li>\n<li><b>Wpisz wybrany kolor\u00a0<\/b>&#8211; w formularzu zam\u00f3wienia.<\/li>\n<\/ol>\n<p><b>Poprawne przes\u0142anie powy\u017cszych informacji znacznie przyspieszy realizacj\u0119 zam\u00f3wienia.<\/b><\/p>\n<p><img decoding=\"async\" style=\"max-width: 100%; height: auto; margin: 10px 0;\" src=\"https:\/\/a.allegroimg.com\/original\/11576e\/37c3cffc46308f4e3ede3ee5b875\" alt=\"Zdj\u0119cie produktu\" \/><\/p>\n<h1>ZALECANE \u0179R\u00d3D\u0141A \u015aWIAT\u0141A:<\/h1>\n<ul>\n<li>\u017bar\u00f3wki LED z diodami SMD lub filament<\/li>\n<li>Strumie\u0144 \u015bwietlny: 900 -1300 lm<\/li>\n<li><b>Gwint E27<\/b><\/li>\n<li>Moc pobierana z sieci: 6 -12 W<\/li>\n<li>Barwa: ciep\u0142a 2700K, Neutralna 4000K lub Zimna 6000K<\/li>\n<\/ul>\n<h2>Tradycyjny kszta\u0142t w po\u0142\u0105czeniu z nowoczesnymi diodami SMD lub Filament<\/h2>\n<p><img decoding=\"async\" style=\"max-width: 100%; height: auto; margin: 10px 0;\" src=\"https:\/\/a.allegroimg.com\/original\/03cac5\/c0f420c04a1092d7df4c7a0433ea\" alt=\"Zdj\u0119cie produktu\" \/><\/p>\n<h2>Zestaw zawiera:<\/h2>\n<ul>\n<li><b>Kompletn\u0105, z\u0142o\u017con\u0105 lamp\u0119 w wybranym kolorze &#8211; wystarczy tylko zamontowa\u0107 aba\u017cury (nie jest to chi\u0144skiej produkcji zestaw do samodzielnego monta\u017cu)<\/b><\/li>\n<li><b>Kostk\u0119 przy\u0142\u0105czeniow\u0105<\/b><\/li>\n<li><b>Instrukcj\u0119 obs\u0142ugi<\/b><\/li>\n<li><b>Dokument zakupu<\/b><\/li>\n<\/ul>\n<p><b>Zestaw nie zawiera \u017car\u00f3wek ani ko\u0142k\u00f3w rozporowych (nale\u017cy dobra\u0107 odpowiednie do sufitu)<\/b><\/p>\n<p><img decoding=\"async\" style=\"max-width: 100%; height: auto; margin: 10px 0;\" src=\"https:\/\/a.allegroimg.com\/original\/112ced\/aa6391bd4bedadda976a83373a37\" alt=\"Zdj\u0119cie produktu\" \/><br \/>\n<img decoding=\"async\" style=\"max-width: 100%; height: auto; margin: 10px 0;\" src=\"https:\/\/a.allegroimg.com\/original\/11a5d0\/a5fe130a43b2b75b0611e098ef18\" alt=\"Zdj\u0119cie produktu\" \/><\/p>\n","protected":false},"excerpt":{"rendered":"<p>Lampa Sufitowa \u017byrandol Plafon w Kolorze Bia\u0142ym lub Bia\u0142o-z\u0142otym Nr kat: 382-E3\u00a0 LUXOLAR Wersja w pe\u0142ni z\u0142o\u017cona &#8211; nie jest to zestaw do samodzielnego monta\u017cu Lampa dost\u0119pna w kolorach: Bia\u0142y Bia\u0142y + z\u0142oty &nbsp; G\u0141\u00d3WNE CECHY LAMPY: &nbsp; Kolor konstrukcji (do wyboru): Bia\u0142y lub Bia\u0142y ze z\u0142otem Materia\u0142 konstrukcji i kloszy: Metal Nowoczesny Styl &#8211; [&hellip;]<\/p>\n","protected":false},"featured_media":39104,"comment_status":"closed","ping_status":"closed","template":"","meta":{"_acf_changed":false},"product_brand":[162],"product_cat":[2596,2677],"product_tag":[2062],"class_list":{"0":"post-47966","1":"product","2":"type-product","3":"status-publish","4":"has-post-thumbnail","6":"product_brand-luxolar","7":"product_cat-2596","8":"product_cat-2677","9":"product_tag-2062","10":"pa_klasa-efektywnosci-a-uk","11":"pa_kod-producenta-382-e3-uk","12":"pa_kolekcja-382-uk","13":"pa_kolor-2234","14":"pa_kolor-2247","15":"pa_kolor-2236","16":"pa_liczba-punktow-swiatla-3-uk","17":"pa_marka-luxolar","18":"pa_material-dominujacy-2341","19":"pa_max-moc-pojed-zrodla-swiatla-60-uk","20":"pa_pomieszczenie-2441","21":"pa_pomieszczenie-2437","22":"pa_pomieszczenie-2438","23":"pa_pomieszczenie-2439","24":"pa_pomieszczenie-2436","25":"pa_pomieszczenie-2442","26":"pa_pomieszczenie-2443","27":"pa_pomieszczenie-2444","28":"pa_rodzaj-gwintu-e27-uk","29":"pa_zasilanie-2543","30":"pa_zawiera-baterie-2545","32":"first","33":"instock","34":"purchasable","35":"product-type-simple"},"acf":[],"aioseo_notices":[],"_links":{"self":[{"href":"https:\/\/portallamp.invette.dev\/uk\/wp-json\/wp\/v2\/product\/47966","targetHints":{"allow":["GET"]}}],"collection":[{"href":"https:\/\/portallamp.invette.dev\/uk\/wp-json\/wp\/v2\/product"}],"about":[{"href":"https:\/\/portallamp.invette.dev\/uk\/wp-json\/wp\/v2\/types\/product"}],"replies":[{"embeddable":true,"href":"https:\/\/portallamp.invette.dev\/uk\/wp-json\/wp\/v2\/comments?post=47966"}],"wp:featuredmedia":[{"embeddable":true,"href":"https:\/\/portallamp.invette.dev\/uk\/wp-json\/wp\/v2\/media\/39104"}],"wp:attachment":[{"href":"https:\/\/portallamp.invette.dev\/uk\/wp-json\/wp\/v2\/media?parent=47966"}],"wp:term":[{"taxonomy":"product_brand","embeddable":true,"href":"https:\/\/portallamp.invette.dev\/uk\/wp-json\/wp\/v2\/product_brand?post=47966"},{"taxonomy":"product_cat","embeddable":true,"href":"https:\/\/portallamp.invette.dev\/uk\/wp-json\/wp\/v2\/product_cat?post=47966"},{"taxonomy":"product_tag","embeddable":true,"href":"https:\/\/portallamp.invette.dev\/uk\/wp-json\/wp\/v2\/product_tag?post=47966"}],"curies":[{"name":"wp","href":"https:\/\/api.w.org\/{rel}","templated":true}]}}