{"id":48026,"date":"2025-07-03T18:03:18","date_gmt":"2025-07-03T16:03:18","guid":{"rendered":"https:\/\/portallamp.invette.dev\/produkt\/zyrandol-lampa-nowoczesna-261-3-3pl-loft-black\/"},"modified":"2025-07-03T18:03:18","modified_gmt":"2025-07-03T16:03:18","slug":"zyrandol-lampa-nowoczesna-261-3-3pl-loft-black","status":"publish","type":"product","link":"https:\/\/portallamp.invette.dev\/uk\/produkt\/zyrandol-lampa-nowoczesna-261-3-3pl-loft-black\/","title":{"rendered":"\u017bYRANDOL LAMPA NOWOCZESNA 261-3 3P\u0141 LOFT BLACK"},"content":{"rendered":"<h1>Przedmiotem sprzeda\u017cy jest:<\/h1>\n<h1>Wysokiej jako\u015bci lampa plafon &#8211; w nowoczesnym minimalistycznym stylu edison.<\/h1>\n<h2><\/h2>\n<p><b>Nr kat: 261-3 LUXOLAR<\/b><\/p>\n<p><b>Dost\u0119pna w kolorach:<\/b><\/p>\n<p><img decoding=\"async\" src=\"https:\/\/4.allegroimg.com\/original\/03a955\/2b06ff1448dcbc9b42edf56f17d4\" alt=\"Zdj\u0119cie produktu\" style=\"max-width:100%; height:auto; margin:10px 0;\"><br \/>\n<img decoding=\"async\" src=\"https:\/\/e.allegroimg.com\/original\/03fe3c\/092adf6541d9b907fefefdbbdf4e\" alt=\"Zdj\u0119cie produktu\" style=\"max-width:100%; height:auto; margin:10px 0;\"><\/p>\n<ul>\n<li>Nowoczesny Styl &#8211; &nbsp;\u0142atwo wkomponuje si\u0119 w uk\u0142ad mieszkania<\/li>\n<\/ul>\n<ul>\n<li>Uniwersalna kolorystyka, oferowane kolory pasuj\u0105 zar\u00f3wno do bieli jak i odcieni szaro\u015bci<\/li>\n<\/ul>\n<ul>\n<li>Solida konstrukcja i \u0142atwy monta\u017c &#8211; gwarantuje szybk\u0105 i bezpieczn\u0105 instalacj\u0119 lampy<\/li>\n<\/ul>\n<ul>\n<li>Gwint<b>&nbsp;E27<\/b>&nbsp;umo\u017cliwia szeroki wyb\u00f3r \u017car\u00f3wek, zalecane LED<\/li>\n<\/ul>\n<ul>\n<li>Wieszana na ko\u0142kach rozporowych<\/li>\n<\/ul>\n<ul>\n<li><b>Lampa obj\u0119ta jest pe\u0142nym ubezpieczeniem na czas transportu.<\/b><\/li>\n<\/ul>\n<ul>\n<li>Produkt bezpo\u015brednio od polskiego producenta LUXOLAR<\/li>\n<\/ul>\n<ul>\n<li>Zestaw nie zawiera ko\u0142k\u00f3w rozporowych oraz \u017car\u00f3wek<\/li>\n<\/ul>\n<h1>Dane techniczne:<\/h1>\n<ul>\n<li><b>materia\u0142 konstrukcji:<\/b>&nbsp;metal malowany proszkowo<\/li>\n<li><b>wymiary:<\/b>&nbsp;wysoko\u015b\u0107 ca\u0142kowita lampy 35 cm, rozpi\u0119to\u015b\u0107: 52 cm<\/li>\n<li><b>zasilanie:<\/b>&nbsp;~230 [V] \/ bezpo\u015brednie z sieci<\/li>\n<li><b>\u017ar\u00f3d\u0142o \u015bwiat\u0142a:<\/b>&nbsp;E-27<\/li>\n<li><b>IP 20, Klasa I<\/b><\/li>\n<li><b>monta\u017c: dwa ko\u0142ki rozporowe &#8211;<\/b> rodzaj ko\u0142k\u00f3w zale\u017cy od pod\u0142o\u017ca, nale\u017cy dobra\u0107 we w\u0142asnym zakresie<\/li>\n<li><b>zestaw nie zawiera \u017car\u00f3wki oraz ko\u0142k\u00f3w rozporowych do monta\u017cu<\/b><\/li>\n<li><b>producent: <\/b>LUXOLAR<\/li>\n<\/ul>\n<p><img decoding=\"async\" src=\"https:\/\/5.allegroimg.com\/original\/03e39b\/7ab7f52b491282e14ee9e7e4ef85\" alt=\"Zdj\u0119cie produktu\" style=\"max-width:100%; height:auto; margin:10px 0;\"><\/p>\n<h1>KOLORY DO WYBORU:<\/h1>\n<p><img decoding=\"async\" src=\"https:\/\/1.allegroimg.com\/original\/03965c\/1ac40353427c8a59c26639032b51\" alt=\"Zdj\u0119cie produktu\" style=\"max-width:100%; height:auto; margin:10px 0;\"><\/p>\n<h2>ETAPY REALIZACJI ZAM\u00d3WIENIA:<\/h2>\n<ol>\n<li><b>Wybierz kolor&nbsp;konstrukcji<\/b>: Czarny matowy, Szary lub Bia\u0142y g\u0142adki<\/li>\n<li><b>Prze\u015blij wybran\u0105 konfiguracj\u0119<\/b>&nbsp;&#8211; w formularzu zam\u00f3wienia,.<\/li>\n<\/ol>\n<p><b>Poprawne przes\u0142anie powy\u017cszych informacji znacznie przyspieszy realizacj\u0119 zam\u00f3wienia.<\/b><\/p>\n<h2>ARAN\u017bACJA:<\/h2>\n<p><img decoding=\"async\" src=\"https:\/\/e.allegroimg.com\/original\/03884f\/7df53af0403b9c8da10dff36fd3e\" alt=\"Zdj\u0119cie produktu\" style=\"max-width:100%; height:auto; margin:10px 0;\"><\/p>\n<h1>ZALECANE \u0179R\u00d3D\u0141A \u015aWIAT\u0141A:<\/h1>\n<p><img decoding=\"async\" src=\"https:\/\/7.allegroimg.com\/original\/0333c2\/856b3e6f4b5bb0d65b09db18cf07\" alt=\"Zdj\u0119cie produktu\" style=\"max-width:100%; height:auto; margin:10px 0;\"><\/p>\n<h1>\u017bar\u00f3wka LED o barwie ciep\u0142ej.<\/h1>\n<h1>Gwint E27<\/h1>\n<h2>Tradycyjny kszta\u0142t w po\u0142\u0105czeniu z nowoczesnymi diodami SMD<\/h2>\n<p><img decoding=\"async\" src=\"https:\/\/4.allegroimg.com\/original\/03a955\/2b06ff1448dcbc9b42edf56f17d4\" alt=\"Zdj\u0119cie produktu\" style=\"max-width:100%; height:auto; margin:10px 0;\"><\/p>\n","protected":false},"excerpt":{"rendered":"<p>Przedmiotem sprzeda\u017cy jest: Wysokiej jako\u015bci lampa plafon &#8211; w nowoczesnym minimalistycznym stylu edison. Nr kat: 261-3 LUXOLAR Dost\u0119pna w kolorach: Nowoczesny Styl &#8211; &nbsp;\u0142atwo wkomponuje si\u0119 w uk\u0142ad mieszkania Uniwersalna kolorystyka, oferowane kolory pasuj\u0105 zar\u00f3wno do bieli jak i odcieni szaro\u015bci Solida konstrukcja i \u0142atwy monta\u017c &#8211; gwarantuje szybk\u0105 i bezpieczn\u0105 instalacj\u0119 lampy Gwint&nbsp;E27&nbsp;umo\u017cliwia szeroki [&hellip;]<\/p>\n","protected":false},"featured_media":35700,"comment_status":"closed","ping_status":"open","template":"","meta":{"_acf_changed":false},"product_brand":[162],"product_cat":[2596,3504],"product_tag":[],"class_list":{"0":"post-48026","1":"product","2":"type-product","3":"status-publish","4":"has-post-thumbnail","6":"product_brand-luxolar","7":"product_cat-2596","8":"product_cat-3504","9":"pa_kod-producenta-261-3-uk","10":"pa_kolor-2234","11":"pa_kolor-2243","12":"pa_kolor-2236","13":"pa_liczba-punktow-swiatla-3-uk","14":"pa_marka-luxolar","15":"pa_material-dominujacy-2341","16":"pa_rodzaj-2465","17":"pa_rodzaj-gwintu-e27-uk","18":"pa_zasilanie-2543","19":"pa_zawiera-baterie-2545","20":"pa_zrodlo-swiatla-2547","22":"first","23":"instock","24":"purchasable","25":"product-type-simple"},"acf":[],"aioseo_notices":[],"_links":{"self":[{"href":"https:\/\/portallamp.invette.dev\/uk\/wp-json\/wp\/v2\/product\/48026","targetHints":{"allow":["GET"]}}],"collection":[{"href":"https:\/\/portallamp.invette.dev\/uk\/wp-json\/wp\/v2\/product"}],"about":[{"href":"https:\/\/portallamp.invette.dev\/uk\/wp-json\/wp\/v2\/types\/product"}],"replies":[{"embeddable":true,"href":"https:\/\/portallamp.invette.dev\/uk\/wp-json\/wp\/v2\/comments?post=48026"}],"wp:featuredmedia":[{"embeddable":true,"href":"https:\/\/portallamp.invette.dev\/uk\/wp-json\/wp\/v2\/media\/35700"}],"wp:attachment":[{"href":"https:\/\/portallamp.invette.dev\/uk\/wp-json\/wp\/v2\/media?parent=48026"}],"wp:term":[{"taxonomy":"product_brand","embeddable":true,"href":"https:\/\/portallamp.invette.dev\/uk\/wp-json\/wp\/v2\/product_brand?post=48026"},{"taxonomy":"product_cat","embeddable":true,"href":"https:\/\/portallamp.invette.dev\/uk\/wp-json\/wp\/v2\/product_cat?post=48026"},{"taxonomy":"product_tag","embeddable":true,"href":"https:\/\/portallamp.invette.dev\/uk\/wp-json\/wp\/v2\/product_tag?post=48026"}],"curies":[{"name":"wp","href":"https:\/\/api.w.org\/{rel}","templated":true}]}}