{"id":48041,"date":"2025-07-03T18:03:18","date_gmt":"2025-07-03T16:03:18","guid":{"rendered":"https:\/\/portallamp.invette.dev\/produkt\/lampa-plafon-zyrandol-abazur-diament-kolory-299-p1\/"},"modified":"2025-07-03T18:03:18","modified_gmt":"2025-07-03T16:03:18","slug":"lampa-plafon-zyrandol-abazur-diament-kolory-299-p1","status":"publish","type":"product","link":"https:\/\/portallamp.invette.dev\/uk\/produkt\/lampa-plafon-zyrandol-abazur-diament-kolory-299-p1\/","title":{"rendered":"Lampa Plafon \u017byrandol Aba\u017cur Diament Kolory 299-P1"},"content":{"rendered":"<h1>Przedmiotem sprzeda\u017cy jest:<\/h1>\n<h2>Nowa Lampa Plafon z serii Diament nr kat: 299-P1 LED bezpo\u015brednio od producenta LUXOLAR<\/h2>\n<p><b>Nr kat: 299-P1 LUXOLAR<\/b><\/p>\n<h1><\/h1>\n<p><img decoding=\"async\" src=\"https:\/\/5.allegroimg.com\/original\/0386e0\/bafcdd784e5a906ea5518340e345\" alt=\"Zdj\u0119cie produktu\" style=\"max-width:100%; height:auto; margin:10px 0;\"><\/p>\n<ul>\n<li>Idealnie pasuje do surowych czarno-bia\u0142ych wn\u0119trz.<\/li>\n<\/ul>\n<ul>\n<li>Z uwagi na jego budow\u0119, przeznaczony jako o\u015bwietlenie do mniejszych pomieszcze\u0144.<\/li>\n<\/ul>\n<ul>\n<li>Oferowana w r\u00f3\u017cnych kolorach, dotyczy zar\u00f3wno konstrukcji lampy jak i aba\u017curu.<\/li>\n<\/ul>\n<ul>\n<li>Lampa obs\u0142uguje wszystkie \u017car\u00f3wki z gwintem typu E27 do max 60 wat\u00f3w.<\/li>\n<\/ul>\n<ul>\n<li>Bywa stosowana w&nbsp; zespole kilku-kilkunastu lamp do o\u015bwietlenia wi\u0119kszych pomieszcze\u0144 takich jak restauracje, bary.<\/li>\n<\/ul>\n<h1>Dane techniczne:<\/h1>\n<ul>\n<li><b>materia\u0142 konstrukcji:<\/b>&nbsp;metal malowany proszkowo<\/li>\n<li><b>materia\u0142 aba\u017cur\u00f3w: <\/b>tkanina w wybranym kolorze na zewn\u0105trz, bia\u0142e PCV od wewn\u0105trz<\/li>\n<li><b>wymiary:<\/b>&nbsp;wysoko\u015b\u0107 ca\u0142kowita lampy 21 cm &#8211;&nbsp;szeroko\u015b\u0107 podstawy: 5 x 10 cm<\/li>\n<li><b>regulacja k\u0105ta \u015bwiat\u0142a:<\/b>&nbsp;NIE- konstrukcja sztywna<\/li>\n<li><b>zasilanie:<\/b>&nbsp;~230 [V] \/ nie wymaga transformatora, bezpo\u015brednie z sieci.<\/li>\n<li><b>\u017ar\u00f3d\u0142o \u015bwiat\u0142a:<\/b>&nbsp;E-27<\/li>\n<li><b>IP 20, Klasa I<\/b><\/li>\n<li><b>zestaw nie zawiera \u017car\u00f3wki oraz ko\u0142k\u00f3w rozporowych do monta\u017cu<\/b><\/li>\n<li><b>producent:&nbsp;<\/b>LUXOLAR<\/li>\n<\/ul>\n<p><img decoding=\"async\" src=\"https:\/\/6.allegroimg.com\/original\/03393b\/e035cae6413084b2b6a3fec617e6\" alt=\"Zdj\u0119cie produktu\" style=\"max-width:100%; height:auto; margin:10px 0;\"><br \/>\n<img decoding=\"async\" src=\"https:\/\/c.allegroimg.com\/original\/03a034\/5c65ba6e4c488219f7cc4a3835fc\" alt=\"Zdj\u0119cie produktu\" style=\"max-width:100%; height:auto; margin:10px 0;\"><\/p>\n<ul>\n<li>Wn\u0119trze aba\u017cura w kolorze bia\u0142ym<\/li>\n<\/ul>\n<ul>\n<li>Wybrany kolor na zewn\u0105trz<\/li>\n<\/ul>\n<ul>\n<li>\u015arednica otworu monta\u017cowego: 42 cm<\/li>\n<\/ul>\n<h1>KOLORY ABA\u017bUR\u00d3W DO WYBORU:<\/h1>\n<p><img decoding=\"async\" src=\"https:\/\/e.allegroimg.com\/original\/0324a4\/4aa426ec4890ab717f0b8345121e\" alt=\"Zdj\u0119cie produktu\" style=\"max-width:100%; height:auto; margin:10px 0;\"><\/p>\n<h1>KOLORY KONSTRUKCJI DO WYBORU:<\/h1>\n<p><img decoding=\"async\" src=\"https:\/\/a.allegroimg.com\/original\/03a1d2\/b6253325455fb6ebfa3b4fd504ea\" alt=\"Zdj\u0119cie produktu\" style=\"max-width:100%; height:auto; margin:10px 0;\"><\/p>\n<h2>ETAPY REALIZACJI ZAM\u00d3WIENIA:<\/h2>\n<ol>\n<li><b>Wybierz kolor konstrukcji: <\/b>Czarny, Grafit, Bia\u0142y,Szary lub Czerwony<\/li>\n<li><b>Wybierz kolor aba\u017cura<\/b>: Bia\u0142y, Czarny, Szary, Czerwony, Niebieski, Granatowy, Jasny zielony lub Jasny pomara\u0144cz.<\/li>\n<\/ol>\n<p><b>Poprawne przes\u0142anie powy\u017cszych informacji znacznie przyspieszy realizacj\u0119 zam\u00f3wienia. <\/b><\/p>\n<p><img decoding=\"async\" src=\"https:\/\/e.allegroimg.com\/original\/0329a0\/44b9380149d2a86ac30c4695095e\" alt=\"Zdj\u0119cie produktu\" style=\"max-width:100%; height:auto; margin:10px 0;\"><\/p>\n","protected":false},"excerpt":{"rendered":"<p>Przedmiotem sprzeda\u017cy jest: Nowa Lampa Plafon z serii Diament nr kat: 299-P1 LED bezpo\u015brednio od producenta LUXOLAR Nr kat: 299-P1 LUXOLAR Idealnie pasuje do surowych czarno-bia\u0142ych wn\u0119trz. Z uwagi na jego budow\u0119, przeznaczony jako o\u015bwietlenie do mniejszych pomieszcze\u0144. Oferowana w r\u00f3\u017cnych kolorach, dotyczy zar\u00f3wno konstrukcji lampy jak i aba\u017curu. Lampa obs\u0142uguje wszystkie \u017car\u00f3wki z gwintem [&hellip;]<\/p>\n","protected":false},"featured_media":35859,"comment_status":"closed","ping_status":"open","template":"","meta":{"_acf_changed":false},"product_brand":[162],"product_cat":[2596,3504],"product_tag":[],"class_list":{"0":"post-48041","1":"product","2":"type-product","3":"status-publish","4":"has-post-thumbnail","6":"product_brand-luxolar","7":"product_cat-2596","8":"product_cat-3504","9":"pa_kod-producenta-299-p1-uk","10":"pa_kolor-2234","11":"pa_kolor-2245","12":"pa_kolor-2240","13":"pa_kolor-2241","14":"pa_kolor-2239","15":"pa_kolor-2243","16":"pa_kolor-2237","17":"pa_kolor-2236","18":"pa_liczba-punktow-swiatla-1-uk","19":"pa_marka-luxolar","20":"pa_material-dominujacy-2341","21":"pa_rodzaj-2465","22":"pa_rodzaj-gwintu-e27-uk","23":"pa_zasilanie-2543","24":"pa_zawiera-baterie-2545","25":"pa_zrodlo-swiatla-2547","27":"first","28":"instock","29":"purchasable","30":"product-type-simple"},"acf":[],"aioseo_notices":[],"_links":{"self":[{"href":"https:\/\/portallamp.invette.dev\/uk\/wp-json\/wp\/v2\/product\/48041","targetHints":{"allow":["GET"]}}],"collection":[{"href":"https:\/\/portallamp.invette.dev\/uk\/wp-json\/wp\/v2\/product"}],"about":[{"href":"https:\/\/portallamp.invette.dev\/uk\/wp-json\/wp\/v2\/types\/product"}],"replies":[{"embeddable":true,"href":"https:\/\/portallamp.invette.dev\/uk\/wp-json\/wp\/v2\/comments?post=48041"}],"wp:featuredmedia":[{"embeddable":true,"href":"https:\/\/portallamp.invette.dev\/uk\/wp-json\/wp\/v2\/media\/35859"}],"wp:attachment":[{"href":"https:\/\/portallamp.invette.dev\/uk\/wp-json\/wp\/v2\/media?parent=48041"}],"wp:term":[{"taxonomy":"product_brand","embeddable":true,"href":"https:\/\/portallamp.invette.dev\/uk\/wp-json\/wp\/v2\/product_brand?post=48041"},{"taxonomy":"product_cat","embeddable":true,"href":"https:\/\/portallamp.invette.dev\/uk\/wp-json\/wp\/v2\/product_cat?post=48041"},{"taxonomy":"product_tag","embeddable":true,"href":"https:\/\/portallamp.invette.dev\/uk\/wp-json\/wp\/v2\/product_tag?post=48041"}],"curies":[{"name":"wp","href":"https:\/\/api.w.org\/{rel}","templated":true}]}}