{"id":48044,"date":"2025-07-03T18:03:18","date_gmt":"2025-07-03T16:03:18","guid":{"rendered":"https:\/\/portallamp.invette.dev\/produkt\/lampa-wiszaca-zyrandol-abazur-diament-kolory-299z2\/"},"modified":"2025-07-03T18:03:18","modified_gmt":"2025-07-03T16:03:18","slug":"lampa-wiszaca-zyrandol-abazur-diament-kolory-299z2","status":"publish","type":"product","link":"https:\/\/portallamp.invette.dev\/uk\/produkt\/lampa-wiszaca-zyrandol-abazur-diament-kolory-299z2\/","title":{"rendered":"Lampa Wisz\u0105ca \u017byrandol Aba\u017cur Diament Kolory 299Z2"},"content":{"rendered":"<h1>Przedmiotem sprzeda\u017cy jest:<\/h1>\n<h2>Nowa Lampa Plafon z serii Diament nr kat: 299-Z2 LED bezpo\u015brednio od producenta LUXOLAR<\/h2>\n<p><b>Nr kat: 299-Z2 LUXOLAR<\/b><\/p>\n<h1><\/h1>\n<p><img decoding=\"async\" src=\"https:\/\/3.allegroimg.com\/original\/03c462\/854b18264755b90fdfd8d7d227f3\" alt=\"Zdj\u0119cie produktu\" style=\"max-width:100%; height:auto; margin:10px 0;\"><\/p>\n<h2>Idealnie pasuje do surowych czarno bia\u0142ych wn\u0119trz.<\/h2>\n<ul>\n<li>Kolor konstrukcji lampy: Czarny matowy,<\/li>\n<li>Kolor przewod\u00f3w: Czarny<\/li>\n<li><b>Kolor aba\u017cur\u00f3w: Do wyboru &#8211; 9 kolor\u00f3w<\/b><\/li>\n<\/ul>\n<p>Przeznaczona jako o\u015bwietlenie g\u0142\u00f3wne w pomieszczeniach 6-12 m2.<\/p>\n<p>Wysoko\u015b\u0107 regulowana do max 70 cm<\/p>\n<p>Dodatkowym atutem s\u0105 dwa niezale\u017cne obwody elektryczne, dzi\u0119ki kt\u00f3rym w zale\u017cno\u015bci od potrzeb, mo\u017cemy sterowa\u0107 ilo\u015bci\u0105 w\u0142\u0105czonych \u017car\u00f3wek.<\/p>\n<h1>Dane techniczne:<\/h1>\n<ul>\n<li><b>materia\u0142 konstrukcji:<\/b>&nbsp;metal malowany proszkowo<\/li>\n<li><b>materia\u0142 aba\u017cur\u00f3w:&nbsp;<\/b>tkanina w wybranym kolorze na zewn\u0105trz, bia\u0142e pcv od wewn\u0105trz<\/li>\n<li><b>wymiary:<\/b>&nbsp;wysoko\u015b\u0107 ca\u0142kowita lampy 70 cm &#8211;&nbsp;<b>mo\u017cliwo\u015b\u0107 regulacji przed monta\u017cem,<\/b>&nbsp;szeroko\u015b\u0107 podstawy: 60 cm<\/li>\n<li><b>regulacja k\u0105ta \u015bwiat\u0142a:<\/b>&nbsp;nie<\/li>\n<li><b>zasilanie:<\/b>&nbsp;~230 [V] \/ nie wymaga transformatora, dwa niezale\u017cne obwody elektryczne<\/li>\n<li><b>\u017ar\u00f3d\u0142o \u015bwiat\u0142a:<\/b>&nbsp;E-27<\/li>\n<li><b>IP 20, Klasa I<\/b><\/li>\n<li><b>zestaw nie zawiera \u017car\u00f3wek oraz ko\u0142k\u00f3w rozporowych do monta\u017cu<\/b><\/li>\n<li><b>producent: <\/b>LUXOLAR<\/li>\n<\/ul>\n<p><img decoding=\"async\" src=\"https:\/\/a.allegroimg.com\/original\/03c063\/617c7e6943c88deee2e9ed2755aa\" alt=\"Zdj\u0119cie produktu\" style=\"max-width:100%; height:auto; margin:10px 0;\"><br \/>\n<img decoding=\"async\" src=\"https:\/\/a.allegroimg.com\/original\/031852\/503f39b44e77a8a061ccd79b725a\" alt=\"Zdj\u0119cie produktu\" style=\"max-width:100%; height:auto; margin:10px 0;\"><br \/>\n<img decoding=\"async\" src=\"https:\/\/3.allegroimg.com\/original\/03ed71\/d0fee05a404d8743b3264b59eaf3\" alt=\"Zdj\u0119cie produktu\" style=\"max-width:100%; height:auto; margin:10px 0;\"><\/p>\n<h1>KOLORY ABA\u017bUR\u00d3W DO WYBORU:<\/h1>\n<p><img decoding=\"async\" src=\"https:\/\/c.allegroimg.com\/original\/030004\/77cf6bef441989fe0692ad8529ec\" alt=\"Zdj\u0119cie produktu\" style=\"max-width:100%; height:auto; margin:10px 0;\"><\/p>\n<h1>Mo\u017cliwo\u015b\u0107 tworzenia MIKS\u00d3W &#8211; wybierania R\u00d3\u017bNYCH KOLOR\u00d3W.<\/h1>\n<h2>ETAPY REALIZACJI ZAM\u00d3WIENIA:<\/h2>\n<ol>\n<li><b>Wybierz kolor&nbsp;aba\u017cura<\/b>: Bia\u0142y, Czarny, Szary, Czerwony, Niebieski, Granatowy, Jasny zielony, Jasny pomara\u0144cz lub Pudrowy R\u00f3\u017c.<\/li>\n<li><b>Prze\u015blij wybran\u0105 konfiguracj\u0119<\/b> &#8211; w formularzu zam\u00f3wienia<\/li>\n<\/ol>\n<p><b>Poprawne przes\u0142anie powy\u017cszych informacji znacznie przyspieszy realizacj\u0119 zam\u00f3wienia.<\/b><\/p>\n<p><img decoding=\"async\" src=\"https:\/\/b.allegroimg.com\/original\/039e5e\/4a05d97641669434424c20b66afb\" alt=\"Zdj\u0119cie produktu\" style=\"max-width:100%; height:auto; margin:10px 0;\"><br \/>\n<img decoding=\"async\" src=\"https:\/\/7.allegroimg.com\/original\/03cbdd\/7e15ad9c483b9bed785d04456a77\" alt=\"Zdj\u0119cie produktu\" style=\"max-width:100%; height:auto; margin:10px 0;\"><\/p>\n","protected":false},"excerpt":{"rendered":"<p>Przedmiotem sprzeda\u017cy jest: Nowa Lampa Plafon z serii Diament nr kat: 299-Z2 LED bezpo\u015brednio od producenta LUXOLAR Nr kat: 299-Z2 LUXOLAR Idealnie pasuje do surowych czarno bia\u0142ych wn\u0119trz. Kolor konstrukcji lampy: Czarny matowy, Kolor przewod\u00f3w: Czarny Kolor aba\u017cur\u00f3w: Do wyboru &#8211; 9 kolor\u00f3w Przeznaczona jako o\u015bwietlenie g\u0142\u00f3wne w pomieszczeniach 6-12 m2. Wysoko\u015b\u0107 regulowana do max [&hellip;]<\/p>\n","protected":false},"featured_media":35880,"comment_status":"closed","ping_status":"open","template":"","meta":{"_acf_changed":false},"product_brand":[162],"product_cat":[2596,2677],"product_tag":[],"class_list":{"0":"post-48044","1":"product","2":"type-product","3":"status-publish","4":"has-post-thumbnail","6":"product_brand-luxolar","7":"product_cat-2596","8":"product_cat-2677","9":"pa_kod-producenta-299-z2-uk","10":"pa_kolekcja-299-uk","11":"pa_kolor-2234","12":"pa_kolor-2245","13":"pa_kolor-2240","14":"pa_kolor-2241","15":"pa_kolor-2239","16":"pa_kolor-2243","17":"pa_kolor-2237","18":"pa_kolor-2236","19":"pa_liczba-punktow-swiatla-2-uk","20":"pa_marka-luxolar","21":"pa_material-dominujacy-2341","22":"pa_pomieszczenie-2437","23":"pa_pomieszczenie-2439","24":"pa_pomieszczenie-2436","25":"pa_pomieszczenie-2442","26":"pa_pomieszczenie-2443","27":"pa_rodzaj-gwintu-e27-uk","28":"pa_rodzaj-lampy-2483","29":"pa_zasilanie-2543","30":"pa_zawiera-baterie-2545","31":"pa_zrodlo-swiatla-2547","33":"first","34":"instock","35":"purchasable","36":"product-type-simple"},"acf":[],"aioseo_notices":[],"_links":{"self":[{"href":"https:\/\/portallamp.invette.dev\/uk\/wp-json\/wp\/v2\/product\/48044","targetHints":{"allow":["GET"]}}],"collection":[{"href":"https:\/\/portallamp.invette.dev\/uk\/wp-json\/wp\/v2\/product"}],"about":[{"href":"https:\/\/portallamp.invette.dev\/uk\/wp-json\/wp\/v2\/types\/product"}],"replies":[{"embeddable":true,"href":"https:\/\/portallamp.invette.dev\/uk\/wp-json\/wp\/v2\/comments?post=48044"}],"wp:featuredmedia":[{"embeddable":true,"href":"https:\/\/portallamp.invette.dev\/uk\/wp-json\/wp\/v2\/media\/35880"}],"wp:attachment":[{"href":"https:\/\/portallamp.invette.dev\/uk\/wp-json\/wp\/v2\/media?parent=48044"}],"wp:term":[{"taxonomy":"product_brand","embeddable":true,"href":"https:\/\/portallamp.invette.dev\/uk\/wp-json\/wp\/v2\/product_brand?post=48044"},{"taxonomy":"product_cat","embeddable":true,"href":"https:\/\/portallamp.invette.dev\/uk\/wp-json\/wp\/v2\/product_cat?post=48044"},{"taxonomy":"product_tag","embeddable":true,"href":"https:\/\/portallamp.invette.dev\/uk\/wp-json\/wp\/v2\/product_tag?post=48044"}],"curies":[{"name":"wp","href":"https:\/\/api.w.org\/{rel}","templated":true}]}}