{"id":48047,"date":"2025-07-03T18:03:18","date_gmt":"2025-07-03T16:03:18","guid":{"rendered":"https:\/\/portallamp.invette.dev\/produkt\/lampa-wiszaca-zyrandol-abazur-diament-kolory-299z1\/"},"modified":"2025-07-03T18:03:18","modified_gmt":"2025-07-03T16:03:18","slug":"lampa-wiszaca-zyrandol-abazur-diament-kolory-299z1","status":"publish","type":"product","link":"https:\/\/portallamp.invette.dev\/uk\/produkt\/lampa-wiszaca-zyrandol-abazur-diament-kolory-299z1\/","title":{"rendered":"Lampa Wisz\u0105ca \u017byrandol Aba\u017cur Diament Kolory 299Z1"},"content":{"rendered":"<h1>Przedmiotem sprzeda\u017cy jest:<\/h1>\n<h2>Nowa Lampa Plafon z serii Diament nr kat: 299-Z1 LED bezpo\u015brednio od producenta LUXOLAR<\/h2>\n<p><b>Nr kat: 299-Z1 LUXOLAR<\/b><\/p>\n<h1><\/h1>\n<p><img decoding=\"async\" src=\"https:\/\/3.allegroimg.com\/original\/035a56\/8045e38b470baf3e7c510b0fab13\" alt=\"Zdj\u0119cie produktu\" style=\"max-width:100%; height:auto; margin:10px 0;\"><\/p>\n<h2>Idealnie pasuje do surowych czarno bia\u0142ych wn\u0119trz.<\/h2>\n<ul>\n<li>Kolor konstrukcji lampy: Czarny matowy,<\/li>\n<li>Kolor przewod\u00f3w: Czarny<\/li>\n<li><b>Kolor aba\u017cur\u00f3w: Do wyboru &#8211; 9 kolor\u00f3w<\/b><\/li>\n<\/ul>\n<p>Przeznaczona jako o\u015bwietlenie do mniejszego pokoju lub przedpokoju.<\/p>\n<p>Bywa stosowana w&nbsp; zespole kilku-kilkunastu lamp do o\u015bwietlenia wi\u0119kszych pomieszcze\u0144 takich jak restauracje, bary.<\/p>\n<p>Wysoko\u015b\u0107 regulowana do max 70 cm<\/p>\n<p>G\u0142\u00f3wnym atutem lampy jest jej dobra jako\u015b\u0107.<\/p>\n<h1>Dane techniczne:<\/h1>\n<ul>\n<li><b>materia\u0142 konstrukcji:<\/b>&nbsp;metal malowany proszkowo<\/li>\n<li><b>materia\u0142 aba\u017cur\u00f3w:&nbsp;<\/b>tkanina w wybranym kolorze na zewn\u0105trz, bia\u0142e pcv od wewn\u0105trz<\/li>\n<li><b>wymiary:<\/b>&nbsp;wysoko\u015b\u0107 ca\u0142kowita lampy 70 cm &#8211;&nbsp;<b>mo\u017cliwo\u015b\u0107 skr\u00f3cenia przed monta\u017cem,<\/b>&nbsp;szeroko\u015b\u0107 puszki przy suficie: 10 cm<\/li>\n<li><b>zasilanie:<\/b>&nbsp;~230 [V] \/ nie wymaga transformatora, dwa niezale\u017cne obwody elektryczne<\/li>\n<li><b>\u017ar\u00f3d\u0142o \u015bwiat\u0142a:<\/b>&nbsp;E-27<\/li>\n<li><b>IP 20, Klasa I<\/b><\/li>\n<li><b>zestaw nie zawiera \u017car\u00f3wki oraz ko\u0142k\u00f3w rozporowych do monta\u017cu<\/b><\/li>\n<li><b>producent:&nbsp;<\/b>LUXOLAR<\/li>\n<\/ul>\n<p><img decoding=\"async\" src=\"https:\/\/6.allegroimg.com\/original\/03a5ab\/91743476405db30e4542fc853106\" alt=\"Zdj\u0119cie produktu\" style=\"max-width:100%; height:auto; margin:10px 0;\"><br \/>\n<img decoding=\"async\" src=\"https:\/\/7.allegroimg.com\/original\/030042\/f73f401c4352ad0dbaef21b38b27\" alt=\"Zdj\u0119cie produktu\" style=\"max-width:100%; height:auto; margin:10px 0;\"><br \/>\n<img decoding=\"async\" src=\"https:\/\/f.allegroimg.com\/original\/033dd3\/c46654874cfeaf7393ebfc4dd57f\" alt=\"Zdj\u0119cie produktu\" style=\"max-width:100%; height:auto; margin:10px 0;\"><\/p>\n<h1>KOLORY ABA\u017bUR\u00d3W DO WYBORU:<\/h1>\n<p><img decoding=\"async\" src=\"https:\/\/b.allegroimg.com\/original\/032c2f\/9e521cca4801846de9f64eb539ab\" alt=\"Zdj\u0119cie produktu\" style=\"max-width:100%; height:auto; margin:10px 0;\"><\/p>\n<h2>ETAPY REALIZACJI ZAM\u00d3WIENIA:<\/h2>\n<ol>\n<li><b>Wybierz kolor&nbsp;aba\u017cura<\/b>: Bia\u0142y, Czarny, Szary, Czerwony, Niebieski, Granatowy, Jasny zielony, Jasny pomara\u0144cz lub Pudrowy R\u00f3\u017c.<\/li>\n<li><b>Prze\u015blij wybran\u0105 konfiguracj\u0119<\/b>&nbsp;&#8211; w formularzu zam\u00f3wienia.<\/li>\n<\/ol>\n<p><b>Poprawne przes\u0142anie powy\u017cszych informacji znacznie przyspieszy realizacj\u0119 zam\u00f3wienia.<\/b><\/p>\n<p><img decoding=\"async\" src=\"https:\/\/6.allegroimg.com\/original\/03b29f\/e64ec8b44bdc90b9de2a03c07106\" alt=\"Zdj\u0119cie produktu\" style=\"max-width:100%; height:auto; margin:10px 0;\"><\/p>\n","protected":false},"excerpt":{"rendered":"<p>Przedmiotem sprzeda\u017cy jest: Nowa Lampa Plafon z serii Diament nr kat: 299-Z1 LED bezpo\u015brednio od producenta LUXOLAR Nr kat: 299-Z1 LUXOLAR Idealnie pasuje do surowych czarno bia\u0142ych wn\u0119trz. Kolor konstrukcji lampy: Czarny matowy, Kolor przewod\u00f3w: Czarny Kolor aba\u017cur\u00f3w: Do wyboru &#8211; 9 kolor\u00f3w Przeznaczona jako o\u015bwietlenie do mniejszego pokoju lub przedpokoju. Bywa stosowana w&nbsp; zespole [&hellip;]<\/p>\n","protected":false},"featured_media":35904,"comment_status":"closed","ping_status":"open","template":"","meta":{"_acf_changed":false},"product_brand":[162],"product_cat":[2596,2677],"product_tag":[],"class_list":{"0":"post-48047","1":"product","2":"type-product","3":"status-publish","4":"has-post-thumbnail","6":"product_brand-luxolar","7":"product_cat-2596","8":"product_cat-2677","9":"pa_kod-producenta-299-z1-uk","10":"pa_kolekcja-299-uk","11":"pa_kolor-2234","12":"pa_kolor-2245","13":"pa_kolor-2240","14":"pa_kolor-2241","15":"pa_kolor-2239","16":"pa_kolor-2243","17":"pa_kolor-2237","18":"pa_kolor-2236","19":"pa_liczba-punktow-swiatla-1-uk","20":"pa_marka-luxolar","21":"pa_material-dominujacy-2341","22":"pa_pomieszczenie-2437","23":"pa_pomieszczenie-2438","24":"pa_pomieszczenie-2439","25":"pa_pomieszczenie-2436","26":"pa_pomieszczenie-2442","27":"pa_pomieszczenie-2443","28":"pa_rodzaj-gwintu-e27-uk","29":"pa_rodzaj-lampy-2483","30":"pa_zasilanie-2543","31":"pa_zawiera-baterie-2545","32":"pa_zrodlo-swiatla-2547","34":"first","35":"instock","36":"purchasable","37":"product-type-simple"},"acf":[],"aioseo_notices":[],"_links":{"self":[{"href":"https:\/\/portallamp.invette.dev\/uk\/wp-json\/wp\/v2\/product\/48047","targetHints":{"allow":["GET"]}}],"collection":[{"href":"https:\/\/portallamp.invette.dev\/uk\/wp-json\/wp\/v2\/product"}],"about":[{"href":"https:\/\/portallamp.invette.dev\/uk\/wp-json\/wp\/v2\/types\/product"}],"replies":[{"embeddable":true,"href":"https:\/\/portallamp.invette.dev\/uk\/wp-json\/wp\/v2\/comments?post=48047"}],"wp:featuredmedia":[{"embeddable":true,"href":"https:\/\/portallamp.invette.dev\/uk\/wp-json\/wp\/v2\/media\/35904"}],"wp:attachment":[{"href":"https:\/\/portallamp.invette.dev\/uk\/wp-json\/wp\/v2\/media?parent=48047"}],"wp:term":[{"taxonomy":"product_brand","embeddable":true,"href":"https:\/\/portallamp.invette.dev\/uk\/wp-json\/wp\/v2\/product_brand?post=48047"},{"taxonomy":"product_cat","embeddable":true,"href":"https:\/\/portallamp.invette.dev\/uk\/wp-json\/wp\/v2\/product_cat?post=48047"},{"taxonomy":"product_tag","embeddable":true,"href":"https:\/\/portallamp.invette.dev\/uk\/wp-json\/wp\/v2\/product_tag?post=48047"}],"curies":[{"name":"wp","href":"https:\/\/api.w.org\/{rel}","templated":true}]}}