{"id":48119,"date":"2025-07-03T18:01:37","date_gmt":"2025-07-03T16:01:37","guid":{"rendered":"https:\/\/portallamp.invette.dev\/produkt\/zarowka-led-g9-10w-smd-3000k-ww-1100lm-barwa-ciepla\/"},"modified":"2025-07-03T18:01:37","modified_gmt":"2025-07-03T16:01:37","slug":"zarowka-led-g9-10w-smd-3000k-ww-1100lm-barwa-ciepla","status":"publish","type":"product","link":"https:\/\/portallamp.invette.dev\/uk\/produkt\/zarowka-led-g9-10w-smd-3000k-ww-1100lm-barwa-ciepla\/","title":{"rendered":"\u017bAR\u00d3WKA LED G9 10W SMD 3000K WW 1100lm Barwa Ciep\u0142a"},"content":{"rendered":"<h1>\u017bAR\u00d3WKA LED G9 10W SMD 3000K WW 1100lm Barwa Ciep\u0142a<\/h1>\n<p>Odpowiednik tradycyjnej \u017car\u00f3wki 75W<\/p>\n<p><img decoding=\"async\" src=\"https:\/\/a.allegroimg.com\/original\/11b3b9\/16c73f734a98abc862c5938d5a5e\" alt=\"Zdj\u0119cie produktu\" style=\"max-width:100%; height:auto; margin:10px 0;\"><\/p>\n<h1>Parametry techniczne:<\/h1>\n<ul>\n<li>rodzaj trzonka: <b>G9<\/b><\/li>\n<li>barwa \u015bwiat\u0142a:&nbsp;<b> Ciep\u0142a 3000K<\/b><\/li>\n<li>napi\u0119cie zasilania: <b>230V AC<\/b><\/li>\n<li>moc: <b>10 W<\/b><\/li>\n<li>skuteczny strumie\u0144 \u015bwietlny: <b>1100 lm<\/b><\/li>\n<li>k\u0105t \u015bwiecenia: <b>270\u00b0<\/b><\/li>\n<li>\u015brednica: <b>18<\/b>&nbsp;<b>mm<\/b><\/li>\n<li>wysoko\u015b\u0107: <b>63 mm<\/b><\/li>\n<li>Wsp\u00f3\u0142czynnik oddawania barw CRI: <b>Ra &gt; 80<\/b><\/li>\n<li><b>Czas zap\u0142onu:<\/b>&nbsp;natychmiast<\/li>\n<li><b>Liczba cykli pracy \/ w\u0142\u0105cze\u0144:<\/b> 25000<\/li>\n<li><b>Trwa\u0142o\u015b\u0107:<\/b>&nbsp;30000h<\/li>\n<li>Klasa efektywno\u015bci energetycznej &#8211; stara klasyfikacja:&nbsp;<b>A+<\/b><\/li>\n<li>Klasa efektywno\u015bci energetycznej &#8211; nowa klasyfikacja:<b>&nbsp;F<\/b><\/li>\n<li><b>Producent: LUXOLAR<\/b><\/li>\n<\/ul>\n<p><b>Zgodnie z dyrektyw\u0105 UE 2019 \/ 2015 od 1 wrze\u015bnia nast\u0119puje zmiana oznacze\u0144 klas energetycznych stosowanych w \u017ar\u00f3d\u0142ach \u015bwiat\u0142a.<\/b><\/p>\n<p><b>W zwi\u0105zku z tym dotychczasowe klasy A++ A+ A zosta\u0142y zast\u0105pione klasami E, F, G<\/b><\/p>\n<p><b>Oferowana \u017car\u00f3wka posiada etykiet\u0119 energetyczn\u0105 dostosowan\u0105 do nowej dyrektywy.<\/b><\/p>\n","protected":false},"excerpt":{"rendered":"<p>\u017bAR\u00d3WKA LED G9 10W SMD 3000K WW 1100lm Barwa Ciep\u0142a Odpowiednik tradycyjnej \u017car\u00f3wki 75W Parametry techniczne: rodzaj trzonka: G9 barwa \u015bwiat\u0142a:&nbsp; Ciep\u0142a 3000K napi\u0119cie zasilania: 230V AC moc: 10 W skuteczny strumie\u0144 \u015bwietlny: 1100 lm k\u0105t \u015bwiecenia: 270\u00b0 \u015brednica: 18&nbsp;mm wysoko\u015b\u0107: 63 mm Wsp\u00f3\u0142czynnik oddawania barw CRI: Ra &gt; 80 Czas zap\u0142onu:&nbsp;natychmiast Liczba cykli pracy [&hellip;]<\/p>\n","protected":false},"featured_media":34998,"comment_status":"closed","ping_status":"open","template":"","meta":{"_acf_changed":false},"product_brand":[162],"product_cat":[3732],"product_tag":[],"class_list":{"0":"post-48119","1":"product","2":"type-product","3":"status-publish","4":"has-post-thumbnail","6":"product_brand-luxolar","7":"product_cat-3732","8":"pa_barwa-2069","9":"pa_jasnosc-1100-uk","10":"pa_kat-wiercenia-270-uk","11":"pa_klasa-efektywnosci-f-uk","12":"pa_kod-producenta-2250929-uk","13":"pa_kolor-szkla-2289","14":"pa_ksztalt-2311","15":"pa_marka-luxolar","16":"pa_min-liczba-cykli-wlaczen-25000-uk","17":"pa_moc-10-uk","18":"pa_napiecie-230v-uk","19":"pa_rodzaj-led-uk","20":"pa_rodzaj-gwintu-g9-uk","21":"pa_stan-2489","22":"pa_temperatura-barwowa-3000-uk","23":"pa_trwalosc-30000-uk","24":"pa_wskaznik-barw-81-4-uk","25":"pa_zawiera-baterie-2545","26":"pa_zuzycie-energii-10-uk","28":"first","29":"instock","30":"purchasable","31":"product-type-simple"},"acf":[],"aioseo_notices":[],"_links":{"self":[{"href":"https:\/\/portallamp.invette.dev\/uk\/wp-json\/wp\/v2\/product\/48119","targetHints":{"allow":["GET"]}}],"collection":[{"href":"https:\/\/portallamp.invette.dev\/uk\/wp-json\/wp\/v2\/product"}],"about":[{"href":"https:\/\/portallamp.invette.dev\/uk\/wp-json\/wp\/v2\/types\/product"}],"replies":[{"embeddable":true,"href":"https:\/\/portallamp.invette.dev\/uk\/wp-json\/wp\/v2\/comments?post=48119"}],"wp:featuredmedia":[{"embeddable":true,"href":"https:\/\/portallamp.invette.dev\/uk\/wp-json\/wp\/v2\/media\/34998"}],"wp:attachment":[{"href":"https:\/\/portallamp.invette.dev\/uk\/wp-json\/wp\/v2\/media?parent=48119"}],"wp:term":[{"taxonomy":"product_brand","embeddable":true,"href":"https:\/\/portallamp.invette.dev\/uk\/wp-json\/wp\/v2\/product_brand?post=48119"},{"taxonomy":"product_cat","embeddable":true,"href":"https:\/\/portallamp.invette.dev\/uk\/wp-json\/wp\/v2\/product_cat?post=48119"},{"taxonomy":"product_tag","embeddable":true,"href":"https:\/\/portallamp.invette.dev\/uk\/wp-json\/wp\/v2\/product_tag?post=48119"}],"curies":[{"name":"wp","href":"https:\/\/api.w.org\/{rel}","templated":true}]}}