{"id":48146,"date":"2025-07-03T18:01:37","date_gmt":"2025-07-03T16:01:37","guid":{"rendered":"https:\/\/portallamp.invette.dev\/produkt\/lampa-sufitowa-zyrandol-plafon-bezowa-gray-beige-g9-led-564-p1-mleczna-kula\/"},"modified":"2025-07-03T18:01:37","modified_gmt":"2025-07-03T16:01:37","slug":"lampa-sufitowa-zyrandol-plafon-bezowa-gray-beige-g9-led-564-p1-mleczna-kula","status":"publish","type":"product","link":"https:\/\/portallamp.invette.dev\/uk\/produkt\/lampa-sufitowa-zyrandol-plafon-bezowa-gray-beige-g9-led-564-p1-mleczna-kula\/","title":{"rendered":"Lampa Sufitowa \u017byrandol Plafon Be\u017cowa Gray Beige G9 LED 564-P1 Mleczna Kula"},"content":{"rendered":"<h1>Lampa Sufitowa \u017byrandol Plafon Be\u017cowa Gray Beige G9 LED 564-P1<\/h1>\n<p><b>Plafon sufitowy z mlecznym kloszem i z\u0142otym detalem \u2013 elegancja w prostocie<\/b><\/p>\n<p>Stylowa oprawa sufitowa, kt\u00f3ra idealnie \u0142\u0105czy ponadczasow\u0105 form\u0119 z nowoczesn\u0105 estetyk\u0105. Dzi\u0119ki kulistemu, mlecznemu kloszowi lampa emituje mi\u0119kkie, rozproszone \u015bwiat\u0142o, wprowadzaj\u0105c do wn\u0119trza ciep\u0142\u0105 i przytuln\u0105 atmosfer\u0119. Be\u017cowy korpus w odcieniu RAL 1019 w po\u0142\u0105czeniu ze z\u0142otym pier\u015bcieniem dodaje ca\u0142o\u015bci subtelnej elegancji i sprawia, \u017ce plafon doskonale prezentuje si\u0119 w klasycznych, minimalistycznych i skandynawskich aran\u017cacjach.<\/p>\n<p><img decoding=\"async\" src=\"https:\/\/a.allegroimg.com\/original\/11369b\/a806bbbf4ddc8031214461ff964b\" alt=\"Zdj\u0119cie produktu\" style=\"max-width:100%; height:auto; margin:10px 0;\"><\/p>\n<p>Dzi\u0119ki swojej neutralnej kolorystyce i nowoczesnej, ale ciep\u0142ej stylistyce, kinkiet doskonale wpisuje si\u0119 we wn\u0119trza w stylu:<\/p>\n<ul>\n<li><b>skandynawskim,<\/b><\/li>\n<li><b>modern&nbsp;<\/b><b>classic,<\/b><\/li>\n<li><b>japandi<\/b><\/li>\n<li><b>soft&nbsp;<\/b><b>loft<\/b>.<\/li>\n<\/ul>\n<ul><\/ul>\n<p><img decoding=\"async\" src=\"https:\/\/a.allegroimg.com\/original\/112324\/66b38ed94ea39d4fb6a97a978828\" alt=\"Zdj\u0119cie produktu\" style=\"max-width:100%; height:auto; margin:10px 0;\"><\/p>\n<h2>Zalecane pomieszczenia:<\/h2>\n<ul>\n<li>Przedpok\u00f3j lub hol<\/li>\n<li>Garderoba<\/li>\n<li>Sypialnia (jako lampa uzupe\u0142niaj\u0105ca)<\/li>\n<\/ul>\n<h2>Zalety lampy:<\/h2>\n<ul>\n<li><b>Wymienne \u017ar\u00f3d\u0142a \u015bwiat\u0142a G9<\/b> \u2013 Szeroki zakres dost\u0119pnych mocy.<\/li>\n<li><b>Wygodny system demonta\u017cu klosza<\/b> &#8211; istotne w trakcie okresowego czyszczenia lub wymiany \u017car\u00f3wki<\/li>\n<li><b>Stonowana, ponadczasowa kolorystyka<\/b> \u2013 dopasowuje si\u0119 do wi\u0119kszo\u015bci aran\u017cacji<\/li>\n<li><b>Produkt zaprojektowany i wykonany w Europie<\/b> \u2013 gwarancja jako\u015bci i trwa\u0142o\u015bci<\/li>\n<li>Zastosowanie<\/li>\n<\/ul>\n<p><img decoding=\"async\" src=\"https:\/\/a.allegroimg.com\/original\/118a8c\/49ba557a464ca604758bf8957b9b\" alt=\"Zdj\u0119cie produktu\" style=\"max-width:100%; height:auto; margin:10px 0;\"><\/p>\n<p><b>Uniwersalna forma, podw\u00f3jna funkcja<\/b> \u2013 lampa zosta\u0142a zaprojektowana tak, by doskonale prezentowa\u0107 si\u0119 zar\u00f3wno jako plafon sufitowy, jak i elegancki kinkiet \u015bcienny. Jedna oprawa \u2013 wiele mo\u017cliwo\u015bci aran\u017cacyjnych!<\/p>\n<p><img decoding=\"async\" src=\"https:\/\/a.allegroimg.com\/original\/113ac4\/00ef683049429f95d580e4fb5da4\" alt=\"Zdj\u0119cie produktu\" style=\"max-width:100%; height:auto; margin:10px 0;\"><\/p>\n<h2>Dane techniczne:<\/h2>\n<ul>\n<li>Napi\u0119cie zasilania: ~230 V,&nbsp; 50 HZ<\/li>\n<\/ul>\n<ul>\n<li>IP20 &#8211; nie do u\u017cytku w miejscach o podwy\u017cszonej wilgotno\u015bci (Strefy: 0,1 oraz 2),<\/li>\n<\/ul>\n<ul>\n<li>Kod koloru w palecie RAL: 1019\n<p><b>Be\u017c szarawy (ang. Grey beige)<\/b><\/p>\n<p>To stonowany, elegancki odcie\u0144 be\u017cu z domieszk\u0105 szaro\u015bci \u2013 cz\u0119sto wykorzystywany w nowoczesnych i minimalistycznych aran\u017cacjach wn\u0119trz, a tak\u017ce w designie przemys\u0142owym i meblarstwie.<\/p>\n<\/li>\n<\/ul>\n<ul>\n<li>Wyprodukowana w pierwszej klasie ochronno\u015bci przed pora\u017ceniem elektrycznym,<\/li>\n<\/ul>\n<ul>\n<li>Rozeta wykonana z metalu, dobrze przylega do sufitu, nie pozostawia szczeliny,<\/li>\n<\/ul>\n<ul>\n<li>Elementy malowane metod\u0105 proszkow\u0105, trwa\u0142e &#8211; nierdzewiej\u0105ce,<\/li>\n<\/ul>\n<ul>\n<li>Z\u0142ote dodatki wykonane metod\u0105 galwanizacji &#8211; nierdzewiej\u0105ce,<\/li>\n<\/ul>\n<ul>\n<li>Monta\u017c natynkowy &#8211; dwa ko\u0142ki rozporowe (brak w zestawie, nale\u017cy dobra\u0107 w\u0142a\u015bciwe do rodzaju pod\u0142o\u017ca)<\/li>\n<\/ul>\n<ul>\n<li>\u0179r\u00f3d\u0142o \u015bwiat\u0142a: G9 do max 15W&nbsp; &#8211; wy\u0142\u0105cznie LED<\/li>\n<\/ul>\n<ul>\n<li>Waga lampy bez \u017car\u00f3wek: 0,4 kg<\/li>\n<\/ul>\n<ul>\n<li>Certyfikaty i deklaracje: CE ; ROHS ; WEEE<\/li>\n<\/ul>\n<ul>\n<li>Producent i Podmiot odpowiedzialny na terenie UE: LUXOLAR<\/li>\n<\/ul>\n<h2>Wymiary:<\/h2>\n<p><img decoding=\"async\" src=\"https:\/\/a.allegroimg.com\/original\/118309\/a5ade0b54b1cb5d18720b606bfb3\" alt=\"Zdj\u0119cie produktu\" style=\"max-width:100%; height:auto; margin:10px 0;\"><\/p>\n<h2>Oznakowanie produktu:<\/h2>\n<p><img decoding=\"async\" src=\"https:\/\/a.allegroimg.com\/original\/11369c\/666ae39241cca560c4a8ff934719\" alt=\"Zdj\u0119cie produktu\" style=\"max-width:100%; height:auto; margin:10px 0;\"><\/p>\n<h2>Skr\u00f3cona instrukcja monta\u017cu:<\/h2>\n<p><img decoding=\"async\" src=\"https:\/\/a.allegroimg.com\/original\/11d72b\/9be95761478389df19790c4a5b96\" alt=\"Zdj\u0119cie produktu\" style=\"max-width:100%; height:auto; margin:10px 0;\"><br \/>\n<img decoding=\"async\" src=\"https:\/\/a.allegroimg.com\/original\/110fd7\/6a03aff44b679b54c235c5bedafe\" alt=\"Zdj\u0119cie produktu\" style=\"max-width:100%; height:auto; margin:10px 0;\"><br \/>\n<img decoding=\"async\" src=\"https:\/\/a.allegroimg.com\/original\/11cefd\/20bb26af4cf8b3245b7121350207\" alt=\"Zdj\u0119cie produktu\" style=\"max-width:100%; height:auto; margin:10px 0;\"><\/p>\n<h2>Zestaw zawiera:<\/h2>\n<ul>\n<li><b>Kompletn\u0105, z\u0142o\u017con\u0105 lamp\u0119, gotow\u0105 do monta\u017cu (klosz spakowany oddzielnie)<\/b><\/li>\n<li><b>Z\u0142\u0105cze elektryczne<\/b><\/li>\n<li><b>Klient otrzyma instrukcj\u0119 obs\u0142ugi w j\u0119zyku odpowiednim dla kraju zakupu.<\/b><\/li>\n<li><b>Dokument zakupu<\/b><\/li>\n<li><b>Zestaw nie zawiera \u017car\u00f3wki oraz ko\u0142k\u00f3w monta\u017cowych &#8211; dost\u0119pne na naszych aukcjach<\/b><\/li>\n<\/ul>\n<h2>ZALECANE \u0179R\u00d3D\u0141A \u015aWIAT\u0141A:<\/h2>\n<\/p>\n<ul>\n<li>Wy\u0142\u0105cznie \u017car\u00f3wki w technologii LED (Filament, SMD)<\/li>\n<li>Gwint: G9<\/li>\n<li>Kszta\u0142t: dowolny<\/li>\n<li>Strumie\u0144 \u015bwietlny: 900 -1300 lm<\/li>\n<li>Moc pobierana z sieci: 8 -15 W<\/li>\n<li>Barwa: Neutralna (4000K)<\/li>\n<\/ul>\n<p><img decoding=\"async\" src=\"https:\/\/a.allegroimg.com\/original\/1170f8\/7c3bb91249deaece088353680775\" alt=\"Zdj\u0119cie produktu\" style=\"max-width:100%; height:auto; margin:10px 0;\"><\/p>\n<h2>Szukasz do kompletu innej podobnej lampy ?&nbsp; &#8230;<\/h2>\n<h2>Znajdziesz j\u0105 w naszych ofertach wpisuj\u0105c symbol &#8220;564&#8221; lub s\u0142owo: Be\u017cowa<\/h2>\n<p><img decoding=\"async\" src=\"https:\/\/a.allegroimg.com\/original\/112324\/66b38ed94ea39d4fb6a97a978828\" alt=\"Zdj\u0119cie produktu\" style=\"max-width:100%; height:auto; margin:10px 0;\"><br \/>\n<img decoding=\"async\" src=\"https:\/\/a.allegroimg.com\/original\/112a63\/af80992b4ed89275b2d3aa65470a\" alt=\"Zdj\u0119cie produktu\" style=\"max-width:100%; height:auto; margin:10px 0;\"><br \/>\n<img decoding=\"async\" src=\"https:\/\/a.allegroimg.com\/original\/11a77d\/626a007d4d8890a4ed625682d37f\" alt=\"Zdj\u0119cie produktu\" style=\"max-width:100%; height:auto; margin:10px 0;\"><\/p>\n","protected":false},"excerpt":{"rendered":"<p>Lampa Sufitowa \u017byrandol Plafon Be\u017cowa Gray Beige G9 LED 564-P1 Plafon sufitowy z mlecznym kloszem i z\u0142otym detalem \u2013 elegancja w prostocie Stylowa oprawa sufitowa, kt\u00f3ra idealnie \u0142\u0105czy ponadczasow\u0105 form\u0119 z nowoczesn\u0105 estetyk\u0105. Dzi\u0119ki kulistemu, mlecznemu kloszowi lampa emituje mi\u0119kkie, rozproszone \u015bwiat\u0142o, wprowadzaj\u0105c do wn\u0119trza ciep\u0142\u0105 i przytuln\u0105 atmosfer\u0119. Be\u017cowy korpus w odcieniu RAL 1019 [&hellip;]<\/p>\n","protected":false},"featured_media":35178,"comment_status":"closed","ping_status":"open","template":"","meta":{"_acf_changed":false},"product_brand":[162],"product_cat":[2596,2677],"product_tag":[],"class_list":{"0":"post-48146","1":"product","2":"type-product","3":"status-publish","4":"has-post-thumbnail","6":"product_brand-luxolar","7":"product_cat-2596","8":"product_cat-2677","9":"pa_kat-wiercenia-360-uk","10":"pa_klasa-efektywnosci-2146","11":"pa_kod-producenta-564-p1-uk","12":"pa_kolekcja-564-uk","13":"pa_kolor-2233","14":"pa_liczba-punktow-swiatla-1-uk","15":"pa_marka-luxolar","16":"pa_material-dominujacy-2345","17":"pa_max-moc-pojed-zrodla-swiatla-15-uk","18":"pa_pomieszczenie-2437","19":"pa_pomieszczenie-2438","20":"pa_pomieszczenie-2439","21":"pa_pomieszczenie-2436","22":"pa_pomieszczenie-2442","23":"pa_pomieszczenie-2443","24":"pa_pomieszczenie-2444","25":"pa_rodzaj-gwintu-g9-uk","26":"pa_rodzaj-lampy-2483","27":"pa_stan-2489","28":"pa_zasilanie-2543","29":"pa_zawiera-baterie-2545","30":"pa_zrodlo-swiatla-2547","32":"first","33":"instock","34":"purchasable","35":"product-type-simple"},"acf":[],"aioseo_notices":[],"_links":{"self":[{"href":"https:\/\/portallamp.invette.dev\/uk\/wp-json\/wp\/v2\/product\/48146","targetHints":{"allow":["GET"]}}],"collection":[{"href":"https:\/\/portallamp.invette.dev\/uk\/wp-json\/wp\/v2\/product"}],"about":[{"href":"https:\/\/portallamp.invette.dev\/uk\/wp-json\/wp\/v2\/types\/product"}],"replies":[{"embeddable":true,"href":"https:\/\/portallamp.invette.dev\/uk\/wp-json\/wp\/v2\/comments?post=48146"}],"wp:featuredmedia":[{"embeddable":true,"href":"https:\/\/portallamp.invette.dev\/uk\/wp-json\/wp\/v2\/media\/35178"}],"wp:attachment":[{"href":"https:\/\/portallamp.invette.dev\/uk\/wp-json\/wp\/v2\/media?parent=48146"}],"wp:term":[{"taxonomy":"product_brand","embeddable":true,"href":"https:\/\/portallamp.invette.dev\/uk\/wp-json\/wp\/v2\/product_brand?post=48146"},{"taxonomy":"product_cat","embeddable":true,"href":"https:\/\/portallamp.invette.dev\/uk\/wp-json\/wp\/v2\/product_cat?post=48146"},{"taxonomy":"product_tag","embeddable":true,"href":"https:\/\/portallamp.invette.dev\/uk\/wp-json\/wp\/v2\/product_tag?post=48146"}],"curies":[{"name":"wp","href":"https:\/\/api.w.org\/{rel}","templated":true}]}}