{"id":48152,"date":"2025-07-03T18:01:37","date_gmt":"2025-07-03T16:01:37","guid":{"rendered":"https:\/\/portallamp.invette.dev\/produkt\/lampa-nocna-stolowa-na-stolik-bezowa-gray-beige-g9-led-564-l1-mleczna-kula\/"},"modified":"2025-07-03T18:01:37","modified_gmt":"2025-07-03T16:01:37","slug":"lampa-nocna-stolowa-na-stolik-bezowa-gray-beige-g9-led-564-l1-mleczna-kula","status":"publish","type":"product","link":"https:\/\/portallamp.invette.dev\/uk\/produkt\/lampa-nocna-stolowa-na-stolik-bezowa-gray-beige-g9-led-564-l1-mleczna-kula\/","title":{"rendered":"Lampa Nocna Sto\u0142owa na Stolik Be\u017cowa Gray Beige G9 LED 564-L1 Mleczna Kula"},"content":{"rendered":"<h1>Lampa Nocna Sto\u0142owa na Stolik Be\u017cowa Gray Beige G9 LED 564-L1 Mleczna Kula<\/h1>\n<p><img decoding=\"async\" src=\"https:\/\/a.allegroimg.com\/original\/115d91\/b953e0f147b0ad7a5ad1d833cea8\" alt=\"Zdj\u0119cie produktu\" style=\"max-width:100%; height:auto; margin:10px 0;\"><\/p>\n<p><b>Lampka nocna z kloszem szklanym \u2013 elegancja i funkcjonalno\u015b\u0107 w jednym<\/b><\/p>\n<p>Stylowa lampka sto\u0142owa z matowym, szklanym kloszem to doskona\u0142e po\u0142\u0105czenie nowoczesnego designu i przytulnego charakteru. Jej stonowany kolor RAL 1019 (be\u017cowo-szary) w po\u0142\u0105czeniu ze z\u0142otymi akcentami sprawia, \u017ce doskonale wpisuje si\u0119 w modne aran\u017cacje wn\u0119trz \u2013 od skandynawskich, przez japandi, a\u017c po klasyczne.<\/p>\n<p>Matowa kula o \u015brednicy 14 cm rozprasza \u015bwiat\u0142o w delikatny, nastrojowy spos\u00f3b, tworz\u0105c wyj\u0105tkow\u0105 atmosfer\u0119 w sypialni, salonie czy domowym biurze. Stabilna, cienka podstawa i smuk\u0142a konstrukcja o wysoko\u015bci 28 cm sprawiaj\u0105, \u017ce lampka prezentuje si\u0119 lekko i elegancko.<\/p>\n<p>Dzi\u0119ki praktycznemu w\u0142\u0105cznikowi na przewodzie, obs\u0142uga lampki jest szybka i wygodna. Idealna jako lampka nocna przy \u0142\u00f3\u017cku, dekoracyjne o\u015bwietlenie komody lub jako stylowy dodatek na stolik pomocniczy.<\/p>\n<p><img decoding=\"async\" src=\"https:\/\/a.allegroimg.com\/original\/11b589\/655386c34370a5d75a8ca68ea37f\" alt=\"Zdj\u0119cie produktu\" style=\"max-width:100%; height:auto; margin:10px 0;\"><\/p>\n<p>Dzi\u0119ki swojej neutralnej kolorystyce i nowoczesnej, ale ciep\u0142ej stylistyce, kinkiet doskonale wpisuje si\u0119 we wn\u0119trza w stylu:<\/p>\n<ul>\n<li><b>skandynawskim,<\/b><\/li>\n<li><b>modern <\/b><b>classic,<\/b><\/li>\n<li><b>japandi<\/b><\/li>\n<li><b>soft <\/b><b>loft<\/b>.<\/li>\n<\/ul>\n<h2>Zalety lampy:<\/h2>\n<ul>\n<li><b>Wymienne \u017ar\u00f3d\u0142a \u015bwiat\u0142a G9<\/b>&nbsp;\u2013 Szeroki zakres dost\u0119pnych mocy.<\/li>\n<li><b>Wygodny system demonta\u017cu klosza<\/b>&nbsp;&#8211; istotne w trakcie okresowego czyszczenia lub wymiany \u017car\u00f3wki<\/li>\n<li><b>Stonowana, ponadczasowa kolorystyka<\/b>&nbsp;\u2013 dopasowuje si\u0119 do wi\u0119kszo\u015bci aran\u017cacji<\/li>\n<li><b>Produkt zaprojektowany i wykonany w Europie<\/b>&nbsp;\u2013 gwarancja jako\u015bci i trwa\u0142o\u015bci<\/li>\n<\/ul>\n<h2>Wymiary:<\/h2>\n<p><img decoding=\"async\" src=\"https:\/\/a.allegroimg.com\/original\/1181b5\/adced5ba44aea650c166ea79f8cf\" alt=\"Zdj\u0119cie produktu\" style=\"max-width:100%; height:auto; margin:10px 0;\"><\/p>\n<h2>Dane techniczne:<\/h2>\n<ul>\n<li>Napi\u0119cie zasilania: ~230 V,&nbsp; 50 HZ<\/li>\n<\/ul>\n<ul>\n<li>IP20 &#8211; nie do u\u017cytku w miejscach o podwy\u017cszonej wilgotno\u015bci (Strefy: 0,1 oraz 2),<\/li>\n<\/ul>\n<ul>\n<li>Kod koloru w palecie RAL: 1019\n<p><b>Be\u017c szarawy (ang. Grey beige)<\/b><\/p>\n<p>To stonowany, elegancki odcie\u0144 be\u017cu z domieszk\u0105 szaro\u015bci \u2013 cz\u0119sto wykorzystywany w nowoczesnych i minimalistycznych aran\u017cacjach wn\u0119trz, a tak\u017ce w designie przemys\u0142owym i meblarstwie.<\/p>\n<\/li>\n<\/ul>\n<ul>\n<li>Elementy malowane metod\u0105 proszkow\u0105, trwa\u0142e &#8211; nierdzewiej\u0105ce,<\/li>\n<\/ul>\n<ul>\n<li>Z\u0142ote dodatki wykonane metod\u0105 galwanizacji &#8211; nierdzewiej\u0105ce,<\/li>\n<\/ul>\n<ul>\n<li>Podstawka lampki wyposa\u017cona w filcowe stopki,<\/li>\n<\/ul>\n<ul>\n<li>W\u0142\u0105cznik wbudowany w przew\u00f3d zako\u0144czony wtyczk\u0105. <b>Ca\u0142kowita d\u0142ugo\u015b\u0107 przewodu: 130 cm<\/b><\/li>\n<\/ul>\n<ul>\n<li>\u0179r\u00f3d\u0142o \u015bwiat\u0142a: G9 do max 15W&nbsp; &#8211; wy\u0142\u0105cznie LED<\/li>\n<\/ul>\n<ul>\n<li>Waga lampy bez \u017car\u00f3wek: 0,7 kg<\/li>\n<\/ul>\n<ul>\n<li>Certyfikaty i deklaracje: CE ; ROHS ; WEEE<\/li>\n<\/ul>\n<ul>\n<li>Producent i Podmiot odpowiedzialny na terenie UE: LUXOLAR<\/li>\n<\/ul>\n<h2>Oznakowanie produktu:<\/h2>\n<p><img decoding=\"async\" src=\"https:\/\/a.allegroimg.com\/original\/11c0ff\/bb3bc8514d2a95c58f101a9baff6\" alt=\"Zdj\u0119cie produktu\" style=\"max-width:100%; height:auto; margin:10px 0;\"><\/p>\n<h2>Skr\u00f3cona instrukcja monta\u017cu:<\/h2>\n<p><img decoding=\"async\" src=\"https:\/\/a.allegroimg.com\/original\/11a6b7\/6fcb4b2d4cecb36d992adab335ac\" alt=\"Zdj\u0119cie produktu\" style=\"max-width:100%; height:auto; margin:10px 0;\"><br \/>\n<img decoding=\"async\" src=\"https:\/\/a.allegroimg.com\/original\/11811b\/2d8577114501a39a435301095597\" alt=\"Zdj\u0119cie produktu\" style=\"max-width:100%; height:auto; margin:10px 0;\"><\/p>\n<h2>Zestaw zawiera:<\/h2>\n<ul>\n<li><b>Kompletn\u0105 z\u0142o\u017con\u0105 lamp\u0119, gotow\u0105 do u\u017cytku (klosz spakowany oddzielnie)<\/b><\/li>\n<\/ul>\n<ul>\n<li><b>Instrukcj\u0119 obs\u0142ugi obowi\u0105zuj\u0105c\u0105 w kraju zakupu<\/b><\/li>\n<\/ul>\n<ul>\n<li><b>Dokument zakupu w j\u0119zyku polskim lub angielskim<\/b><\/li>\n<\/ul>\n<ul>\n<li><b>Nie zawiera \u017car\u00f3wki &#8211; zach\u0119camy do zakupu w zestawie.<\/b><\/li>\n<\/ul>\n<p><img decoding=\"async\" src=\"https:\/\/a.allegroimg.com\/original\/11c36e\/09ea202a4f09876033f9cf8ccb0d\" alt=\"Zdj\u0119cie produktu\" style=\"max-width:100%; height:auto; margin:10px 0;\"><\/p>\n<h2>Szukasz do kompletu innej podobnej lampy ?&nbsp; &#8230;<\/h2>\n<h2>Znajdziesz j\u0105 w naszych ofertach wpisuj\u0105c s\u0142owo: Be\u017cowa lub &#8220;564&#8221;<\/h2>\n<p><img decoding=\"async\" src=\"https:\/\/a.allegroimg.com\/original\/11a3f0\/04aa76de43fdbdcb9a900e506d01\" alt=\"Zdj\u0119cie produktu\" style=\"max-width:100%; height:auto; margin:10px 0;\"><\/p>\n<h2>ZALECANE \u0179R\u00d3D\u0141A \u015aWIAT\u0141A:<\/h2>\n<\/p>\n<ul>\n<li>Wy\u0142\u0105cznie \u017car\u00f3wki w technologii LED (Filament, SMD)<\/li>\n<li>Gwint: G9<\/li>\n<li>Kszta\u0142t: dowolny<\/li>\n<li>Strumie\u0144 \u015bwietlny: 900 -1300 lm<\/li>\n<li>Moc pobierana z sieci: 8 -15 W<\/li>\n<li>Barwa: Neutralna (4000K)<\/li>\n<\/ul>\n<p><img decoding=\"async\" src=\"https:\/\/a.allegroimg.com\/original\/11fc27\/b4ca7a7e4905a6ec531d9593d9f4\" alt=\"Zdj\u0119cie produktu\" style=\"max-width:100%; height:auto; margin:10px 0;\"><br \/>\n<img decoding=\"async\" src=\"https:\/\/a.allegroimg.com\/original\/116cb0\/c62a620240b2b144b7009f13a5f8\" alt=\"Zdj\u0119cie produktu\" style=\"max-width:100%; height:auto; margin:10px 0;\"><br \/>\n<img decoding=\"async\" src=\"https:\/\/a.allegroimg.com\/original\/112b1a\/18c4ada344dd9e95d03f64987e15\" alt=\"Zdj\u0119cie produktu\" style=\"max-width:100%; height:auto; margin:10px 0;\"><\/p>\n","protected":false},"excerpt":{"rendered":"<p>Lampa Nocna Sto\u0142owa na Stolik Be\u017cowa Gray Beige G9 LED 564-L1 Mleczna Kula Lampka nocna z kloszem szklanym \u2013 elegancja i funkcjonalno\u015b\u0107 w jednym Stylowa lampka sto\u0142owa z matowym, szklanym kloszem to doskona\u0142e po\u0142\u0105czenie nowoczesnego designu i przytulnego charakteru. Jej stonowany kolor RAL 1019 (be\u017cowo-szary) w po\u0142\u0105czeniu ze z\u0142otymi akcentami sprawia, \u017ce doskonale wpisuje si\u0119 [&hellip;]<\/p>\n","protected":false},"featured_media":35235,"comment_status":"closed","ping_status":"open","template":"","meta":{"_acf_changed":false},"product_brand":[162],"product_cat":[2596,2775],"product_tag":[],"class_list":{"0":"post-48152","1":"product","2":"type-product","3":"status-publish","4":"has-post-thumbnail","6":"product_brand-luxolar","7":"product_cat-2596","8":"product_cat---uk","9":"pa_kat-wiercenia-360-uk","10":"pa_kod-producenta-564-l1-uk","11":"pa_kolekcja-564-uk","12":"pa_kolor-2233","13":"pa_kolor-2246","14":"pa_liczba-punktow-swiatla-1-uk","15":"pa_marka-luxolar","16":"pa_max-moc-pojed-zrodla-swiatla-15-uk","17":"pa_rodzaj-gwintu-g9-uk","18":"pa_stan-2489","19":"pa_typ-2515","20":"pa_typ-2516","21":"pa_zasilanie-2543","22":"pa_zawiera-baterie-2545","23":"pa_zrodlo-swiatla-2547","25":"first","26":"instock","27":"purchasable","28":"product-type-simple"},"acf":[],"aioseo_notices":[],"_links":{"self":[{"href":"https:\/\/portallamp.invette.dev\/uk\/wp-json\/wp\/v2\/product\/48152","targetHints":{"allow":["GET"]}}],"collection":[{"href":"https:\/\/portallamp.invette.dev\/uk\/wp-json\/wp\/v2\/product"}],"about":[{"href":"https:\/\/portallamp.invette.dev\/uk\/wp-json\/wp\/v2\/types\/product"}],"replies":[{"embeddable":true,"href":"https:\/\/portallamp.invette.dev\/uk\/wp-json\/wp\/v2\/comments?post=48152"}],"wp:featuredmedia":[{"embeddable":true,"href":"https:\/\/portallamp.invette.dev\/uk\/wp-json\/wp\/v2\/media\/35235"}],"wp:attachment":[{"href":"https:\/\/portallamp.invette.dev\/uk\/wp-json\/wp\/v2\/media?parent=48152"}],"wp:term":[{"taxonomy":"product_brand","embeddable":true,"href":"https:\/\/portallamp.invette.dev\/uk\/wp-json\/wp\/v2\/product_brand?post=48152"},{"taxonomy":"product_cat","embeddable":true,"href":"https:\/\/portallamp.invette.dev\/uk\/wp-json\/wp\/v2\/product_cat?post=48152"},{"taxonomy":"product_tag","embeddable":true,"href":"https:\/\/portallamp.invette.dev\/uk\/wp-json\/wp\/v2\/product_tag?post=48152"}],"curies":[{"name":"wp","href":"https:\/\/api.w.org\/{rel}","templated":true}]}}