{"id":48275,"date":"2025-07-03T17:57:13","date_gmt":"2025-07-03T15:57:13","guid":{"rendered":"https:\/\/portallamp.invette.dev\/produkt\/zarowka-led-g9-8w-smd-4000k-nw-780lm-barwa-neutralna\/"},"modified":"2025-07-03T17:57:13","modified_gmt":"2025-07-03T15:57:13","slug":"zarowka-led-g9-8w-smd-4000k-nw-780lm-barwa-neutralna","status":"publish","type":"product","link":"https:\/\/portallamp.invette.dev\/uk\/produkt\/zarowka-led-g9-8w-smd-4000k-nw-780lm-barwa-neutralna\/","title":{"rendered":"\u017bAR\u00d3WKA LED G9 8W SMD 4000K NW 780lm Barwa Neutralna"},"content":{"rendered":"<h1>\u017bar\u00f3wka LED G9 8W =75W SMD &#8211; Barwa neutralna 4000K<\/h1>\n<p><img decoding=\"async\" src=\"https:\/\/a.allegroimg.com\/original\/113203\/de8266da495cb944f3e235ac8202\" alt=\"Zdj\u0119cie produktu\" style=\"max-width:100%; height:auto; margin:10px 0;\"><\/p>\n<h1>Parametry techniczne:<\/h1>\n<ul>\n<li>rodzaj trzonka: <b>G9<\/b><\/li>\n<li>barwa \u015bwiat\u0142a:&nbsp;<b> Neutralna Bia\u0142a 4000K<\/b><\/li>\n<li>napi\u0119cie zasilania: <b>230V AC<\/b><\/li>\n<li>moc: <b>8&nbsp;W<\/b><\/li>\n<li>strumie\u0144 \u015bwietlny: <b>780 lm<\/b><\/li>\n<li>k\u0105t \u015bwiecenia: <b>270\u00b0<\/b><\/li>\n<li>\u015brednica: <b>18<\/b> <b>mm<\/b><\/li>\n<li>wysoko\u015b\u0107: <b>62 mm<\/b><\/li>\n<li>Wsp\u00f3\u0142czynnik oddawania barw CRI: <b>Ra &gt; 80<\/b><\/li>\n<li><b>Czas zap\u0142onu:<\/b>&nbsp;natychmiast<\/li>\n<li><b>Rozmiar:<\/b>&nbsp;64x18mmmm<\/li>\n<li><b>Liczba cykli pracy \/ w\u0142\u0105cze\u0144:<\/b>&nbsp;50000<\/li>\n<li><b>Trwa\u0142o\u015b\u0107:<\/b>&nbsp;30000h<\/li>\n<li>Klasa efektywno\u015bci energetycznej &#8211; stara klasyfikacja:&nbsp;<b>A+<\/b><\/li>\n<li>Klasa efektywno\u015bci energetycznej &#8211; nowa klasyfikacja:<b>&nbsp;F<\/b><\/li>\n<\/ul>\n<p><b>Zgodnie z dyrektyw\u0105 UE 2019 \/ 2015 od 1 wrze\u015bnia nast\u0119puje zmiana oznacze\u0144 klas energetycznych stosowanych w \u017ar\u00f3d\u0142ach \u015bwiat\u0142a.<\/b><\/p>\n<p><b>W zwi\u0105zku z tym dotychczasowe klasy A++ A+ A zosta\u0142y zast\u0105pione klasami E, F, G<\/b><\/p>\n<p><b>Oferowana \u017car\u00f3wka posiada etykiet\u0119 energetyczn\u0105 dostosowan\u0105 do nowej dyrektywy.<\/b><\/p>\n<h1>Przyk\u0142ad zastosowania:<\/h1>\n<p><img decoding=\"async\" src=\"https:\/\/a.allegroimg.com\/original\/110e87\/b8c3b95945bc9334a65904ddecde\" alt=\"Zdj\u0119cie produktu\" style=\"max-width:100%; height:auto; margin:10px 0;\"><br \/>\n<img decoding=\"async\" src=\"https:\/\/a.allegroimg.com\/original\/1179a1\/f6bc95ec4695b3c50300e956891e\" alt=\"Zdj\u0119cie produktu\" style=\"max-width:100%; height:auto; margin:10px 0;\"><\/p>\n","protected":false},"excerpt":{"rendered":"<p>\u017bar\u00f3wka LED G9 8W =75W SMD &#8211; Barwa neutralna 4000K Parametry techniczne: rodzaj trzonka: G9 barwa \u015bwiat\u0142a:&nbsp; Neutralna Bia\u0142a 4000K napi\u0119cie zasilania: 230V AC moc: 8&nbsp;W strumie\u0144 \u015bwietlny: 780 lm k\u0105t \u015bwiecenia: 270\u00b0 \u015brednica: 18 mm wysoko\u015b\u0107: 62 mm Wsp\u00f3\u0142czynnik oddawania barw CRI: Ra &gt; 80 Czas zap\u0142onu:&nbsp;natychmiast Rozmiar:&nbsp;64x18mmmm Liczba cykli pracy \/ w\u0142\u0105cze\u0144:&nbsp;50000 Trwa\u0142o\u015b\u0107:&nbsp;30000h [&hellip;]<\/p>\n","protected":false},"featured_media":30606,"comment_status":"closed","ping_status":"open","template":"","meta":{"_acf_changed":false},"product_brand":[162],"product_cat":[3732],"product_tag":[],"class_list":{"0":"post-48275","1":"product","2":"type-product","3":"status-publish","4":"has-post-thumbnail","6":"product_brand-luxolar","7":"product_cat-3732","8":"pa_barwa-2070","9":"pa_jasnosc-780-uk","10":"pa_kat-wiercenia-270-uk","11":"pa_klasa-efektywnosci-f-uk","12":"pa_kod-producenta-zarowka-g9-8w-nw-uk","13":"pa_kolor-szkla-2289","14":"pa_ksztalt-2311","15":"pa_marka-luxolar","16":"pa_moc-8-uk","17":"pa_napiecie-230v-uk","18":"pa_rodzaj-led-uk","19":"pa_rodzaj-gwintu-g9-uk","20":"pa_temperatura-barwowa-4000-uk","21":"pa_trwalosc-30000-uk","22":"pa_zawiera-baterie-2545","24":"first","25":"instock","26":"purchasable","27":"product-type-simple"},"acf":[],"aioseo_notices":[],"_links":{"self":[{"href":"https:\/\/portallamp.invette.dev\/uk\/wp-json\/wp\/v2\/product\/48275","targetHints":{"allow":["GET"]}}],"collection":[{"href":"https:\/\/portallamp.invette.dev\/uk\/wp-json\/wp\/v2\/product"}],"about":[{"href":"https:\/\/portallamp.invette.dev\/uk\/wp-json\/wp\/v2\/types\/product"}],"replies":[{"embeddable":true,"href":"https:\/\/portallamp.invette.dev\/uk\/wp-json\/wp\/v2\/comments?post=48275"}],"wp:featuredmedia":[{"embeddable":true,"href":"https:\/\/portallamp.invette.dev\/uk\/wp-json\/wp\/v2\/media\/30606"}],"wp:attachment":[{"href":"https:\/\/portallamp.invette.dev\/uk\/wp-json\/wp\/v2\/media?parent=48275"}],"wp:term":[{"taxonomy":"product_brand","embeddable":true,"href":"https:\/\/portallamp.invette.dev\/uk\/wp-json\/wp\/v2\/product_brand?post=48275"},{"taxonomy":"product_cat","embeddable":true,"href":"https:\/\/portallamp.invette.dev\/uk\/wp-json\/wp\/v2\/product_cat?post=48275"},{"taxonomy":"product_tag","embeddable":true,"href":"https:\/\/portallamp.invette.dev\/uk\/wp-json\/wp\/v2\/product_tag?post=48275"}],"curies":[{"name":"wp","href":"https:\/\/api.w.org\/{rel}","templated":true}]}}