{"id":48287,"date":"2025-07-03T17:57:13","date_gmt":"2025-07-03T15:57:13","guid":{"rendered":"https:\/\/portallamp.invette.dev\/produkt\/lampa-nocna-stolowa-na-stolik-580-l1-led-e27-boho-bambus-naturalna-pleciona\/"},"modified":"2025-07-03T17:57:13","modified_gmt":"2025-07-03T15:57:13","slug":"lampa-nocna-stolowa-na-stolik-580-l1-led-e27-boho-bambus-naturalna-pleciona","status":"publish","type":"product","link":"https:\/\/portallamp.invette.dev\/uk\/produkt\/lampa-nocna-stolowa-na-stolik-580-l1-led-e27-boho-bambus-naturalna-pleciona\/","title":{"rendered":"Lampa Nocna Sto\u0142owa na Stolik 580-L1 LED E27 Boho Bambus Naturalna Pleciona"},"content":{"rendered":"<h1>Lampa Nocna Sto\u0142owa z drewna bambusowego, 580-L1 LED E27 w Stylu BOHO<\/h1>\n<p><img decoding=\"async\" src=\"https:\/\/a.allegroimg.com\/original\/11d320\/d9d7dedf4d02a63a8cd148af345f\" alt=\"Zdj\u0119cie produktu\" style=\"max-width:100%; height:auto; margin:10px 0;\"><br \/>\n<img decoding=\"async\" src=\"https:\/\/a.allegroimg.com\/original\/1198fd\/05937f1d42539c1fdf069034e498\" alt=\"Zdj\u0119cie produktu\" style=\"max-width:100%; height:auto; margin:10px 0;\"><\/p>\n<h2>G\u0142\u00f3wne cechy produktu:<\/h2>\n<p>\u2705 Idealna do pomieszcze\u0144 urz\u0105dzonych w stylu<b>&nbsp;Skandynawskim,&nbsp; Boho, Naturalnym<\/b><\/p>\n<p><b>\u2705 <\/b>Wiele mo\u017cliwo\u015bci zastosowania: <b>Salony, sypialnie, jadalnie, k\u0105ciki do czytania a tak\u017ce na taras lub do altany.<\/b><\/p>\n<p><b>\u2705&nbsp;<\/b>Lamp\u0119 charakteryzuje wysoka jako\u015b\u0107 oraz trwa\u0142o\u015b\u0107<\/p>\n<p><b>\u2705<\/b>&nbsp;Szybki i prosty demonta\u017c klosza&nbsp; &#8211; istotne przy jego czyszczeniu lub wymianie \u017car\u00f3wki<\/p>\n<p><b>\u2705&nbsp;<\/b>Wykorzystuje najbardziej popularne \u017ar\u00f3d\u0142a \u015bwiat\u0142a &#8211; nie wpadniesz w pu\u0142apk\u0119 drogich \u017car\u00f3wek,<\/p>\n<p><b>\u2705&nbsp;<\/b>Produkt Polski, CE Producent: LUXOLAR<\/p>\n<h2>Wymiary:<\/h2>\n<p><img decoding=\"async\" src=\"https:\/\/a.allegroimg.com\/original\/11b892\/a8e7e6ee4ebd9ec3d88776941a52\" alt=\"Zdj\u0119cie produktu\" style=\"max-width:100%; height:auto; margin:10px 0;\"><\/p>\n<h2>Dane techniczne:<\/h2>\n<ul>\n<li>Napi\u0119cie zasilania: ~230 V,&nbsp; 50 HZ<\/li>\n<\/ul>\n<ul>\n<li>IP20 &#8211; nie do u\u017cytku w miejscach o podwy\u017cszonej wilgotno\u015bci (Strefy: 0,1 oraz 2),<\/li>\n<\/ul>\n<ul>\n<li>Wyprodukowana w drugiej klasie ochronno\u015bci przed pora\u017ceniem elektrycznym,<\/li>\n<\/ul>\n<ul>\n<li>Materia\u0142 klosza: Naturalne drewno Bambusowe<\/li>\n<\/ul>\n<ul>\n<li>Materia\u0142 podstawy: Metal malowany proszkowo<\/li>\n<\/ul>\n<ul>\n<li>Podstawa lampki wyposa\u017cona jest w filcowe stopki. Zabezpieczaj\u0105 one powierzchnie sto\u0142u przed zarysowaniem.<\/li>\n<\/ul>\n<ul>\n<li>\u0179r\u00f3d\u0142o \u015bwiat\u0142a: Typ E27 LED do max 60W<\/li>\n<\/ul>\n<ul>\n<li>W\u0142\u0105cznik wbudowany w przew\u00f3d zasilaj\u0105cy zako\u0144czony wtyczk\u0105. D\u0142ugo\u015b\u0107 przewodu: 130 cm<\/li>\n<\/ul>\n<ul>\n<li>Waga lampy bez \u017car\u00f3wki: 0,54 kg<\/li>\n<\/ul>\n<ul>\n<li>CE ROHS WEEE<\/li>\n<\/ul>\n<ul>\n<li>Producent i Podmiot odpowiedzialny na terenie UE: LUXOLAR<\/li>\n<\/ul>\n<p><img decoding=\"async\" src=\"https:\/\/a.allegroimg.com\/original\/11f14c\/3ba072ab456da75052c9d0541654\" alt=\"Zdj\u0119cie produktu\" style=\"max-width:100%; height:auto; margin:10px 0;\"><\/p>\n<h2>Oznakowanie produktu:<\/h2>\n<p><img decoding=\"async\" src=\"https:\/\/a.allegroimg.com\/original\/110aa2\/2c5c5a674b5fa3887cb4c4fafba1\" alt=\"Zdj\u0119cie produktu\" style=\"max-width:100%; height:auto; margin:10px 0;\"><\/p>\n<h2>Skr\u00f3cona instrukcja monta\u017cu:<\/h2>\n<p><img decoding=\"async\" src=\"https:\/\/a.allegroimg.com\/original\/119bf8\/a5fa930c4e0883345d4910853108\" alt=\"Zdj\u0119cie produktu\" style=\"max-width:100%; height:auto; margin:10px 0;\"><br \/>\n<img decoding=\"async\" src=\"https:\/\/a.allegroimg.com\/original\/11c36e\/09ea202a4f09876033f9cf8ccb0d\" alt=\"Zdj\u0119cie produktu\" style=\"max-width:100%; height:auto; margin:10px 0;\"><\/p>\n<p><b>Bambus <\/b>jest surowcem odnawialnym, trwa\u0142ym i nadaj\u0105cym si\u0119 do recyklingu, co sprawia, \u017ce jest doskona\u0142ym materia\u0142em do produkcji wielu popularnych produkt\u00f3w w r\u00f3wnie\u017c <b>kloszy do lamp<\/b>.<\/p>\n<p><img decoding=\"async\" src=\"https:\/\/a.allegroimg.com\/original\/118a4b\/7432e4734ead900c983716fb14e3\" alt=\"Zdj\u0119cie produktu\" style=\"max-width:100%; height:auto; margin:10px 0;\"><\/p>\n<h2>Zestaw zawiera:<\/h2>\n<ul>\n<li><b>Kompletn\u0105 z\u0142o\u017con\u0105 lamp\u0119, gotow\u0105 do u\u017cytku (klosz spakowany oddzielnie)<\/b><\/li>\n<\/ul>\n<ul>\n<li><b>Instrukcj\u0119 obs\u0142ugi obowi\u0105zuj\u0105c\u0105 w kraju zakupu<\/b><\/li>\n<\/ul>\n<ul>\n<li><b>Dokument zakupu w j\u0119zyku polskim lub angielskim<\/b><\/li>\n<\/ul>\n<ul>\n<li><b>Nie zawiera \u017car\u00f3wki &#8211; zach\u0119camy do zakupu w zestawie.<\/b><\/li>\n<\/ul>\n<p><img decoding=\"async\" src=\"https:\/\/a.allegroimg.com\/original\/11c36e\/09ea202a4f09876033f9cf8ccb0d\" alt=\"Zdj\u0119cie produktu\" style=\"max-width:100%; height:auto; margin:10px 0;\"><\/p>\n<h2>Je\u015bli szukasz do kompletu kinkietu, lub innej podobnej lampy, to&#8230;<\/h2>\n<h2>Znajdziesz j\u0105 w naszych ofertach wpisuj\u0105c symbol: 580<\/h2>\n<h2>ZALECANE \u0179R\u00d3D\u0141A \u015aWIAT\u0141A:<\/h2>\n<\/p>\n<ul>\n<li>\u017bar\u00f3wki w technologii LED typu E27 Filament<\/li>\n<li>Strumie\u0144 \u015bwietlny: 700 -1300 lm<\/li>\n<li>Zalecana moc pobierana z sieci: 8 -15 W (max 25W)<\/li>\n<li>Barwa: ciep\u0142a (3000K), Neutralna (4000K) lub zimna (6000K)<\/li>\n<\/ul>\n<p><img decoding=\"async\" src=\"https:\/\/a.allegroimg.com\/original\/1142e5\/736a2d36461bb8fea41203d3335f\" alt=\"Zdj\u0119cie produktu\" style=\"max-width:100%; height:auto; margin:10px 0;\"><br \/>\n<img decoding=\"async\" src=\"https:\/\/a.allegroimg.com\/original\/118f6a\/0e091d8641068e6bf041ff7e03ac\" alt=\"Zdj\u0119cie produktu\" style=\"max-width:100%; height:auto; margin:10px 0;\"><br \/>\n<img decoding=\"async\" src=\"https:\/\/a.allegroimg.com\/original\/112b1a\/18c4ada344dd9e95d03f64987e15\" alt=\"Zdj\u0119cie produktu\" style=\"max-width:100%; height:auto; margin:10px 0;\"><\/p>\n","protected":false},"excerpt":{"rendered":"<p>Lampa Nocna Sto\u0142owa z drewna bambusowego, 580-L1 LED E27 w Stylu BOHO G\u0142\u00f3wne cechy produktu: \u2705 Idealna do pomieszcze\u0144 urz\u0105dzonych w stylu&nbsp;Skandynawskim,&nbsp; Boho, Naturalnym \u2705 Wiele mo\u017cliwo\u015bci zastosowania: Salony, sypialnie, jadalnie, k\u0105ciki do czytania a tak\u017ce na taras lub do altany. \u2705&nbsp;Lamp\u0119 charakteryzuje wysoka jako\u015b\u0107 oraz trwa\u0142o\u015b\u0107 \u2705&nbsp;Szybki i prosty demonta\u017c klosza&nbsp; &#8211; istotne przy [&hellip;]<\/p>\n","protected":false},"featured_media":33672,"comment_status":"closed","ping_status":"open","template":"","meta":{"_acf_changed":false},"product_brand":[162],"product_cat":[2596,2775],"product_tag":[],"class_list":{"0":"post-48287","1":"product","2":"type-product","3":"status-publish","4":"has-post-thumbnail","6":"product_brand-luxolar","7":"product_cat-2596","8":"product_cat---uk","9":"pa_kat-wiercenia-360-uk","10":"pa_klasa-efektywnosci-a-uk","11":"pa_kod-producenta-580-l1-uk","12":"pa_kolekcja-580-uk","13":"pa_kolor-2235","14":"pa_kolor-2236","15":"pa_liczba-punktow-swiatla-1-uk","16":"pa_marka-luxolar","17":"pa_max-moc-pojed-zrodla-swiatla-60-uk","18":"pa_rodzaj-gwintu-e27-uk","19":"pa_stan-2489","20":"pa_typ-2515","21":"pa_typ-2516","22":"pa_zasilanie-2543","23":"pa_zawiera-baterie-2545","24":"pa_zrodlo-swiatla-2547","26":"first","27":"instock","28":"purchasable","29":"product-type-simple"},"acf":[],"aioseo_notices":[],"_links":{"self":[{"href":"https:\/\/portallamp.invette.dev\/uk\/wp-json\/wp\/v2\/product\/48287","targetHints":{"allow":["GET"]}}],"collection":[{"href":"https:\/\/portallamp.invette.dev\/uk\/wp-json\/wp\/v2\/product"}],"about":[{"href":"https:\/\/portallamp.invette.dev\/uk\/wp-json\/wp\/v2\/types\/product"}],"replies":[{"embeddable":true,"href":"https:\/\/portallamp.invette.dev\/uk\/wp-json\/wp\/v2\/comments?post=48287"}],"wp:featuredmedia":[{"embeddable":true,"href":"https:\/\/portallamp.invette.dev\/uk\/wp-json\/wp\/v2\/media\/33672"}],"wp:attachment":[{"href":"https:\/\/portallamp.invette.dev\/uk\/wp-json\/wp\/v2\/media?parent=48287"}],"wp:term":[{"taxonomy":"product_brand","embeddable":true,"href":"https:\/\/portallamp.invette.dev\/uk\/wp-json\/wp\/v2\/product_brand?post=48287"},{"taxonomy":"product_cat","embeddable":true,"href":"https:\/\/portallamp.invette.dev\/uk\/wp-json\/wp\/v2\/product_cat?post=48287"},{"taxonomy":"product_tag","embeddable":true,"href":"https:\/\/portallamp.invette.dev\/uk\/wp-json\/wp\/v2\/product_tag?post=48287"}],"curies":[{"name":"wp","href":"https:\/\/api.w.org\/{rel}","templated":true}]}}