{"id":48338,"date":"2025-07-03T17:49:33","date_gmt":"2025-07-03T15:49:33","guid":{"rendered":"https:\/\/portallamp.invette.dev\/produkt\/lampa-sufitowa-wiszaca-zyrandol-dual-glass-568-az6-led-e27-black-edition\/"},"modified":"2025-07-03T17:49:33","modified_gmt":"2025-07-03T15:49:33","slug":"lampa-sufitowa-wiszaca-zyrandol-dual-glass-568-az6-led-e27-black-edition","status":"publish","type":"product","link":"https:\/\/portallamp.invette.dev\/uk\/produkt\/lampa-sufitowa-wiszaca-zyrandol-dual-glass-568-az6-led-e27-black-edition\/","title":{"rendered":"Lampa Sufitowa Wisz\u0105ca \u017byrandol Dual Glass 568-AZ6 LED E27 Black Edition"},"content":{"rendered":"<h1>Lampa Sufitowa Wisz\u0105ca &#8211; Model Dual Glass&nbsp; 568-AZ6 Black Edition<\/h1>\n<p>Oprawa natynkowa maj\u0105ca zastosowanie jako o\u015bwietlenie wewn\u0119trzne, z wy\u0142\u0105czeniem miejsc o podwy\u017cszonej wilgotno\u015bci.<\/p>\n<p><img decoding=\"async\" src=\"https:\/\/a.allegroimg.com\/original\/1123e9\/4c3a8fee472195069e41cf19d046\" alt=\"Zdj\u0119cie produktu\" style=\"max-width:100%; height:auto; margin:10px 0;\"><\/p>\n<h2>Lampa w nowoczesnym kszta\u0142cie w po\u0142\u0105czeniu z klasycznymi \u017car\u00f3wkami.<\/h2>\n<p><img decoding=\"async\" src=\"https:\/\/a.allegroimg.com\/original\/11604a\/d3dbc4d24b89a72a3f50f74e7586\" alt=\"Zdj\u0119cie produktu\" style=\"max-width:100%; height:auto; margin:10px 0;\"><br \/>\n<img decoding=\"async\" src=\"https:\/\/a.allegroimg.com\/original\/113a02\/4e262f004c2e88950417d6f30501\" alt=\"Zdj\u0119cie produktu\" style=\"max-width:100%; height:auto; margin:10px 0;\"><\/p>\n<h2>Idealna do:<\/h2>\n<p>\u2705 Pomieszcze\u0144 o powierzchni 16-20 m2<\/p>\n<p>\u2705 Salonu nad st\u00f3\u0142 \/ wysp\u0119<\/p>\n<p>\u2705 Wi\u0119kszej sypialni<\/p>\n<p>\u2705 W pomieszczeniach o niestandardowej wysoko\u015bci<\/p>\n<p>\u2705 Tak\u017ce jako o\u015bwietlenie dekoracyjne, akcentowe<\/p>\n<h2>G\u0142\u00f3wne cechy produktu:<\/h2>\n<p><b>\u2705&nbsp;<\/b>Najnowszy design<\/p>\n<p><b>\u2705&nbsp;<\/b>Wygodna w u\u017cyciu i praktyczna w zastosowaniu &#8211; regulacja wysoko\u015bci kloszy<\/p>\n<p><b>\u2705 <\/b>Prze\u017aroczyste klosze zwi\u0119kszaj\u0105 wydajno\u015b\u0107 \u017car\u00f3wek &#8211; \u015bwiat\u0142o nie jest t\u0142umione<\/p>\n<p><b>\u2705&nbsp;<\/b>Wsp\u00f3\u0142pracuje z w\u0142\u0105cznikiem jedno lub dwu przyciskowym,<\/p>\n<p><b>\u2705&nbsp;<\/b>Wysoka jako\u015b\u0107 oraz trwa\u0142o\u015b\u0107 &#8211; zredukowano plastik do absolutnego minimum<\/p>\n<p><b>\u2705<\/b> Szybki i prosty demonta\u017c kloszy co jest bardzo istotne przy czyszczeniu lampy lub wymianie \u017car\u00f3wki<\/p>\n<p><b>\u2705&nbsp;<\/b>Produkt Polski, CE , ROHS Producent: LUXOLAR<\/p>\n<p><b><\/b><\/p>\n<p><b>Parametry techniczne:<\/b><\/p>\n<p><b><\/b><\/p>\n<ul>\n<li>Wymiary rozety: 25 x 60 cm &#8211; Wykonana z metalu<\/li>\n<\/ul>\n<ul>\n<li>IP 20, Klasa I<\/li>\n<\/ul>\n<ul>\n<li><b>\u0179r\u00f3d\u0142o \u015bwiat\u0142a:<\/b> \u017bar\u00f3wki LED, energooszcz\u0119dne z gwintem typu E27 do max 60W<\/li>\n<\/ul>\n<ul>\n<li><b>Zasilanie:<\/b> ~230 [V] \/ bezpo\u015brednie z sieci &#8211; nie wymaga transformator\u00f3w ani \u017cadnej innej elektroniki<\/li>\n<\/ul>\n<ul>\n<li>Dwa niezale\u017cne obwody elektryczne, z mo\u017cliwo\u015bci\u0105 po\u0142\u0105czenia w jeden<\/li>\n<\/ul>\n<ul>\n<li>Lampa z polskiej dystrybucji, wyprodukowana w Polsce &#8211; gwarantowany szybki dost\u0119p do serwisu i cz\u0119\u015bci zapasowych<\/li>\n<\/ul>\n<ul>\n<li><b>Wersja w pe\u0142ni z\u0142o\u017cona &#8211; nie jest to chi\u0144ski zestaw do samodzielnego monta\u017cu<\/b><\/li>\n<\/ul>\n<p><img decoding=\"async\" src=\"https:\/\/a.allegroimg.com\/original\/113b11\/5d5441174b53b8bdbffcb9b2015c\" alt=\"Zdj\u0119cie produktu\" style=\"max-width:100%; height:auto; margin:10px 0;\"><br \/>\n<img decoding=\"async\" src=\"https:\/\/a.allegroimg.com\/original\/119d31\/0e3d626a49cc95a39fa5d7ce463d\" alt=\"Zdj\u0119cie produktu\" style=\"max-width:100%; height:auto; margin:10px 0;\"><br \/>\n<img decoding=\"async\" src=\"https:\/\/a.allegroimg.com\/original\/11e9ab\/1d0e20bf4fad81fc18a02d59a87d\" alt=\"Zdj\u0119cie produktu\" style=\"max-width:100%; height:auto; margin:10px 0;\"><\/p>\n<h2>Zestaw zawiera:<\/h2>\n<ul>\n<li><b>Kompletn\u0105, z\u0142o\u017con\u0105 lamp\u0119 &#8211; wystarczy zamontowa\u0107&nbsp; klosze,<\/b><\/li>\n<li><b>Kostk\u0119 przy\u0142\u0105czeniow\u0105,<\/b><\/li>\n<li><b>Instrukcj\u0119 obs\u0142ugi,<\/b><\/li>\n<li><b>Dokument zakupu,<\/b><\/li>\n<\/ul>\n<p><b>Zestaw nie zawiera \u017car\u00f3wek, a tak\u017ce ko\u0142k\u00f3w rozporowych&nbsp; (nale\u017cy dobra\u0107 odpowiednie do sufitu).<\/b><\/p>\n<p><img decoding=\"async\" src=\"https:\/\/a.allegroimg.com\/original\/1186f8\/581f684a4defbc974325104b73be\" alt=\"Zdj\u0119cie produktu\" style=\"max-width:100%; height:auto; margin:10px 0;\"><\/p>\n<h2>ZALECANE \u0179R\u00d3D\u0141A \u015aWIAT\u0141A:<\/h2>\n<\/p>\n<ul>\n<li>\u017bar\u00f3wki LED&nbsp; typu E27 &#8211; Kszta\u0142t dowolny<\/li>\n<li>Strumie\u0144 \u015bwietlny: 500 -1300 lm<\/li>\n<li>Zalecana moc pobierana z sieci: 4 -15 W<\/li>\n<li>Barwa: ciep\u0142a (3000K), Neutralna (4000K)&nbsp; lub zimna (6000K)<\/li>\n<\/ul>\n<p><b>\u017bar\u00f3wki nie wchodz\u0105 w sk\u0142ad zestawu &#8211; dost\u0119pne w naszej pe\u0142nej ofercie.<\/b><\/p>\n<p><img decoding=\"async\" src=\"https:\/\/a.allegroimg.com\/original\/1123e9\/4c3a8fee472195069e41cf19d046\" alt=\"Zdj\u0119cie produktu\" style=\"max-width:100%; height:auto; margin:10px 0;\"><br \/>\n<img decoding=\"async\" src=\"https:\/\/a.allegroimg.com\/original\/1153db\/9344d50c4b039994bd036892cdf6\" alt=\"Zdj\u0119cie produktu\" style=\"max-width:100%; height:auto; margin:10px 0;\"><\/p>\n<h2>Je\u015bli szukasz do kompletu kinkietu, lampki nocnej lub innej podobnej lampy, to &#8230;.<\/h2>\n<h2>Znajdziesz j\u0105 w naszych ofertach wpisuj\u0105c symbol: 568<\/h2>\n<p><img decoding=\"async\" src=\"https:\/\/a.allegroimg.com\/original\/11a77d\/626a007d4d8890a4ed625682d37f\" alt=\"Zdj\u0119cie produktu\" style=\"max-width:100%; height:auto; margin:10px 0;\"><\/p>\n","protected":false},"excerpt":{"rendered":"<p>Lampa Sufitowa Wisz\u0105ca &#8211; Model Dual Glass&nbsp; 568-AZ6 Black Edition Oprawa natynkowa maj\u0105ca zastosowanie jako o\u015bwietlenie wewn\u0119trzne, z wy\u0142\u0105czeniem miejsc o podwy\u017cszonej wilgotno\u015bci. Lampa w nowoczesnym kszta\u0142cie w po\u0142\u0105czeniu z klasycznymi \u017car\u00f3wkami. Idealna do: \u2705 Pomieszcze\u0144 o powierzchni 16-20 m2 \u2705 Salonu nad st\u00f3\u0142 \/ wysp\u0119 \u2705 Wi\u0119kszej sypialni \u2705 W pomieszczeniach o niestandardowej wysoko\u015bci [&hellip;]<\/p>\n","protected":false},"featured_media":30900,"comment_status":"closed","ping_status":"open","template":"","meta":{"_acf_changed":false},"product_brand":[162],"product_cat":[2596,2677],"product_tag":[],"class_list":{"0":"post-48338","1":"product","2":"type-product","3":"status-publish","4":"has-post-thumbnail","6":"product_brand-luxolar","7":"product_cat-2596","8":"product_cat-2677","9":"pa_klasa-efektywnosci-a-uk","10":"pa_kod-producenta-568-az6-uk","11":"pa_kolekcja-568-uk","12":"pa_kolor-2232","13":"pa_kolor-2236","14":"pa_liczba-punktow-swiatla-6-uk","15":"pa_marka-luxolar","16":"pa_material-dominujacy-2345","17":"pa_max-moc-pojed-zrodla-swiatla-60-uk","18":"pa_pomieszczenie-2441","19":"pa_pomieszczenie-2445","20":"pa_pomieszczenie-2437","21":"pa_pomieszczenie-2438","22":"pa_pomieszczenie-2439","23":"pa_pomieszczenie-2436","24":"pa_pomieszczenie-2442","25":"pa_pomieszczenie-2443","26":"pa_pomieszczenie-2444","27":"pa_rodzaj-gwintu-e27-uk","28":"pa_rodzaj-lampy-2483","29":"pa_stan-2489","30":"pa_zasilanie-2543","31":"pa_zawiera-baterie-2545","32":"pa_zrodlo-swiatla-2547","34":"first","35":"instock","36":"purchasable","37":"product-type-simple"},"acf":[],"aioseo_notices":[],"_links":{"self":[{"href":"https:\/\/portallamp.invette.dev\/uk\/wp-json\/wp\/v2\/product\/48338","targetHints":{"allow":["GET"]}}],"collection":[{"href":"https:\/\/portallamp.invette.dev\/uk\/wp-json\/wp\/v2\/product"}],"about":[{"href":"https:\/\/portallamp.invette.dev\/uk\/wp-json\/wp\/v2\/types\/product"}],"replies":[{"embeddable":true,"href":"https:\/\/portallamp.invette.dev\/uk\/wp-json\/wp\/v2\/comments?post=48338"}],"wp:featuredmedia":[{"embeddable":true,"href":"https:\/\/portallamp.invette.dev\/uk\/wp-json\/wp\/v2\/media\/30900"}],"wp:attachment":[{"href":"https:\/\/portallamp.invette.dev\/uk\/wp-json\/wp\/v2\/media?parent=48338"}],"wp:term":[{"taxonomy":"product_brand","embeddable":true,"href":"https:\/\/portallamp.invette.dev\/uk\/wp-json\/wp\/v2\/product_brand?post=48338"},{"taxonomy":"product_cat","embeddable":true,"href":"https:\/\/portallamp.invette.dev\/uk\/wp-json\/wp\/v2\/product_cat?post=48338"},{"taxonomy":"product_tag","embeddable":true,"href":"https:\/\/portallamp.invette.dev\/uk\/wp-json\/wp\/v2\/product_tag?post=48338"}],"curies":[{"name":"wp","href":"https:\/\/api.w.org\/{rel}","templated":true}]}}