{"id":48467,"date":"2025-07-03T17:47:18","date_gmt":"2025-07-03T15:47:18","guid":{"rendered":"https:\/\/portallamp.invette.dev\/produkt\/lampa-sufitowa-artlux-e27-odcienie-niebieskiego\/"},"modified":"2025-07-03T17:47:18","modified_gmt":"2025-07-03T15:47:18","slug":"lampa-sufitowa-artlux-e27-odcienie-niebieskiego","status":"publish","type":"product","link":"https:\/\/portallamp.invette.dev\/uk\/produkt\/lampa-sufitowa-artlux-e27-odcienie-niebieskiego\/","title":{"rendered":"Lampa sufitowa Artlux E27 odcienie niebieskiego"},"content":{"rendered":"<h2>Lampa Sufitowa do pokoju dzieci\u0119cego Ch\u0142opca \/ Dziewczynki &#8211; Seria Classic Spot<\/h2>\n<p>Oprawa natynkowa, metalowa maj\u0105ca zastosowanie jako o\u015bwietlenie wewn\u0119trzne, z wy\u0142\u0105czeniem miejsc o podwy\u017cszonej wilgotno\u015bci.<\/p>\n<h2>Dost\u0119pna w dw\u00f3ch kolorach :<\/h2>\n<h2>\u2714\ufe0f Odcie\u0144 r\u00f3\u017cu<\/h2>\n<h2>\u2714\ufe0f Odcie\u0144 b\u0142\u0119kitu<\/h2>\n<p>(Uprzejmie prosimy o wyb\u00f3r koloru w formularzu zakupu)<\/p>\n<p><img decoding=\"async\" src=\"https:\/\/a.allegroimg.com\/original\/110c9e\/6d73d75f48e993fd80069e6ef8f1\" alt=\"Zdj\u0119cie produktu\" style=\"max-width:100%; height:auto; margin:10px 0;\"><br \/>\n<img decoding=\"async\" src=\"https:\/\/a.allegroimg.com\/original\/1165bc\/cdf199cf4c56b24deeffa74432a1\" alt=\"Zdj\u0119cie produktu\" style=\"max-width:100%; height:auto; margin:10px 0;\"><br \/>\n<img decoding=\"async\" src=\"https:\/\/a.allegroimg.com\/original\/110c9e\/6d73d75f48e993fd80069e6ef8f1\" alt=\"Zdj\u0119cie produktu\" style=\"max-width:100%; height:auto; margin:10px 0;\"><\/p>\n<p><b>Cechy produktu:<\/b><\/p>\n<p><b>\u2705&nbsp;<\/b>Najnowszy design &#8211; produkt z katalogu na rok 2024<\/p>\n<p><b>\u2705&nbsp;<\/b>Dwa kolory do wyboru :<b>&nbsp;B\u0142\u0119kitny \/ R\u00f3\u017c<\/b><\/p>\n<p><b>\u2705&nbsp;<\/b>Wygodna w u\u017cyciu i praktyczna w zastosowaniu &#8211;&nbsp;<b>ustaw klosze w dowolnym kierunku.<\/b><\/p>\n<p><b>\u2705&nbsp;<\/b>Wsp\u00f3\u0142pracuje z w\u0142\u0105cznikiem jedno lub dwu przyciskowym,<\/p>\n<p><b>\u2705&nbsp;<\/b>Lamp\u0119 charakteryzuje wysoka jako\u015b\u0107 oraz trwa\u0142o\u015b\u0107 &#8211; zbudowana w 95% z metalu.<\/p>\n<p><b>\u2705<\/b>&nbsp;Szybki i prosty demonta\u017c kloszy co jest bardzo istotne przy czyszczeniu lampy lub wymianie \u017car\u00f3wki<\/p>\n<p><b>\u2705&nbsp;<\/b>Produkt Polski, CE, RoHS &#8211; Producent: LUXOLAR<\/p>\n<p><b>\u2705Niska cena i najwy\u017csza jako\u015b\u0107<\/b>. To dwa aspekty, kt\u00f3re wyr\u00f3\u017cniaj\u0105 nas na tle konkurencji.<\/p>\n<h2>Ustaw klosze w dowolnym kierunku &#8211; w tej lampie to mo\u017cliwe !<\/h2>\n<p><img decoding=\"async\" src=\"https:\/\/a.allegroimg.com\/original\/1105d4\/3cb75613452ab19a74b666b36bf0\" alt=\"Zdj\u0119cie produktu\" style=\"max-width:100%; height:auto; margin:10px 0;\"><\/p>\n<p><b>Parametry techniczne:<\/b><\/p>\n<p><b><\/b><\/p>\n<ul>\n<li>Dominuj\u0105cy materia\u0142 konstrukcji oraz kloszy: Metal<\/li>\n<\/ul>\n<ul>\n<li>Chromowane elementy wykonane w technologii polerowania&nbsp; &#8211; nie jest to farba<\/li>\n<\/ul>\n<ul>\n<li>\u015arednica klosza: 12 cm<\/li>\n<\/ul>\n<ul>\n<li>\u015arednica rozety: 30 cm<\/li>\n<\/ul>\n<ul>\n<li>IP 20, Klasa I<\/li>\n<\/ul>\n<ul>\n<li><b>\u0179r\u00f3d\u0142o \u015bwiat\u0142a:<\/b>&nbsp;Klasyczne \u017car\u00f3wki energooszcz\u0119dne z gwintem typu E27 do max 60W<\/li>\n<\/ul>\n<ul>\n<li><b>Zasilanie:<\/b>&nbsp;~230 [V] \/ bezpo\u015brednie z sieci &#8211; nie wymaga transformator\u00f3w ani \u017cadnej innej elektroniki<\/li>\n<\/ul>\n<ul>\n<li>Dwa niezale\u017cne obwody elektryczne, kt\u00f3re w razie konieczno\u015bci mo\u017cna po\u0142\u0105czy\u0107 w jeden,<\/li>\n<\/ul>\n<ul>\n<li>Lampa z polskiej dystrybucji, wyprodukowana w Polsce &#8211; gwarantowany szybki dost\u0119p do serwisu i cz\u0119\u015bci zapasowych<\/li>\n<\/ul>\n<ul>\n<li>Szukasz kinkietu lub lampki nocnej pasuj\u0105cej do tej lampy? Znajdziesz je w naszych ofertach.<\/li>\n<\/ul>\n<ul>\n<li><b>Wersja w pe\u0142ni z\u0142o\u017cona &#8211; nie jest to chi\u0144ski zestaw do samodzielnego monta\u017cu<\/b><\/li>\n<\/ul>\n<p><img decoding=\"async\" src=\"https:\/\/a.allegroimg.com\/original\/11d4cf\/26ab2b754c77966a49e476d251fa\" alt=\"Zdj\u0119cie produktu\" style=\"max-width:100%; height:auto; margin:10px 0;\"><\/p>\n<h2>Zestaw zawiera:<\/h2>\n<ul>\n<li><b>Kompletn\u0105, z\u0142o\u017con\u0105 lamp\u0119 &#8211; wystarczy zamontowa\u0107 klosze, kt\u00f3re pakujemy oddzielnie na czas transportu.<\/b><\/li>\n<li><b>Kostk\u0119 przy\u0142\u0105czeniow\u0105,<\/b><\/li>\n<li><b>Instrukcj\u0119 obs\u0142ugi,<\/b><\/li>\n<li><b>Dokument zakupu,<\/b><\/li>\n<\/ul>\n<p><b>Zestaw nie zawiera \u017car\u00f3wek, a tak\u017ce ko\u0142k\u00f3w rozporowych&nbsp; (nale\u017cy dobra\u0107 odpowiednie do sufitu).<\/b><\/p>\n<p><img decoding=\"async\" src=\"https:\/\/a.allegroimg.com\/original\/112ca8\/ec345ca44c3e9117ed8513dd580e\" alt=\"Zdj\u0119cie produktu\" style=\"max-width:100%; height:auto; margin:10px 0;\"><br \/>\n<img decoding=\"async\" src=\"https:\/\/a.allegroimg.com\/original\/110c9e\/6d73d75f48e993fd80069e6ef8f1\" alt=\"Zdj\u0119cie produktu\" style=\"max-width:100%; height:auto; margin:10px 0;\"><\/p>\n","protected":false},"excerpt":{"rendered":"<p>Lampa Sufitowa do pokoju dzieci\u0119cego Ch\u0142opca \/ Dziewczynki &#8211; Seria Classic Spot Oprawa natynkowa, metalowa maj\u0105ca zastosowanie jako o\u015bwietlenie wewn\u0119trzne, z wy\u0142\u0105czeniem miejsc o podwy\u017cszonej wilgotno\u015bci. Dost\u0119pna w dw\u00f3ch kolorach : \u2714\ufe0f Odcie\u0144 r\u00f3\u017cu \u2714\ufe0f Odcie\u0144 b\u0142\u0119kitu (Uprzejmie prosimy o wyb\u00f3r koloru w formularzu zakupu) Cechy produktu: \u2705&nbsp;Najnowszy design &#8211; produkt z katalogu na rok [&hellip;]<\/p>\n","protected":false},"featured_media":29817,"comment_status":"closed","ping_status":"open","template":"","meta":{"_acf_changed":false},"product_brand":[162],"product_cat":[2596,2677],"product_tag":[],"class_list":{"0":"post-48467","1":"product","2":"type-product","3":"status-publish","4":"has-post-thumbnail","6":"product_brand-luxolar","7":"product_cat-2596","8":"product_cat-2677","9":"pa_kat-wiercenia-180-uk","10":"pa_klasa-efektywnosci-a-uk","11":"pa_kod-producenta-lampa-wiszaca-917-ez2-uk","12":"pa_kolekcja-481-uk","13":"pa_kolor-2241","14":"pa_kolor-2239","15":"pa_liczba-punktow-swiatla-3-uk","16":"pa_marka-luxolar","17":"pa_material-dominujacy-2341","18":"pa_max-moc-pojed-zrodla-swiatla-60-uk","19":"pa_pomieszczenie-2441","20":"pa_pomieszczenie-2444","21":"pa_rodzaj-gwintu-e27-uk","22":"pa_stan-2489","23":"pa_zasilanie-2543","24":"pa_zawiera-baterie-2545","25":"pa_zrodlo-swiatla-2547","27":"first","28":"instock","29":"purchasable","30":"product-type-simple"},"acf":[],"aioseo_notices":[],"_links":{"self":[{"href":"https:\/\/portallamp.invette.dev\/uk\/wp-json\/wp\/v2\/product\/48467","targetHints":{"allow":["GET"]}}],"collection":[{"href":"https:\/\/portallamp.invette.dev\/uk\/wp-json\/wp\/v2\/product"}],"about":[{"href":"https:\/\/portallamp.invette.dev\/uk\/wp-json\/wp\/v2\/types\/product"}],"replies":[{"embeddable":true,"href":"https:\/\/portallamp.invette.dev\/uk\/wp-json\/wp\/v2\/comments?post=48467"}],"wp:featuredmedia":[{"embeddable":true,"href":"https:\/\/portallamp.invette.dev\/uk\/wp-json\/wp\/v2\/media\/29817"}],"wp:attachment":[{"href":"https:\/\/portallamp.invette.dev\/uk\/wp-json\/wp\/v2\/media?parent=48467"}],"wp:term":[{"taxonomy":"product_brand","embeddable":true,"href":"https:\/\/portallamp.invette.dev\/uk\/wp-json\/wp\/v2\/product_brand?post=48467"},{"taxonomy":"product_cat","embeddable":true,"href":"https:\/\/portallamp.invette.dev\/uk\/wp-json\/wp\/v2\/product_cat?post=48467"},{"taxonomy":"product_tag","embeddable":true,"href":"https:\/\/portallamp.invette.dev\/uk\/wp-json\/wp\/v2\/product_tag?post=48467"}],"curies":[{"name":"wp","href":"https:\/\/api.w.org\/{rel}","templated":true}]}}