{"id":48521,"date":"2025-07-03T17:44:16","date_gmt":"2025-07-03T15:44:16","guid":{"rendered":"https:\/\/portallamp.invette.dev\/produkt\/lampa-wiszaca-sufitowa-zyrandol-czarna-szklana-glass-tube-535-eg3-led-e27\/"},"modified":"2025-07-03T17:44:16","modified_gmt":"2025-07-03T15:44:16","slug":"lampa-wiszaca-sufitowa-zyrandol-czarna-szklana-glass-tube-535-eg3-led-e27","status":"publish","type":"product","link":"https:\/\/portallamp.invette.dev\/uk\/produkt\/lampa-wiszaca-sufitowa-zyrandol-czarna-szklana-glass-tube-535-eg3-led-e27\/","title":{"rendered":"Lampa Wisz\u0105ca Sufitowa \u017byrandol Czarna Szklana Glass Tube 535-EG3 LED E27"},"content":{"rendered":"<h1>Model Glass Tube &#8211; z serii nowoczesnych lamp i kinkiet\u00f3w.<\/h1>\n<p>Oprawa natynkowa, metalowa ze szklanymi kloszami maj\u0105ca zastosowanie jako o\u015bwietlenie wewn\u0119trzne, z wy\u0142\u0105czeniem miejsc o podwy\u017cszonej wilgotno\u015bci.<\/p>\n<p><img decoding=\"async\" src=\"https:\/\/a.allegroimg.com\/original\/114aa0\/05015d5e4e5fa72b82df0f179767\" alt=\"Zdj\u0119cie produktu\" style=\"max-width:100%; height:auto; margin:10px 0;\"><br \/>\n<img decoding=\"async\" src=\"https:\/\/a.allegroimg.com\/original\/11c34e\/bc3813d04168b07cb35dbced77bd\" alt=\"Zdj\u0119cie produktu\" style=\"max-width:100%; height:auto; margin:10px 0;\"><\/p>\n<h2>Idealna do:<\/h2>\n<p>\u2705 Niedu\u017cego Salonu<\/p>\n<p>\u2705 Kuchni<\/p>\n<p>\u2705 Jadalni<\/p>\n<p>\u2705 Sypialni<\/p>\n<h2>G\u0142\u00f3wne cechy produktu:<\/h2>\n<p><b>\u2705&nbsp;<\/b>Lampa wyposa\u017cona w szklane, dymione klosze w kszta\u0142cie tub,<\/p>\n<p><b>\u2705&nbsp;<\/b>Nowoczesny design,<\/p>\n<p><b>\u2705&nbsp;Regulacja kierunku kloszy,<\/b><\/p>\n<p><b>\u2705&nbsp;<\/b>Wsp\u00f3\u0142pracuje z w\u0142\u0105cznikiem jedno lub dwu przyciskowym,<\/p>\n<p><b>\u2705&nbsp;<\/b>Lamp\u0119 charakteryzuje wysoka jako\u015b\u0107 oraz trwa\u0142o\u015b\u0107,<\/p>\n<p><b>\u2705 Szybki&nbsp; i prosty system demonta\u017cu kloszy do czyszczenia,<\/b><\/p>\n<p><b>\u2705&nbsp;<\/b>Bezproblemowy monta\u017c lampy,<\/p>\n<p><b>\u2705<\/b> Dost\u0119p do cz\u0119\u015bci zamiennych &#8211; Produkt Polski.<\/p>\n<h2>Ustaw klosze w dowolnym kierunku &#8211; w tej lampie to mo\u017cliwe.<\/h2>\n<p>Regulacja znacz\u0105co poprawia funkcjonalno\u015b\u0107 lampy.<\/p>\n<p><img decoding=\"async\" src=\"https:\/\/a.allegroimg.com\/original\/113abd\/aed1774a40f99ad7c8cf13546d07\" alt=\"Zdj\u0119cie produktu\" style=\"max-width:100%; height:auto; margin:10px 0;\"><\/p>\n<p><b><\/b><\/p>\n<p><b>Parametry techniczne:<\/b><\/p>\n<p><b><\/b><\/p>\n<ul>\n<li>Dominuj\u0105cy materia\u0142 konstrukcji: Metalowa konstrukcja + Szklane klosze<\/li>\n<\/ul>\n<ul>\n<li>Kolor konstrukcji: Czarny Matowy<\/li>\n<\/ul>\n<ul>\n<li>Wymiary klosza: D9 x H11 cm<\/li>\n<\/ul>\n<ul>\n<li>IP 20, Klasa I<\/li>\n<\/ul>\n<ul>\n<li><b>\u0179r\u00f3d\u0142o \u015bwiat\u0142a:<\/b>&nbsp;Dowolne \u017car\u00f3wki energooszcz\u0119dne z gwintem E-27 Max 60W<\/li>\n<\/ul>\n<ul>\n<li><b>Zasilanie:<\/b> ~230 [V] \/ bezpo\u015brednie z sieci &#8211; dwa obwody elektryczne<\/li>\n<\/ul>\n<ul>\n<li>Lampa z polskiej dystrybucji, wyprodukowana w Polsce &#8211; gwarantowany szybki dost\u0119p do serwisu i cz\u0119\u015bci zapasowych<\/li>\n<\/ul>\n<ul>\n<li>Szukasz kinkietu lub lampki nocnej pasuj\u0105cej do tej lampy? Znajdziesz je w naszych ofertach.<\/li>\n<\/ul>\n<ul>\n<li><b>Wersja w pe\u0142ni z\u0142o\u017cona &#8211; nie jest to chi\u0144ski zestaw do samodzielnego monta\u017cu<\/b><\/li>\n<\/ul>\n<p><img decoding=\"async\" src=\"https:\/\/a.allegroimg.com\/original\/11e8ec\/c24c13c3482183db01eaa5d45485\" alt=\"Zdj\u0119cie produktu\" style=\"max-width:100%; height:auto; margin:10px 0;\"><br \/>\n<img decoding=\"async\" src=\"https:\/\/a.allegroimg.com\/original\/11c7ec\/e1c12a6242fda71a85cd2322c2da\" alt=\"Zdj\u0119cie produktu\" style=\"max-width:100%; height:auto; margin:10px 0;\"><br \/>\n<img decoding=\"async\" src=\"https:\/\/a.allegroimg.com\/original\/11e38e\/fb1dacc54304a669a4c1423885e0\" alt=\"Zdj\u0119cie produktu\" style=\"max-width:100%; height:auto; margin:10px 0;\"><br \/>\n<img decoding=\"async\" src=\"https:\/\/a.allegroimg.com\/original\/114802\/269e1f2c444db93e765996663130\" alt=\"Zdj\u0119cie produktu\" style=\"max-width:100%; height:auto; margin:10px 0;\"><\/p>\n<h2>Zestaw zawiera:<\/h2>\n<ul>\n<li><b>Kompletn\u0105, z\u0142o\u017con\u0105 lamp\u0119 &#8211; wystarczy zamontowa\u0107&nbsp; klosze,<\/b><\/li>\n<li><b>Kostk\u0119 przy\u0142\u0105czeniow\u0105,<\/b><\/li>\n<li><b>Instrukcj\u0119 obs\u0142ugi,<\/b><\/li>\n<li><b>Dokument zakupu.<\/b><\/li>\n<\/ul>\n<p><b>Zestaw nie zawiera \u017car\u00f3wek , a tak\u017ce ko\u0142k\u00f3w rozporowych&nbsp; (nale\u017cy dobra\u0107 odpowiednie do sufitu).<\/b><\/p>\n<p><img decoding=\"async\" src=\"https:\/\/a.allegroimg.com\/original\/11318e\/409304c949dfadece0b18e6da9d1\" alt=\"Zdj\u0119cie produktu\" style=\"max-width:100%; height:auto; margin:10px 0;\"><\/p>\n<h2>ZALECANE \u0179R\u00d3D\u0141A \u015aWIAT\u0141A:<\/h2>\n<\/p>\n<ul>\n<li>\u017bar\u00f3wki LED z gwintem typu E27, kszta\u0142t A60<\/li>\n<li>Strumie\u0144 \u015bwietlny: 500 -1300 lm<\/li>\n<li>Moc pobierana z sieci: 4 -12 W<\/li>\n<li>Barwa: ciep\u0142a (3000K), Neutralna (4000K)&nbsp; lub zimna (6000K)<\/li>\n<\/ul>\n<p><b>\u017bar\u00f3wki nie wchodz\u0105 w sk\u0142ad zestawu &#8211; dost\u0119pne w naszej pe\u0142nej ofercie.<\/b><\/p>\n<p><img decoding=\"async\" src=\"https:\/\/a.allegroimg.com\/original\/11ee1f\/e86ab8834793b0fd46e27e531e4a\" alt=\"Zdj\u0119cie produktu\" style=\"max-width:100%; height:auto; margin:10px 0;\"><br \/>\n<img decoding=\"async\" src=\"https:\/\/a.allegroimg.com\/original\/119f9b\/b435e7904e4f8c054258218081da\" alt=\"Zdj\u0119cie produktu\" style=\"max-width:100%; height:auto; margin:10px 0;\"><br \/>\n<img decoding=\"async\" src=\"https:\/\/a.allegroimg.com\/original\/114aa0\/05015d5e4e5fa72b82df0f179767\" alt=\"Zdj\u0119cie produktu\" style=\"max-width:100%; height:auto; margin:10px 0;\"><br \/>\n<img decoding=\"async\" src=\"https:\/\/a.allegroimg.com\/original\/11a77d\/626a007d4d8890a4ed625682d37f\" alt=\"Zdj\u0119cie produktu\" style=\"max-width:100%; height:auto; margin:10px 0;\"><\/p>\n","protected":false},"excerpt":{"rendered":"<p>Model Glass Tube &#8211; z serii nowoczesnych lamp i kinkiet\u00f3w. Oprawa natynkowa, metalowa ze szklanymi kloszami maj\u0105ca zastosowanie jako o\u015bwietlenie wewn\u0119trzne, z wy\u0142\u0105czeniem miejsc o podwy\u017cszonej wilgotno\u015bci. Idealna do: \u2705 Niedu\u017cego Salonu \u2705 Kuchni \u2705 Jadalni \u2705 Sypialni G\u0142\u00f3wne cechy produktu: \u2705&nbsp;Lampa wyposa\u017cona w szklane, dymione klosze w kszta\u0142cie tub, \u2705&nbsp;Nowoczesny design, \u2705&nbsp;Regulacja kierunku kloszy, [&hellip;]<\/p>\n","protected":false},"featured_media":28863,"comment_status":"closed","ping_status":"open","template":"","meta":{"_acf_changed":false},"product_brand":[162],"product_cat":[2596,2677],"product_tag":[],"class_list":{"0":"post-48521","1":"product","2":"type-product","3":"status-publish","4":"has-post-thumbnail","6":"product_brand-luxolar","7":"product_cat-2596","8":"product_cat-2677","9":"pa_klasa-efektywnosci-a-uk","10":"pa_kod-producenta-535-eg3-uk","11":"pa_kolekcja-923-uk","12":"pa_kolor-2236","13":"pa_liczba-punktow-swiatla-3-uk","14":"pa_marka-luxolar","15":"pa_material-dominujacy-2345","16":"pa_max-moc-pojed-zrodla-swiatla-60-uk","17":"pa_pomieszczenie-2437","18":"pa_pomieszczenie-2438","19":"pa_pomieszczenie-2439","20":"pa_pomieszczenie-2436","21":"pa_pomieszczenie-2442","22":"pa_pomieszczenie-2443","23":"pa_pomieszczenie-2444","24":"pa_rodzaj-gwintu-e27-uk","25":"pa_rodzaj-lampy-2483","26":"pa_zasilanie-2543","27":"pa_zawiera-baterie-2545","28":"pa_zrodlo-swiatla-2547","30":"first","31":"instock","32":"purchasable","33":"product-type-simple"},"acf":[],"aioseo_notices":[],"_links":{"self":[{"href":"https:\/\/portallamp.invette.dev\/uk\/wp-json\/wp\/v2\/product\/48521","targetHints":{"allow":["GET"]}}],"collection":[{"href":"https:\/\/portallamp.invette.dev\/uk\/wp-json\/wp\/v2\/product"}],"about":[{"href":"https:\/\/portallamp.invette.dev\/uk\/wp-json\/wp\/v2\/types\/product"}],"replies":[{"embeddable":true,"href":"https:\/\/portallamp.invette.dev\/uk\/wp-json\/wp\/v2\/comments?post=48521"}],"wp:featuredmedia":[{"embeddable":true,"href":"https:\/\/portallamp.invette.dev\/uk\/wp-json\/wp\/v2\/media\/28863"}],"wp:attachment":[{"href":"https:\/\/portallamp.invette.dev\/uk\/wp-json\/wp\/v2\/media?parent=48521"}],"wp:term":[{"taxonomy":"product_brand","embeddable":true,"href":"https:\/\/portallamp.invette.dev\/uk\/wp-json\/wp\/v2\/product_brand?post=48521"},{"taxonomy":"product_cat","embeddable":true,"href":"https:\/\/portallamp.invette.dev\/uk\/wp-json\/wp\/v2\/product_cat?post=48521"},{"taxonomy":"product_tag","embeddable":true,"href":"https:\/\/portallamp.invette.dev\/uk\/wp-json\/wp\/v2\/product_tag?post=48521"}],"curies":[{"name":"wp","href":"https:\/\/api.w.org\/{rel}","templated":true}]}}