{"id":48632,"date":"2025-07-03T17:36:03","date_gmt":"2025-07-03T15:36:03","guid":{"rendered":"https:\/\/portallamp.invette.dev\/produkt\/zarowka-led-e27-4w-filament-edison-3000k-luxolar\/"},"modified":"2025-07-03T17:36:03","modified_gmt":"2025-07-03T15:36:03","slug":"zarowka-led-e27-4w-filament-edison-3000k-luxolar","status":"publish","type":"product","link":"https:\/\/portallamp.invette.dev\/uk\/produkt\/zarowka-led-e27-4w-filament-edison-3000k-luxolar\/","title":{"rendered":"\u017bAR\u00d3WKA LED E27 4W FILAMENT Edison 3000K LUXOLAR"},"content":{"rendered":"<h1>\u017bAR\u00d3WKA FILAMENT LED E27 4W A60 480 lm<\/h1>\n<h2>Barwa \u015bwiat\u0142a: Bia\u0142a Ciep\u0142a 3000k<\/h2>\n<p>Stosowana w lampach z oprawkami typu E27 &#8211; tzw. du\u017cy gwint.<\/p>\n<p><img decoding=\"async\" src=\"https:\/\/a.allegroimg.com\/original\/11baaa\/514fa846446db9ff7d21fcf0c35a\" alt=\"Zdj\u0119cie produktu\" style=\"max-width:100%; height:auto; margin:10px 0;\"><\/p>\n<h1>Parametry techniczne:<\/h1>\n<ul>\n<li>model: <b>Filament&nbsp;<\/b><b>E27 4 W<\/b><\/li>\n<li>rodzaj trzonka: <b>E27<\/b><\/li>\n<li>barwa \u015bwiat\u0142a:&nbsp;<b>&nbsp; Bia\u0142a Ciep\u0142a 3000K<\/b><\/li>\n<li>napi\u0119cie zasilania: <b>230V AC<\/b><\/li>\n<li>moc: <b>4 <\/b><b>W<\/b><\/li>\n<li>strumie\u0144 \u015bwietlny: <b>480 lm<\/b><\/li>\n<li>k\u0105t \u015bwiecenia: <b>270\u00b0<\/b><\/li>\n<li>\u015brednica: <b>60mm<\/b><\/li>\n<li>wysoko\u015b\u0107: <b>105mm<\/b><\/li>\n<li>Wsp\u00f3\u0142czynnik oddawania barw CRI: <b>Ra &gt; 80<\/b><\/li>\n<li>Wsp\u00f3\u0142czynnik mocy: <b>&gt;0.5<\/b><\/li>\n<li>Nominalny okres trwa\u0142o\u015bci: <b>30<\/b><b>&nbsp;000h<\/b><\/li>\n<li><b>Producent: LUXOLAR<\/b><\/li>\n<\/ul>\n<h2>\u0179r\u00f3d\u0142o \u015bwiat\u0142a typu LED FILAMENT:<\/h2>\n<p>\u017bar\u00f3wki LED z w\u0142\u00f3knem typu FILAMENT &#8211;&nbsp; cechuje wysoka wydajno\u015b\u0107 oraz estetyka po\u0142\u0105czona z niskim zu\u017cyciem energii.<\/p>\n<p>\u017bar\u00f3wka to nie tylko \u017ar\u00f3d\u0142o \u015bwiata, ale tak\u017ce wa\u017cny wizualny szczeg\u00f3\u0142 w lampie.<\/p>\n<p><img decoding=\"async\" src=\"https:\/\/6.allegroimg.com\/original\/03ef9f\/afb7949049a491e9a24e9a8b71c6\" alt=\"Zdj\u0119cie produktu\" style=\"max-width:100%; height:auto; margin:10px 0;\"><\/p>\n<p><b>Zgodnie z dyrektyw\u0105 UE 2019 \/ 2015 od 1 wrze\u015bnia nast\u0119puje zmiana oznacze\u0144 klas energetycznych stosowanych w \u017ar\u00f3d\u0142ach \u015bwiat\u0142a.<\/b><\/p>\n<p><b>W zwi\u0105zku z tym dotychczasowe klasy A++ A+ A zosta\u0142y zast\u0105pione klasami E, F, G<\/b><\/p>\n<p><b>Oferowana \u017car\u00f3wka posiada etykiet\u0119 energetyczn\u0105 dostosowan\u0105 do nowej dyrektywy.<\/b><\/p>\n","protected":false},"excerpt":{"rendered":"<p>\u017bAR\u00d3WKA FILAMENT LED E27 4W A60 480 lm Barwa \u015bwiat\u0142a: Bia\u0142a Ciep\u0142a 3000k Stosowana w lampach z oprawkami typu E27 &#8211; tzw. du\u017cy gwint. Parametry techniczne: model: Filament&nbsp;E27 4 W rodzaj trzonka: E27 barwa \u015bwiat\u0142a:&nbsp;&nbsp; Bia\u0142a Ciep\u0142a 3000K napi\u0119cie zasilania: 230V AC moc: 4 W strumie\u0144 \u015bwietlny: 480 lm k\u0105t \u015bwiecenia: 270\u00b0 \u015brednica: 60mm wysoko\u015b\u0107: [&hellip;]<\/p>\n","protected":false},"featured_media":26649,"comment_status":"closed","ping_status":"open","template":"","meta":{"_acf_changed":false},"product_brand":[162],"product_cat":[3732],"product_tag":[],"class_list":{"0":"post-48632","1":"product","2":"type-product","3":"status-publish","4":"has-post-thumbnail","6":"product_brand-luxolar","7":"product_cat-3732","8":"pa_barwa-2069","9":"pa_jasnosc-480-uk","10":"pa_kat-wiercenia-270-uk","11":"pa_klasa-efektywnosci-e-uk","12":"pa_kod-producenta-1659272-uk","13":"pa_kolor-szkla-2289","14":"pa_ksztalt-2308","15":"pa_ksztalt-2307","16":"pa_ksztalt-2312","17":"pa_marka-luxolar","18":"pa_min-liczba-cykli-wlaczen-25000-uk","19":"pa_moc-4-uk","20":"pa_napiecie-230v-uk","21":"pa_rodzaj-led-uk","22":"pa_rodzaj-gwintu-e27-uk","23":"pa_stan-2489","24":"pa_temperatura-barwowa-3000-uk","25":"pa_trwalosc-30000-uk","26":"pa_zawiera-baterie-2545","27":"pa_zuzycie-energii-4-uk","29":"first","30":"instock","31":"purchasable","32":"product-type-simple"},"acf":[],"aioseo_notices":[],"_links":{"self":[{"href":"https:\/\/portallamp.invette.dev\/uk\/wp-json\/wp\/v2\/product\/48632","targetHints":{"allow":["GET"]}}],"collection":[{"href":"https:\/\/portallamp.invette.dev\/uk\/wp-json\/wp\/v2\/product"}],"about":[{"href":"https:\/\/portallamp.invette.dev\/uk\/wp-json\/wp\/v2\/types\/product"}],"replies":[{"embeddable":true,"href":"https:\/\/portallamp.invette.dev\/uk\/wp-json\/wp\/v2\/comments?post=48632"}],"wp:featuredmedia":[{"embeddable":true,"href":"https:\/\/portallamp.invette.dev\/uk\/wp-json\/wp\/v2\/media\/26649"}],"wp:attachment":[{"href":"https:\/\/portallamp.invette.dev\/uk\/wp-json\/wp\/v2\/media?parent=48632"}],"wp:term":[{"taxonomy":"product_brand","embeddable":true,"href":"https:\/\/portallamp.invette.dev\/uk\/wp-json\/wp\/v2\/product_brand?post=48632"},{"taxonomy":"product_cat","embeddable":true,"href":"https:\/\/portallamp.invette.dev\/uk\/wp-json\/wp\/v2\/product_cat?post=48632"},{"taxonomy":"product_tag","embeddable":true,"href":"https:\/\/portallamp.invette.dev\/uk\/wp-json\/wp\/v2\/product_tag?post=48632"}],"curies":[{"name":"wp","href":"https:\/\/api.w.org\/{rel}","templated":true}]}}