{"id":48641,"date":"2025-07-03T17:36:03","date_gmt":"2025-07-03T15:36:03","guid":{"rendered":"https:\/\/portallamp.invette.dev\/produkt\/zarowka-led-smd-gu10-9w-4000k-biala-neutralna\/"},"modified":"2025-07-03T17:36:03","modified_gmt":"2025-07-03T15:36:03","slug":"zarowka-led-smd-gu10-9w-4000k-biala-neutralna","status":"publish","type":"product","link":"https:\/\/portallamp.invette.dev\/uk\/produkt\/zarowka-led-smd-gu10-9w-4000k-biala-neutralna\/","title":{"rendered":"\u017bAR\u00d3WKA LED SMD GU10 9W 4000K Bia\u0142a Neutralna"},"content":{"rendered":"<h1>\u017bAR\u00d3WKA LED SMD GU10 9W 4000K Bia\u0142a Neutralna<\/h1>\n<p><img decoding=\"async\" src=\"https:\/\/a.allegroimg.com\/original\/11ca57\/4509d59b4f8c8a047b10ce735acc\" alt=\"Zdj\u0119cie produktu\" style=\"max-width:100%; height:auto; margin:10px 0;\"><\/p>\n<h2>Parametry techniczne:<\/h2>\n<ul>\n<li>rodzaj trzonka: <b>GU10<\/b><\/li>\n<li>barwa \u015bwiat\u0142a:&nbsp;<b> bia\u0142a neutralna 4000K<\/b><\/li>\n<li>napi\u0119cie zasilania: <b>230V AC<\/b><\/li>\n<li>moc: <b>9W<\/b><\/li>\n<li>strumie\u0144 \u015bwietlny: <b>800Lm<\/b><\/li>\n<li>efektywno\u015b\u0107 energetyczna: <b>F<\/b><\/li>\n<li>\u015brednica: <b>50mm<\/b><\/li>\n<li>wysoko\u015b\u0107: <b>57mm<\/b><\/li>\n<li>Wsp\u00f3\u0142czynnik oddawania barw CRI: <b>Ra &gt; 80<\/b><\/li>\n<li>Wsp\u00f3\u0142czynnik mocy: <b>&gt;0.5<\/b><\/li>\n<li>Skuteczno\u015b\u0107 \u015bwietlna:&nbsp;<b>81,25 lm\/W<\/b><\/li>\n<li>Nominalny okres trwa\u0142o\u015bci:<b> 17<\/b><b>&nbsp;000h<\/b><\/li>\n<li>Ilo\u015b\u0107 cykli w\u0142\u0105cz\/wy\u0142\u0105cz: <b>15 000<\/b><\/li>\n<\/ul>\n<p><img decoding=\"async\" src=\"https:\/\/a.allegroimg.com\/original\/117c9f\/02fcbb964ff485bb1adbc87fe45e\" alt=\"Zdj\u0119cie produktu\" style=\"max-width:100%; height:auto; margin:10px 0;\"><\/p>\n","protected":false},"excerpt":{"rendered":"<p>\u017bAR\u00d3WKA LED SMD GU10 9W 4000K Bia\u0142a Neutralna Parametry techniczne: rodzaj trzonka: GU10 barwa \u015bwiat\u0142a:&nbsp; bia\u0142a neutralna 4000K napi\u0119cie zasilania: 230V AC moc: 9W strumie\u0144 \u015bwietlny: 800Lm efektywno\u015b\u0107 energetyczna: F \u015brednica: 50mm wysoko\u015b\u0107: 57mm Wsp\u00f3\u0142czynnik oddawania barw CRI: Ra &gt; 80 Wsp\u00f3\u0142czynnik mocy: &gt;0.5 Skuteczno\u015b\u0107 \u015bwietlna:&nbsp;81,25 lm\/W Nominalny okres trwa\u0142o\u015bci: 17&nbsp;000h Ilo\u015b\u0107 cykli w\u0142\u0105cz\/wy\u0142\u0105cz: 15 [&hellip;]<\/p>\n","protected":false},"featured_media":26667,"comment_status":"closed","ping_status":"open","template":"","meta":{"_acf_changed":false},"product_brand":[162],"product_cat":[3732],"product_tag":[],"class_list":{"0":"post-48641","1":"product","2":"type-product","3":"status-publish","4":"has-post-thumbnail","6":"product_brand-luxolar","7":"product_cat-3732","8":"pa_barwa-2070","9":"pa_jasnosc-800-uk","10":"pa_klasa-efektywnosci-f-uk","11":"pa_kod-producenta-1659288-uk","12":"pa_kolor-szkla-2288","13":"pa_ksztalt-2309","14":"pa_ksztalt-2310","15":"pa_marka-luxolar","16":"pa_moc-9-uk","17":"pa_napiecie-230v-uk","18":"pa_rodzaj-led-uk","19":"pa_rodzaj-gwintu-gu10-uk","20":"pa_temperatura-barwowa-4000-uk","21":"pa_trwalosc-17000-uk","22":"pa_zawiera-baterie-2545","24":"first","25":"instock","26":"purchasable","27":"product-type-simple"},"acf":[],"aioseo_notices":[],"_links":{"self":[{"href":"https:\/\/portallamp.invette.dev\/uk\/wp-json\/wp\/v2\/product\/48641","targetHints":{"allow":["GET"]}}],"collection":[{"href":"https:\/\/portallamp.invette.dev\/uk\/wp-json\/wp\/v2\/product"}],"about":[{"href":"https:\/\/portallamp.invette.dev\/uk\/wp-json\/wp\/v2\/types\/product"}],"replies":[{"embeddable":true,"href":"https:\/\/portallamp.invette.dev\/uk\/wp-json\/wp\/v2\/comments?post=48641"}],"wp:featuredmedia":[{"embeddable":true,"href":"https:\/\/portallamp.invette.dev\/uk\/wp-json\/wp\/v2\/media\/26667"}],"wp:attachment":[{"href":"https:\/\/portallamp.invette.dev\/uk\/wp-json\/wp\/v2\/media?parent=48641"}],"wp:term":[{"taxonomy":"product_brand","embeddable":true,"href":"https:\/\/portallamp.invette.dev\/uk\/wp-json\/wp\/v2\/product_brand?post=48641"},{"taxonomy":"product_cat","embeddable":true,"href":"https:\/\/portallamp.invette.dev\/uk\/wp-json\/wp\/v2\/product_cat?post=48641"},{"taxonomy":"product_tag","embeddable":true,"href":"https:\/\/portallamp.invette.dev\/uk\/wp-json\/wp\/v2\/product_tag?post=48641"}],"curies":[{"name":"wp","href":"https:\/\/api.w.org\/{rel}","templated":true}]}}