{"id":48644,"date":"2025-07-03T17:36:03","date_gmt":"2025-07-03T15:36:03","guid":{"rendered":"https:\/\/portallamp.invette.dev\/produkt\/lampa-sufitowa-zyrandol-plafon-tuby-metal-spot-bg4-led-gu10\/"},"modified":"2025-07-03T17:36:03","modified_gmt":"2025-07-03T15:36:03","slug":"lampa-sufitowa-zyrandol-plafon-tuby-metal-spot-bg4-led-gu10","status":"publish","type":"product","link":"https:\/\/portallamp.invette.dev\/uk\/produkt\/lampa-sufitowa-zyrandol-plafon-tuby-metal-spot-bg4-led-gu10\/","title":{"rendered":"Lampa Sufitowa \u017byrandol Plafon Tuby Metal SPOT BG4 LED GU10"},"content":{"rendered":"<h1>Lampa Sufitowa \u017byrandol Plafon Tuby Metal SPOT BG4 LED GU10 Czarna<\/h1>\n<p>Lampa natynkowa, metalowa maj\u0105ca zastosowanie jako o\u015bwietlenie wewn\u0119trzne z wy\u0142\u0105czeniem miejsc o podwy\u017cszonej wilgotno\u015bci.<\/p>\n<p><img decoding=\"async\" src=\"https:\/\/a.allegroimg.com\/original\/118dbc\/1efad1364d3ba8d99b2229692ce3\" alt=\"Zdj\u0119cie produktu\" style=\"max-width:100%; height:auto; margin:10px 0;\"><br \/>\n<img decoding=\"async\" src=\"https:\/\/a.allegroimg.com\/original\/11f02d\/dc1c041a4e67bd558735d40c4395\" alt=\"Zdj\u0119cie produktu\" style=\"max-width:100%; height:auto; margin:10px 0;\"><br \/>\n<img decoding=\"async\" src=\"https:\/\/a.allegroimg.com\/original\/119b99\/7d6b86d940e68e57f0f52672ef29\" alt=\"Zdj\u0119cie produktu\" style=\"max-width:100%; height:auto; margin:10px 0;\"><\/p>\n<h2>Idealna do:<\/h2>\n<p>\u2705 Niedu\u017cego pokoju do 12m2, a tak\u017ce:<\/p>\n<p>\u2705 O\u015bwietli korytarze<\/p>\n<p>\u2705 Kuchnie<\/p>\n<p>\u2705 Garderoby<\/p>\n<p>\u2705 \u0141azienki z wy\u0142\u0105czeniem stref: 0,1,2<\/p>\n<p>\u2705 Sprawdzi si\u0119 r\u00f3wnie\u017c jako o\u015bwietlenie dekoracyjne<\/p>\n<h2>G\u0142\u00f3wne cechy produktu:<\/h2>\n<p><b>\u2705 <\/b>Uniwersalny kolor,<\/p>\n<p><b>\u2705 <\/b>Nowoczesny, minimalistyczny design<\/p>\n<p><b>\u2705 <\/b>Nieskomplikowany monta\u017c<\/p>\n<p><b>\u2705 <\/b>Wygodna w u\u017cyciu i praktyczna w zastosowaniu &#8211; regulacja kierunku \u015bwiecenia,<\/p>\n<p><b>\u2705 <\/b>Wykorzystuje najbardziej popularne \u017ar\u00f3d\u0142a \u015bwiat\u0142a &#8211; nie wpadniesz w pu\u0142apk\u0119 drogich \u017car\u00f3wek,<\/p>\n<p><b>\u2705 <\/b>Wsp\u00f3\u0142pracuje z w\u0142\u0105cznikiem jedno lub dwu przyciskowym, wymaga wymiany z\u0142\u0105cza na 4-torowe.<\/p>\n<p><b>\u2705 <\/b>Wysoka jako\u015b\u0107 oraz trwa\u0142o\u015b\u0107 &#8211; zredukowano plastik do absolutnego minimum<\/p>\n<p><img decoding=\"async\" src=\"https:\/\/a.allegroimg.com\/original\/1189b3\/ff8118f04504af26619eeb408dc3\" alt=\"Zdj\u0119cie produktu\" style=\"max-width:100%; height:auto; margin:10px 0;\"><\/p>\n<h2>Dane techniczne:<\/h2>\n<ul>\n<li>Napi\u0119cie zasilania: ~230 V,&nbsp; 50 HZ<\/li>\n<\/ul>\n<ul>\n<li>IP20 &#8211; nie do u\u017cytku w miejscach o podwy\u017cszonej wilgotno\u015bci (Strefy: 0,1 oraz 2),<\/li>\n<\/ul>\n<ul>\n<li>Wyprodukowana w pierwszej klasie ochronno\u015bci przed pora\u017ceniem elektrycznym,<\/li>\n<\/ul>\n<ul>\n<li>Wykonana g\u0142\u00f3wnie z metalu (aluminium),<\/li>\n<\/ul>\n<ul>\n<li>Ceramiczne oprawki typu GU10,<\/li>\n<\/ul>\n<ul>\n<li>Monta\u017c natynkowy &#8211; dwa ko\u0142ki rozporowe, do\u0142\u0105czone do zestawu,<\/li>\n<\/ul>\n<ul>\n<li>\u0179r\u00f3d\u0142o \u015bwiat\u0142a: 4 x GU10 LED max 25W<\/li>\n<\/ul>\n<ul>\n<li>Waga lampy bez \u017car\u00f3wek: 1 kg<\/li>\n<\/ul>\n<ul>\n<li>Wymiar rozety: 60 x 6 cm<\/li>\n<\/ul>\n<ul>\n<li>\u015arednica tuby: 5,5 cm<\/li>\n<\/ul>\n<ul>\n<li><b>Wysoko\u015b\u0107 tuby: 9 cm &#8211; \u017car\u00f3wka nie jest zbyt g\u0142\u0119boko osadzona. \u015awiat\u0142o nie jest punktowe.<\/b><\/li>\n<\/ul>\n<ul>\n<li>Maksymalna moc \u017ar\u00f3d\u0142a \u015bwiat\u0142a: 25W dotyczy \u017car\u00f3wek w technologii LED<\/li>\n<\/ul>\n<ul>\n<li>Fabryczne, kolorowe opakowanie tekturowe<\/li>\n<\/ul>\n<ul>\n<li>CE ROHS WEEE<\/li>\n<\/ul>\n<ul>\n<li>Producent i Podmiot odpowiedzialny na terenie UE: LUXOLAR Light Factory<\/li>\n<\/ul>\n<h2>Wymiary:<\/h2>\n<p><img decoding=\"async\" src=\"https:\/\/a.allegroimg.com\/original\/1177d4\/d8cda85f459d94c33a2dea3714c7\" alt=\"Zdj\u0119cie produktu\" style=\"max-width:100%; height:auto; margin:10px 0;\"><\/p>\n<h2>Oznakowanie produktu:<\/h2>\n<p><img decoding=\"async\" src=\"https:\/\/a.allegroimg.com\/original\/11d11a\/60711c6849a4b8d5b7111fe8c899\" alt=\"Zdj\u0119cie produktu\" style=\"max-width:100%; height:auto; margin:10px 0;\"><\/p>\n<h2>Skr\u00f3cona instrukcja monta\u017cu:<\/h2>\n<p><img decoding=\"async\" src=\"https:\/\/a.allegroimg.com\/original\/11126f\/c52900e1401fac41a96ade25ff94\" alt=\"Zdj\u0119cie produktu\" style=\"max-width:100%; height:auto; margin:10px 0;\"><\/p>\n<h2>Rozdzia\u0142 obwod\u00f3w wymaga dokupienia z\u0142\u0105cza 4-torowego. Dost\u0119pne w naszej ofercie.<\/h2>\n<h2>Zestaw zawiera:<\/h2>\n<ul>\n<li><b>Kompletn\u0105, z\u0142o\u017con\u0105 lamp\u0119, gotow\u0105 do monta\u017cu<\/b><\/li>\n<li><b>Ko\u0142ki monta\u017cowe<\/b><\/li>\n<li><b>Z\u0142\u0105cze 3 torowe do instalacji 1-obwodowej<\/b><\/li>\n<li><b>Instrukcj\u0119 obs\u0142ugi<\/b><\/li>\n<li><b>Dokument zakupu<\/b><\/li>\n<li><b>Produkt zapakowany w oryginalny, kolorowy karton<\/b><\/li>\n<li><b>Zestaw nie zawiera \u017car\u00f3wek &#8211; dost\u0119pne na naszych aukcjach<\/b><\/li>\n<\/ul>\n<p><img decoding=\"async\" src=\"https:\/\/a.allegroimg.com\/original\/117176\/cbe4e5db49369f3f47b749121572\" alt=\"Zdj\u0119cie produktu\" style=\"max-width:100%; height:auto; margin:10px 0;\"><br \/>\n<img decoding=\"async\" src=\"https:\/\/a.allegroimg.com\/original\/112aa3\/26a3c5d944469ee0c650a4e5328a\" alt=\"Zdj\u0119cie produktu\" style=\"max-width:100%; height:auto; margin:10px 0;\"><br \/>\n<img decoding=\"async\" src=\"https:\/\/a.allegroimg.com\/original\/11a77d\/626a007d4d8890a4ed625682d37f\" alt=\"Zdj\u0119cie produktu\" style=\"max-width:100%; height:auto; margin:10px 0;\"><\/p>\n","protected":false},"excerpt":{"rendered":"<p>Lampa Sufitowa \u017byrandol Plafon Tuby Metal SPOT BG4 LED GU10 Czarna Lampa natynkowa, metalowa maj\u0105ca zastosowanie jako o\u015bwietlenie wewn\u0119trzne z wy\u0142\u0105czeniem miejsc o podwy\u017cszonej wilgotno\u015bci. Idealna do: \u2705 Niedu\u017cego pokoju do 12m2, a tak\u017ce: \u2705 O\u015bwietli korytarze \u2705 Kuchnie \u2705 Garderoby \u2705 \u0141azienki z wy\u0142\u0105czeniem stref: 0,1,2 \u2705 Sprawdzi si\u0119 r\u00f3wnie\u017c jako o\u015bwietlenie dekoracyjne G\u0142\u00f3wne [&hellip;]<\/p>\n","protected":false},"featured_media":26673,"comment_status":"closed","ping_status":"open","template":"","meta":{"_acf_changed":false},"product_brand":[162],"product_cat":[2596,2677],"product_tag":[],"class_list":{"0":"post-48644","1":"product","2":"type-product","3":"status-publish","4":"has-post-thumbnail","6":"product_brand-luxolar","7":"product_cat-2596","8":"product_cat-2677","9":"pa_klasa-efektywnosci-2146","10":"pa_kod-producenta-955-bg4-uk","11":"pa_kolekcja-955-uk","12":"pa_kolor-2236","13":"pa_liczba-punktow-swiatla-4-uk","14":"pa_marka-luxolar","15":"pa_material-dominujacy-2341","16":"pa_max-moc-pojed-zrodla-swiatla-15-uk","17":"pa_pomieszczenie-2441","18":"pa_pomieszczenie-2437","19":"pa_pomieszczenie-2438","20":"pa_pomieszczenie-2439","21":"pa_pomieszczenie-2436","22":"pa_pomieszczenie-2442","23":"pa_pomieszczenie-2443","24":"pa_pomieszczenie-2444","25":"pa_rodzaj-gwintu-gu10-uk","26":"pa_rodzaj-lampy-2483","27":"pa_zasilanie-2543","28":"pa_zawiera-baterie-2545","29":"pa_zrodlo-swiatla-2547","31":"first","32":"instock","33":"purchasable","34":"product-type-simple"},"acf":[],"aioseo_notices":[],"_links":{"self":[{"href":"https:\/\/portallamp.invette.dev\/uk\/wp-json\/wp\/v2\/product\/48644","targetHints":{"allow":["GET"]}}],"collection":[{"href":"https:\/\/portallamp.invette.dev\/uk\/wp-json\/wp\/v2\/product"}],"about":[{"href":"https:\/\/portallamp.invette.dev\/uk\/wp-json\/wp\/v2\/types\/product"}],"replies":[{"embeddable":true,"href":"https:\/\/portallamp.invette.dev\/uk\/wp-json\/wp\/v2\/comments?post=48644"}],"wp:featuredmedia":[{"embeddable":true,"href":"https:\/\/portallamp.invette.dev\/uk\/wp-json\/wp\/v2\/media\/26673"}],"wp:attachment":[{"href":"https:\/\/portallamp.invette.dev\/uk\/wp-json\/wp\/v2\/media?parent=48644"}],"wp:term":[{"taxonomy":"product_brand","embeddable":true,"href":"https:\/\/portallamp.invette.dev\/uk\/wp-json\/wp\/v2\/product_brand?post=48644"},{"taxonomy":"product_cat","embeddable":true,"href":"https:\/\/portallamp.invette.dev\/uk\/wp-json\/wp\/v2\/product_cat?post=48644"},{"taxonomy":"product_tag","embeddable":true,"href":"https:\/\/portallamp.invette.dev\/uk\/wp-json\/wp\/v2\/product_tag?post=48644"}],"curies":[{"name":"wp","href":"https:\/\/api.w.org\/{rel}","templated":true}]}}