{"id":48698,"date":"2025-07-03T17:36:03","date_gmt":"2025-07-03T15:36:03","guid":{"rendered":"https:\/\/portallamp.invette.dev\/produkt\/lampa-scienna-kinkiet-czarny-zloty-glass-k1-led\/"},"modified":"2025-07-03T17:36:03","modified_gmt":"2025-07-03T15:36:03","slug":"lampa-scienna-kinkiet-czarny-zloty-glass-k1-led","status":"publish","type":"product","link":"https:\/\/portallamp.invette.dev\/uk\/produkt\/lampa-scienna-kinkiet-czarny-zloty-glass-k1-led\/","title":{"rendered":"Lampa \u015acienna Kinkiet Czarny Z\u0142oty GLASS K1 LED"},"content":{"rendered":"<h1>Elegancka, Szklana lampa \u015bcienna GLASS-K1 Luxolar<\/h1>\n<p>Oprawa \u015bcienna natynkowa, metalowa maj\u0105ca zastosowanie jako o\u015bwietlenie wewn\u0119trzne.<\/p>\n<p><img decoding=\"async\" src=\"https:\/\/a.allegroimg.com\/original\/1171f4\/7000d6fb4cb2ad24c5882681d9d0\" alt=\"Zdj\u0119cie produktu\" style=\"max-width:100%; height:auto; margin:10px 0;\"><\/p>\n<h2>Je\u015bli aran\u017cujesz wn\u0119trze swojego domu i szukasz lampy w stylu GLAM &#8211; lubisz szk\u0142o, z\u0142ote dodatki i akcenty &#8211; ten kinkiet mo\u017ce Ci si\u0119 spodoba\u0107!<\/h2>\n<p><img decoding=\"async\" src=\"https:\/\/a.allegroimg.com\/original\/1151c0\/ffa7e0d0455fb9f7dc82d6fa6a68\" alt=\"Zdj\u0119cie produktu\" style=\"max-width:100%; height:auto; margin:10px 0;\"><br \/>\n<img decoding=\"async\" src=\"https:\/\/a.allegroimg.com\/original\/1133ab\/f5a9c2a04766a0b43bb7026ced33\" alt=\"Zdj\u0119cie produktu\" style=\"max-width:100%; height:auto; margin:10px 0;\"><\/p>\n<h2>Idealna do:<\/h2>\n<p>\u2705 Salonu<\/p>\n<p>\u2705 Kuchni (o\u015bwietlenie blatu)<\/p>\n<p>\u2705 Sypialni (tu\u017c nad stolikiem przy \u0142\u00f3\u017cku)<\/p>\n<p>\u2705 Przedpokoju<\/p>\n<p>\u2705 Korytarza<\/p>\n<p>\u2705 Garderoby<\/p>\n<h2>G\u0142\u00f3wne cechy produktu:<\/h2>\n<p><b>\u2705&nbsp;<\/b>Lampa wyposa\u017cona w bardzo modny oraz praktyczny szklany klosze w kszta\u0142cie kuli<\/p>\n<p><b>\u2705 <\/b>Modna kolorystyka: Czer\u0144 \u0142\u0105czona ze z\u0142otem wpisuj\u0105 si\u0119 w jeden z g\u0142\u00f3wnych trend\u00f3w w o\u015bwietleniu.<\/p>\n<p>\u2705 Z\u0142ote elementy wykonane w technologii pr\u00f3\u017cniowej.<\/p>\n<p><b>\u2705&nbsp;<\/b>Lamp\u0119 charakteryzuje wysoka jako\u015b\u0107 oraz trwa\u0142o\u015b\u0107.<\/p>\n<p><b>\u2705&nbsp;<\/b>Szklany klosz w wi\u0119kszo\u015bci jest transparentny (nie t\u0142umi \u015bwiat\u0142a \u017car\u00f3wki)<\/p>\n<p><b>\u2705&nbsp;<\/b>\u0141atwy monta\u017c oraz dost\u0119p do cz\u0119\u015bci zamiennych &#8211; kupujesz u Polskiego producenta.<\/p>\n<p><b><\/b><\/p>\n<p><b>Parametry techniczne:<\/b><\/p>\n<p><b><\/b><\/p>\n<ul>\n<li>Dominuj\u0105cy materia\u0142 konstrukcji: Transparentne Szk\u0142o<\/li>\n<\/ul>\n<ul>\n<li>Kolor konstrukcji: Czarny matowy \u0142\u0105czony z galwanizowanym z\u0142otym.<\/li>\n<\/ul>\n<ul>\n<li>\u015arednica klosza: 15 cm<\/li>\n<\/ul>\n<ul>\n<li>IP 20, Klasa I<\/li>\n<\/ul>\n<ul>\n<li><b>\u0179r\u00f3d\u0142o \u015bwiat\u0142a:<\/b> Dowolne \u017car\u00f3wki energooszcz\u0119dne z gwintem E-27 Max 60W<\/li>\n<\/ul>\n<ul>\n<li><b>Zasilanie:<\/b> ~230 [V] \/ bezpo\u015brednie z sieci<\/li>\n<\/ul>\n<ul>\n<li>Lampa z polskiej dystrybucji, wyprodukowana w Polsce &#8211; gwarantowany szybki dost\u0119p do serwisu i cz\u0119\u015bci zapasowych<\/li>\n<\/ul>\n<ul>\n<li>Szukasz lampy wisz\u0105cej lub lampki nocnej pasuj\u0105cej do tego kinkietu? Znajdziesz je w naszych ofertach.<\/li>\n<\/ul>\n<ul>\n<li><b>Wersja w pe\u0142ni z\u0142o\u017cona &#8211; nie jest to chi\u0144ski zestaw do samodzielnego monta\u017cu<\/b><\/li>\n<\/ul>\n<p><img decoding=\"async\" src=\"https:\/\/a.allegroimg.com\/original\/1108ad\/8656c5fa4f2ab337dac7df771e10\" alt=\"Zdj\u0119cie produktu\" style=\"max-width:100%; height:auto; margin:10px 0;\"><br \/>\n<img decoding=\"async\" src=\"https:\/\/a.allegroimg.com\/original\/11b345\/765ac1634678b338dabae5006c64\" alt=\"Zdj\u0119cie produktu\" style=\"max-width:100%; height:auto; margin:10px 0;\"><br \/>\n<img decoding=\"async\" src=\"https:\/\/a.allegroimg.com\/original\/119485\/66545def47308982a975bd29a5c5\" alt=\"Zdj\u0119cie produktu\" style=\"max-width:100%; height:auto; margin:10px 0;\"><br \/>\n<img decoding=\"async\" src=\"https:\/\/a.allegroimg.com\/original\/11b523\/30f7f401428f8a1a76a4d1f1acca\" alt=\"Zdj\u0119cie produktu\" style=\"max-width:100%; height:auto; margin:10px 0;\"><\/p>\n<h2>ZALECANE \u0179R\u00d3D\u0141A \u015aWIAT\u0141A:<\/h2>\n<\/p>\n<ul>\n<li>\u017bar\u00f3wki LED z gwintem typu E27, kszta\u0142t A60<\/li>\n<li>Strumie\u0144 \u015bwietlny: 500 -1300 lm<\/li>\n<li>Moc pobierana z sieci: 4 -12 W<\/li>\n<li>Barwa: ciep\u0142a (3000K), Neutralna (4000K)&nbsp; lub zimna (6000K)<\/li>\n<\/ul>\n<p><b>\u017bar\u00f3wki nie wchodz\u0105 w sk\u0142ad zestawu<\/b><\/p>\n<p><img decoding=\"async\" src=\"https:\/\/a.allegroimg.com\/original\/1171ee\/3f86a96d41c0a3027e05c69e8ce2\" alt=\"Zdj\u0119cie produktu\" style=\"max-width:100%; height:auto; margin:10px 0;\"><\/p>\n<h2>Zestaw zawiera:<\/h2>\n<ul>\n<li><b>Kompletny, z\u0142o\u017cony kinkiet &#8211; wystarczy tylko zamontowa\u0107&nbsp; klosz wg powy\u017cszego schematu<\/b><\/li>\n<li><b>Kostk\u0119 przy\u0142\u0105czeniow\u0105<\/b><\/li>\n<li><b>Instrukcj\u0119 obs\u0142ugi<\/b><\/li>\n<li><b>Dokument zakupu<\/b><\/li>\n<\/ul>\n<p><b>Zestaw nie zawiera \u017car\u00f3wki ani ko\u0142k\u00f3w rozporowych&nbsp; (nale\u017cy dobra\u0107 odpowiednie do \u015bciany)<\/b><\/p>\n<p><img decoding=\"async\" src=\"https:\/\/a.allegroimg.com\/original\/1171f4\/7000d6fb4cb2ad24c5882681d9d0\" alt=\"Zdj\u0119cie produktu\" style=\"max-width:100%; height:auto; margin:10px 0;\"><br \/>\n<img decoding=\"async\" src=\"https:\/\/a.allegroimg.com\/original\/11a77d\/626a007d4d8890a4ed625682d37f\" alt=\"Zdj\u0119cie produktu\" style=\"max-width:100%; height:auto; margin:10px 0;\"><\/p>\n","protected":false},"excerpt":{"rendered":"<p>Elegancka, Szklana lampa \u015bcienna GLASS-K1 Luxolar Oprawa \u015bcienna natynkowa, metalowa maj\u0105ca zastosowanie jako o\u015bwietlenie wewn\u0119trzne. Je\u015bli aran\u017cujesz wn\u0119trze swojego domu i szukasz lampy w stylu GLAM &#8211; lubisz szk\u0142o, z\u0142ote dodatki i akcenty &#8211; ten kinkiet mo\u017ce Ci si\u0119 spodoba\u0107! Idealna do: \u2705 Salonu \u2705 Kuchni (o\u015bwietlenie blatu) \u2705 Sypialni (tu\u017c nad stolikiem przy \u0142\u00f3\u017cku) [&hellip;]<\/p>\n","protected":false},"featured_media":26519,"comment_status":"closed","ping_status":"open","template":"","meta":{"_acf_changed":false},"product_brand":[162],"product_cat":[2596,7382],"product_tag":[],"class_list":{"0":"post-48698","1":"product","2":"type-product","3":"status-publish","4":"has-post-thumbnail","6":"product_brand-luxolar","7":"product_cat-2596","8":"product_cat-7382","9":"pa_klasa-efektywnosci-f-uk","10":"pa_kod-producenta-502-k1-uk","11":"pa_kolekcja-502-uk","12":"pa_kolor-2247","13":"pa_kolor-2236","14":"pa_liczba-punktow-swiatla-1-uk","15":"pa_marka-luxolar","16":"pa_material-dominujacy-2341","17":"pa_max-moc-pojed-zrodla-swiatla-60-uk","18":"pa_rodzaj-gwintu-e27-uk","19":"pa_zawiera-baterie-2545","20":"pa_zrodlo-swiatla-2547","22":"first","23":"instock","24":"purchasable","25":"product-type-simple"},"acf":[],"aioseo_notices":[],"_links":{"self":[{"href":"https:\/\/portallamp.invette.dev\/uk\/wp-json\/wp\/v2\/product\/48698","targetHints":{"allow":["GET"]}}],"collection":[{"href":"https:\/\/portallamp.invette.dev\/uk\/wp-json\/wp\/v2\/product"}],"about":[{"href":"https:\/\/portallamp.invette.dev\/uk\/wp-json\/wp\/v2\/types\/product"}],"replies":[{"embeddable":true,"href":"https:\/\/portallamp.invette.dev\/uk\/wp-json\/wp\/v2\/comments?post=48698"}],"wp:featuredmedia":[{"embeddable":true,"href":"https:\/\/portallamp.invette.dev\/uk\/wp-json\/wp\/v2\/media\/26519"}],"wp:attachment":[{"href":"https:\/\/portallamp.invette.dev\/uk\/wp-json\/wp\/v2\/media?parent=48698"}],"wp:term":[{"taxonomy":"product_brand","embeddable":true,"href":"https:\/\/portallamp.invette.dev\/uk\/wp-json\/wp\/v2\/product_brand?post=48698"},{"taxonomy":"product_cat","embeddable":true,"href":"https:\/\/portallamp.invette.dev\/uk\/wp-json\/wp\/v2\/product_cat?post=48698"},{"taxonomy":"product_tag","embeddable":true,"href":"https:\/\/portallamp.invette.dev\/uk\/wp-json\/wp\/v2\/product_tag?post=48698"}],"curies":[{"name":"wp","href":"https:\/\/api.w.org\/{rel}","templated":true}]}}