{"id":48917,"date":"2025-07-03T17:24:19","date_gmt":"2025-07-03T15:24:19","guid":{"rendered":"https:\/\/portallamp.invette.dev\/produkt\/lampa-scienna-kinkiet-abazur-rattan-czarny-bialy\/"},"modified":"2025-07-03T17:24:19","modified_gmt":"2025-07-03T15:24:19","slug":"lampa-scienna-kinkiet-abazur-rattan-czarny-bialy","status":"publish","type":"product","link":"https:\/\/portallamp.invette.dev\/uk\/produkt\/lampa-scienna-kinkiet-abazur-rattan-czarny-bialy\/","title":{"rendered":"Lampa \u015bcienna Kinkiet ABA\u017bUR Rattan Czarny Bia\u0142y"},"content":{"rendered":"<h1>Lampa \u015bcienna &#8211; Kinkiet z rattanowym aba\u017curem dost\u0119pna w dw\u00f3ch kolorach.<\/h1>\n<p>Wersja bez w\u0142\u0105cznika \u0142a\u0144cuszkowego<\/p>\n<h2>Idealna do:<\/h2>\n<p>\u2705 Salonu<\/p>\n<p>\u2705 Pokoju<\/p>\n<p>\u2705 Jadalni<\/p>\n<p>\u2705 Tak\u017ce jako o\u015bwietlenie dekoracyjne, akcentowe<\/p>\n<p><img decoding=\"async\" src=\"https:\/\/a.allegroimg.com\/original\/11d9af\/23b9092844cebaacf92bf4a1cb0e\" alt=\"Zdj\u0119cie produktu\" style=\"max-width:100%; height:auto; margin:10px 0;\"><br \/>\n<img decoding=\"async\" src=\"https:\/\/a.allegroimg.com\/original\/11c484\/a4712ff44eeda027d4388fc3bc16\" alt=\"Zdj\u0119cie produktu\" style=\"max-width:100%; height:auto; margin:10px 0;\"><br \/>\n<img decoding=\"async\" src=\"https:\/\/a.allegroimg.com\/original\/112c64\/b322f92a40ddaa9e428bf53c692b\" alt=\"Zdj\u0119cie produktu\" style=\"max-width:100%; height:auto; margin:10px 0;\"><\/p>\n<h2>Uniwersalny styl lampy sprawia, \u017ce pasuje ona do wn\u0119trz urz\u0105dzonych w r\u00f3\u017cnym stylu.<\/h2>\n<p>Szczeg\u00f3lnie dobrze prezentuje si\u0119 w pomieszczeniach o charakterze minimalistycznym oraz skandynawskim.<\/p>\n<p><b><\/b><\/p>\n<p><b>G\u0141\u00d3WNE CECHY LAMPY:<\/b><\/p>\n<p><b><\/b><\/p>\n<ul>\n<li>Materia\u0142 konstrukcji: Metal<\/li>\n<\/ul>\n<ul>\n<li>Kolor konstrukcji: Czarny matowy<\/li>\n<\/ul>\n<ul>\n<li>Materia\u0142 Aba\u017cur\u00f3w: PCV + Rattan<\/li>\n<\/ul>\n<ul>\n<li>Kolor aba\u017cur\u00f3w, Czarny + rattan , Bia\u0142y + rattan (do wyboru)<\/li>\n<\/ul>\n<ul>\n<li>\u015arednica klosza: 20 cm<\/li>\n<\/ul>\n<ul>\n<li>Wysoko\u015b\u0107 klosza: 17 cm<\/li>\n<\/ul>\n<ul>\n<li>Uniwersalny Styl &#8211; &nbsp;\u0142atwo wkomponuje si\u0119 w uk\u0142ad mieszkania o charakterze skandynawskim lub minimalistycznym<\/li>\n<\/ul>\n<ul>\n<li>Lampa obs\u0142uguje wszystkie \u017car\u00f3wki z gwintem typu&nbsp;<b>E27 do max 60 wat\u00f3w.<\/b><\/li>\n<\/ul>\n<ul>\n<li>Wyprodukowana w Polsce &#8211; gwarantowany szybki dost\u0119p do serwisu i cz\u0119\u015bci zapasowych<\/li>\n<\/ul>\n<ul>\n<li>Kinkiet pochodzi z szerszej rodziny lamp &#8211; bez problemu dokupisz do kompletu kinkiet czy lampk\u0119 nocn\u0105<\/li>\n<\/ul>\n<h2>Wymiary:<\/h2>\n<p><img decoding=\"async\" src=\"https:\/\/a.allegroimg.com\/original\/11677a\/40d5ec774bca883bc42481045e34\" alt=\"Zdj\u0119cie produktu\" style=\"max-width:100%; height:auto; margin:10px 0;\"><br \/>\n<img decoding=\"async\" src=\"https:\/\/a.allegroimg.com\/original\/11b3df\/963e11494d8da7fddbb8ccb8cc3b\" alt=\"Zdj\u0119cie produktu\" style=\"max-width:100%; height:auto; margin:10px 0;\"><\/p>\n<h2>Dane techniczne:<\/h2>\n<\/p>\n<ul>\n<li><b>Zasilanie:<\/b> ~230 [V] \/ bezpo\u015brednie z sieci<\/li>\n<li><b>\u0179r\u00f3d\u0142o \u015bwiat\u0142a:<\/b>&nbsp;E-27 &#8211; zalecane LED lub \u015bwietl\u00f3wki kompaktowe<\/li>\n<li><b>Spos\u00f3b monta\u017cu:<\/b>&nbsp;Dwa ko\u0142ki rozporowe<\/li>\n<li><b>IP 20, Klasa I<\/b><\/li>\n<li><b>Zestaw nie zawiera \u017car\u00f3wek oraz ko\u0142k\u00f3w rozporowych do monta\u017cu<\/b><\/li>\n<li><b>Producent:&nbsp;<\/b>LUXOLAR Polska<\/li>\n<\/ul>\n<p><img decoding=\"async\" src=\"https:\/\/a.allegroimg.com\/original\/11717e\/32ea115b4563b7046cc3ba7de0b6\" alt=\"Zdj\u0119cie produktu\" style=\"max-width:100%; height:auto; margin:10px 0;\"><\/p>\n<h2>Zestaw zawiera:<\/h2>\n<ul>\n<li><b>Kompletn\u0105, z\u0142o\u017con\u0105 lamp\u0119<\/b><\/li>\n<li><b>Kostk\u0119 elektryczn\u0105, przy\u0142\u0105czeniow\u0105<\/b><\/li>\n<li><b>Instrukcj\u0119 obs\u0142ugi<\/b><\/li>\n<li><b>Dokument zakupu<\/b><\/li>\n<\/ul>\n<p><b>Zestaw nie zawiera \u017car\u00f3wki ani ko\u0142k\u00f3w rozporowych (nale\u017cy dobra\u0107 odpowiednie do rodzaju \u015bciany: ceg\u0142a, p\u0142yta G-K&#8230;)<\/b><\/p>\n<p><img decoding=\"async\" src=\"https:\/\/a.allegroimg.com\/original\/11e50e\/6967857049d39741792ee9c8add0\" alt=\"Zdj\u0119cie produktu\" style=\"max-width:100%; height:auto; margin:10px 0;\"><\/p>\n<h2>ZALECANE \u0179R\u00d3D\u0141A \u015aWIAT\u0141A:<\/h2>\n<\/p>\n<ul>\n<li>\u017bar\u00f3wki LED&nbsp; z gwintem typu E27<\/li>\n<li>Strumie\u0144 \u015bwietlny: 700 -1300 lm<\/li>\n<li>Moc pobierana z sieci: 8 -12 W<\/li>\n<li>Barwa: ciep\u0142a (3000K), Neutralna (4000K)&nbsp; lub zimna (6000K)<\/li>\n<\/ul>\n<p><b>\u017bar\u00f3wki nie wchodz\u0105 w sk\u0142ad zestawu<\/b><\/p>\n<p><img decoding=\"async\" src=\"https:\/\/a.allegroimg.com\/original\/119b39\/fdad0ee24f9e8628a0fb96956133\" alt=\"Zdj\u0119cie produktu\" style=\"max-width:100%; height:auto; margin:10px 0;\"><br \/>\n<img decoding=\"async\" src=\"https:\/\/a.allegroimg.com\/original\/11c484\/a4712ff44eeda027d4388fc3bc16\" alt=\"Zdj\u0119cie produktu\" style=\"max-width:100%; height:auto; margin:10px 0;\"><br \/>\n<img decoding=\"async\" src=\"https:\/\/a.allegroimg.com\/original\/11a77d\/626a007d4d8890a4ed625682d37f\" alt=\"Zdj\u0119cie produktu\" style=\"max-width:100%; height:auto; margin:10px 0;\"><\/p>\n","protected":false},"excerpt":{"rendered":"<p>Lampa \u015bcienna &#8211; Kinkiet z rattanowym aba\u017curem dost\u0119pna w dw\u00f3ch kolorach. Wersja bez w\u0142\u0105cznika \u0142a\u0144cuszkowego Idealna do: \u2705 Salonu \u2705 Pokoju \u2705 Jadalni \u2705 Tak\u017ce jako o\u015bwietlenie dekoracyjne, akcentowe Uniwersalny styl lampy sprawia, \u017ce pasuje ona do wn\u0119trz urz\u0105dzonych w r\u00f3\u017cnym stylu. Szczeg\u00f3lnie dobrze prezentuje si\u0119 w pomieszczeniach o charakterze minimalistycznym oraz skandynawskim. G\u0141\u00d3WNE CECHY [&hellip;]<\/p>\n","protected":false},"featured_media":23048,"comment_status":"closed","ping_status":"open","template":"","meta":{"_acf_changed":false},"product_brand":[162],"product_cat":[2596,7382],"product_tag":[],"class_list":{"0":"post-48917","1":"product","2":"type-product","3":"status-publish","4":"has-post-thumbnail","6":"product_brand-luxolar","7":"product_cat-2596","8":"product_cat-7382","9":"pa_kod-producenta-rattan-czarny-lub-bialy-961-k1-uk","10":"pa_kolekcja-961-uk","11":"pa_kolor-2234","12":"pa_kolor-2236","13":"pa_marka-luxolar","14":"pa_material-dominujacy-2341","15":"pa_rodzaj-gwintu-e27-uk","16":"pa_zawiera-baterie-2545","17":"pa_zrodlo-swiatla-2547","19":"first","20":"instock","21":"purchasable","22":"product-type-simple"},"acf":[],"aioseo_notices":[],"_links":{"self":[{"href":"https:\/\/portallamp.invette.dev\/uk\/wp-json\/wp\/v2\/product\/48917","targetHints":{"allow":["GET"]}}],"collection":[{"href":"https:\/\/portallamp.invette.dev\/uk\/wp-json\/wp\/v2\/product"}],"about":[{"href":"https:\/\/portallamp.invette.dev\/uk\/wp-json\/wp\/v2\/types\/product"}],"replies":[{"embeddable":true,"href":"https:\/\/portallamp.invette.dev\/uk\/wp-json\/wp\/v2\/comments?post=48917"}],"wp:featuredmedia":[{"embeddable":true,"href":"https:\/\/portallamp.invette.dev\/uk\/wp-json\/wp\/v2\/media\/23048"}],"wp:attachment":[{"href":"https:\/\/portallamp.invette.dev\/uk\/wp-json\/wp\/v2\/media?parent=48917"}],"wp:term":[{"taxonomy":"product_brand","embeddable":true,"href":"https:\/\/portallamp.invette.dev\/uk\/wp-json\/wp\/v2\/product_brand?post=48917"},{"taxonomy":"product_cat","embeddable":true,"href":"https:\/\/portallamp.invette.dev\/uk\/wp-json\/wp\/v2\/product_cat?post=48917"},{"taxonomy":"product_tag","embeddable":true,"href":"https:\/\/portallamp.invette.dev\/uk\/wp-json\/wp\/v2\/product_tag?post=48917"}],"curies":[{"name":"wp","href":"https:\/\/api.w.org\/{rel}","templated":true}]}}