{"id":49031,"date":"2025-07-03T17:22:03","date_gmt":"2025-07-03T15:22:03","guid":{"rendered":"https:\/\/portallamp.invette.dev\/produkt\/lampa-wiszaca-zyrandol-plafon-tuby-metal-led-gu10-3\/"},"modified":"2025-07-03T17:22:03","modified_gmt":"2025-07-03T15:22:03","slug":"lampa-wiszaca-zyrandol-plafon-tuby-metal-led-gu10-3","status":"publish","type":"product","link":"https:\/\/portallamp.invette.dev\/uk\/produkt\/lampa-wiszaca-zyrandol-plafon-tuby-metal-led-gu10-3\/","title":{"rendered":"Lampa Wisz\u0105ca \u017byrandol Plafon Tuby Metal LED GU10"},"content":{"rendered":"<h1>Nowoczesna Lampa Wisz\u0105ca SPOT GU-10 z regulacj\u0105 wysoko\u015bci.<\/h1>\n<h2>Idealna do:<\/h2>\n<p>\u2705 Salonu nad st\u00f3\u0142,<\/p>\n<p>\u2705 Kuchni do o\u015bwietlenia blatu,<\/p>\n<p>\u2705 Jadalni<\/p>\n<p>\u2705 Baru<\/p>\n<p>\u2705 Tak\u017ce jako o\u015bwietlenie dekoracyjne, akcentowe<\/p>\n<p><img decoding=\"async\" src=\"https:\/\/a.allegroimg.com\/original\/11abc9\/547c1f6f44dcb93583cdf1447c31\" alt=\"Zdj\u0119cie produktu\" style=\"max-width:100%; height:auto; margin:10px 0;\"><br \/>\n<img decoding=\"async\" src=\"https:\/\/a.allegroimg.com\/original\/1193fd\/fb74f2574b1bbb59c99b46bcdd65\" alt=\"Zdj\u0119cie produktu\" style=\"max-width:100%; height:auto; margin:10px 0;\"><\/p>\n<h2>Konstrukcja lampy umo\u017cliwia korekt\u0119 wysoko\u015bci (przed zamontowaniem).<\/h2>\n<p><img decoding=\"async\" src=\"https:\/\/a.allegroimg.com\/original\/11d20d\/449ff8ca4fa2aee7cd280d5ba62b\" alt=\"Zdj\u0119cie produktu\" style=\"max-width:100%; height:auto; margin:10px 0;\"><\/p>\n<p><b><\/b><\/p>\n<p><b>G\u0141\u00d3WNE CECHY LAMPY:<\/b><\/p>\n<p><b><\/b><\/p>\n<ul>\n<li>Dominuj\u0105cy materia\u0142 konstrukcji: Metal<\/li>\n<\/ul>\n<ul>\n<li>Kolor konstrukcji: Czarny matowy<\/li>\n<\/ul>\n<ul>\n<li>Nowoczesny Styl &#8211; &nbsp;\u0142atwo wkomponuje si\u0119 w uk\u0142ad mieszkania<\/li>\n<\/ul>\n<ul>\n<li>Estetyczna, solidna, dobrze wykonana<\/li>\n<\/ul>\n<ul>\n<li>Prosty, natynkowy spos\u00f3b monta\u017cu (za pomoc\u0105 ko\u0142k\u00f3w rozporowych),<\/li>\n<\/ul>\n<ul>\n<li>Regulacja wysoko\u015bci tuby w zakresie do max 100 cm<\/li>\n<\/ul>\n<ul>\n<li>IP 20 (do stosowania wewn\u0105trz z wy\u0142\u0105czeniem miejsc o podwy\u017cszonej wilgotno\u015bci)<\/li>\n<\/ul>\n<ul>\n<li>Obs\u0142uguje wszystkie \u017car\u00f3wki GU10 w technologii LED do max 15W<\/li>\n<\/ul>\n<ul>\n<li>Szerokie zastosowanie:&nbsp;<b>sto\u0142y, wyspy, blaty, korytarze, kuchnie, sypialnie<\/b><\/li>\n<\/ul>\n<ul>\n<li>Dodatkowym atutem s\u0105 dwa niezale\u017cne obwody elektryczne, dzi\u0119ki kt\u00f3rym w zale\u017cno\u015bci od potrzeb, mo\u017cemy sterowa\u0107 ilo\u015bci\u0105 w\u0142\u0105czonych \u017car\u00f3wek<\/li>\n<\/ul>\n<ul>\n<li>\u017byrandol pochodzi z szerszej rodziny lamp &#8211; bez problemu dokupisz do kompletu kinkiet<\/li>\n<\/ul>\n<h2>Wymiary:<\/h2>\n<p><img decoding=\"async\" src=\"https:\/\/a.allegroimg.com\/original\/1199f4\/e058432a455ba59c550d6b9ff8bf\" alt=\"Zdj\u0119cie produktu\" style=\"max-width:100%; height:auto; margin:10px 0;\"><\/p>\n<h2>Dane techniczne:<\/h2>\n<ul>\n<li>Napi\u0119cie zasilania: 230V<\/li>\n<li>\u0179r\u00f3d\u0142o \u015bwiat\u0142a: 4 x GU10 LED do max 15W<\/li>\n<li>Szeroko\u015b\u0107 belki: 80 cm<\/li>\n<li>Wysoko\u015b\u0107 max 100 cm<\/li>\n<li>\u015arednica tuby: 5,5 cm<\/li>\n<li>Wysoko\u015b\u0107 tuby: 29 cm<\/li>\n<li>IP 20<\/li>\n<li>Klasa ochrony: Pierwsza<\/li>\n<li>Dwa obwody elektryczne<\/li>\n<\/ul>\n<p><img decoding=\"async\" src=\"https:\/\/a.allegroimg.com\/original\/112687\/a08955b44151a03119c52a017841\" alt=\"Zdj\u0119cie produktu\" style=\"max-width:100%; height:auto; margin:10px 0;\"><br \/>\n<img decoding=\"async\" src=\"https:\/\/a.allegroimg.com\/original\/11b234\/1f97948241568825a2c34a0ba186\" alt=\"Zdj\u0119cie produktu\" style=\"max-width:100%; height:auto; margin:10px 0;\"><br \/>\n<img decoding=\"async\" src=\"https:\/\/a.allegroimg.com\/original\/11250d\/556e022449868f418fba962c0fa7\" alt=\"Zdj\u0119cie produktu\" style=\"max-width:100%; height:auto; margin:10px 0;\"><\/p>\n<h2>Zestaw zawiera:<\/h2>\n<ul>\n<li><b>Kompletn\u0105, z\u0142o\u017con\u0105 lamp\u0119<\/b><\/li>\n<li><b>Kostk\u0119 przy\u0142\u0105czeniow\u0105<\/b><\/li>\n<li><b>Instrukcj\u0119 obs\u0142ugi<\/b><\/li>\n<li><b>Dokument zakupu<\/b><\/li>\n<\/ul>\n<p><b>Zestaw nie zawiera \u017car\u00f3wek oraz ko\u0142k\u00f3w do monta\u017cu&nbsp; &#8211; s\u0105 dost\u0119pne na naszych aukcjach<\/b><\/p>\n<p><img decoding=\"async\" src=\"https:\/\/a.allegroimg.com\/original\/11d7e8\/a5b0c88f400eb1342d0e81fec257\" alt=\"Zdj\u0119cie produktu\" style=\"max-width:100%; height:auto; margin:10px 0;\"><br \/>\n<img decoding=\"async\" src=\"https:\/\/a.allegroimg.com\/original\/11abc9\/547c1f6f44dcb93583cdf1447c31\" alt=\"Zdj\u0119cie produktu\" style=\"max-width:100%; height:auto; margin:10px 0;\"><br \/>\n<img decoding=\"async\" src=\"https:\/\/a.allegroimg.com\/original\/11a77d\/626a007d4d8890a4ed625682d37f\" alt=\"Zdj\u0119cie produktu\" style=\"max-width:100%; height:auto; margin:10px 0;\"><\/p>\n","protected":false},"excerpt":{"rendered":"<p>Nowoczesna Lampa Wisz\u0105ca SPOT GU-10 z regulacj\u0105 wysoko\u015bci. Idealna do: \u2705 Salonu nad st\u00f3\u0142, \u2705 Kuchni do o\u015bwietlenia blatu, \u2705 Jadalni \u2705 Baru \u2705 Tak\u017ce jako o\u015bwietlenie dekoracyjne, akcentowe Konstrukcja lampy umo\u017cliwia korekt\u0119 wysoko\u015bci (przed zamontowaniem). G\u0141\u00d3WNE CECHY LAMPY: Dominuj\u0105cy materia\u0142 konstrukcji: Metal Kolor konstrukcji: Czarny matowy Nowoczesny Styl &#8211; &nbsp;\u0142atwo wkomponuje si\u0119 w uk\u0142ad [&hellip;]<\/p>\n","protected":false},"featured_media":22553,"comment_status":"closed","ping_status":"open","template":"","meta":{"_acf_changed":false},"product_brand":[162],"product_cat":[2596,2677],"product_tag":[],"class_list":{"0":"post-49031","1":"product","2":"type-product","3":"status-publish","4":"has-post-thumbnail","6":"product_brand-luxolar","7":"product_cat-2596","8":"product_cat-2677","9":"pa_klasa-efektywnosci-a-uk","10":"pa_kod-producenta-lampa-wiszaca-955-bz4-uk","11":"pa_kolekcja-955-uk","12":"pa_kolor-2236","13":"pa_liczba-punktow-swiatla-4-uk","14":"pa_marka-luxolar","15":"pa_material-dominujacy-2341","16":"pa_max-moc-pojed-zrodla-swiatla-15-uk","17":"pa_pomieszczenie-2441","18":"pa_pomieszczenie-2437","19":"pa_pomieszczenie-2438","20":"pa_pomieszczenie-2439","21":"pa_pomieszczenie-2436","22":"pa_pomieszczenie-2442","23":"pa_pomieszczenie-2443","24":"pa_pomieszczenie-2444","25":"pa_rodzaj-gwintu-gu10-uk","26":"pa_rodzaj-lampy-2483","27":"pa_zasilanie-2543","28":"pa_zawiera-baterie-2545","29":"pa_zrodlo-swiatla-2547","31":"first","32":"instock","33":"purchasable","34":"product-type-simple"},"acf":[],"aioseo_notices":[],"_links":{"self":[{"href":"https:\/\/portallamp.invette.dev\/uk\/wp-json\/wp\/v2\/product\/49031","targetHints":{"allow":["GET"]}}],"collection":[{"href":"https:\/\/portallamp.invette.dev\/uk\/wp-json\/wp\/v2\/product"}],"about":[{"href":"https:\/\/portallamp.invette.dev\/uk\/wp-json\/wp\/v2\/types\/product"}],"replies":[{"embeddable":true,"href":"https:\/\/portallamp.invette.dev\/uk\/wp-json\/wp\/v2\/comments?post=49031"}],"wp:featuredmedia":[{"embeddable":true,"href":"https:\/\/portallamp.invette.dev\/uk\/wp-json\/wp\/v2\/media\/22553"}],"wp:attachment":[{"href":"https:\/\/portallamp.invette.dev\/uk\/wp-json\/wp\/v2\/media?parent=49031"}],"wp:term":[{"taxonomy":"product_brand","embeddable":true,"href":"https:\/\/portallamp.invette.dev\/uk\/wp-json\/wp\/v2\/product_brand?post=49031"},{"taxonomy":"product_cat","embeddable":true,"href":"https:\/\/portallamp.invette.dev\/uk\/wp-json\/wp\/v2\/product_cat?post=49031"},{"taxonomy":"product_tag","embeddable":true,"href":"https:\/\/portallamp.invette.dev\/uk\/wp-json\/wp\/v2\/product_tag?post=49031"}],"curies":[{"name":"wp","href":"https:\/\/api.w.org\/{rel}","templated":true}]}}