{"id":49058,"date":"2025-07-03T17:18:36","date_gmt":"2025-07-03T15:18:36","guid":{"rendered":"https:\/\/portallamp.invette.dev\/produkt\/lampka-nocna-stolowa-glamour-zloty-chrom-miedz-led\/"},"modified":"2025-07-03T17:18:36","modified_gmt":"2025-07-03T15:18:36","slug":"lampka-nocna-stolowa-glamour-zloty-chrom-miedz-led","status":"publish","type":"product","link":"https:\/\/portallamp.invette.dev\/uk\/produkt\/lampka-nocna-stolowa-glamour-zloty-chrom-miedz-led\/","title":{"rendered":"Lampka Nocna Sto\u0142owa GLAMOUR Z\u0142oty Chrom Mied\u017a LED"},"content":{"rendered":"<h1>Nowoczesna lampka nocna, sto\u0142owa GLAMOUR wykonana z najwy\u017csz\u0105 dba\u0142o\u015bci\u0105 o szczeg\u00f3\u0142y i detale.<\/h1>\n<p><img decoding=\"async\" src=\"https:\/\/a.allegroimg.com\/original\/11c1a1\/ef991fa248359a055409d1d7d33f\" alt=\"Zdj\u0119cie produktu\" style=\"max-width:100%; height:auto; margin:10px 0;\"><\/p>\n<h2>\u015awietnie odnajdzie si\u0119 we wn\u0119trzach o charakterze nowoczesnym, minimalistycznym czy skandynawskim.<\/h2>\n<h2>Dost\u0119pna w trzech modnych kolorach do wyboru:<\/h2>\n<ul>\n<li>BIA\u0141Y+Z\u0141OTY<\/li>\n<li>BIA\u0141Y+MIED\u0179<\/li>\n<li>BIA\u0141Y+CHROM<\/li>\n<\/ul>\n<p><img decoding=\"async\" src=\"https:\/\/a.allegroimg.com\/original\/1115ba\/6e84a9eb49818c0fa4383c9b94a2\" alt=\"Zdj\u0119cie produktu\" style=\"max-width:100%; height:auto; margin:10px 0;\"><br \/>\n<img decoding=\"async\" src=\"https:\/\/a.allegroimg.com\/original\/11f4b7\/b4c84c534672b0261873402c6dfc\" alt=\"Zdj\u0119cie produktu\" style=\"max-width:100%; height:auto; margin:10px 0;\"><\/p>\n<p><b><\/b><\/p>\n<p><b>G\u0141\u00d3WNE CECHY LAMPY:<\/b><\/p>\n<p><b><\/b><\/p>\n<ul>\n<li>Materia\u0142 konstrukcji: Metal<\/li>\n<\/ul>\n<ul>\n<li>Kolor konstrukcji: Bia\u0142y po\u0142ysk + z\u0142ote, miedziane lub srebrne elementy (do wyboru)<\/li>\n<\/ul>\n<ul>\n<li>\u015arednica klosza: 12cm<\/li>\n<\/ul>\n<ul>\n<li>Wysoko\u015b\u0107 klosza: 9cm<\/li>\n<\/ul>\n<ul>\n<li>Nowoczesny Styl &#8211; &nbsp;\u0142atwo wkomponuje si\u0119 w uk\u0142ad mieszkania<\/li>\n<\/ul>\n<ul>\n<li>W\u0142\u0105cznik wbudowany w przew\u00f3d zasilaj\u0105cy<\/li>\n<\/ul>\n<ul>\n<li>Przeznaczona jako o\u015bwietlenie uzupe\u0142niaj\u0105ce, dekoracyjne do pomieszcze\u0144 wewn\u0105trz domu z wy\u0142\u0105czeniem \u0142azienki lub miejsc o zwi\u0119kszonej wilgotno\u015bci.<\/li>\n<\/ul>\n<ul>\n<li>Szerokie zastosowanie: <b>salon,<\/b>&nbsp;<b>korytarz, kuchnia, sypialnia<\/b><\/li>\n<\/ul>\n<ul>\n<li>Lampa obs\u0142uguje wszystkie \u017car\u00f3wki z gwintem typu&nbsp;<b>E27 do max 60 wat\u00f3w.<\/b><\/li>\n<\/ul>\n<ul>\n<li>Lampa z polskiej dystrybucji, wyprodukowana w Polsce &#8211; gwarantowany szybki dost\u0119p do serwisu i cz\u0119\u015bci zapasowych<\/li>\n<\/ul>\n<ul>\n<li>Kinkiet pochodzi z szerszej rodziny lamp &#8211; bez problemu dokupisz do kompletu lamp\u0119 wisz\u0105c\u0105 czy lampk\u0119 nocn\u0105<\/li>\n<\/ul>\n<h2>Wymiary:<\/h2>\n<p><img decoding=\"async\" src=\"https:\/\/a.allegroimg.com\/original\/119bae\/9d79b87c43cd90e7aeae616dc37d\" alt=\"Zdj\u0119cie produktu\" style=\"max-width:100%; height:auto; margin:10px 0;\"><br \/>\n<img decoding=\"async\" src=\"https:\/\/a.allegroimg.com\/original\/110d7c\/0696b80d4f3d9a4823edbda99b8b\" alt=\"Zdj\u0119cie produktu\" style=\"max-width:100%; height:auto; margin:10px 0;\"><\/p>\n<h1>Dane techniczne:<\/h1>\n<\/p>\n<ul>\n<li><b>Zasilanie:<\/b>&nbsp;~230 [V] \/ bezpo\u015brednie z sieci, przew\u00f3d z w\u0142\u0105cznikiem i wtyczk\u0105 o d\u0142ugo\u015bci 120 cm,<\/li>\n<li><b>\u0179r\u00f3d\u0142o \u015bwiat\u0142a:<\/b>&nbsp;E-27 &#8211; zalecane LED lub \u015bwietl\u00f3wki kompaktowe<\/li>\n<li><b>IP 20, Klasa II<\/b><\/li>\n<li><b>Producent:&nbsp;<\/b>LUXOLAR Polska<\/li>\n<\/ul>\n<h2>Zestaw zawiera:<\/h2>\n<ul>\n<li><b>Kompletn\u0105 lamp\u0119<\/b><\/li>\n<li><b>Instrukcj\u0119 obs\u0142ugi<\/b><\/li>\n<li><b>Dokument zakupu<\/b><\/li>\n<\/ul>\n<p><b>Zestaw nie zawiera \u017car\u00f3wki<\/b><\/p>\n<h2>ZALECANE \u0179R\u00d3D\u0141A \u015aWIAT\u0141A:<\/h2>\n<\/p>\n<ul>\n<li>\u017bar\u00f3wki LED&nbsp; z gwintem typu E27<\/li>\n<li>Strumie\u0144 \u015bwietlny: 700 -1300 lm<\/li>\n<li>Moc pobierana z sieci: 8 -12 W<\/li>\n<li>Barwa: ciep\u0142a (3000K), Neutralna (4000K)&nbsp; lub zimna (6000K)<\/li>\n<\/ul>\n<p><b>\u017bar\u00f3wka nie wchodzi w sk\u0142ad zestawu<\/b><\/p>\n<p><img decoding=\"async\" src=\"https:\/\/a.allegroimg.com\/original\/119b39\/fdad0ee24f9e8628a0fb96956133\" alt=\"Zdj\u0119cie produktu\" style=\"max-width:100%; height:auto; margin:10px 0;\"><\/p>\n<h2><\/h2>\n<h2>Pami\u0119taj:<\/h2>\n<ol>\n<li><b>Wybierz kolor:&nbsp;<\/b>BIA\u0141Y+Z\u0141OTY, BIA\u0141Y+MIED\u0179, BIA\u0141Y+CHROM<\/li>\n<li><b>Wpisz wybrany kolor&nbsp;<\/b>&#8211; w formularzu zam\u00f3wienia lub oddzielnym e-mailu.<\/li>\n<li><b>Je\u015bli nie wybierzesz koloru wy\u015blemy kolor ze zdj\u0119cia g\u0142\u00f3wnego: bia\u0142y + z\u0142oty.<\/b><\/li>\n<\/ol>\n<p><img decoding=\"async\" src=\"https:\/\/a.allegroimg.com\/original\/11f4b7\/b4c84c534672b0261873402c6dfc\" alt=\"Zdj\u0119cie produktu\" style=\"max-width:100%; height:auto; margin:10px 0;\"><br \/>\n<img decoding=\"async\" src=\"https:\/\/a.allegroimg.com\/original\/112deb\/4d15b6b543b38786d4223d30ef46\" alt=\"Zdj\u0119cie produktu\" style=\"max-width:100%; height:auto; margin:10px 0;\"><\/p>\n<p>Do lampki mo\u017cna dokupi\u0107 specjaln\u0105 os\u0142onk\u0119, kt\u00f3ra t\u0142umi intensywno\u015b\u0107 \u015bwiat\u0142a \u017car\u00f3wki tworz\u0105c ciep\u0142y i przytulny klimat.<\/p>\n<p><b>Os\u0142onka nie wchodzi w sk\u0142ad zestawu jednak s\u0105 one dost\u0119pne w naszej ofercie na Allegro.<\/b><\/p>\n<p><img decoding=\"async\" src=\"https:\/\/a.allegroimg.com\/original\/118de9\/77bd48f346329368c7005bf5f95e\" alt=\"Zdj\u0119cie produktu\" style=\"max-width:100%; height:auto; margin:10px 0;\"><br \/>\n<img decoding=\"async\" src=\"https:\/\/a.allegroimg.com\/original\/11c1a1\/ef991fa248359a055409d1d7d33f\" alt=\"Zdj\u0119cie produktu\" style=\"max-width:100%; height:auto; margin:10px 0;\"><br \/>\n<img decoding=\"async\" src=\"https:\/\/a.allegroimg.com\/original\/11a77d\/626a007d4d8890a4ed625682d37f\" alt=\"Zdj\u0119cie produktu\" style=\"max-width:100%; height:auto; margin:10px 0;\"><\/p>\n","protected":false},"excerpt":{"rendered":"<p>Nowoczesna lampka nocna, sto\u0142owa GLAMOUR wykonana z najwy\u017csz\u0105 dba\u0142o\u015bci\u0105 o szczeg\u00f3\u0142y i detale. \u015awietnie odnajdzie si\u0119 we wn\u0119trzach o charakterze nowoczesnym, minimalistycznym czy skandynawskim. Dost\u0119pna w trzech modnych kolorach do wyboru: BIA\u0141Y+Z\u0141OTY BIA\u0141Y+MIED\u0179 BIA\u0141Y+CHROM G\u0141\u00d3WNE CECHY LAMPY: Materia\u0142 konstrukcji: Metal Kolor konstrukcji: Bia\u0142y po\u0142ysk + z\u0142ote, miedziane lub srebrne elementy (do wyboru) \u015arednica klosza: 12cm [&hellip;]<\/p>\n","protected":false},"featured_media":22060,"comment_status":"closed","ping_status":"open","template":"","meta":{"_acf_changed":false},"product_brand":[162],"product_cat":[2596,7384],"product_tag":[],"class_list":{"0":"post-49058","1":"product","2":"type-product","3":"status-publish","4":"has-post-thumbnail","6":"product_brand-luxolar","7":"product_cat-2596","8":"product_cat-7384","9":"pa_kod-producenta-lampka-nocna-947-l1-uk","10":"pa_kolekcja-947-uk","11":"pa_kolor-2234","12":"pa_kolor-2247","13":"pa_kolor-2246","14":"pa_kolor-2242","15":"pa_liczba-punktow-swiatla-1-uk","16":"pa_marka-luxolar","17":"pa_max-moc-pojed-zrodla-swiatla-60-uk","18":"pa_rodzaj-gwintu-e27-uk","19":"pa_zasilanie-2543","20":"pa_zawiera-baterie-2545","21":"pa_zrodlo-swiatla-2547","23":"first","24":"instock","25":"purchasable","26":"product-type-simple"},"acf":[],"aioseo_notices":[],"_links":{"self":[{"href":"https:\/\/portallamp.invette.dev\/uk\/wp-json\/wp\/v2\/product\/49058","targetHints":{"allow":["GET"]}}],"collection":[{"href":"https:\/\/portallamp.invette.dev\/uk\/wp-json\/wp\/v2\/product"}],"about":[{"href":"https:\/\/portallamp.invette.dev\/uk\/wp-json\/wp\/v2\/types\/product"}],"replies":[{"embeddable":true,"href":"https:\/\/portallamp.invette.dev\/uk\/wp-json\/wp\/v2\/comments?post=49058"}],"wp:featuredmedia":[{"embeddable":true,"href":"https:\/\/portallamp.invette.dev\/uk\/wp-json\/wp\/v2\/media\/22060"}],"wp:attachment":[{"href":"https:\/\/portallamp.invette.dev\/uk\/wp-json\/wp\/v2\/media?parent=49058"}],"wp:term":[{"taxonomy":"product_brand","embeddable":true,"href":"https:\/\/portallamp.invette.dev\/uk\/wp-json\/wp\/v2\/product_brand?post=49058"},{"taxonomy":"product_cat","embeddable":true,"href":"https:\/\/portallamp.invette.dev\/uk\/wp-json\/wp\/v2\/product_cat?post=49058"},{"taxonomy":"product_tag","embeddable":true,"href":"https:\/\/portallamp.invette.dev\/uk\/wp-json\/wp\/v2\/product_tag?post=49058"}],"curies":[{"name":"wp","href":"https:\/\/api.w.org\/{rel}","templated":true}]}}