{"id":49070,"date":"2025-07-03T17:18:36","date_gmt":"2025-07-03T15:18:36","guid":{"rendered":"https:\/\/portallamp.invette.dev\/produkt\/uchwyt-sufitowy-trzymak-przewodu-kabla-pajak\/"},"modified":"2025-07-03T17:18:36","modified_gmt":"2025-07-03T15:18:36","slug":"uchwyt-sufitowy-trzymak-przewodu-kabla-pajak","status":"publish","type":"product","link":"https:\/\/portallamp.invette.dev\/uk\/produkt\/uchwyt-sufitowy-trzymak-przewodu-kabla-pajak\/","title":{"rendered":"Uchwyt Sufitowy Trzymak Przewodu Kabla Paj\u0105k"},"content":{"rendered":"<h1>Nowy, estetycznie wykonany uchwyt, trzymak do przewodu<\/h1>\n<h2>Dost\u0119pny w dw\u00f3ch kolorach do wyboru:<\/h2>\n<ul>\n<li>czarny matowy<\/li>\n<li>bia\u0142y po\u0142ysk<\/li>\n<\/ul>\n<p><img decoding=\"async\" src=\"https:\/\/a.allegroimg.com\/original\/116cd1\/f3a96511472aaee6f9806d782545\" alt=\"Zdj\u0119cie produktu\" style=\"max-width:100%; height:auto; margin:10px 0;\"><\/p>\n<h2>Prosty monta\u017c do sufitu lub \u015bciany za pomoc\u0105 ko\u0142ka rozporowego (brak w zestawie).<\/h2>\n<p><img decoding=\"async\" src=\"https:\/\/a.allegroimg.com\/original\/11e522\/0c010f28471d87c0153a333b8802\" alt=\"Zdj\u0119cie produktu\" style=\"max-width:100%; height:auto; margin:10px 0;\"><\/p>\n<h1>Przyk\u0142ad zastosowania:<\/h1>\n<p><img decoding=\"async\" src=\"https:\/\/a.allegroimg.com\/original\/11d1de\/d9f582e04bf99684579ec5000108\" alt=\"Zdj\u0119cie produktu\" style=\"max-width:100%; height:auto; margin:10px 0;\"><br \/>\n<img decoding=\"async\" src=\"https:\/\/a.allegroimg.com\/original\/11a77d\/626a007d4d8890a4ed625682d37f\" alt=\"Zdj\u0119cie produktu\" style=\"max-width:100%; height:auto; margin:10px 0;\"><\/p>\n","protected":false},"excerpt":{"rendered":"<p>Nowy, estetycznie wykonany uchwyt, trzymak do przewodu Dost\u0119pny w dw\u00f3ch kolorach do wyboru: czarny matowy bia\u0142y po\u0142ysk Prosty monta\u017c do sufitu lub \u015bciany za pomoc\u0105 ko\u0142ka rozporowego (brak w zestawie). Przyk\u0142ad zastosowania:<\/p>\n","protected":false},"featured_media":22177,"comment_status":"closed","ping_status":"open","template":"","meta":{"_acf_changed":false},"product_brand":[162],"product_cat":[4941],"product_tag":[],"class_list":{"0":"post-49070","1":"product","2":"type-product","3":"status-publish","4":"has-post-thumbnail","6":"product_brand-luxolar","7":"product_cat-4941","8":"pa_kod-producenta-trzymak-uk","9":"pa_marka-luxolar","10":"pa_typ-2517","11":"pa_zawiera-baterie-2545","13":"first","14":"instock","15":"purchasable","16":"product-type-simple"},"acf":[],"aioseo_notices":[],"_links":{"self":[{"href":"https:\/\/portallamp.invette.dev\/uk\/wp-json\/wp\/v2\/product\/49070","targetHints":{"allow":["GET"]}}],"collection":[{"href":"https:\/\/portallamp.invette.dev\/uk\/wp-json\/wp\/v2\/product"}],"about":[{"href":"https:\/\/portallamp.invette.dev\/uk\/wp-json\/wp\/v2\/types\/product"}],"replies":[{"embeddable":true,"href":"https:\/\/portallamp.invette.dev\/uk\/wp-json\/wp\/v2\/comments?post=49070"}],"wp:featuredmedia":[{"embeddable":true,"href":"https:\/\/portallamp.invette.dev\/uk\/wp-json\/wp\/v2\/media\/22177"}],"wp:attachment":[{"href":"https:\/\/portallamp.invette.dev\/uk\/wp-json\/wp\/v2\/media?parent=49070"}],"wp:term":[{"taxonomy":"product_brand","embeddable":true,"href":"https:\/\/portallamp.invette.dev\/uk\/wp-json\/wp\/v2\/product_brand?post=49070"},{"taxonomy":"product_cat","embeddable":true,"href":"https:\/\/portallamp.invette.dev\/uk\/wp-json\/wp\/v2\/product_cat?post=49070"},{"taxonomy":"product_tag","embeddable":true,"href":"https:\/\/portallamp.invette.dev\/uk\/wp-json\/wp\/v2\/product_tag?post=49070"}],"curies":[{"name":"wp","href":"https:\/\/api.w.org\/{rel}","templated":true}]}}