{"id":49193,"date":"2025-07-03T17:15:30","date_gmt":"2025-07-03T15:15:30","guid":{"rendered":"https:\/\/portallamp.invette.dev\/produkt\/druciany-klosz-do-lamp-zyrandoli-kinkietow-e27\/"},"modified":"2025-07-03T17:15:30","modified_gmt":"2025-07-03T15:15:30","slug":"druciany-klosz-do-lamp-zyrandoli-kinkietow-e27","status":"publish","type":"product","link":"https:\/\/portallamp.invette.dev\/uk\/produkt\/druciany-klosz-do-lamp-zyrandoli-kinkietow-e27\/","title":{"rendered":"Druciany Klosz do Lamp \u017byrandoli Kinkiet\u00f3w E27"},"content":{"rendered":"<h1>Nowy, druciany klosz w kolorze czarnym stosowany w lampach, kinkietach, \u017cyrandolach z gwintem typu E27.<\/h1>\n<p><img decoding=\"async\" src=\"https:\/\/a.allegroimg.com\/original\/113fe9\/f41c92624dbd9a67a38aea6a4b23\" alt=\"Zdj\u0119cie produktu\" style=\"max-width:100%; height:auto; margin:10px 0;\"><\/p>\n<h1>Opis klosza:<\/h1>\n<ul>\n<li><b>materia\u0142:<\/b> metal<\/li>\n<li><b>kolor:&nbsp;<\/b>czarny<\/li>\n<li><b>obs\u0142ugiwane \u017car\u00f3wki:&nbsp;<\/b>E27<\/li>\n<li><b>\u015brednica otworu pod oprawk\u0119:<\/b>&nbsp;42 mm<\/li>\n<li><b>wymiary:<\/b> wysoko\u015b\u0107 180 mm, szeroko\u015b\u0107 250 mm<\/li>\n<\/ul>\n<p><img decoding=\"async\" src=\"https:\/\/a.allegroimg.com\/original\/11f984\/7d4e47b34d83b93d8887f060184c\" alt=\"Zdj\u0119cie produktu\" style=\"max-width:100%; height:auto; margin:10px 0;\"><\/p>\n<h1>Przyk\u0142ady zastosowania:<\/h1>\n<p>(lampy pokazane na zdj\u0119ciach nie s\u0105 przedmiotem sprzeda\u017cy &#8211; s\u0142u\u017c\u0105 wy\u0142\u0105cznie do wizualizacji zastosowania)<\/p>\n<ul>\n<li>W lampach wisz\u0105cych<\/li>\n<li>W plafonach, \u017cyrandolach<\/li>\n<li>Kinkietach<\/li>\n<li>Lampkach nocnych<\/li>\n<\/ul>\n<p><img decoding=\"async\" src=\"https:\/\/a.allegroimg.com\/original\/111db3\/3c5072e94e6683bdddc8eb546d73\" alt=\"Zdj\u0119cie produktu\" style=\"max-width:100%; height:auto; margin:10px 0;\"><br \/>\n<img decoding=\"async\" src=\"https:\/\/a.allegroimg.com\/original\/11a77d\/626a007d4d8890a4ed625682d37f\" alt=\"Zdj\u0119cie produktu\" style=\"max-width:100%; height:auto; margin:10px 0;\"><\/p>\n","protected":false},"excerpt":{"rendered":"<p>Nowy, druciany klosz w kolorze czarnym stosowany w lampach, kinkietach, \u017cyrandolach z gwintem typu E27. Opis klosza: materia\u0142: metal kolor:&nbsp;czarny obs\u0142ugiwane \u017car\u00f3wki:&nbsp;E27 \u015brednica otworu pod oprawk\u0119:&nbsp;42 mm wymiary: wysoko\u015b\u0107 180 mm, szeroko\u015b\u0107 250 mm Przyk\u0142ady zastosowania: (lampy pokazane na zdj\u0119ciach nie s\u0105 przedmiotem sprzeda\u017cy &#8211; s\u0142u\u017c\u0105 wy\u0142\u0105cznie do wizualizacji zastosowania) W lampach wisz\u0105cych W plafonach, [&hellip;]<\/p>\n","protected":false},"featured_media":21124,"comment_status":"closed","ping_status":"open","template":"","meta":{"_acf_changed":false},"product_brand":[162],"product_cat":[3123],"product_tag":[],"class_list":{"0":"post-49193","1":"product","2":"type-product","3":"status-publish","4":"has-post-thumbnail","6":"product_brand-luxolar","7":"product_cat-3123","8":"pa_gwint-e27-uk","9":"pa_kod-producenta-klosz-druciany-935-uk","10":"pa_kolor-2236","11":"pa_marka-luxolar","12":"pa_material-wykonania-2356","13":"pa_rodzaj--uk","15":"first","16":"instock","17":"purchasable","18":"product-type-simple"},"acf":[],"aioseo_notices":[],"_links":{"self":[{"href":"https:\/\/portallamp.invette.dev\/uk\/wp-json\/wp\/v2\/product\/49193","targetHints":{"allow":["GET"]}}],"collection":[{"href":"https:\/\/portallamp.invette.dev\/uk\/wp-json\/wp\/v2\/product"}],"about":[{"href":"https:\/\/portallamp.invette.dev\/uk\/wp-json\/wp\/v2\/types\/product"}],"replies":[{"embeddable":true,"href":"https:\/\/portallamp.invette.dev\/uk\/wp-json\/wp\/v2\/comments?post=49193"}],"wp:featuredmedia":[{"embeddable":true,"href":"https:\/\/portallamp.invette.dev\/uk\/wp-json\/wp\/v2\/media\/21124"}],"wp:attachment":[{"href":"https:\/\/portallamp.invette.dev\/uk\/wp-json\/wp\/v2\/media?parent=49193"}],"wp:term":[{"taxonomy":"product_brand","embeddable":true,"href":"https:\/\/portallamp.invette.dev\/uk\/wp-json\/wp\/v2\/product_brand?post=49193"},{"taxonomy":"product_cat","embeddable":true,"href":"https:\/\/portallamp.invette.dev\/uk\/wp-json\/wp\/v2\/product_cat?post=49193"},{"taxonomy":"product_tag","embeddable":true,"href":"https:\/\/portallamp.invette.dev\/uk\/wp-json\/wp\/v2\/product_tag?post=49193"}],"curies":[{"name":"wp","href":"https:\/\/api.w.org\/{rel}","templated":true}]}}