{"id":49340,"date":"2025-07-03T17:00:31","date_gmt":"2025-07-03T15:00:31","guid":{"rendered":"https:\/\/portallamp.invette.dev\/produkt\/lampa-wiszaca-zyrandol-pajak-diament-miedz-led-6\/"},"modified":"2025-07-03T17:00:31","modified_gmt":"2025-07-03T15:00:31","slug":"lampa-wiszaca-zyrandol-pajak-diament-miedz-led-6","status":"publish","type":"product","link":"https:\/\/portallamp.invette.dev\/uk\/produkt\/lampa-wiszaca-zyrandol-pajak-diament-miedz-led-6\/","title":{"rendered":"Lampa Wisz\u0105ca \u017byrandol Paj\u0105k Diament Mied\u017a LED"},"content":{"rendered":"<h1>Designerska lampa wisz\u0105ca PAJ\u0104K wyposa\u017cona w drucian\u0105 os\u0142on\u0119 DIAMENT &#8211; idealna do mniejszego pokoju, kuchni czy sypialni.<\/h1>\n<h2>Czarna konstrukcja z elementem w kolorze miedzianym oraz modna i praktyczna os\u0142ona z drutu to \u015bwietne po\u0142\u0105czenie w nowoczesnych wn\u0119trzach.<\/h2>\n<p><img decoding=\"async\" src=\"https:\/\/a.allegroimg.com\/original\/11cb9a\/2a13f3c4475fbed1916f6e573c2e\" alt=\"Zdj\u0119cie produktu\" style=\"max-width:100%; height:auto; margin:10px 0;\"><\/p>\n<h1>\u015awietnie odnajdzie si\u0119 we wn\u0119trzach o charakterze nowoczesnym, loftowym, minimalistycznym czy skandynawskim.<\/h1>\n<p><img decoding=\"async\" src=\"https:\/\/a.allegroimg.com\/original\/11eede\/cc6df182438395f207682552323e\" alt=\"Zdj\u0119cie produktu\" style=\"max-width:100%; height:auto; margin:10px 0;\"><\/p>\n<p><b>Lampa w pe\u0142ni z\u0142o\u017cona &#8211; nie jest to zestaw do samodzielnego monta\u017cu &#8211; wyjmujesz z kartonu i wieszasz na suficie.<\/b><\/p>\n<p><b>Nie musisz traci\u0107 czasu na z\u0142o\u017cenie lampy od najmniejszej \u015brubki.<\/b><\/p>\n<p><b><\/b><\/p>\n<p><b>G\u0141\u00d3WNE CECHY LAMPY:<\/b><\/p>\n<p><b><\/b><\/p>\n<ul>\n<li>Materia\u0142 konstrukcji: Metal<\/li>\n<\/ul>\n<ul>\n<li>Kolor konstrukcji: Czarny z miedzi\u0105<\/li>\n<\/ul>\n<ul>\n<li>\u015arednica klosza: 20 cm<\/li>\n<\/ul>\n<ul>\n<li>Wysoko\u015b\u0107 klosza: 20 cm<\/li>\n<\/ul>\n<ul>\n<li>D\u0142ugo\u015b\u0107 ramienia: 150 cm<\/li>\n<\/ul>\n<ul>\n<li>Nowoczesny Styl &#8211; &nbsp;\u0142atwo wkomponuje si\u0119 w uk\u0142ad mieszkania<\/li>\n<\/ul>\n<ul>\n<li>Atrakcyjna Cena<\/li>\n<\/ul>\n<ul>\n<li>Przeznaczona jako o\u015bwietlenie g\u0142\u00f3wne w pomieszczeniach o powierzchni 6-9 m2<\/li>\n<\/ul>\n<ul>\n<li>Lampa obs\u0142uguje wszystkie \u017car\u00f3wki z gwintem E27 do max 60 wat\u00f3w<\/li>\n<\/ul>\n<ul>\n<li>Lampa z polskiej dystrybucji, wyprodukowana w Polsce &#8211; gwarantowany szybki dost\u0119p do serwisu i cz\u0119\u015bci zapasowych<\/li>\n<\/ul>\n<ul>\n<li>\u017byrandol pochodzi z szerszej rodziny lamp &#8211; bez problemu dokupisz do kompletu kinkiet czy lampk\u0119 nocn\u0105<\/li>\n<\/ul>\n<ul>\n<li><b>Wersja w pe\u0142ni z\u0142o\u017cona &#8211; nie jest to chi\u0144ski zestaw do samodzielnego monta\u017cu<\/b><\/li>\n<\/ul>\n<h2>Dane techniczne:<\/h2>\n<\/p>\n<ul>\n<li><b>Zasilanie:<\/b> ~230 [V] \/ bezpo\u015brednie z sieci<\/li>\n<li><b>\u0179r\u00f3d\u0142o \u015bwiat\u0142a:<\/b>&nbsp;E-27 &#8211; zalecane LED lub \u015bwietl\u00f3wki kompaktowe<\/li>\n<li><b>Spos\u00f3b monta\u017cu:<\/b>&nbsp;Dwa ko\u0142ki rozporowe<\/li>\n<li><b>IP 20, Klasa I<\/b><\/li>\n<li><b>Zestaw nie zawiera \u017car\u00f3wki oraz ko\u0142k\u00f3w rozporowych do monta\u017cu<\/b><\/li>\n<li><b>Producent:&nbsp;<\/b>LUXOLAR Polska<\/li>\n<\/ul>\n<h2>Wymiary:<\/h2>\n<p><img decoding=\"async\" src=\"https:\/\/a.allegroimg.com\/original\/11eb4f\/c9cb22834f60a0c7ce3fba196911\" alt=\"Zdj\u0119cie produktu\" style=\"max-width:100%; height:auto; margin:10px 0;\"><br \/>\n<img decoding=\"async\" src=\"https:\/\/a.allegroimg.com\/original\/112b40\/f600eca644a59bddaadd9df434f6\" alt=\"Zdj\u0119cie produktu\" style=\"max-width:100%; height:auto; margin:10px 0;\"><\/p>\n<h2>Zestaw zawiera:<\/h2>\n<ul>\n<li><b>Kompletn\u0105, z\u0142o\u017con\u0105 lamp\u0119 z drucian\u0105 os\u0142on\u0105 (nie jest to chi\u0144skiej produkcji zestaw do samodzielnego monta\u017cu)<\/b><\/li>\n<li><b>Kostk\u0119 przy\u0142\u0105czeniow\u0105<\/b><\/li>\n<li><b>Instrukcj\u0119 obs\u0142ugi<\/b><\/li>\n<li><b>Dokument zakupu<\/b><\/li>\n<\/ul>\n<p><b>Zestaw nie zawiera \u017car\u00f3wki ani ko\u0142k\u00f3w rozporowych&nbsp; (nale\u017cy dobra\u0107 odpowiednie do sufitu)<\/b><\/p>\n<h2>Zalecane \u017ar\u00f3d\u0142a \u015bwiat\u0142a:<\/h2>\n<\/p>\n<ul>\n<li>\u017bar\u00f3wki LED z diodami SMD lub filament<\/li>\n<li>Strumie\u0144 \u015bwietlny: 900 -1300 lm<\/li>\n<li><b>Gwint E27<\/b><\/li>\n<li>Moc pobierana z sieci: 6 -12 W<\/li>\n<li>Barwa: ciep\u0142a lub bia\u0142a<\/li>\n<\/ul>\n<p><img decoding=\"async\" src=\"https:\/\/a.allegroimg.com\/original\/11521e\/8185b15d4db29697fa552441d039\" alt=\"Zdj\u0119cie produktu\" style=\"max-width:100%; height:auto; margin:10px 0;\"><\/p>\n<p><b>\u017bar\u00f3wki nie wchodz\u0105 w sk\u0142ad zestawu. Zakupisz je na innych naszych aukcjach.<\/b><\/p>\n<p><img decoding=\"async\" src=\"https:\/\/a.allegroimg.com\/original\/11c065\/47d26b5241269a1b18d94cdd406d\" alt=\"Zdj\u0119cie produktu\" style=\"max-width:100%; height:auto; margin:10px 0;\"><\/p>\n","protected":false},"excerpt":{"rendered":"<p>Designerska lampa wisz\u0105ca PAJ\u0104K wyposa\u017cona w drucian\u0105 os\u0142on\u0119 DIAMENT &#8211; idealna do mniejszego pokoju, kuchni czy sypialni. Czarna konstrukcja z elementem w kolorze miedzianym oraz modna i praktyczna os\u0142ona z drutu to \u015bwietne po\u0142\u0105czenie w nowoczesnych wn\u0119trzach. \u015awietnie odnajdzie si\u0119 we wn\u0119trzach o charakterze nowoczesnym, loftowym, minimalistycznym czy skandynawskim. Lampa w pe\u0142ni z\u0142o\u017cona &#8211; nie [&hellip;]<\/p>\n","protected":false},"featured_media":17695,"comment_status":"closed","ping_status":"open","template":"","meta":{"_acf_changed":false},"product_brand":[162],"product_cat":[2596,2677],"product_tag":[],"class_list":{"0":"post-49340","1":"product","2":"type-product","3":"status-publish","4":"has-post-thumbnail","6":"product_brand-luxolar","7":"product_cat-2596","8":"product_cat-2677","9":"pa_kod-producenta-lampa-wiszaca-zyrandol-905-s1-uk","10":"pa_kolekcja-905-uk","11":"pa_kolor-2246","12":"pa_kolor-2236","13":"pa_liczba-punktow-swiatla-1-uk","14":"pa_marka-luxolar","15":"pa_material-dominujacy-2341","16":"pa_max-moc-pojed-zrodla-swiatla-60-uk","17":"pa_pomieszczenie-2441","18":"pa_pomieszczenie-2437","19":"pa_pomieszczenie-2438","20":"pa_pomieszczenie-2439","21":"pa_pomieszczenie-2436","22":"pa_pomieszczenie-2442","23":"pa_pomieszczenie-2443","24":"pa_pomieszczenie-2444","25":"pa_rodzaj-gwintu-e27-uk","26":"pa_rodzaj-lampy-2483","27":"pa_zasilanie-2543","28":"pa_zawiera-baterie-2545","29":"pa_zrodlo-swiatla-2547","31":"first","32":"instock","33":"purchasable","34":"product-type-simple"},"acf":[],"aioseo_notices":[],"_links":{"self":[{"href":"https:\/\/portallamp.invette.dev\/uk\/wp-json\/wp\/v2\/product\/49340","targetHints":{"allow":["GET"]}}],"collection":[{"href":"https:\/\/portallamp.invette.dev\/uk\/wp-json\/wp\/v2\/product"}],"about":[{"href":"https:\/\/portallamp.invette.dev\/uk\/wp-json\/wp\/v2\/types\/product"}],"replies":[{"embeddable":true,"href":"https:\/\/portallamp.invette.dev\/uk\/wp-json\/wp\/v2\/comments?post=49340"}],"wp:featuredmedia":[{"embeddable":true,"href":"https:\/\/portallamp.invette.dev\/uk\/wp-json\/wp\/v2\/media\/17695"}],"wp:attachment":[{"href":"https:\/\/portallamp.invette.dev\/uk\/wp-json\/wp\/v2\/media?parent=49340"}],"wp:term":[{"taxonomy":"product_brand","embeddable":true,"href":"https:\/\/portallamp.invette.dev\/uk\/wp-json\/wp\/v2\/product_brand?post=49340"},{"taxonomy":"product_cat","embeddable":true,"href":"https:\/\/portallamp.invette.dev\/uk\/wp-json\/wp\/v2\/product_cat?post=49340"},{"taxonomy":"product_tag","embeddable":true,"href":"https:\/\/portallamp.invette.dev\/uk\/wp-json\/wp\/v2\/product_tag?post=49340"}],"curies":[{"name":"wp","href":"https:\/\/api.w.org\/{rel}","templated":true}]}}