{"id":49343,"date":"2025-07-03T17:00:31","date_gmt":"2025-07-03T15:00:31","guid":{"rendered":"https:\/\/portallamp.invette.dev\/produkt\/lampa-wiszaca-zyrandol-plafon-diament-miedz-led-17\/"},"modified":"2025-07-03T17:00:31","modified_gmt":"2025-07-03T15:00:31","slug":"lampa-wiszaca-zyrandol-plafon-diament-miedz-led-17","status":"publish","type":"product","link":"https:\/\/portallamp.invette.dev\/uk\/produkt\/lampa-wiszaca-zyrandol-plafon-diament-miedz-led-17\/","title":{"rendered":"Lampa Wisz\u0105ca \u017byrandol Plafon Diament Mied\u017a LED"},"content":{"rendered":"<h1>Designerska lampa wisz\u0105ca wyposa\u017cona w drucian\u0105 os\u0142on\u0119 DIAMENT &#8211; idealna nad wysp\u0119 w kuchni lub jako o\u015bwietlenie punktowe do pokoju, kuchni czy korytarza.<\/h1>\n<h2>Czarna konstrukcja z elementem w kolorze miedzianym oraz modna i praktyczna os\u0142ona z drutu to \u015bwietne po\u0142\u0105czenie w nowoczesnych wn\u0119trzach.<\/h2>\n<p><img decoding=\"async\" src=\"https:\/\/a.allegroimg.com\/original\/11ced7\/fe7a4a524fbcaf1ec8f0abcc1527\" alt=\"Zdj\u0119cie produktu\" style=\"max-width:100%; height:auto; margin:10px 0;\"><br \/>\n<img decoding=\"async\" src=\"https:\/\/a.allegroimg.com\/original\/11416d\/bb56778c40d793f842bc2fc4a464\" alt=\"Zdj\u0119cie produktu\" style=\"max-width:100%; height:auto; margin:10px 0;\"><\/p>\n<h2>ZASTOSOWANIE:<\/h2>\n<\/p>\n<p>O\u015bwietlenie sto\u0142u, blatu<\/p>\n<p>Do kuchni nad wysp\u0119<\/p>\n<p>W zespole kilku identycznych sztuk tworzy zbi\u00f3r lamp o\u015bwietlaj\u0105cy wi\u0119ksze pomieszczenia<\/p>\n<p>Stosowana pojedynczo do mniejszych pomieszcze\u0144 (przedpok\u00f3j, korytarz, schody)<\/p>\n<p><img decoding=\"async\" src=\"https:\/\/a.allegroimg.com\/original\/11419f\/91bd1c4847f3b6a532343a60bb50\" alt=\"Zdj\u0119cie produktu\" style=\"max-width:100%; height:auto; margin:10px 0;\"><\/p>\n<h2>Konstrukcja lampy umo\u017cliwia korekt\u0119 wysoko\u015bci (przed zamontowaniem).<\/h2>\n<p>Os\u0142ona mo\u017ce by\u0107 umieszczona tu\u017c pod sufitem jak r\u00f3wnie\u017c nieco ni\u017cej, np. blatem czy sto\u0142em.<\/p>\n<p><b>Lampa w pe\u0142ni z\u0142o\u017cona &#8211; nie jest to zestaw do samodzielnego monta\u017cu &#8211; wyjmujesz z kartonu i wieszasz na suficie.<\/b><\/p>\n<p><b>Nie musisz traci\u0107 czasu na z\u0142o\u017cenie lampy od najmniejszej \u015brubki.<\/b><\/p>\n<p><b><\/b><\/p>\n<p><b>G\u0141\u00d3WNE CECHY LAMPY:<\/b><\/p>\n<p><b><\/b><\/p>\n<ul>\n<li>Materia\u0142 konstrukcji: Podsufitka wykonana z PCV<\/li>\n<\/ul>\n<ul>\n<li>Kolor konstrukcji: Czarny z miedzi\u0105<\/li>\n<\/ul>\n<ul>\n<li>\u015arednica klosza: 20 cm<\/li>\n<\/ul>\n<ul>\n<li>Wysoko\u015b\u0107 klosza: 20 cm<\/li>\n<\/ul>\n<ul>\n<li>Nowoczesny Styl &#8211; &nbsp;\u0142atwo wkomponuje si\u0119 w uk\u0142ad mieszkania<\/li>\n<\/ul>\n<ul>\n<li>Atrakcyjna Cena<\/li>\n<\/ul>\n<ul>\n<li>Korekta wysoko\u015bci klosza (przed zamontowaniem)<\/li>\n<\/ul>\n<ul>\n<li>Szerokie zastosowanie:&nbsp;<b>sto\u0142y, wyspy, blaty, korytarze, kuchnie<\/b><\/li>\n<\/ul>\n<ul>\n<li>Lampa obs\u0142uguje wszystkie \u017car\u00f3wki z gwintem E27 do max 60 wat\u00f3w<\/li>\n<\/ul>\n<ul>\n<li>Lampa z polskiej dystrybucji, wyprodukowana w Polsce &#8211; gwarantowany szybki dost\u0119p do serwisu i cz\u0119\u015bci zapasowych<\/li>\n<\/ul>\n<ul>\n<li>\u017byrandol pochodzi z szerszej rodziny lamp &#8211; bez problemu dokupisz do kompletu kinkiet czy lampk\u0119 nocn\u0105<\/li>\n<\/ul>\n<ul>\n<li><b>Wersja w pe\u0142ni z\u0142o\u017cona &#8211; nie jest to chi\u0144ski zestaw do samodzielnego monta\u017cu<\/b><\/li>\n<\/ul>\n<h2>Dane techniczne:<\/h2>\n<\/p>\n<ul>\n<li><b>Zasilanie:<\/b> ~230 [V] \/ bezpo\u015brednie z sieci<\/li>\n<li><b>\u0179r\u00f3d\u0142o \u015bwiat\u0142a:<\/b>&nbsp;E-27 &#8211; zalecane LED lub \u015bwietl\u00f3wki kompaktowe<\/li>\n<li><b>IP 20, Klasa II<\/b><\/li>\n<li><b>Zestaw nie zawiera \u017car\u00f3wek oraz haczyka (nale\u017cy dobra\u0107 odpowiedni do sufitu)<\/b><\/li>\n<li><b>Producent:&nbsp;<\/b>LUXOLAR Polska<\/li>\n<\/ul>\n<h2>Wymiary:<\/h2>\n<p><img decoding=\"async\" src=\"https:\/\/a.allegroimg.com\/original\/11df7f\/0ff16d454bb69c187eedeae06089\" alt=\"Zdj\u0119cie produktu\" style=\"max-width:100%; height:auto; margin:10px 0;\"><br \/>\n<img decoding=\"async\" src=\"https:\/\/a.allegroimg.com\/original\/11be1b\/db696fbf47029652145076294c87\" alt=\"Zdj\u0119cie produktu\" style=\"max-width:100%; height:auto; margin:10px 0;\"><br \/>\n<img decoding=\"async\" src=\"https:\/\/a.allegroimg.com\/original\/112b40\/f600eca644a59bddaadd9df434f6\" alt=\"Zdj\u0119cie produktu\" style=\"max-width:100%; height:auto; margin:10px 0;\"><\/p>\n<h2>Zestaw zawiera:<\/h2>\n<ul>\n<li><b>Kompletn\u0105, z\u0142o\u017con\u0105 lamp\u0119 z drucian\u0105 os\u0142on\u0105 (nie jest to chi\u0144skiej produkcji zestaw do samodzielnego monta\u017cu)<\/b><\/li>\n<li><b>Kostk\u0119 przy\u0142\u0105czeniow\u0105<\/b><\/li>\n<li><b>Instrukcj\u0119 obs\u0142ugi<\/b><\/li>\n<li><b>Dokument zakupu<\/b><\/li>\n<\/ul>\n<p><b>Zestaw nie zawiera \u017car\u00f3wki i haczyka (nale\u017cy dobra\u0107 odpowiedni do sufitu)<\/b><\/p>\n<h2>Zalecane \u017ar\u00f3d\u0142a \u015bwiat\u0142a:<\/h2>\n<\/p>\n<ul>\n<li>\u017bar\u00f3wki LED z diodami SMD lub filament<\/li>\n<li>Strumie\u0144 \u015bwietlny: 900 -1300 lm<\/li>\n<li><b>Gwint E27<\/b><\/li>\n<li>Moc pobierana z sieci: 6 -12 W<\/li>\n<li>Barwa: ciep\u0142a lub bia\u0142a<\/li>\n<\/ul>\n<p><img decoding=\"async\" src=\"https:\/\/a.allegroimg.com\/original\/11521e\/8185b15d4db29697fa552441d039\" alt=\"Zdj\u0119cie produktu\" style=\"max-width:100%; height:auto; margin:10px 0;\"><\/p>\n<p><b>\u017bar\u00f3wki nie wchodz\u0105 w sk\u0142ad zestawu. Zakupisz je na innych naszych aukcjach.<\/b><\/p>\n<p><img decoding=\"async\" src=\"https:\/\/a.allegroimg.com\/original\/11eb4f\/0d1ac8bc4954bcafb07e55dd3ce3\" alt=\"Zdj\u0119cie produktu\" style=\"max-width:100%; height:auto; margin:10px 0;\"><br \/>\n<img decoding=\"async\" src=\"https:\/\/a.allegroimg.com\/original\/11c065\/47d26b5241269a1b18d94cdd406d\" alt=\"Zdj\u0119cie produktu\" style=\"max-width:100%; height:auto; margin:10px 0;\"><\/p>\n","protected":false},"excerpt":{"rendered":"<p>Designerska lampa wisz\u0105ca wyposa\u017cona w drucian\u0105 os\u0142on\u0119 DIAMENT &#8211; idealna nad wysp\u0119 w kuchni lub jako o\u015bwietlenie punktowe do pokoju, kuchni czy korytarza. Czarna konstrukcja z elementem w kolorze miedzianym oraz modna i praktyczna os\u0142ona z drutu to \u015bwietne po\u0142\u0105czenie w nowoczesnych wn\u0119trzach. ZASTOSOWANIE: O\u015bwietlenie sto\u0142u, blatu Do kuchni nad wysp\u0119 W zespole kilku identycznych [&hellip;]<\/p>\n","protected":false},"featured_media":17707,"comment_status":"closed","ping_status":"open","template":"","meta":{"_acf_changed":false},"product_brand":[162],"product_cat":[2596,2677],"product_tag":[],"class_list":{"0":"post-49343","1":"product","2":"type-product","3":"status-publish","4":"has-post-thumbnail","6":"product_brand-luxolar","7":"product_cat-2596","8":"product_cat-2677","9":"pa_kod-producenta-lampa-wiszaca-zyrandol-905-z1-uk","10":"pa_kolekcja-905-uk","11":"pa_kolor-2246","12":"pa_kolor-2236","13":"pa_liczba-punktow-swiatla-1-uk","14":"pa_marka-luxolar","15":"pa_material-dominujacy-2341","16":"pa_max-moc-pojed-zrodla-swiatla-60-uk","17":"pa_pomieszczenie-2441","18":"pa_pomieszczenie-2437","19":"pa_pomieszczenie-2438","20":"pa_pomieszczenie-2439","21":"pa_pomieszczenie-2436","22":"pa_pomieszczenie-2442","23":"pa_pomieszczenie-2443","24":"pa_pomieszczenie-2444","25":"pa_rodzaj-gwintu-e27-uk","26":"pa_rodzaj-lampy-2483","27":"pa_zasilanie-2543","28":"pa_zawiera-baterie-2545","29":"pa_zrodlo-swiatla-2547","31":"first","32":"instock","33":"purchasable","34":"product-type-simple"},"acf":[],"aioseo_notices":[],"_links":{"self":[{"href":"https:\/\/portallamp.invette.dev\/uk\/wp-json\/wp\/v2\/product\/49343","targetHints":{"allow":["GET"]}}],"collection":[{"href":"https:\/\/portallamp.invette.dev\/uk\/wp-json\/wp\/v2\/product"}],"about":[{"href":"https:\/\/portallamp.invette.dev\/uk\/wp-json\/wp\/v2\/types\/product"}],"replies":[{"embeddable":true,"href":"https:\/\/portallamp.invette.dev\/uk\/wp-json\/wp\/v2\/comments?post=49343"}],"wp:featuredmedia":[{"embeddable":true,"href":"https:\/\/portallamp.invette.dev\/uk\/wp-json\/wp\/v2\/media\/17707"}],"wp:attachment":[{"href":"https:\/\/portallamp.invette.dev\/uk\/wp-json\/wp\/v2\/media?parent=49343"}],"wp:term":[{"taxonomy":"product_brand","embeddable":true,"href":"https:\/\/portallamp.invette.dev\/uk\/wp-json\/wp\/v2\/product_brand?post=49343"},{"taxonomy":"product_cat","embeddable":true,"href":"https:\/\/portallamp.invette.dev\/uk\/wp-json\/wp\/v2\/product_cat?post=49343"},{"taxonomy":"product_tag","embeddable":true,"href":"https:\/\/portallamp.invette.dev\/uk\/wp-json\/wp\/v2\/product_tag?post=49343"}],"curies":[{"name":"wp","href":"https:\/\/api.w.org\/{rel}","templated":true}]}}