{"id":49622,"date":"2025-07-03T18:10:49","date_gmt":"2025-07-03T16:10:49","guid":{"rendered":"https:\/\/portallamp.invette.dev\/produkt\/lampa-scienna-kinkiet-loft-z-wlacznikiem-vigo-e27-2\/"},"modified":"2025-07-03T18:10:49","modified_gmt":"2025-07-03T16:10:49","slug":"lampa-scienna-kinkiet-loft-z-wlacznikiem-vigo-e27-2","status":"publish","type":"product","link":"https:\/\/portallamp.invette.dev\/uk\/produkt\/lampa-scienna-kinkiet-loft-z-wlacznikiem-vigo-e27-2\/","title":{"rendered":"Lampa \u015acienna Kinkiet LOFT z w\u0142\u0105cznikiem VIGO E27"},"content":{"rendered":"<p><img decoding=\"async\" src=\"https:\/\/a.allegroimg.com\/original\/03e34e\/21b41f484890b3be365af3ff6660\" alt=\"Zdj\u0119cie produktu\" style=\"max-width:100%; height:auto; margin:10px 0;\"><\/p>\n<h1>Przedmiotem sprzeda\u017cy jest:<\/h1>\n<h2>Designerska lampa \u015bcienna &#8211; kinkiet z w\u0142\u0105cznikiem \u0142a\u0144cuszkowym zaprojektowana w nowoczesnym stylu.<\/h2>\n<h2>Nr kat: 752-BGKWL VIGO LUXOLAR<\/h2>\n<p><img decoding=\"async\" src=\"https:\/\/a.allegroimg.com\/original\/034029\/671cf6994576a3dc851740c299e3\" alt=\"Zdj\u0119cie produktu\" style=\"max-width:100%; height:auto; margin:10px 0;\"><\/p>\n<h1>Lampa dost\u0119pna w kolorach:<\/h1>\n<ul>\n<li>Czarny<\/li>\n<li>Szary<\/li>\n<li>Bia\u0142y<\/li>\n<\/ul>\n<p><img decoding=\"async\" src=\"https:\/\/a.allegroimg.com\/original\/03e13c\/421fef0e43e8a4f1a269d4038dcf\" alt=\"Zdj\u0119cie produktu\" style=\"max-width:100%; height:auto; margin:10px 0;\"><\/p>\n<p><b>Nowoczesna lampa \u015bcienna &#8211; kinkiet b\u0119d\u0105ca elementem wi\u0119kszej serii lamp o nazwie VIGO.<\/b><\/p>\n<p><b>Zaprojektowana i wyprodukowana przez firm\u0119 LUXOLAR Polska.<\/b><\/p>\n<p><img decoding=\"async\" src=\"https:\/\/a.allegroimg.com\/original\/03aa34\/c0cd8e524d71b88375d7d3eb05ae\" alt=\"Zdj\u0119cie produktu\" style=\"max-width:100%; height:auto; margin:10px 0;\"><\/p>\n<p><b><\/b><\/p>\n<p><b>G\u0141\u00d3WNE CECHY KINKIETU:<\/b><\/p>\n<p><b><\/b><\/p>\n<ul>\n<li>Kolor do wyboru: <b>Czarna \/ Szara \/ Bia\u0142a<\/b><\/li>\n<\/ul>\n<ul>\n<li><b>Ruchomy, obracany klosz<\/b><\/li>\n<\/ul>\n<ul>\n<li>Przeznaczony jako o\u015bwietlenie uzupe\u0142niaj\u0105ce, dekoracyjne do pomieszcze\u0144 wewn\u0105trz domu z wy\u0142\u0105czeniem \u0142azienki lub miejsc o zwi\u0119kszonej wilgotno\u015bci.<\/li>\n<\/ul>\n<ul>\n<li>Wersja z wbudowanym w\u0142\u0105cznikiem \u0142a\u0144cuszkowym<\/li>\n<\/ul>\n<ul>\n<li>Wysokiej jako\u015bci chromowane dodatki<\/li>\n<\/ul>\n<ul>\n<li>Nowoczesny Styl &#8211; &nbsp;\u0142atwo wkomponuje si\u0119 w uk\u0142ad mieszkania<\/li>\n<\/ul>\n<ul>\n<li>Solidna metalowa konstrukcja malowana proszkowo<\/li>\n<\/ul>\n<ul>\n<li>Lampa obs\u0142uguje wszystkie \u017car\u00f3wki z gwintem typu E27 do max 60 wat\u00f3w.<\/li>\n<\/ul>\n<ul>\n<li>Lampa z polskiej dystrybucji, wyprodukowana w Polsce &#8211; gwarantowany szybki dost\u0119p do serwisu i cz\u0119\u015bci zapasowych<\/li>\n<\/ul>\n<ul>\n<li>Lampa pochodzi z szerokiej gamy lamp serii VIGO &#8211; bez problemu dokupisz do kompletu kinkiet czy lampk\u0119 nocn\u0105<\/li>\n<\/ul>\n<h1>Dane techniczne:<\/h1>\n<\/p>\n<ul>\n<li><b>Materia\u0142 konstrukcji:<\/b> metal malowany proszkowo z chromowanymi elementami<\/li>\n<li><b>Wymiary:<\/b> Wysoko\u015b\u0107 (bez w\u0142\u0105cznika) 17 cm <b>,<\/b> puszka: 10 x 5 cm, g\u0142\u0119boko\u015b\u0107 od \u015bciany: 19 cm<\/li>\n<li><b>Zasilanie:<\/b> ~230 [V] \/ bezpo\u015brednie z sieci &#8211; wersja z wbudowanym w\u0142\u0105cznikiem \u0142a\u0144cuszkowym<\/li>\n<li><b>\u0179r\u00f3d\u0142o \u015bwiat\u0142a:<\/b> E-27 &#8211; zalecane LED lub \u015bwietl\u00f3wki kompaktowe<\/li>\n<li><b>Spos\u00f3b monta\u017cu:<\/b> dwa ko\u0142ki rozporowe<\/li>\n<li><b>IP 20, Klasa I<\/b><\/li>\n<li><b>Zestaw nie zawiera \u017car\u00f3wki oraz ko\u0142k\u00f3w rozporowych do monta\u017cu<\/b><\/li>\n<li><b>Producent: <\/b>LUXOLAR Polska<\/li>\n<\/ul>\n<h1>WYMIARY:<\/h1>\n<p><img decoding=\"async\" src=\"https:\/\/a.allegroimg.com\/original\/034d63\/56acf2c64c929fdaf7df0f5e954c\" alt=\"Zdj\u0119cie produktu\" style=\"max-width:100%; height:auto; margin:10px 0;\"><br \/>\n<img decoding=\"async\" src=\"https:\/\/a.allegroimg.com\/original\/03d074\/513c8b994c0a86c7d7699066d68c\" alt=\"Zdj\u0119cie produktu\" style=\"max-width:100%; height:auto; margin:10px 0;\"><\/p>\n<h1>Os\u0142ona zosta\u0142a zaprojektowana z my\u015bl\u0105 o zwi\u0119kszeniu wydajno\u015bci oraz \u017cywotno\u015bci \u017car\u00f3wki.<\/h1>\n<p>Otwarta przestrze\u0144 woko\u0142o \u017car\u00f3wki wspomaga odprowadzenie wytwarzanego przez ni\u0105 ciep\u0142a, tym samym ro\u015bnie wydajno\u015b\u0107 \u017car\u00f3wki oraz jej \u017cywotno\u015b\u0107.<\/p>\n<p><img decoding=\"async\" src=\"https:\/\/a.allegroimg.com\/original\/035099\/0c74f5cf4357a58e04afe2a0b5ba\" alt=\"Zdj\u0119cie produktu\" style=\"max-width:100%; height:auto; margin:10px 0;\"><br \/>\n<img decoding=\"async\" src=\"https:\/\/a.allegroimg.com\/original\/038127\/b65e8e3649d6970dbf27bf7b43bd\" alt=\"Zdj\u0119cie produktu\" style=\"max-width:100%; height:auto; margin:10px 0;\"><br \/>\n<img decoding=\"async\" src=\"https:\/\/a.allegroimg.com\/original\/038ae1\/b913fb68470b9acbaa9e404f929f\" alt=\"Zdj\u0119cie produktu\" style=\"max-width:100%; height:auto; margin:10px 0;\"><\/p>\n<h1>WYB\u00d3R KOLORU:<\/h1>\n<\/p>\n<p><img decoding=\"async\" src=\"https:\/\/a.allegroimg.com\/original\/03e13c\/421fef0e43e8a4f1a269d4038dcf\" alt=\"Zdj\u0119cie produktu\" style=\"max-width:100%; height:auto; margin:10px 0;\"><\/p>\n<h2>ETAPY REALIZACJI ZAM\u00d3WIENIA:<\/h2>\n<ol>\n<li><b>Wybierz kolor&nbsp;konstrukcji:&nbsp;<\/b>Czarny, Szary lub Bia\u0142y<\/li>\n<li><b>Wpisz wybrany kolor <\/b>&#8211; w formularzu zam\u00f3wienia.<\/li>\n<\/ol>\n<p><b>Poprawne przes\u0142anie powy\u017cszych informacji znacznie przyspieszy realizacj\u0119 zam\u00f3wienia.<\/b><\/p>\n<h1>Do zdj\u0119\u0107 u\u017cyto \u017bAR\u00d3WEK EDISON z w\u0142\u00f3knem LED<\/h1>\n<h2>W\u0142\u00f3kna LED cechuje wysoka wydajno\u015b\u0107 oraz estetyka po\u0142\u0105czona z niskim zu\u017cyciem energii.<\/h2>\n<h2>\u017bar\u00f3wka to nie tylko \u017ar\u00f3d\u0142o \u015bwiata, ale tak\u017ce wa\u017cny wizualny szczeg\u00f3\u0142 lampy.<\/h2>\n<p><img decoding=\"async\" src=\"https:\/\/a.allegroimg.com\/original\/03bcee\/d9967c22482c8db35910f7e9d13a\" alt=\"Zdj\u0119cie produktu\" style=\"max-width:100%; height:auto; margin:10px 0;\"><\/p>\n<h2>Je\u015bli po zakupie \u017car\u00f3wki, oka\u017ce si\u0119, \u017ce \u015bwiat\u0142o jest zbyt mocne, to jest mo\u017cliwo\u015b\u0107 zastosowania specjalnej os\u0142ony montowanej wewn\u0105trz klosza.<\/h2>\n<p><b>Zalety os\u0142ony:<\/b><\/p>\n<p>&#8211; Koryguje nat\u0119\u017cenie \u015bwiat\u0142a<\/p>\n<p>&#8211; Zas\u0142ania mocno wyeksponowan\u0105 \u017car\u00f3w\u0119<\/p>\n<p>&#8211; Wprowadza bardzo ciekaw\u0105 zmian\u0119 w&nbsp; og\u00f3lnym designie lampy<\/p>\n<p><b>Os\u0142on\u0119 mo\u017cna kupi\u0107 na innych naszych aukcjach pod nazw\u0105: Os\u0142ona do lamp VIGO<\/b><\/p>\n<p><img decoding=\"async\" src=\"https:\/\/a.allegroimg.com\/original\/03e45c\/05431a07421b8b1c8fd1fe7a4e42\" alt=\"Zdj\u0119cie produktu\" style=\"max-width:100%; height:auto; margin:10px 0;\"><\/p>\n<h1>ARAN\u017bACJE:<\/h1>\n<\/p>\n<p><img decoding=\"async\" src=\"https:\/\/a.allegroimg.com\/original\/035833\/fe20f3414f2f882ab8f120acbc5a\" alt=\"Zdj\u0119cie produktu\" style=\"max-width:100%; height:auto; margin:10px 0;\"><br \/>\n<img decoding=\"async\" src=\"https:\/\/a.allegroimg.com\/original\/033811\/6198819b41cdae92b4db288d5c97\" alt=\"Zdj\u0119cie produktu\" style=\"max-width:100%; height:auto; margin:10px 0;\"><br \/>\n<img decoding=\"async\" src=\"https:\/\/a.allegroimg.com\/original\/03e34e\/21b41f484890b3be365af3ff6660\" alt=\"Zdj\u0119cie produktu\" style=\"max-width:100%; height:auto; margin:10px 0;\"><\/p>\n","protected":false},"excerpt":{"rendered":"<p>Przedmiotem sprzeda\u017cy jest: Designerska lampa \u015bcienna &#8211; kinkiet z w\u0142\u0105cznikiem \u0142a\u0144cuszkowym zaprojektowana w nowoczesnym stylu. Nr kat: 752-BGKWL VIGO LUXOLAR Lampa dost\u0119pna w kolorach: Czarny Szary Bia\u0142y Nowoczesna lampa \u015bcienna &#8211; kinkiet b\u0119d\u0105ca elementem wi\u0119kszej serii lamp o nazwie VIGO. Zaprojektowana i wyprodukowana przez firm\u0119 LUXOLAR Polska. G\u0141\u00d3WNE CECHY KINKIETU: Kolor do wyboru: Czarna \/ [&hellip;]<\/p>\n","protected":false},"featured_media":38199,"comment_status":"closed","ping_status":"open","template":"","meta":{"_acf_changed":false},"product_brand":[162],"product_cat":[2596,2830],"product_tag":[],"class_list":{"0":"post-49622","1":"product","2":"type-product","3":"status-publish","4":"has-post-thumbnail","6":"product_brand-luxolar","7":"product_cat-2596","8":"product_cat--uk","9":"pa_kod-producenta-752-bgkwl-uk","10":"pa_kolekcja-vigo-uk","11":"pa_kolor-2234","12":"pa_kolor-2243","13":"pa_kolor-2236","14":"pa_liczba-punktow-swiatla-1-uk","15":"pa_marka-luxolar","16":"pa_material-dominujacy-2341","17":"pa_max-moc-pojed-zrodla-swiatla-60-uk","18":"pa_rodzaj-gwintu-e27-uk","19":"pa_zawiera-baterie-2545","20":"pa_zrodlo-swiatla-2547","22":"first","23":"instock","24":"purchasable","25":"product-type-simple"},"acf":[],"aioseo_notices":[],"_links":{"self":[{"href":"https:\/\/portallamp.invette.dev\/uk\/wp-json\/wp\/v2\/product\/49622","targetHints":{"allow":["GET"]}}],"collection":[{"href":"https:\/\/portallamp.invette.dev\/uk\/wp-json\/wp\/v2\/product"}],"about":[{"href":"https:\/\/portallamp.invette.dev\/uk\/wp-json\/wp\/v2\/types\/product"}],"replies":[{"embeddable":true,"href":"https:\/\/portallamp.invette.dev\/uk\/wp-json\/wp\/v2\/comments?post=49622"}],"wp:featuredmedia":[{"embeddable":true,"href":"https:\/\/portallamp.invette.dev\/uk\/wp-json\/wp\/v2\/media\/38199"}],"wp:attachment":[{"href":"https:\/\/portallamp.invette.dev\/uk\/wp-json\/wp\/v2\/media?parent=49622"}],"wp:term":[{"taxonomy":"product_brand","embeddable":true,"href":"https:\/\/portallamp.invette.dev\/uk\/wp-json\/wp\/v2\/product_brand?post=49622"},{"taxonomy":"product_cat","embeddable":true,"href":"https:\/\/portallamp.invette.dev\/uk\/wp-json\/wp\/v2\/product_cat?post=49622"},{"taxonomy":"product_tag","embeddable":true,"href":"https:\/\/portallamp.invette.dev\/uk\/wp-json\/wp\/v2\/product_tag?post=49622"}],"curies":[{"name":"wp","href":"https:\/\/api.w.org\/{rel}","templated":true}]}}