{"id":49652,"date":"2025-07-03T18:10:49","date_gmt":"2025-07-03T16:10:49","guid":{"rendered":"https:\/\/portallamp.invette.dev\/produkt\/lampa-wiszaca-sufitowa-zyrandol-abazur-nowoczesna-3\/"},"modified":"2025-07-03T18:10:49","modified_gmt":"2025-07-03T16:10:49","slug":"lampa-wiszaca-sufitowa-zyrandol-abazur-nowoczesna-3","status":"publish","type":"product","link":"https:\/\/portallamp.invette.dev\/uk\/produkt\/lampa-wiszaca-sufitowa-zyrandol-abazur-nowoczesna-3\/","title":{"rendered":"LAMPA WISZ\u0104CA SUFITOWA \u017bYRANDOL ABA\u017bUR NOWOCZESNA"},"content":{"rendered":"<p><img decoding=\"async\" src=\"https:\/\/a.allegroimg.com\/original\/03d7c6\/ec3c20034a93bfb47e0d0f23393d\" alt=\"Zdj\u0119cie produktu\" style=\"max-width:100%; height:auto; margin:10px 0;\"><\/p>\n<h1>Przedmiotem sprzeda\u017cy jest:<\/h1>\n<h2>Designerska lampa sufitowa wisz\u0105ca zaprojektowana w nowoczesnym stylu.<\/h2>\n<p>Nr kat: 755-BZ2 DUO LUXOLAR<\/p>\n<\/p>\n<p><b>Wersja w pe\u0142ni z\u0142o\u017cona &#8211; nie jest to zestaw do samodzielnego monta\u017cu<\/b><\/p>\n<\/p>\n<p><img decoding=\"async\" src=\"https:\/\/a.allegroimg.com\/original\/037e78\/e962e9f54bd69a6b2c00efd95183\" alt=\"Zdj\u0119cie produktu\" style=\"max-width:100%; height:auto; margin:10px 0;\"><\/p>\n<h1>Lampa dost\u0119pna w kolorach:<\/h1>\n<ul>\n<li>Czarny<\/li>\n<li>Szary<\/li>\n<li>Bia\u0142y<\/li>\n<li>Bia\u0142o &#8211; Czarny<\/li>\n<li>Szaro -Czarny<\/li>\n<\/ul>\n<p><img decoding=\"async\" src=\"https:\/\/a.allegroimg.com\/original\/03f66e\/0c01166e4b3fa796fec602d3ae69\" alt=\"Zdj\u0119cie produktu\" style=\"max-width:100%; height:auto; margin:10px 0;\"><br \/>\n<img decoding=\"async\" src=\"https:\/\/a.allegroimg.com\/original\/03bd89\/7dd2cb254ae79354f97a7c691140\" alt=\"Zdj\u0119cie produktu\" style=\"max-width:100%; height:auto; margin:10px 0;\"><\/p>\n<p><b><\/b><\/p>\n<p><b>G\u0141\u00d3WNE CECHY LAMPY:<\/b><\/p>\n<p><b><\/b><\/p>\n<ul>\n<li>Kolor konstrukcji: Czarny matowy &#8211; drobna struktura<\/li>\n<\/ul>\n<ul>\n<li>Kolor aba\u017cur\u00f3w: do wyboru<\/li>\n<\/ul>\n<ul>\n<li>Nowoczesny Styl &#8211; &nbsp;\u0142atwo wkomponuje si\u0119 w uk\u0142ad mieszkania<\/li>\n<\/ul>\n<ul>\n<li>Solidna metalowa konstrukcja malowana proszkowo<\/li>\n<\/ul>\n<ul>\n<li>Przeznaczona jako o\u015bwietlenie g\u0142\u00f3wne w pomieszczeniach o powierzchni 9-12 m2<\/li>\n<\/ul>\n<ul>\n<li>Wysoko\u015b\u0107 regulowana w zakresie od 30 do 70 cm<\/li>\n<\/ul>\n<ul>\n<li>Lampa obs\u0142uguje wszystkie \u017car\u00f3wki z gwintem typu E27 do max 60 wat\u00f3w.<\/li>\n<\/ul>\n<ul>\n<li>Dodatkowym atutem s\u0105 dwa niezale\u017cne obwody elektryczne, dzi\u0119ki kt\u00f3rym w zale\u017cno\u015bci od potrzeb, mo\u017cemy sterowa\u0107 ilo\u015bci\u0105 w\u0142\u0105czonych \u017car\u00f3wek.<\/li>\n<\/ul>\n<ul>\n<li>Lampa z polskiej dystrybucji, wyprodukowana w Polsce &#8211; gwarantowany szybki dost\u0119p do serwisu i cz\u0119\u015bci zapasowych<\/li>\n<\/ul>\n<ul>\n<li>Cena &#8211; za podobn\u0105 lamp\u0119 w popularnych marketach budowlanych zap\u0142acisz wi\u0119cej.<\/li>\n<\/ul>\n<ul>\n<li>Lampa pochodzi z szerokiej gamy lamp serii DUO &#8211; bez problemu dokupisz do kompletu kinkiet czy lampk\u0119 nocn\u0105<\/li>\n<\/ul>\n<h1>Dane techniczne:<\/h1>\n<\/p>\n<ul>\n<li><b>Materia\u0142 konstrukcji:<\/b> metal malowany proszkowo<\/li>\n<li><b>Materia\u0142 aba\u017cur\u00f3w:<\/b> PCV stosowane w bran\u017cy o\u015bwietleniowej<\/li>\n<li><b>Wymiary:<\/b>&nbsp;Wysoko\u015b\u0107 ca\u0142kowita max 70 cm&nbsp;<b>,<\/b> rozpi\u0119to\u015b\u0107 podsufitki: 50 cm,<\/li>\n<li><b>Zasilanie:<\/b> ~230 [V] \/ bezpo\u015brednie z sieci, dwa niezale\u017cne obwody elektryczne, w\u0142\u0105czanie 1+1 lub obie jednocze\u015bnie<\/li>\n<li><b>\u0179r\u00f3d\u0142o \u015bwiat\u0142a:<\/b> E-27 &#8211; zalecane LED lub \u015bwietl\u00f3wki kompaktowe<\/li>\n<li><b>Spos\u00f3b monta\u017cu:<\/b> Dwa ko\u0142ki rozporowe<\/li>\n<li><b>IP 20, Klasa I<\/b><\/li>\n<li><b>Zestaw nie zawiera \u017car\u00f3wek oraz ko\u0142k\u00f3w rozporowych do monta\u017cu<\/b><\/li>\n<li><b>Producent: <\/b>LUXOLAR Polska<\/li>\n<\/ul>\n<h1>WYMIARY:<\/h1>\n<p><img decoding=\"async\" src=\"https:\/\/a.allegroimg.com\/original\/03de3d\/eda34a5241f1b47ed023eae3eca8\" alt=\"Zdj\u0119cie produktu\" style=\"max-width:100%; height:auto; margin:10px 0;\"><br \/>\n<img decoding=\"async\" src=\"https:\/\/a.allegroimg.com\/original\/0339c4\/ed08926a488eaf6334b480685549\" alt=\"Zdj\u0119cie produktu\" style=\"max-width:100%; height:auto; margin:10px 0;\"><br \/>\n<img decoding=\"async\" src=\"https:\/\/a.allegroimg.com\/original\/030957\/6db0248e4e72916bde70ce47373e\" alt=\"Zdj\u0119cie produktu\" style=\"max-width:100%; height:auto; margin:10px 0;\"><\/p>\n<h1>Os\u0142ona zosta\u0142a zaprojektowana z my\u015bl\u0105 o zwi\u0119kszeniu wydajno\u015bci oraz \u017cywotno\u015bci \u017car\u00f3wki.<\/h1>\n<p>Otwarta przestrze\u0144 z g\u00f3ry i z do\u0142u aba\u017cura umo\u017cliwia sprawny odp\u0142yw wytwarzanego przez \u017car\u00f3wk\u0119 ciep\u0142a, tym samym ro\u015bnie jej wydajno\u015b\u0107 oraz \u017cywotno\u015b\u0107.<\/p>\n<p><img decoding=\"async\" src=\"https:\/\/a.allegroimg.com\/original\/03bc48\/2b0f537d4a67a7f8e3a839203764\" alt=\"Zdj\u0119cie produktu\" style=\"max-width:100%; height:auto; margin:10px 0;\"><\/p>\n<h1>WYB\u00d3R KOLORU:<\/h1>\n<\/p>\n<p><img decoding=\"async\" src=\"https:\/\/a.allegroimg.com\/original\/03f66e\/0c01166e4b3fa796fec602d3ae69\" alt=\"Zdj\u0119cie produktu\" style=\"max-width:100%; height:auto; margin:10px 0;\"><br \/>\n<img decoding=\"async\" src=\"https:\/\/a.allegroimg.com\/original\/031e8b\/3a8dc4314e01aef5cd8285dfb5d6\" alt=\"Zdj\u0119cie produktu\" style=\"max-width:100%; height:auto; margin:10px 0;\"><\/p>\n<h2>ETAPY REALIZACJI ZAM\u00d3WIENIA:<\/h2>\n<ol>\n<li><b>Wybierz kolor aba\u017cur\u00f3w: <\/b>Czarny, Szary, Bia\u0142y, Bia\u0142o &#8211; Czarny, Szaro &#8211; Czarny.<\/li>\n<li><b>Wpisz wybrany kolor <\/b>&#8211; w formularzu zam\u00f3wienia.<\/li>\n<\/ol>\n<p><b>Poprawne przes\u0142anie powy\u017cszych informacji znacznie przyspieszy realizacj\u0119 zam\u00f3wienia.<\/b><\/p>\n<h1>Mo\u017cliwo\u015b\u0107 tworzenia MIKS\u00d3W &#8211; wybierania R\u00d3\u017bNYCH KOLOR\u00d3W.<\/h1>\n<p><img decoding=\"async\" src=\"https:\/\/a.allegroimg.com\/original\/039b64\/6159dcc241fd9962cd9ffba415e1\" alt=\"Zdj\u0119cie produktu\" style=\"max-width:100%; height:auto; margin:10px 0;\"><br \/>\n<img decoding=\"async\" src=\"https:\/\/a.allegroimg.com\/original\/03f9e4\/5a937c1d487080c0de04c757fd3e\" alt=\"Zdj\u0119cie produktu\" style=\"max-width:100%; height:auto; margin:10px 0;\"><\/p>\n<h1>ZALECANE \u0179R\u00d3D\u0141A \u015aWIAT\u0141A:<\/h1>\n<ul>\n<li>\u017bar\u00f3wki LED o barwie ciep\u0142ej lub bia\u0142ej<\/li>\n<li>900 -1300 lm<\/li>\n<li>Gwint E27<\/li>\n<\/ul>\n<h2>Tradycyjny kszta\u0142t w po\u0142\u0105czeniu z nowoczesnymi diodami SMD<\/h2>\n<p><img decoding=\"async\" src=\"https:\/\/a.allegroimg.com\/original\/032a6a\/de83a24442b9a5d55dbc2610aa55\" alt=\"Zdj\u0119cie produktu\" style=\"max-width:100%; height:auto; margin:10px 0;\"><\/p>\n<h1>ARAN\u017bACJE:<\/h1>\n<\/p>\n<p><img decoding=\"async\" src=\"https:\/\/a.allegroimg.com\/original\/039942\/80f2b5a541da9751fd42d0755b3b\" alt=\"Zdj\u0119cie produktu\" style=\"max-width:100%; height:auto; margin:10px 0;\"><br \/>\n<img decoding=\"async\" src=\"https:\/\/a.allegroimg.com\/original\/037010\/42fc6add4869ab61c0da566a721b\" alt=\"Zdj\u0119cie produktu\" style=\"max-width:100%; height:auto; margin:10px 0;\"><br \/>\n<img decoding=\"async\" src=\"https:\/\/a.allegroimg.com\/original\/0388f1\/1a57403844b5968466292c471ddd\" alt=\"Zdj\u0119cie produktu\" style=\"max-width:100%; height:auto; margin:10px 0;\"><br \/>\n<img decoding=\"async\" src=\"https:\/\/a.allegroimg.com\/original\/03d7c6\/ec3c20034a93bfb47e0d0f23393d\" alt=\"Zdj\u0119cie produktu\" style=\"max-width:100%; height:auto; margin:10px 0;\"><\/p>\n","protected":false},"excerpt":{"rendered":"<p>Przedmiotem sprzeda\u017cy jest: Designerska lampa sufitowa wisz\u0105ca zaprojektowana w nowoczesnym stylu. Nr kat: 755-BZ2 DUO LUXOLAR Wersja w pe\u0142ni z\u0142o\u017cona &#8211; nie jest to zestaw do samodzielnego monta\u017cu Lampa dost\u0119pna w kolorach: Czarny Szary Bia\u0142y Bia\u0142o &#8211; Czarny Szaro -Czarny G\u0141\u00d3WNE CECHY LAMPY: Kolor konstrukcji: Czarny matowy &#8211; drobna struktura Kolor aba\u017cur\u00f3w: do wyboru Nowoczesny [&hellip;]<\/p>\n","protected":false},"featured_media":38466,"comment_status":"closed","ping_status":"open","template":"","meta":{"_acf_changed":false},"product_brand":[162],"product_cat":[2596,2677],"product_tag":[],"class_list":{"0":"post-49652","1":"product","2":"type-product","3":"status-publish","4":"has-post-thumbnail","6":"product_brand-luxolar","7":"product_cat-2596","8":"product_cat-2677","9":"pa_kod-producenta-755-bz2-uk","10":"pa_kolekcja-duo-uk","11":"pa_kolor-2234","12":"pa_kolor-2243","13":"pa_kolor-2236","14":"pa_liczba-punktow-swiatla-2-uk","15":"pa_marka-luxolar","16":"pa_material-dominujacy-2341","17":"pa_max-moc-pojed-zrodla-swiatla-60-uk","18":"pa_pomieszczenie-2437","19":"pa_pomieszczenie-2438","20":"pa_pomieszczenie-2439","21":"pa_pomieszczenie-2436","22":"pa_pomieszczenie-2442","23":"pa_pomieszczenie-2443","24":"pa_rodzaj-gwintu-e27-uk","25":"pa_rodzaj-lampy-2483","26":"pa_zasilanie-2543","27":"pa_zawiera-baterie-2545","28":"pa_zrodlo-swiatla-2547","30":"first","31":"instock","32":"purchasable","33":"product-type-simple"},"acf":[],"aioseo_notices":[],"_links":{"self":[{"href":"https:\/\/portallamp.invette.dev\/uk\/wp-json\/wp\/v2\/product\/49652","targetHints":{"allow":["GET"]}}],"collection":[{"href":"https:\/\/portallamp.invette.dev\/uk\/wp-json\/wp\/v2\/product"}],"about":[{"href":"https:\/\/portallamp.invette.dev\/uk\/wp-json\/wp\/v2\/types\/product"}],"replies":[{"embeddable":true,"href":"https:\/\/portallamp.invette.dev\/uk\/wp-json\/wp\/v2\/comments?post=49652"}],"wp:featuredmedia":[{"embeddable":true,"href":"https:\/\/portallamp.invette.dev\/uk\/wp-json\/wp\/v2\/media\/38466"}],"wp:attachment":[{"href":"https:\/\/portallamp.invette.dev\/uk\/wp-json\/wp\/v2\/media?parent=49652"}],"wp:term":[{"taxonomy":"product_brand","embeddable":true,"href":"https:\/\/portallamp.invette.dev\/uk\/wp-json\/wp\/v2\/product_brand?post=49652"},{"taxonomy":"product_cat","embeddable":true,"href":"https:\/\/portallamp.invette.dev\/uk\/wp-json\/wp\/v2\/product_cat?post=49652"},{"taxonomy":"product_tag","embeddable":true,"href":"https:\/\/portallamp.invette.dev\/uk\/wp-json\/wp\/v2\/product_tag?post=49652"}],"curies":[{"name":"wp","href":"https:\/\/api.w.org\/{rel}","templated":true}]}}