{"id":49679,"date":"2025-07-03T18:08:13","date_gmt":"2025-07-03T16:08:13","guid":{"rendered":"https:\/\/portallamp.invette.dev\/produkt\/lampa-wiszaca-sufitowa-zyrandol-brylant-led-720-g2\/"},"modified":"2025-07-03T18:08:13","modified_gmt":"2025-07-03T16:08:13","slug":"lampa-wiszaca-sufitowa-zyrandol-brylant-led-720-g2","status":"publish","type":"product","link":"https:\/\/portallamp.invette.dev\/uk\/produkt\/lampa-wiszaca-sufitowa-zyrandol-brylant-led-720-g2\/","title":{"rendered":"LAMPA WISZ\u0104CA SUFITOWA \u017bYRANDOL BRYLANT LED 720-G2"},"content":{"rendered":"<h1>Przedmiotem sprzeda\u017cy jest:<\/h1>\n<h2>Designerska lampa sufitowa wisz\u0105ca zaprojektowana w nowoczesnym stylu.&nbsp; Nr kat: 720-G2 LUXOLAR<\/h2>\n<h1>Na tej aukcji kupujesz bezpo\u015brednio od polskiego producenta &#8211; produkt oryginalny, polskiej produkcji.<\/h1>\n<h1>Lampa dost\u0119pna w kilku kolorach:<\/h1>\n<ul>\n<li>Bia\u0142ym<\/li>\n<li>Szarym<\/li>\n<li>Czarnym<\/li>\n<li>Mix: Bia\u0142y+Czarny<\/li>\n<li>Mix: Szary+Czarny<\/li>\n<\/ul>\n<p><img decoding=\"async\" src=\"https:\/\/a.allegroimg.com\/original\/030cb9\/e8794f9a4ffc98a969f0dd1ad6cc\" alt=\"Zdj\u0119cie produktu\" style=\"max-width:100%; height:auto; margin:10px 0;\"><br \/>\n<img decoding=\"async\" src=\"https:\/\/a.allegroimg.com\/original\/03de46\/88d97e04438ebd990637f9cb4f26\" alt=\"Zdj\u0119cie produktu\" style=\"max-width:100%; height:auto; margin:10px 0;\"><\/p>\n<p><b>Nowa lampa wisz\u0105ca z serii Brylant z drucianymi os\u0142onami \u017car\u00f3wek<\/b><\/p>\n<ul>\n<li>Nowoczesny Styl &#8211; &nbsp;\u0142atwo wkomponuje si\u0119 w uk\u0142ad mieszkania<\/li>\n<\/ul>\n<ul>\n<li>Solidna metalowa konstrukcja malowana proszkowo<\/li>\n<\/ul>\n<ul>\n<li>Przeznaczona jako o\u015bwietlenie g\u0142\u00f3wne w pomieszczeniach o powierzchni 6-12 m2<\/li>\n<\/ul>\n<ul>\n<li>Regulacja ustawienia kloszy<\/li>\n<\/ul>\n<ul>\n<li>Lampa obs\u0142uguje wszystkie \u017car\u00f3wki z gwintem typu E27 do max 60 wat\u00f3w.<\/li>\n<\/ul>\n<ul>\n<li>Dodatkowym atutem s\u0105 dwa niezale\u017cne obwody elektryczne, dzi\u0119ki kt\u00f3rym w zale\u017cno\u015bci od potrzeb, mo\u017cemy sterowa\u0107 ilo\u015bci\u0105 w\u0142\u0105czonych \u017car\u00f3wek.<\/li>\n<\/ul>\n<ul>\n<li>Doskona\u0142y stosunek ceny do jako\u015bci<\/li>\n<\/ul>\n<h1>Dane techniczne:<\/h1>\n<ul>\n<li><b>materia\u0142 konstrukcji:<\/b>&nbsp;Metal malowany proszkowo<\/li>\n<li><b>wymiary:<\/b>&nbsp;Wysoko\u015b\u0107 ca\u0142kowita max 31 cm&nbsp;<b>,<\/b>&nbsp;\u015brednica podsufitki: 15 cm,<\/li>\n<li><b>zasilanie:<\/b>&nbsp;~230 [V] \/ bezpo\u015brednie z sieci, dwa niezale\u017cne obwody elektryczne, w\u0142\u0105czanie 1+1 lub oba jednocze\u015bnie<\/li>\n<li><b>\u017ar\u00f3d\u0142o \u015bwiat\u0142a:<\/b>&nbsp;E-27, \u015brednica \u017car\u00f3wki G95 lub mniejsza do max 60W, zalecane LED<\/li>\n<li><b>spos\u00f3b monta\u017cu:<\/b> Ko\u0142ki rozporowe, <b>po zamontowaniu lamp\u0119 mo\u017cna obr\u00f3ci\u0107 ustawiaj\u0105c np kr\u00f3tszym kloszem do frontu<\/b><\/li>\n<li><b>IP 20, Klasa I<\/b><\/li>\n<li>zestaw nie zawiera \u017car\u00f3wek oraz ko\u0142k\u00f3w rozporowych do monta\u017cu<\/li>\n<li><b>producent: <\/b>LUXOLAR Polska<\/li>\n<\/ul>\n<h1>WYMIARY:<\/h1>\n<p><img decoding=\"async\" src=\"https:\/\/a.allegroimg.com\/original\/03567b\/049f99654ce2a5073972b07cc1a2\" alt=\"Zdj\u0119cie produktu\" style=\"max-width:100%; height:auto; margin:10px 0;\"><br \/>\n<img decoding=\"async\" src=\"https:\/\/a.allegroimg.com\/original\/034d89\/c7aec8794e4e948e2fda1d358f12\" alt=\"Zdj\u0119cie produktu\" style=\"max-width:100%; height:auto; margin:10px 0;\"><br \/>\n<img decoding=\"async\" src=\"https:\/\/a.allegroimg.com\/original\/0350f2\/59b6aa32494b8d376f9fb2194757\" alt=\"Zdj\u0119cie produktu\" style=\"max-width:100%; height:auto; margin:10px 0;\"><\/p>\n<h1>Plafon wyposa\u017cony w specjalne przeguby s\u0142u\u017c\u0105ce do obrotu kloszem:<\/h1>\n<p><img decoding=\"async\" src=\"https:\/\/a.allegroimg.com\/original\/03b032\/335315f94c959cfc220c6ef7bc7d\" alt=\"Zdj\u0119cie produktu\" style=\"max-width:100%; height:auto; margin:10px 0;\"><\/p>\n<h1>DOST\u0118PNE KOLORY DO WYBORU:<\/h1>\n<ul>\n<li>Bia\u0142ym<\/li>\n<li>Szarym<\/li>\n<li>Czarnym<\/li>\n<li>Mix: Bia\u0142y+Czarny<\/li>\n<li>Mix: Szary+Czarny<\/li>\n<\/ul>\n<p><img decoding=\"async\" src=\"https:\/\/a.allegroimg.com\/original\/03c8b1\/fda4534547248a2901fa62bf0eb3\" alt=\"Zdj\u0119cie produktu\" style=\"max-width:100%; height:auto; margin:10px 0;\"><br \/>\n<img decoding=\"async\" src=\"https:\/\/a.allegroimg.com\/original\/03b8f6\/3a674cfd40e9b93807706b6df493\" alt=\"Zdj\u0119cie produktu\" style=\"max-width:100%; height:auto; margin:10px 0;\"><br \/>\n<img decoding=\"async\" src=\"https:\/\/a.allegroimg.com\/original\/03de46\/88d97e04438ebd990637f9cb4f26\" alt=\"Zdj\u0119cie produktu\" style=\"max-width:100%; height:auto; margin:10px 0;\"><br \/>\n<img decoding=\"async\" src=\"https:\/\/a.allegroimg.com\/original\/038c43\/ae8e53ae4cf1ab786853071dbf9b\" alt=\"Zdj\u0119cie produktu\" style=\"max-width:100%; height:auto; margin:10px 0;\"><br \/>\n<img decoding=\"async\" src=\"https:\/\/a.allegroimg.com\/original\/037c69\/85b12a41402f9957d94ea6dac19b\" alt=\"Zdj\u0119cie produktu\" style=\"max-width:100%; height:auto; margin:10px 0;\"><br \/>\n<img decoding=\"async\" src=\"https:\/\/a.allegroimg.com\/original\/03b9c1\/b1f6971949f882f4a7e692bd45dc\" alt=\"Zdj\u0119cie produktu\" style=\"max-width:100%; height:auto; margin:10px 0;\"><br \/>\n<img decoding=\"async\" src=\"https:\/\/a.allegroimg.com\/original\/03d6ec\/df4da01e4dbcad7c68759e362f66\" alt=\"Zdj\u0119cie produktu\" style=\"max-width:100%; height:auto; margin:10px 0;\"><\/p>\n<h2>ETAPY REALIZACJI ZAM\u00d3WIENIA:<\/h2>\n<ol>\n<li><b>Wybierz kolor&nbsp;konstrukcji:&nbsp;<\/b>Czarny, Szary, Bia\u0142y, Mix: Bia\u0142y+Czarny, Mix: Szary + Czarny<\/li>\n<li><b>Wpisz wybrany kolor <\/b>&#8211; w formularzu zam\u00f3wienia.<\/li>\n<\/ol>\n<p><b>Poprawne przes\u0142anie powy\u017cszych informacji znacznie przyspieszy realizacj\u0119 zam\u00f3wienia.<\/b><\/p>\n<h1>Do zdj\u0119\u0107 u\u017cyto \u017bAR\u00d3WEK EDISON z w\u0142\u00f3knem LED<\/h1>\n<h2>W\u0142\u00f3kna LED cechuje wysoka wydajno\u015b\u0107 oraz estetyka po\u0142\u0105czona z niskim zu\u017cyciem energii.<\/h2>\n<h2>\u017bar\u00f3wka to nie tylko \u017ar\u00f3d\u0142o \u015bwiata, ale tak\u017ce wa\u017cny wizualny szczeg\u00f3\u0142 lampy.<\/h2>\n<h1>Parametry zalecanych \u017ar\u00f3de\u0142 \u015bwiat\u0142a:<\/h1>\n<ul>\n<li>Gwint: E27<\/li>\n<li>Rodzaj: Led CCD lub Filament<\/li>\n<li>Barwa: Ciep\u0142a bia\u0142a (2700-3000K)<\/li>\n<li>Strumie\u0144 \u015bwietlny : 800-1200 lm (odpowiednik 8-12W)<\/li>\n<\/ul>\n<p><img decoding=\"async\" src=\"https:\/\/a.allegroimg.com\/original\/039fa3\/623a808d45f2a87de3045ceb837e\" alt=\"Zdj\u0119cie produktu\" style=\"max-width:100%; height:auto; margin:10px 0;\"><\/p>\n<h1>ARAN\u017bACJE:<\/h1>\n<p><img decoding=\"async\" src=\"https:\/\/a.allegroimg.com\/original\/03f869\/6c9ddb2c4ce3b60105da2368eb77\" alt=\"Zdj\u0119cie produktu\" style=\"max-width:100%; height:auto; margin:10px 0;\"><\/p>\n","protected":false},"excerpt":{"rendered":"<p>Przedmiotem sprzeda\u017cy jest: Designerska lampa sufitowa wisz\u0105ca zaprojektowana w nowoczesnym stylu.&nbsp; Nr kat: 720-G2 LUXOLAR Na tej aukcji kupujesz bezpo\u015brednio od polskiego producenta &#8211; produkt oryginalny, polskiej produkcji. Lampa dost\u0119pna w kilku kolorach: Bia\u0142ym Szarym Czarnym Mix: Bia\u0142y+Czarny Mix: Szary+Czarny Nowa lampa wisz\u0105ca z serii Brylant z drucianymi os\u0142onami \u017car\u00f3wek Nowoczesny Styl &#8211; &nbsp;\u0142atwo wkomponuje [&hellip;]<\/p>\n","protected":false},"featured_media":37464,"comment_status":"closed","ping_status":"open","template":"","meta":{"_acf_changed":false},"product_brand":[162],"product_cat":[2596,2677],"product_tag":[],"class_list":{"0":"post-49679","1":"product","2":"type-product","3":"status-publish","4":"has-post-thumbnail","6":"product_brand-luxolar","7":"product_cat-2596","8":"product_cat-2677","9":"pa_kod-producenta-720-g2-uk","10":"pa_kolekcja-720-uk","11":"pa_kolor-2234","12":"pa_kolor-2243","13":"pa_kolor-2236","14":"pa_liczba-punktow-swiatla-2-uk","15":"pa_marka-luxolar","16":"pa_material-dominujacy-2341","17":"pa_max-moc-pojed-zrodla-swiatla-60-uk","18":"pa_pomieszczenie-2437","19":"pa_pomieszczenie-2438","20":"pa_pomieszczenie-2439","21":"pa_pomieszczenie-2436","22":"pa_pomieszczenie-2442","23":"pa_pomieszczenie-2443","24":"pa_rodzaj-gwintu-e27-uk","25":"pa_rodzaj-lampy-2483","26":"pa_zasilanie-2543","27":"pa_zawiera-baterie-2545","28":"pa_zrodlo-swiatla-2547","30":"first","31":"instock","32":"purchasable","33":"product-type-simple"},"acf":[],"aioseo_notices":[],"_links":{"self":[{"href":"https:\/\/portallamp.invette.dev\/uk\/wp-json\/wp\/v2\/product\/49679","targetHints":{"allow":["GET"]}}],"collection":[{"href":"https:\/\/portallamp.invette.dev\/uk\/wp-json\/wp\/v2\/product"}],"about":[{"href":"https:\/\/portallamp.invette.dev\/uk\/wp-json\/wp\/v2\/types\/product"}],"replies":[{"embeddable":true,"href":"https:\/\/portallamp.invette.dev\/uk\/wp-json\/wp\/v2\/comments?post=49679"}],"wp:featuredmedia":[{"embeddable":true,"href":"https:\/\/portallamp.invette.dev\/uk\/wp-json\/wp\/v2\/media\/37464"}],"wp:attachment":[{"href":"https:\/\/portallamp.invette.dev\/uk\/wp-json\/wp\/v2\/media?parent=49679"}],"wp:term":[{"taxonomy":"product_brand","embeddable":true,"href":"https:\/\/portallamp.invette.dev\/uk\/wp-json\/wp\/v2\/product_brand?post=49679"},{"taxonomy":"product_cat","embeddable":true,"href":"https:\/\/portallamp.invette.dev\/uk\/wp-json\/wp\/v2\/product_cat?post=49679"},{"taxonomy":"product_tag","embeddable":true,"href":"https:\/\/portallamp.invette.dev\/uk\/wp-json\/wp\/v2\/product_tag?post=49679"}],"curies":[{"name":"wp","href":"https:\/\/api.w.org\/{rel}","templated":true}]}}